{"id":753,"date":"2020-09-25T14:50:52","date_gmt":"2020-09-25T12:50:52","guid":{"rendered":"https:\/\/www.preis-biodiversitaet.ch\/?page_id=753"},"modified":"2025-09-16T14:24:14","modified_gmt":"2025-09-16T12:24:14","slug":"informazioni-legali","status":"publish","type":"page","link":"https:\/\/dev.preis-biodiversitaet.ch\/it\/informazioni-legali\/","title":{"rendered":"Informazioni legali"},"content":{"rendered":"\n<h4 class=\"wp-block-heading\">Responsabile per il contenuto di questa pagina:<\/h4>\n\n\n\n<p><strong>Fondazione Sophie e Karl Binding<\/strong><br>Rennweg 50<br>4020 Basilea<br>Telefono:&nbsp;<a href=\"tel:+41613174090\">061 317 40 90<\/a><br><a href=\"mailto:contact@binding-stiftung.ch\">contact(at)binding-stiftung.ch<\/a><\/p>\n\n\n\n<p><strong>Redattrice web:<\/strong>&nbsp;Lena Wunderlin<\/p>\n\n\n\n<div style=\"height:100px\" aria-hidden=\"true\" class=\"wp-block-spacer\"><\/div>\n\n\n\n<h4 class=\"wp-block-heading\">Responsabile della comunicazione per il Premio Binding per la biodiversit\u00e0, Responsabile dei media<\/h4>\n\n\n\n<p><strong>Plan Biodivers<\/strong><\/p>\n\n\n\n<p>Isabella Sedivy, isabella.sedivy(at)planbiodivers.ch<\/p>\n\n\n\n<p>Bettina Walch, bettina.walch(at)planbiodivers.ch<\/p>\n\n\n\n<p><a href=\"http:\/\/www.planbiodivers.ch\" target=\"_blank\" rel=\"noopener\">www.planbiodivers.ch<\/a><\/p>\n\n\n\n<div style=\"height:100px\" aria-hidden=\"true\" class=\"wp-block-spacer\"><\/div>\n\n\n\n<h4 class=\"wp-block-heading\">Traduzione in francese:&nbsp;<\/h4>\n\n\n\n<p>Nicolas Couchepin; Henri-Daniel Wibaut<\/p>\n\n\n\n<h4 class=\"wp-block-heading\">Traduzione in italiano:&nbsp;<\/h4>\n\n\n\n<p>Simona Brovelli; Samuele\u00a0Rosselli; Michele F\u00fcrst,\u00a0F\u00fcrst\u00a0&amp; Associati SA<\/p>\n\n\n\n<div style=\"height:100px\" aria-hidden=\"true\" class=\"wp-block-spacer\"><\/div>\n\n\n\n<h4 class=\"wp-block-heading\" id=\"mce_4\"><strong>Immagini<\/strong><\/h4>\n\n\n\n<p><strong>Copyright<\/strong><\/p>\n\n\n\n<ul class=\"wp-block-list\">\n<li>Kathrin Schulthess &#8211; Materiale visivo pagina \u201c<a title=\"Contatto\" href=\"https:\/\/www.preis-biodiversitaet.ch\/it\/contatto\/\">Contatto<\/a>\u201d e foto di Silvan Bohnet<\/li>\n\n\n\n<li>Stefanie W\u00fcrsch &#8211; Materiale visivo delli premiati (tranne Premio d&#8217;innovazione 2021 e 2022)<\/li>\n\n\n\n<li>Sam Buchli &#8211; Foto ritratto, Materiale visivo pagina \u201c<a href=\"https:\/\/www.preis-biodiversitaet.ch\/it\/\" title=\"Il premio\">Il Premio Binding per la biodiversit\u00e0<\/a>\u201d<\/li>\n\n\n\n<li>Stefanie W\u00fcrsch, Igor Ponti &#8211; Materiale visivo pagina \u201e<a href=\"https:\/\/www.preis-biodiversitaet.ch\/it\/informazioni-sullingresso-del-progetto\/\">Inoltro del progetto<\/a>\u201c<\/li>\n<\/ul>\n\n\n\n<div style=\"height:100px\" aria-hidden=\"true\" class=\"wp-block-spacer\"><\/div>\n\n\n\n<h4 class=\"wp-block-heading\">Produzzione Film <\/h4>\n\n\n\n<p>Teaser film: Andreas Weber, point de vue audiovisuelle Produktionen, Basilea <a href=\"http:\/\/www.pointdevue.ch\" target=\"_blank\" rel=\"noopener\">www.pointdevue.ch<\/a><\/p>\n\n\n\n<p>Film presentazione laureati: von salis communication AG, Zurigo, <a href=\"http:\/\/www.vonsalis.ch\" title=\"\" target=\"_blank\" rel=\"noopener\">www.vonsalis.ch<\/a><\/p>\n\n\n\n<div style=\"height:100px\" aria-hidden=\"true\" class=\"wp-block-spacer\"><\/div>\n\n\n\n<h4 class=\"wp-block-heading\">Concetto, design e realizzazione di questa pagina web:<\/h4>\n\n\n\n<p>Gally Websolutions GmbH<br>Klybeckstrasse 71<br>4057 Basilea<\/p>\n\n\n\n<p>Telefono:&nbsp;<a href=\"tel:+41615117878\">061 511 78 78<\/a><br>E-Mail:&nbsp;<a href=\"mailto:mail@gally-websolutions.com\">mail@gally-websolutions.com<\/a><\/p>\n","protected":false},"excerpt":{"rendered":"<p>Responsabile per il contenuto di questa pagina: Fondazione Sophie e Karl BindingRennweg 504020 BasileaTelefono:&nbsp;061 317 40 90contact(at)binding-stiftung.ch Redattrice web:&nbsp;Lena Wunderlin [&hellip;]<\/p>\n","protected":false},"author":1,"featured_media":0,"parent":0,"menu_order":0,"comment_status":"closed","ping_status":"closed","template":"","meta":{"_acf_changed":false,"_uag_custom_page_level_css":"","footnotes":""},"class_list":["post-753","page","type-page","status-publish","hentry"],"acf":{"photo_gallery":{"sliderbilder":[[{"id":2320,"title":"4_BindingPreis-Stoeckacker-Foto-S-Wuersch","caption":"","full_image_url":"https:\/\/dev.preis-biodiversitaet.ch\/wp-content\/uploads\/2022\/08\/4_BindingPreis-Stoeckacker-Foto-S-Wuersch-scaled.jpg","thumbnail_image_url":"https:\/\/dev.preis-biodiversitaet.ch\/wp-content\/uploads\/2022\/08\/4_BindingPreis-Stoeckacker-Foto-S-Wuersch-150x150.jpg","large_srcset":"https:\/\/dev.preis-biodiversitaet.ch\/wp-content\/uploads\/2022\/08\/4_BindingPreis-Stoeckacker-Foto-S-Wuersch-1024x683.jpg 1024w, https:\/\/dev.preis-biodiversitaet.ch\/wp-content\/uploads\/2022\/08\/4_BindingPreis-Stoeckacker-Foto-S-Wuersch-300x200.jpg 300w, https:\/\/dev.preis-biodiversitaet.ch\/wp-content\/uploads\/2022\/08\/4_BindingPreis-Stoeckacker-Foto-S-Wuersch-768x512.jpg 768w, https:\/\/dev.preis-biodiversitaet.ch\/wp-content\/uploads\/2022\/08\/4_BindingPreis-Stoeckacker-Foto-S-Wuersch-1536x1024.jpg 1536w, https:\/\/dev.preis-biodiversitaet.ch\/wp-content\/uploads\/2022\/08\/4_BindingPreis-Stoeckacker-Foto-S-Wuersch-2048x1365.jpg 2048w","medium_srcset":"https:\/\/dev.preis-biodiversitaet.ch\/wp-content\/uploads\/2022\/08\/4_BindingPreis-Stoeckacker-Foto-S-Wuersch-300x200.jpg 300w, https:\/\/dev.preis-biodiversitaet.ch\/wp-content\/uploads\/2022\/08\/4_BindingPreis-Stoeckacker-Foto-S-Wuersch-1024x683.jpg 1024w, https:\/\/dev.preis-biodiversitaet.ch\/wp-content\/uploads\/2022\/08\/4_BindingPreis-Stoeckacker-Foto-S-Wuersch-768x512.jpg 768w, https:\/\/dev.preis-biodiversitaet.ch\/wp-content\/uploads\/2022\/08\/4_BindingPreis-Stoeckacker-Foto-S-Wuersch-1536x1024.jpg 1536w, https:\/\/dev.preis-biodiversitaet.ch\/wp-content\/uploads\/2022\/08\/4_BindingPreis-Stoeckacker-Foto-S-Wuersch-2048x1365.jpg 2048w","media_details":{"width":2560,"height":1707,"sizes":{"medium":{"file":"4_BindingPreis-Stoeckacker-Foto-S-Wuersch-300x200.jpg","width":300,"height":200,"mime-type":"image\/jpeg","filesize":45238,"source_url":"https:\/\/dev.preis-biodiversitaet.ch\/wp-content\/uploads\/2022\/08\/4_BindingPreis-Stoeckacker-Foto-S-Wuersch-300x200.jpg"},"large":{"file":"4_BindingPreis-Stoeckacker-Foto-S-Wuersch-1024x683.jpg","width":1024,"height":683,"mime-type":"image\/jpeg","filesize":281363,"source_url":"https:\/\/dev.preis-biodiversitaet.ch\/wp-content\/uploads\/2022\/08\/4_BindingPreis-Stoeckacker-Foto-S-Wuersch-1024x683.jpg"},"thumbnail":{"file":"4_BindingPreis-Stoeckacker-Foto-S-Wuersch-150x150.jpg","width":150,"height":150,"mime-type":"image\/jpeg","filesize":30760,"source_url":"https:\/\/dev.preis-biodiversitaet.ch\/wp-content\/uploads\/2022\/08\/4_BindingPreis-Stoeckacker-Foto-S-Wuersch-150x150.jpg"},"medium_large":{"file":"4_BindingPreis-Stoeckacker-Foto-S-Wuersch-768x512.jpg","width":768,"height":512,"mime-type":"image\/jpeg","filesize":169825,"source_url":"https:\/\/dev.preis-biodiversitaet.ch\/wp-content\/uploads\/2022\/08\/4_BindingPreis-Stoeckacker-Foto-S-Wuersch-768x512.jpg"},"1536x1536":{"file":"4_BindingPreis-Stoeckacker-Foto-S-Wuersch-1536x1024.jpg","width":1536,"height":1024,"mime-type":"image\/jpeg","filesize":579166,"source_url":"https:\/\/dev.preis-biodiversitaet.ch\/wp-content\/uploads\/2022\/08\/4_BindingPreis-Stoeckacker-Foto-S-Wuersch-1536x1024.jpg"},"2048x2048":{"file":"4_BindingPreis-Stoeckacker-Foto-S-Wuersch-2048x1365.jpg","width":2048,"height":1365,"mime-type":"image\/jpeg","filesize":965345,"source_url":"https:\/\/dev.preis-biodiversitaet.ch\/wp-content\/uploads\/2022\/08\/4_BindingPreis-Stoeckacker-Foto-S-Wuersch-2048x1365.jpg"}}},"alt_text":"St\u00f6ckacher in der Stadt Bern - Binding Preis f\u00fcr Biodiversit\u00e4t 2022","url":"","target":""}]]}},"uagb_featured_image_src":{"full":false,"thumbnail":false,"medium":false,"medium_large":false,"large":false,"1536x1536":false,"2048x2048":false,"gform-image-choice-sm":false,"gform-image-choice-md":false,"gform-image-choice-lg":false},"uagb_author_info":{"display_name":"gally","author_link":"https:\/\/dev.preis-biodiversitaet.ch\/it\/author\/gally\/"},"uagb_comment_info":0,"uagb_excerpt":"Responsabile per il contenuto di questa pagina: Fondazione Sophie e Karl BindingRennweg 504020 BasileaTelefono:&nbsp;061 317 40 90contact(at)binding-stiftung.ch Redattrice web:&nbsp;Lena Wunderlin [&hellip;]","_links":{"self":[{"href":"https:\/\/dev.preis-biodiversitaet.ch\/it\/wp-json\/wp\/v2\/pages\/753","targetHints":{"allow":["GET"]}}],"collection":[{"href":"https:\/\/dev.preis-biodiversitaet.ch\/it\/wp-json\/wp\/v2\/pages"}],"about":[{"href":"https:\/\/dev.preis-biodiversitaet.ch\/it\/wp-json\/wp\/v2\/types\/page"}],"author":[{"embeddable":true,"href":"https:\/\/dev.preis-biodiversitaet.ch\/it\/wp-json\/wp\/v2\/users\/1"}],"replies":[{"embeddable":true,"href":"https:\/\/dev.preis-biodiversitaet.ch\/it\/wp-json\/wp\/v2\/comments?post=753"}],"version-history":[{"count":6,"href":"https:\/\/dev.preis-biodiversitaet.ch\/it\/wp-json\/wp\/v2\/pages\/753\/revisions"}],"predecessor-version":[{"id":6015,"href":"https:\/\/dev.preis-biodiversitaet.ch\/it\/wp-json\/wp\/v2\/pages\/753\/revisions\/6015"}],"wp:attachment":[{"href":"https:\/\/dev.preis-biodiversitaet.ch\/it\/wp-json\/wp\/v2\/media?parent=753"}],"curies":[{"name":"wp","href":"https:\/\/api.w.org\/{rel}","templated":true}]}}