{"id":5530,"date":"2025-06-11T05:23:01","date_gmt":"2025-06-11T03:23:01","guid":{"rendered":"https:\/\/www.preis-biodiversitaet.ch\/?page_id=5530"},"modified":"2025-06-17T13:30:36","modified_gmt":"2025-06-17T11:30:36","slug":"premio-binding-di-riconoscimento-2025","status":"publish","type":"page","link":"https:\/\/dev.preis-biodiversitaet.ch\/it\/premio-binding-di-riconoscimento-2025\/","title":{"rendered":"Premio di riconoscimento per una diversit\u00e0 vissuta nel \u00abQuartiergarten Hard\u00bb"},"content":{"rendered":"\n<div class=\"wp-block-columns is-layout-flex wp-container-core-columns-is-layout-9d6595d7 wp-block-columns-is-layout-flex\">\n<div class=\"wp-block-column is-layout-flow wp-block-column-is-layout-flow\">\n<p><strong>Il Premio Binding di riconoscimento per la biodiversit\u00e0 2025 \u00e8 stato conferito all\u2019Associazione \u00abQuartiergarten Hard\u00bb di Zurigo. Nel bel mezzo del quartiere \u201cHard\u201d \u2013 densamente edificato \u2013 essa ha dato vita a un\u2019oasi verde aperta a tutti e tenuta curata in comune, con orti, superfici per la biodiversit\u00e0 e un punto d\u2019incontro per il tempo libero. Questo giardino coniuga vita urbana ed esperienza della natura e dimostra che sostenibilit\u00e0 sociale ed ecologica possono andare a braccetto.<\/strong><\/p>\n<\/div>\n\n\n\n<div class=\"wp-block-column is-layout-flow wp-block-column-is-layout-flow\">\n<figure class=\"wp-block-embed is-type-video is-provider-youtube wp-block-embed-youtube wp-embed-aspect-16-9 wp-has-aspect-ratio\"><div class=\"wp-block-embed__wrapper\">\n<iframe loading=\"lazy\" title=\"Premio Binding di riconoscimento 2025\" width=\"768\" height=\"432\" src=\"https:\/\/www.youtube.com\/embed\/fTD7OVhyF2E?feature=oembed\" frameborder=\"0\" allow=\"accelerometer; autoplay; clipboard-write; encrypted-media; gyroscope; picture-in-picture; web-share\" referrerpolicy=\"strict-origin-when-cross-origin\" allowfullscreen><\/iframe>\n<\/div><\/figure>\n<\/div>\n<\/div>\n\n\n\n<div class=\"wp-block-columns is-layout-flex wp-container-core-columns-is-layout-9d6595d7 wp-block-columns-is-layout-flex\">\n<div class=\"wp-block-column is-layout-flow wp-block-column-is-layout-flow\">\n<p><strong><strong>Da orti comunali in concessione a spazio aperto d\u2019incontro<\/strong><\/strong><\/p>\n\n\n\n<p>Fino al 2011 la superficie ospitava alcuni appezzamenti comunali in concessione alla popolazione come orti: dopo i lavori di risanamento del Cantone e della Citt\u00e0 di Zurigo \u00e8 stata riconsegnata alla collettivit\u00e0. Da un processo partecipativo di ampio respiro \u00e8 uscita la visione di uno spazio libero utilizzato in comune per l\u2019intero quartiere. Nel 2013 \u00e8 stata cos\u00ec creata l\u2019Associazione \u00abQuartiergarten Hard\u00bb, che in seguito ha preso in affitto la superficie dalla Citt\u00e0 e ha coordinato le diverse attivit\u00e0.<\/p>\n\n\n\n<p>Lo scopo dell\u2019associazione consiste nell\u2019agevolare la buona convivenza comunitaria nel quartiere. Fin dall\u2019inizio la natura \u00e8 stata inglobata in quest\u2019idea di collettivit\u00e0 con progetti che favoriscono la biodiversit\u00e0. Il modello che ne \u00e8 risultato pu\u00f2 fornire nuove prospettive anche ad altre superfici di piccoli giardini in Svizzera.<\/p>\n\n\n\n<p><strong><strong>Un giardino che unisce<\/strong><\/strong><\/p>\n\n\n\n<p>Il giardino del quartiere \u201cHard\u201d \u00e8 un luogo d\u2019incontro: per tutte le generazioni, aperto, votato all\u2019integrazione. Qui le persone praticano giardinaggio insieme, si scambiamo conoscenze ed esperienze, si dedicano attenzioni reciproche. \u00c8 un luogo in cui i rapporti possono crescere, tra i singoli individui cos\u00ec come tra le persone e la natura.<\/p>\n\n\n\n<p>Se qui qualcuno non si fa pi\u00f9 vedere per un po\u2019 manca agli altri e i nuovi arrivati sono accolti calorosamente. Questa coesione sociale vissuta non rafforza solo il quartiere ma amplifica anche il benessere delle persone. Il giardinaggio e la verdura fresca ottenuta incentivano la salute fisica, ma i loro effetti positivi sulla salute mentale sono sicuramente anche maggiori.<\/p>\n<\/div>\n\n\n\n<div class=\"wp-block-column is-layout-flow wp-block-column-is-layout-flow\">\n<p><strong><strong>Biodiversit\u00e0 come parte integrante della vita quotidiana<\/strong><\/strong><\/p>\n\n\n\n<p>Se a Zurigo il giardinaggio biologico \u00e8 d\u2019obbligo, nel giardino del quartiere \u201cHard\u201d \u00e8 una convinzione vissuta. Ad es. alcune superfici marginali vengono lasciate apposta alla natura e una grande aiuola per le api selvatiche favorisce la diversit\u00e0 di piante, insetti e uccelli. In ogni progetto e ogni scelta per nuova vegetazione si pensa anche alla biodiversit\u00e0: il parco dei polli \u00e8 cinto da cespugli locali, i giovani alberi appena piantati faranno ombra un domani e le piante rampicanti inverdiscono le pergole.<\/p>\n\n\n\n<p>La biodiversit\u00e0 non \u00e8 solo uno scopo: \u00e8 parte integrante della vita quotidiana del giardino. La diversit\u00e0 non viene soltanto promossa, ma anche resa visibile, tangibile e viva.<\/p>\n\n\n\n<p><strong><strong>Un progetto esemplare<\/strong><\/strong><\/p>\n\n\n\n<p>L\u2019Associazione \u00abQuartiergarten Hard\u00bb dimostra come da una superficie incolta e risanata pu\u00f2 nascere uno spazio che \u00e8 nel contempo spazio naturale, spazio sociale e luogo per la produzione di alimenti. Il Premio Binding di riconoscimento 2025 onora quest\u2019impegno e infonde coraggio a progetti simili in altri Comuni o altre Citt\u00e0.<\/p>\n<\/div>\n<\/div>\n\n\n\n<div class=\"wp-block-columns is-layout-flex wp-container-core-columns-is-layout-9d6595d7 wp-block-columns-is-layout-flex\">\n<div class=\"wp-block-column is-layout-flow wp-block-column-is-layout-flow\">\n<h2 class=\"wp-block-heading\"><strong>Foto<\/strong><\/h2>\n\n\n\n<p>Tutte le foto \u00a9 Stefanie W\u00fcrsch. Le didascalie sono disponibili <a href=\"https:\/\/www.preis-biodiversitaet.ch\/it\/per-i-media\/\" target=\"_blank\" rel=\"noreferrer noopener\">qui<\/a>.<\/p>\n\n\n\n<figure class=\"wp-block-gallery has-nested-images columns-3 is-cropped wp-block-gallery-1 is-layout-flex wp-block-gallery-is-layout-flex\">\n<figure class=\"wp-block-image size-large\"><img loading=\"lazy\" decoding=\"async\" width=\"1024\" height=\"683\" data-id=\"5506\" src=\"https:\/\/www.premio-biodiversita.ch\/wp-content\/uploads\/2025\/06\/05_Hard_Anerkennungspreis25_Kraeutergarten_StefanieWuersch-1024x683.jpg\" alt=\"Im Kr\u00e4utergarten finden sich diverse W\u00fcrz- und Heilpflanzen, alle mit Namen beschriftet. Binding Anerkennungspreis 2025. \u00a9 Stefanie W\u00fcrsch\" class=\"wp-image-5506\" srcset=\"https:\/\/dev.preis-biodiversitaet.ch\/wp-content\/uploads\/2025\/06\/05_Hard_Anerkennungspreis25_Kraeutergarten_StefanieWuersch-1024x683.jpg 1024w, https:\/\/dev.preis-biodiversitaet.ch\/wp-content\/uploads\/2025\/06\/05_Hard_Anerkennungspreis25_Kraeutergarten_StefanieWuersch-300x200.jpg 300w, https:\/\/dev.preis-biodiversitaet.ch\/wp-content\/uploads\/2025\/06\/05_Hard_Anerkennungspreis25_Kraeutergarten_StefanieWuersch-768x512.jpg 768w, https:\/\/dev.preis-biodiversitaet.ch\/wp-content\/uploads\/2025\/06\/05_Hard_Anerkennungspreis25_Kraeutergarten_StefanieWuersch-1536x1024.jpg 1536w, https:\/\/dev.preis-biodiversitaet.ch\/wp-content\/uploads\/2025\/06\/05_Hard_Anerkennungspreis25_Kraeutergarten_StefanieWuersch-2048x1365.jpg 2048w\" sizes=\"auto, (max-width: 1024px) 100vw, 1024px\" \/><figcaption class=\"wp-element-caption\"><br>\u00a9 Stefanie W\u00fcrsch<br><\/figcaption><\/figure>\n\n\n\n<figure class=\"wp-block-image size-large\"><img loading=\"lazy\" decoding=\"async\" width=\"1024\" height=\"684\" data-id=\"5494\" src=\"https:\/\/www.premio-biodiversita.ch\/wp-content\/uploads\/2025\/06\/01_Hard_Anerkennungspreis25_Luftbild_StefanieWuersch-1024x684.jpg\" alt=\"Der Quartiergarten Hard liegt als gr\u00fcne Oase inmitten eines dicht bebauten Z\u00fcrcher Stadtteils. Binding Anerkennungspreis 2025. \u00a9 Stefanie W\u00fcrsch\" class=\"wp-image-5494\" srcset=\"https:\/\/dev.preis-biodiversitaet.ch\/wp-content\/uploads\/2025\/06\/01_Hard_Anerkennungspreis25_Luftbild_StefanieWuersch-1024x684.jpg 1024w, https:\/\/dev.preis-biodiversitaet.ch\/wp-content\/uploads\/2025\/06\/01_Hard_Anerkennungspreis25_Luftbild_StefanieWuersch-300x200.jpg 300w, https:\/\/dev.preis-biodiversitaet.ch\/wp-content\/uploads\/2025\/06\/01_Hard_Anerkennungspreis25_Luftbild_StefanieWuersch-768x513.jpg 768w, https:\/\/dev.preis-biodiversitaet.ch\/wp-content\/uploads\/2025\/06\/01_Hard_Anerkennungspreis25_Luftbild_StefanieWuersch-1536x1026.jpg 1536w, https:\/\/dev.preis-biodiversitaet.ch\/wp-content\/uploads\/2025\/06\/01_Hard_Anerkennungspreis25_Luftbild_StefanieWuersch-2048x1368.jpg 2048w\" sizes=\"auto, (max-width: 1024px) 100vw, 1024px\" \/><figcaption class=\"wp-element-caption\"><br>\u00a9 Stefanie W\u00fcrsch<br><\/figcaption><\/figure>\n\n\n\n<figure class=\"wp-block-image size-large\"><img loading=\"lazy\" decoding=\"async\" width=\"1024\" height=\"683\" data-id=\"5497\" src=\"https:\/\/www.premio-biodiversita.ch\/wp-content\/uploads\/2025\/06\/02_Hard_Anerkennungspreis25_Wildbienen_StefanieWuersch-1024x683.jpg\" alt=\"Direkt neben dem Gem\u00fcsegarten hat der Verein ein Wildbienenparadies angelegt mit Sandfl\u00e4chen, Totholz und einer Vielfalt einheimischer Pflanzenarten. Binding Anerkennungspreis 2025. \u00a9 Stefanie W\u00fcrsch\" class=\"wp-image-5497\" srcset=\"https:\/\/dev.preis-biodiversitaet.ch\/wp-content\/uploads\/2025\/06\/02_Hard_Anerkennungspreis25_Wildbienen_StefanieWuersch-1024x683.jpg 1024w, https:\/\/dev.preis-biodiversitaet.ch\/wp-content\/uploads\/2025\/06\/02_Hard_Anerkennungspreis25_Wildbienen_StefanieWuersch-300x200.jpg 300w, https:\/\/dev.preis-biodiversitaet.ch\/wp-content\/uploads\/2025\/06\/02_Hard_Anerkennungspreis25_Wildbienen_StefanieWuersch-768x512.jpg 768w, https:\/\/dev.preis-biodiversitaet.ch\/wp-content\/uploads\/2025\/06\/02_Hard_Anerkennungspreis25_Wildbienen_StefanieWuersch-1536x1024.jpg 1536w, https:\/\/dev.preis-biodiversitaet.ch\/wp-content\/uploads\/2025\/06\/02_Hard_Anerkennungspreis25_Wildbienen_StefanieWuersch-2048x1365.jpg 2048w\" sizes=\"auto, (max-width: 1024px) 100vw, 1024px\" \/><figcaption class=\"wp-element-caption\"><br> \u00a9 Stefanie W\u00fcrsch<br><\/figcaption><\/figure>\n\n\n\n<figure class=\"wp-block-image size-large\"><img loading=\"lazy\" decoding=\"async\" width=\"1024\" height=\"683\" data-id=\"5500\" src=\"https:\/\/www.premio-biodiversita.ch\/wp-content\/uploads\/2025\/06\/03_Hard_Anerkennungspreis25_Pergola_StefanieWuersch-1024x683.jpg\" alt=\"Die mit Wildrosen und Weinreben bewachsene Pergola l\u00e4dt zum geselligen Beisammensein ein. Binding Anerkennungspreis 2025. \u00a9 Stefanie W\u00fcrsch\" class=\"wp-image-5500\" srcset=\"https:\/\/dev.preis-biodiversitaet.ch\/wp-content\/uploads\/2025\/06\/03_Hard_Anerkennungspreis25_Pergola_StefanieWuersch-1024x683.jpg 1024w, https:\/\/dev.preis-biodiversitaet.ch\/wp-content\/uploads\/2025\/06\/03_Hard_Anerkennungspreis25_Pergola_StefanieWuersch-300x200.jpg 300w, https:\/\/dev.preis-biodiversitaet.ch\/wp-content\/uploads\/2025\/06\/03_Hard_Anerkennungspreis25_Pergola_StefanieWuersch-768x512.jpg 768w, https:\/\/dev.preis-biodiversitaet.ch\/wp-content\/uploads\/2025\/06\/03_Hard_Anerkennungspreis25_Pergola_StefanieWuersch-1536x1024.jpg 1536w, https:\/\/dev.preis-biodiversitaet.ch\/wp-content\/uploads\/2025\/06\/03_Hard_Anerkennungspreis25_Pergola_StefanieWuersch-2048x1365.jpg 2048w\" sizes=\"auto, (max-width: 1024px) 100vw, 1024px\" \/><figcaption class=\"wp-element-caption\"><br>\u00a9 Stefanie W\u00fcrsch<br><\/figcaption><\/figure>\n\n\n\n<figure class=\"wp-block-image size-large\"><img loading=\"lazy\" decoding=\"async\" width=\"1024\" height=\"683\" data-id=\"5503\" src=\"https:\/\/www.premio-biodiversita.ch\/wp-content\/uploads\/2025\/06\/04_Hard_Anerkennungspreis25_Gemuesegarten_StefanieWuersch-1024x683.jpg\" alt=\"Das Herzst\u00fcck der Anlage ist der Gem\u00fcsegarten, welchen die Vereinsmitglieder selbstverst\u00e4ndlich pestizidfrei und ohne Maschinen bewirtschaften. Binding Anerkennungspreis 2025. \u00a9 Stefanie W\u00fcrsch\" class=\"wp-image-5503\" srcset=\"https:\/\/dev.preis-biodiversitaet.ch\/wp-content\/uploads\/2025\/06\/04_Hard_Anerkennungspreis25_Gemuesegarten_StefanieWuersch-1024x683.jpg 1024w, https:\/\/dev.preis-biodiversitaet.ch\/wp-content\/uploads\/2025\/06\/04_Hard_Anerkennungspreis25_Gemuesegarten_StefanieWuersch-300x200.jpg 300w, https:\/\/dev.preis-biodiversitaet.ch\/wp-content\/uploads\/2025\/06\/04_Hard_Anerkennungspreis25_Gemuesegarten_StefanieWuersch-768x512.jpg 768w, https:\/\/dev.preis-biodiversitaet.ch\/wp-content\/uploads\/2025\/06\/04_Hard_Anerkennungspreis25_Gemuesegarten_StefanieWuersch-1536x1024.jpg 1536w, https:\/\/dev.preis-biodiversitaet.ch\/wp-content\/uploads\/2025\/06\/04_Hard_Anerkennungspreis25_Gemuesegarten_StefanieWuersch-2048x1365.jpg 2048w\" sizes=\"auto, (max-width: 1024px) 100vw, 1024px\" \/><figcaption class=\"wp-element-caption\"><br> \u00a9 Stefanie W\u00fcrsch<br><\/figcaption><\/figure>\n<\/figure>\n<\/div>\n<\/div>\n\n\n\n<p><a href=\"https:\/\/www.preis-biodiversitaet.ch\/wp-content\/uploads\/2025\/06\/PremioBinding_ComunicatoStampa_11_06_2025.docx\">Comunicato stampa 11.6.2025<\/a><\/p>\n\n\n\n<p><a href=\"https:\/\/quartiergarten-hard.ch\/\" target=\"_blank\" rel=\"noopener\">Sito web &#8220;Quartiergarten Hard&#8221;<\/a><\/p>\n\n\n\n<p><a href=\"https:\/\/www.stadt-zuerich.ch\/de\/stadtleben\/zusammenleben\/gaerten-pachtflaechen\/gemeinschaftsgaerten.html\" target=\"_blank\" rel=\"noopener\">Sito web &#8220;Gemeinschaftsg\u00e4rten der Stadt Z\u00fcrich&#8221;<\/a><\/p>\n\n\n\n<p><a href=\"https:\/\/missionb.ch\/de\/projekt?&amp;field_projektverbund_target_id=2445\" target=\"_blank\" rel=\"noopener\">Ecco il link a tutte le proposte di progetto 2025 sul sito web di Mission B<\/a><\/p>\n","protected":false},"excerpt":{"rendered":"<p>Il Premio Binding di riconoscimento per la biodiversit\u00e0 2025 \u00e8 stato conferito all\u2019Associazione \u00abQuartiergarten Hard\u00bb di Zurigo. Nel bel mezzo [&hellip;]<\/p>\n","protected":false},"author":7,"featured_media":0,"parent":0,"menu_order":0,"comment_status":"closed","ping_status":"closed","template":"","meta":{"_acf_changed":false,"_uag_custom_page_level_css":"","footnotes":""},"class_list":["post-5530","page","type-page","status-publish","hentry"],"acf":{"photo_gallery":{"sliderbilder":[[{"id":5470,"title":"DJI_0803","caption":"","full_image_url":"https:\/\/dev.preis-biodiversitaet.ch\/wp-content\/uploads\/2025\/06\/DJI_0803-scaled.jpg","thumbnail_image_url":"https:\/\/dev.preis-biodiversitaet.ch\/wp-content\/uploads\/2025\/06\/DJI_0803-150x150.jpg","large_srcset":"https:\/\/dev.preis-biodiversitaet.ch\/wp-content\/uploads\/2025\/06\/DJI_0803-1024x683.jpg 1024w, https:\/\/dev.preis-biodiversitaet.ch\/wp-content\/uploads\/2025\/06\/DJI_0803-300x200.jpg 300w, https:\/\/dev.preis-biodiversitaet.ch\/wp-content\/uploads\/2025\/06\/DJI_0803-768x512.jpg 768w, https:\/\/dev.preis-biodiversitaet.ch\/wp-content\/uploads\/2025\/06\/DJI_0803-1536x1024.jpg 1536w, https:\/\/dev.preis-biodiversitaet.ch\/wp-content\/uploads\/2025\/06\/DJI_0803-2048x1365.jpg 2048w","medium_srcset":"https:\/\/dev.preis-biodiversitaet.ch\/wp-content\/uploads\/2025\/06\/DJI_0803-300x200.jpg 300w, https:\/\/dev.preis-biodiversitaet.ch\/wp-content\/uploads\/2025\/06\/DJI_0803-1024x683.jpg 1024w, https:\/\/dev.preis-biodiversitaet.ch\/wp-content\/uploads\/2025\/06\/DJI_0803-768x512.jpg 768w, https:\/\/dev.preis-biodiversitaet.ch\/wp-content\/uploads\/2025\/06\/DJI_0803-1536x1024.jpg 1536w, https:\/\/dev.preis-biodiversitaet.ch\/wp-content\/uploads\/2025\/06\/DJI_0803-2048x1365.jpg 2048w","media_details":{"width":2560,"height":1706,"sizes":{"medium":{"file":"DJI_0803-300x200.jpg","width":300,"height":200,"mime-type":"image\/jpeg","filesize":59586,"source_url":"https:\/\/dev.preis-biodiversitaet.ch\/wp-content\/uploads\/2025\/06\/DJI_0803-300x200.jpg"},"large":{"file":"DJI_0803-1024x683.jpg","width":1024,"height":683,"mime-type":"image\/jpeg","filesize":258076,"source_url":"https:\/\/dev.preis-biodiversitaet.ch\/wp-content\/uploads\/2025\/06\/DJI_0803-1024x683.jpg"},"thumbnail":{"file":"DJI_0803-150x150.jpg","width":150,"height":150,"mime-type":"image\/jpeg","filesize":45745,"source_url":"https:\/\/dev.preis-biodiversitaet.ch\/wp-content\/uploads\/2025\/06\/DJI_0803-150x150.jpg"},"medium_large":{"file":"DJI_0803-768x512.jpg","width":768,"height":512,"mime-type":"image\/jpeg","filesize":166035,"source_url":"https:\/\/dev.preis-biodiversitaet.ch\/wp-content\/uploads\/2025\/06\/DJI_0803-768x512.jpg"},"1536x1536":{"file":"DJI_0803-1536x1024.jpg","width":1536,"height":1024,"mime-type":"image\/jpeg","filesize":502894,"source_url":"https:\/\/dev.preis-biodiversitaet.ch\/wp-content\/uploads\/2025\/06\/DJI_0803-1536x1024.jpg"},"2048x2048":{"file":"DJI_0803-2048x1365.jpg","width":2048,"height":1365,"mime-type":"image\/jpeg","filesize":828606,"source_url":"https:\/\/dev.preis-biodiversitaet.ch\/wp-content\/uploads\/2025\/06\/DJI_0803-2048x1365.jpg"}}},"alt_text":"Luftbild Quartiergarten Hard. Binding Anerkennungspreis 2025. (c) Stefanie W\u00fcrsch","url":"","target":""},{"id":5473,"title":"DSC03757","caption":"","full_image_url":"https:\/\/dev.preis-biodiversitaet.ch\/wp-content\/uploads\/2025\/06\/DSC03757-scaled.jpg","thumbnail_image_url":"https:\/\/dev.preis-biodiversitaet.ch\/wp-content\/uploads\/2025\/06\/DSC03757-150x150.jpg","large_srcset":"https:\/\/dev.preis-biodiversitaet.ch\/wp-content\/uploads\/2025\/06\/DSC03757-1024x683.jpg 1024w, https:\/\/dev.preis-biodiversitaet.ch\/wp-content\/uploads\/2025\/06\/DSC03757-300x200.jpg 300w, https:\/\/dev.preis-biodiversitaet.ch\/wp-content\/uploads\/2025\/06\/DSC03757-768x512.jpg 768w, https:\/\/dev.preis-biodiversitaet.ch\/wp-content\/uploads\/2025\/06\/DSC03757-1536x1024.jpg 1536w, https:\/\/dev.preis-biodiversitaet.ch\/wp-content\/uploads\/2025\/06\/DSC03757-2048x1365.jpg 2048w","medium_srcset":"https:\/\/dev.preis-biodiversitaet.ch\/wp-content\/uploads\/2025\/06\/DSC03757-300x200.jpg 300w, https:\/\/dev.preis-biodiversitaet.ch\/wp-content\/uploads\/2025\/06\/DSC03757-1024x683.jpg 1024w, https:\/\/dev.preis-biodiversitaet.ch\/wp-content\/uploads\/2025\/06\/DSC03757-768x512.jpg 768w, https:\/\/dev.preis-biodiversitaet.ch\/wp-content\/uploads\/2025\/06\/DSC03757-1536x1024.jpg 1536w, https:\/\/dev.preis-biodiversitaet.ch\/wp-content\/uploads\/2025\/06\/DSC03757-2048x1365.jpg 2048w","media_details":{"width":2560,"height":1707,"sizes":{"medium":{"file":"DSC03757-300x200.jpg","width":300,"height":200,"mime-type":"image\/jpeg","filesize":54018,"source_url":"https:\/\/dev.preis-biodiversitaet.ch\/wp-content\/uploads\/2025\/06\/DSC03757-300x200.jpg"},"large":{"file":"DSC03757-1024x683.jpg","width":1024,"height":683,"mime-type":"image\/jpeg","filesize":275730,"source_url":"https:\/\/dev.preis-biodiversitaet.ch\/wp-content\/uploads\/2025\/06\/DSC03757-1024x683.jpg"},"thumbnail":{"file":"DSC03757-150x150.jpg","width":150,"height":150,"mime-type":"image\/jpeg","filesize":41802,"source_url":"https:\/\/dev.preis-biodiversitaet.ch\/wp-content\/uploads\/2025\/06\/DSC03757-150x150.jpg"},"medium_large":{"file":"DSC03757-768x512.jpg","width":768,"height":512,"mime-type":"image\/jpeg","filesize":168730,"source_url":"https:\/\/dev.preis-biodiversitaet.ch\/wp-content\/uploads\/2025\/06\/DSC03757-768x512.jpg"},"1536x1536":{"file":"DSC03757-1536x1024.jpg","width":1536,"height":1024,"mime-type":"image\/jpeg","filesize":563238,"source_url":"https:\/\/dev.preis-biodiversitaet.ch\/wp-content\/uploads\/2025\/06\/DSC03757-1536x1024.jpg"},"2048x2048":{"file":"DSC03757-2048x1365.jpg","width":2048,"height":1365,"mime-type":"image\/jpeg","filesize":944619,"source_url":"https:\/\/dev.preis-biodiversitaet.ch\/wp-content\/uploads\/2025\/06\/DSC03757-2048x1365.jpg"}}},"alt_text":"Pergola im Quartiergarten Hard. Binding Anerkennungspreis 2025. (c) Stefanie W\u00fcrsch","url":"","target":""},{"id":5479,"title":"DSC03862","caption":"","full_image_url":"https:\/\/dev.preis-biodiversitaet.ch\/wp-content\/uploads\/2025\/06\/DSC03862-scaled.jpg","thumbnail_image_url":"https:\/\/dev.preis-biodiversitaet.ch\/wp-content\/uploads\/2025\/06\/DSC03862-150x150.jpg","large_srcset":"https:\/\/dev.preis-biodiversitaet.ch\/wp-content\/uploads\/2025\/06\/DSC03862-1024x683.jpg 1024w, https:\/\/dev.preis-biodiversitaet.ch\/wp-content\/uploads\/2025\/06\/DSC03862-300x200.jpg 300w, https:\/\/dev.preis-biodiversitaet.ch\/wp-content\/uploads\/2025\/06\/DSC03862-768x512.jpg 768w, https:\/\/dev.preis-biodiversitaet.ch\/wp-content\/uploads\/2025\/06\/DSC03862-1536x1024.jpg 1536w, https:\/\/dev.preis-biodiversitaet.ch\/wp-content\/uploads\/2025\/06\/DSC03862-2048x1365.jpg 2048w","medium_srcset":"https:\/\/dev.preis-biodiversitaet.ch\/wp-content\/uploads\/2025\/06\/DSC03862-300x200.jpg 300w, https:\/\/dev.preis-biodiversitaet.ch\/wp-content\/uploads\/2025\/06\/DSC03862-1024x683.jpg 1024w, https:\/\/dev.preis-biodiversitaet.ch\/wp-content\/uploads\/2025\/06\/DSC03862-768x512.jpg 768w, https:\/\/dev.preis-biodiversitaet.ch\/wp-content\/uploads\/2025\/06\/DSC03862-1536x1024.jpg 1536w, https:\/\/dev.preis-biodiversitaet.ch\/wp-content\/uploads\/2025\/06\/DSC03862-2048x1365.jpg 2048w","media_details":{"width":2560,"height":1707,"sizes":{"medium":{"file":"DSC03862-300x200.jpg","width":300,"height":200,"mime-type":"image\/jpeg","filesize":54755,"source_url":"https:\/\/dev.preis-biodiversitaet.ch\/wp-content\/uploads\/2025\/06\/DSC03862-300x200.jpg"},"large":{"file":"DSC03862-1024x683.jpg","width":1024,"height":683,"mime-type":"image\/jpeg","filesize":262265,"source_url":"https:\/\/dev.preis-biodiversitaet.ch\/wp-content\/uploads\/2025\/06\/DSC03862-1024x683.jpg"},"thumbnail":{"file":"DSC03862-150x150.jpg","width":150,"height":150,"mime-type":"image\/jpeg","filesize":42001,"source_url":"https:\/\/dev.preis-biodiversitaet.ch\/wp-content\/uploads\/2025\/06\/DSC03862-150x150.jpg"},"medium_large":{"file":"DSC03862-768x512.jpg","width":768,"height":512,"mime-type":"image\/jpeg","filesize":162790,"source_url":"https:\/\/dev.preis-biodiversitaet.ch\/wp-content\/uploads\/2025\/06\/DSC03862-768x512.jpg"},"1536x1536":{"file":"DSC03862-1536x1024.jpg","width":1536,"height":1024,"mime-type":"image\/jpeg","filesize":532488,"source_url":"https:\/\/dev.preis-biodiversitaet.ch\/wp-content\/uploads\/2025\/06\/DSC03862-1536x1024.jpg"},"2048x2048":{"file":"DSC03862-2048x1365.jpg","width":2048,"height":1365,"mime-type":"image\/jpeg","filesize":891799,"source_url":"https:\/\/dev.preis-biodiversitaet.ch\/wp-content\/uploads\/2025\/06\/DSC03862-2048x1365.jpg"}}},"alt_text":"Gartenarbeit im Quartiergarten Hard. Binding Anerkennungspreis 2025. (c) Stefanie W\u00fcrsch","url":"","target":""},{"id":5476,"title":"DSC03915","caption":"","full_image_url":"https:\/\/dev.preis-biodiversitaet.ch\/wp-content\/uploads\/2025\/06\/DSC03915-scaled.jpg","thumbnail_image_url":"https:\/\/dev.preis-biodiversitaet.ch\/wp-content\/uploads\/2025\/06\/DSC03915-150x150.jpg","large_srcset":"https:\/\/dev.preis-biodiversitaet.ch\/wp-content\/uploads\/2025\/06\/DSC03915-1024x683.jpg 1024w, https:\/\/dev.preis-biodiversitaet.ch\/wp-content\/uploads\/2025\/06\/DSC03915-300x200.jpg 300w, https:\/\/dev.preis-biodiversitaet.ch\/wp-content\/uploads\/2025\/06\/DSC03915-768x512.jpg 768w, https:\/\/dev.preis-biodiversitaet.ch\/wp-content\/uploads\/2025\/06\/DSC03915-1536x1024.jpg 1536w, https:\/\/dev.preis-biodiversitaet.ch\/wp-content\/uploads\/2025\/06\/DSC03915-2048x1365.jpg 2048w","medium_srcset":"https:\/\/dev.preis-biodiversitaet.ch\/wp-content\/uploads\/2025\/06\/DSC03915-300x200.jpg 300w, https:\/\/dev.preis-biodiversitaet.ch\/wp-content\/uploads\/2025\/06\/DSC03915-1024x683.jpg 1024w, https:\/\/dev.preis-biodiversitaet.ch\/wp-content\/uploads\/2025\/06\/DSC03915-768x512.jpg 768w, https:\/\/dev.preis-biodiversitaet.ch\/wp-content\/uploads\/2025\/06\/DSC03915-1536x1024.jpg 1536w, https:\/\/dev.preis-biodiversitaet.ch\/wp-content\/uploads\/2025\/06\/DSC03915-2048x1365.jpg 2048w","media_details":{"width":2560,"height":1707,"sizes":{"medium":{"file":"DSC03915-300x200.jpg","width":300,"height":200,"mime-type":"image\/jpeg","filesize":65150,"source_url":"https:\/\/dev.preis-biodiversitaet.ch\/wp-content\/uploads\/2025\/06\/DSC03915-300x200.jpg"},"large":{"file":"DSC03915-1024x683.jpg","width":1024,"height":683,"mime-type":"image\/jpeg","filesize":326699,"source_url":"https:\/\/dev.preis-biodiversitaet.ch\/wp-content\/uploads\/2025\/06\/DSC03915-1024x683.jpg"},"thumbnail":{"file":"DSC03915-150x150.jpg","width":150,"height":150,"mime-type":"image\/jpeg","filesize":49191,"source_url":"https:\/\/dev.preis-biodiversitaet.ch\/wp-content\/uploads\/2025\/06\/DSC03915-150x150.jpg"},"medium_large":{"file":"DSC03915-768x512.jpg","width":768,"height":512,"mime-type":"image\/jpeg","filesize":205108,"source_url":"https:\/\/dev.preis-biodiversitaet.ch\/wp-content\/uploads\/2025\/06\/DSC03915-768x512.jpg"},"1536x1536":{"file":"DSC03915-1536x1024.jpg","width":1536,"height":1024,"mime-type":"image\/jpeg","filesize":637714,"source_url":"https:\/\/dev.preis-biodiversitaet.ch\/wp-content\/uploads\/2025\/06\/DSC03915-1536x1024.jpg"},"2048x2048":{"file":"DSC03915-2048x1365.jpg","width":2048,"height":1365,"mime-type":"image\/jpeg","filesize":1032120,"source_url":"https:\/\/dev.preis-biodiversitaet.ch\/wp-content\/uploads\/2025\/06\/DSC03915-2048x1365.jpg"}}},"alt_text":"Arzneikr\u00e4utergarten im Quartiergarten Hard. Binding Anerkennungspreis 2025. (c) Stefanie W\u00fcrsch","url":"","target":""}]]}},"uagb_featured_image_src":{"full":false,"thumbnail":false,"medium":false,"medium_large":false,"large":false,"1536x1536":false,"2048x2048":false,"gform-image-choice-sm":false,"gform-image-choice-md":false,"gform-image-choice-lg":false},"uagb_author_info":{"display_name":"Lena Wunderlin","author_link":"https:\/\/dev.preis-biodiversitaet.ch\/it\/author\/lena\/"},"uagb_comment_info":0,"uagb_excerpt":"Il Premio Binding di riconoscimento per la biodiversit\u00e0 2025 \u00e8 stato conferito all\u2019Associazione \u00abQuartiergarten Hard\u00bb di Zurigo. Nel bel mezzo [&hellip;]","_links":{"self":[{"href":"https:\/\/dev.preis-biodiversitaet.ch\/it\/wp-json\/wp\/v2\/pages\/5530","targetHints":{"allow":["GET"]}}],"collection":[{"href":"https:\/\/dev.preis-biodiversitaet.ch\/it\/wp-json\/wp\/v2\/pages"}],"about":[{"href":"https:\/\/dev.preis-biodiversitaet.ch\/it\/wp-json\/wp\/v2\/types\/page"}],"author":[{"embeddable":true,"href":"https:\/\/dev.preis-biodiversitaet.ch\/it\/wp-json\/wp\/v2\/users\/7"}],"replies":[{"embeddable":true,"href":"https:\/\/dev.preis-biodiversitaet.ch\/it\/wp-json\/wp\/v2\/comments?post=5530"}],"version-history":[{"count":8,"href":"https:\/\/dev.preis-biodiversitaet.ch\/it\/wp-json\/wp\/v2\/pages\/5530\/revisions"}],"predecessor-version":[{"id":5716,"href":"https:\/\/dev.preis-biodiversitaet.ch\/it\/wp-json\/wp\/v2\/pages\/5530\/revisions\/5716"}],"wp:attachment":[{"href":"https:\/\/dev.preis-biodiversitaet.ch\/it\/wp-json\/wp\/v2\/media?parent=5530"}],"curies":[{"name":"wp","href":"https:\/\/api.w.org\/{rel}","templated":true}]}}