{"id":5359,"date":"2025-02-19T13:40:59","date_gmt":"2025-02-19T12:40:59","guid":{"rendered":"https:\/\/www.preis-biodiversitaet.ch\/?page_id=5359"},"modified":"2025-06-17T13:45:18","modified_gmt":"2025-06-17T11:45:18","slug":"acqua-e-habitat-naturali-blu-verdi","status":"publish","type":"page","link":"https:\/\/dev.preis-biodiversitaet.ch\/it\/acqua-e-habitat-naturali-blu-verdi\/","title":{"rendered":"Acqua e habitat naturali blu-verdi"},"content":{"rendered":"\n<p>Nel 2024 il Premio Binding per la biodiversit\u00e0 era dedicato al tema \u00abAcqua e habitat naturali blu-verdi\u00bb. Si cercavano progetti con un approccio innovativo all\u2019acqua in grado di creare habitat naturali per animali, piante e altri organismi: i progetti dovevano consentire esperienze a contatto con la natura, agevolare la qualit\u00e0 di fruizione del luogo e aumentare la qualit\u00e0 di vita delle persone.<\/p>\n\n\n\n<div class=\"wp-block-columns is-layout-flex wp-container-core-columns-is-layout-9d6595d7 wp-block-columns-is-layout-flex\">\n<div class=\"wp-block-column is-layout-flow wp-block-column-is-layout-flow\">\n<h4 class=\"wp-block-heading\">Citt\u00e0 spugna<\/h4>\n\n\n\n<p>La citt\u00e0 come una grande spugna. \u00c8 questa la base del principio della \u201ccitt\u00e0 spugna\u201d: una citt\u00e0 che immagazzina l\u2019acqua piovana quando cade troppo copiosa, per poi rilasciarla lentamente. Visto che l\u2019acqua sta diventando una risorsa sempre pi\u00f9 preziosa \u00e8 molto importante che non sparisca direttamente nelle canalizzazioni. Con i cambiamenti climatici vi sono maggiormente periodi caratterizzati da scarsissime precipitazioni, alternati a episodi di forti piogge. Il principio della citt\u00e0 spugna affronta entrambe le problematiche: in caso di intense precipitazioni l\u2019acqua viene trattenuta e immagazzinata per poi venire rilasciata, o usata dalle piante, nei periodi di siccit\u00e0.<\/p>\n\n\n\n<p>Maggiori informazioni sul principio della citt\u00e0 spugna ed esempi virtuosi figurano qui:<\/p>\n\n\n\n<ul class=\"wp-block-list\">\n<li><a href=\"https:\/\/sponge-city.info\/\" target=\"_blank\" rel=\"noopener\">Piattaforma d&#8217;informazione citt\u00e0 spugna<\/a><\/li>\n\n\n\n<li><a href=\"https:\/\/www.bafu.admin.ch\/bafu\/de\/home\/themen\/ernaehrung-wohnen-mobilitaet\/dossiers\/magazin-2022-4-dossier\/staedte-von-morgen-die-schwammstadt-als-antwort.html\" target=\"_blank\" rel=\"noopener\">La citt\u00e0 spugna, un esempio di adattamento agli eventi climatici estremi<\/a><\/li>\n\n\n\n<li><a href=\"https:\/\/www.klimakonkret.at\/wasser\/\" target=\"_blank\" rel=\"noopener\">In tedesco: Klimakonkret: Wasser intelligent nutzen<\/a><\/li>\n<\/ul>\n\n\n\n<figure class=\"wp-block-image size-full\"><img loading=\"lazy\" decoding=\"async\" width=\"455\" height=\"587\" src=\"https:\/\/www.prix-biodiversite.ch\/wp-content\/uploads\/2025\/03\/klimakonkret_wasser.jpg\" alt=\"Grafik des Schwammstadtprinzips. Strasse ges\u00e4umt von Baumreihen, Schnitt durch den UNtergrund, Baumreihen und Gehwege sind mit Substrat unterf\u00fcllt, das Wasser bei Starkregenereignissen aufsaugen kann wie ein Schwamm. \" class=\"wp-image-5424\" srcset=\"https:\/\/dev.preis-biodiversitaet.ch\/wp-content\/uploads\/2025\/03\/klimakonkret_wasser.jpg 455w, https:\/\/dev.preis-biodiversitaet.ch\/wp-content\/uploads\/2025\/03\/klimakonkret_wasser-233x300.jpg 233w\" sizes=\"auto, (max-width: 455px) 100vw, 455px\" \/><figcaption class=\"wp-element-caption\">Grafica del principio della citt\u00e0 spugna nello spazio stradale. \u00a9 KlimaKonkret<\/figcaption><\/figure>\n<\/div>\n\n\n\n<div class=\"wp-block-column is-layout-flow wp-block-column-is-layout-flow\">\n<h4 class=\"wp-block-heading\">Le sorgenti come habitat naturali<\/h4>\n\n\n\n<p>Le sorgenti spesso rappresentano l\u2019inizio dei corsi d\u2019acqua e offrono un habitat naturale unico nel suo genere ad alcune specie specializzate. L\u2019acqua che sgorga direttamente dal terreno contiene particolari minerali, garantendo cos\u00ec condizioni di vita speciali. Anche nello spazio insediativo esistono sorgenti: tuttavia di frequente sono state inserite in condutture artificiali e l\u2019habitat naturale della sorgente non \u00e8 pi\u00f9 presente. Poich\u00e9 complessivamente questi habitat naturali originali stanno diventando sempre pi\u00f9 rari \u00e8 importante ripristinarli laddove possibile.<\/p>\n\n\n\n<p>Qui figurano informazioni pi\u00f9 dettagliate sulle sorgenti come habitat naturali:<\/p>\n\n\n\n<ul class=\"wp-block-list\">\n<li>In tedesco o francese: <a href=\"https:\/\/www.quell-lebensr\u00e4ume.ch\/de\/\" target=\"_blank\" rel=\"noopener\">Beratung Quell-Lebensr\u00e4ume<\/a><\/li>\n\n\n\n<li>In francese: <a href=\"https:\/\/missionb.ch\/en\/node\/10089\" target=\"_blank\" rel=\"noopener\">Revitalisation de la source de la Bonne-Fontaine \u00e0 Fontenais<\/a><\/li>\n\n\n\n<li>In tedesco o francese: <a href=\"https:\/\/www.bafu.admin.ch\/bafu\/de\/home\/themen\/biodiversitaet\/publikationen-studien\/publikationen\/quell-lebensraeume.html\" target=\"_blank\" rel=\"noopener\">Quell-Lebensr\u00e4ume erfassen \u2013 erhalten \u2013 aufwerten<\/a><\/li>\n<\/ul>\n\n\n\n<figure class=\"wp-block-image size-large\"><img loading=\"lazy\" decoding=\"async\" width=\"1024\" height=\"768\" src=\"https:\/\/www.premio-biodiversita.ch\/wp-content\/uploads\/2025\/06\/Fontenais_MartinRais-1024x768.jpg\" alt=\"Quelllebensraum inmitten der Gemeinde Fontenais\" class=\"wp-image-5722\" srcset=\"https:\/\/dev.preis-biodiversitaet.ch\/wp-content\/uploads\/2025\/06\/Fontenais_MartinRais-1024x768.jpg 1024w, https:\/\/dev.preis-biodiversitaet.ch\/wp-content\/uploads\/2025\/06\/Fontenais_MartinRais-300x225.jpg 300w, https:\/\/dev.preis-biodiversitaet.ch\/wp-content\/uploads\/2025\/06\/Fontenais_MartinRais-768x576.jpg 768w, https:\/\/dev.preis-biodiversitaet.ch\/wp-content\/uploads\/2025\/06\/Fontenais_MartinRais-1536x1152.jpg 1536w, https:\/\/dev.preis-biodiversitaet.ch\/wp-content\/uploads\/2025\/06\/Fontenais_MartinRais-2048x1536.jpg 2048w\" sizes=\"auto, (max-width: 1024px) 100vw, 1024px\" \/><figcaption class=\"wp-element-caption\">Ambiente sorgivo nel cuore del comune di Fontenais. \u00a9 Martin Rais<\/figcaption><\/figure>\n<\/div>\n<\/div>\n\n\n\n<div class=\"wp-block-columns is-layout-flex wp-container-core-columns-is-layout-9d6595d7 wp-block-columns-is-layout-flex\">\n<div class=\"wp-block-column is-layout-flow wp-block-column-is-layout-flow\">\n<h4 class=\"wp-block-heading\">Habitat umidi<\/h4>\n\n\n\n<p>Gli spazi verdi che contengono zone umide, stagni, pozze o simili offrono uno spazio pubblico ricreativo alle persone e un habitat naturale interessante a molti animali e piante che devono vivere in zone umide. Ad esempio la rana d\u2019acqua predilige punti soleggiati su acque permanenti che non si prosciugano: essendo per il resto poco esigente, la si vede di frequente anche nello spazio insediativo. Un altro esempio riguarda la pianta \u201ccalta palustre\u201d: predilige ubicazioni umide ricche di nutrienti, come i bordi di stagni con acqua profonda solo pochi centimetri. A seguito della correzione dei torrenti e del prosciugamento dei terreni agricoli la specie \u00e8 diventata rara. I biotopi umidi nello spazio insediativo e nei giardini rappresentano importanti habitat naturali sostitutivi per questa bella pianta.<\/p>\n\n\n\n<p>Altri ritratti di specie figurano ad esempio qui in tedesco:<\/p>\n\n\n\n<ul class=\"wp-block-list\">\n<li><a href=\"https:\/\/www.linkedin.com\/posts\/binding-stiftung_naturnahe-w%C3%A4lder-mit-viel-totholz-sind-activity-7168891696540286979-nBoR?utm_source=share&amp;utm_medium=member_desktop\" target=\"_blank\" rel=\"noopener\">Feuersalamander LinkedIn Binding Stiftung<\/a><\/li>\n\n\n\n<li><a href=\"https:\/\/www.linkedin.com\/posts\/binding-stiftung_perfekt-ans-wasser-angepasst-an-fliessenden-activity-7165734680837677057-3Hz_?utm_source=share&amp;utm_medium=member_desktop\" target=\"_blank\" rel=\"noopener\">Wasseramsel LinkedIn Binding Stiftung<\/a><\/li>\n\n\n\n<li><a href=\"https:\/\/www.linkedin.com\/posts\/binding-stiftung_wer-einmal-bl%C3%BChenden-fieberklee-menyanthes-activity-7188508805750497280-GOak?utm_source=share&amp;utm_medium=member_desktop\" target=\"_blank\" rel=\"noopener\">Fieberklee LinkedIn Binding Stiftung<\/a><\/li>\n\n\n\n<li><a href=\"https:\/\/www.linkedin.com\/feed\/update\/urn:li:activity:7230118881745346561\" target=\"_blank\" rel=\"noopener\">Blutweiderich LinkedIn Binding Stiftung<\/a><\/li>\n\n\n\n<li><a href=\"https:\/\/www.linkedin.com\/feed\/update\/urn:li:activity:7223632593840209921\" target=\"_blank\" rel=\"noopener\">M\u00e4des\u00fcss LinkedIn Binding Stiftung<\/a><\/li>\n<\/ul>\n<\/div>\n\n\n\n<div class=\"wp-block-column is-layout-flow wp-block-column-is-layout-flow\">\n<h4 class=\"wp-block-heading\">Corsi d&#8217;acqua rinaturati<\/h4>\n\n\n\n<p>La maggior parte dei corsi e specchi d\u2019acqua in Svizzera sono stati modificati sostanzialmente rispetto al loro stato naturale a causa delle attivit\u00e0 umane. I corsi d\u2019acqua sono stati corretti e inseriti in condutture per guadagnare terreni agricoli ed edificabili. Ma ci\u00f2 ha portato regolarmente a eventi di tracimazione ed esondazione poich\u00e9 i fiumi non dispongono pi\u00f9 delle loro superfici naturali di straripamento. Oggi si sta procedendo sempre pi\u00f9 spesso a rinaturare i corsi d\u2019acqua nell\u2019ottica sia della protezione contro le piene sia della promozione della natura. Vi sono gi\u00e0 molti buoni esempi di corsi d\u2019acqua rinaturati.<\/p>\n\n\n\n<p>Maggiori informazioni sulle rinaturazioni in generale e su esempi pi\u00f9 nello specifico figurano qui:<\/p>\n\n\n\n<ul class=\"wp-block-list\">\n<li><a href=\"https:\/\/www.bafu.admin.ch\/bafu\/de\/home\/themen\/wasser\/fachinformationen\/massnahmen-zum-schutz-der-gewaesser\/renaturierung-der-gewaesser.html\" target=\"_blank\" rel=\"noopener\">Rinaturazione delle acque (UFAM)<\/a><\/li>\n\n\n\n<li><a href=\"https:\/\/plattform-renaturierung.ch\/\" target=\"_blank\" rel=\"noopener\">In tedesco o francese: Plattform Renaturierung<\/a><\/li>\n\n\n\n<li><a href=\"https:\/\/www.schweizer-gemeinde.ch\/artikel\/vier-gemeinden-beleben-zusammen-die-petite-glane\" target=\"_blank\" rel=\"noopener\">Quattro comuni si uniscono per dare uova vita alla Petite Gl\u00e2ne<\/a><\/li>\n<\/ul>\n<\/div>\n<\/div>\n\n\n\n<div class=\"wp-block-columns is-layout-flex wp-container-core-columns-is-layout-9d6595d7 wp-block-columns-is-layout-flex\">\n<div class=\"wp-block-column is-layout-flow wp-block-column-is-layout-flow\">\n<figure class=\"wp-block-image size-large\"><img loading=\"lazy\" decoding=\"async\" width=\"1024\" height=\"683\" src=\"https:\/\/www.prix-biodiversite.ch\/wp-content\/uploads\/2025\/01\/Sumpfdotterblume-Planbiodivers-1024x683.jpg\" alt=\"Sumpfdotterblumen, gelbe Blumen mit gr\u00fcnen Bl\u00e4ttern\" class=\"wp-image-5294\" style=\"aspect-ratio:4\/3;object-fit:cover\" srcset=\"https:\/\/dev.preis-biodiversitaet.ch\/wp-content\/uploads\/2025\/01\/Sumpfdotterblume-Planbiodivers-1024x683.jpg 1024w, https:\/\/dev.preis-biodiversitaet.ch\/wp-content\/uploads\/2025\/01\/Sumpfdotterblume-Planbiodivers-300x200.jpg 300w, https:\/\/dev.preis-biodiversitaet.ch\/wp-content\/uploads\/2025\/01\/Sumpfdotterblume-Planbiodivers-768x512.jpg 768w, https:\/\/dev.preis-biodiversitaet.ch\/wp-content\/uploads\/2025\/01\/Sumpfdotterblume-Planbiodivers-1536x1024.jpg 1536w, https:\/\/dev.preis-biodiversitaet.ch\/wp-content\/uploads\/2025\/01\/Sumpfdotterblume-Planbiodivers-2048x1365.jpg 2048w\" sizes=\"auto, (max-width: 1024px) 100vw, 1024px\" \/><figcaption class=\"wp-element-caption\">Calta palustre \u00a9 Plan Biodivers<\/figcaption><\/figure>\n<\/div>\n\n\n\n<div class=\"wp-block-column is-layout-flow wp-block-column-is-layout-flow\">\n<figure class=\"wp-block-image size-large\"><img loading=\"lazy\" decoding=\"async\" width=\"1024\" height=\"768\" src=\"https:\/\/www.prix-biodiversite.ch\/wp-content\/uploads\/2025\/01\/Wasserfrosch-Planbiodivers-1024x768.jpg\" alt=\"Ein gr\u00fcner Wasserfrosch sitzt auf braunen Bl\u00e4ttern, die auf der Wasseroberfl\u00e4che schwimmen.\" class=\"wp-image-5297\" style=\"aspect-ratio:4\/3;object-fit:cover\" srcset=\"https:\/\/dev.preis-biodiversitaet.ch\/wp-content\/uploads\/2025\/01\/Wasserfrosch-Planbiodivers-1024x768.jpg 1024w, https:\/\/dev.preis-biodiversitaet.ch\/wp-content\/uploads\/2025\/01\/Wasserfrosch-Planbiodivers-300x225.jpg 300w, https:\/\/dev.preis-biodiversitaet.ch\/wp-content\/uploads\/2025\/01\/Wasserfrosch-Planbiodivers-768x576.jpg 768w, https:\/\/dev.preis-biodiversitaet.ch\/wp-content\/uploads\/2025\/01\/Wasserfrosch-Planbiodivers-1536x1152.jpg 1536w, https:\/\/dev.preis-biodiversitaet.ch\/wp-content\/uploads\/2025\/01\/Wasserfrosch-Planbiodivers-2048x1536.jpg 2048w\" sizes=\"auto, (max-width: 1024px) 100vw, 1024px\" \/><figcaption class=\"wp-element-caption\">Rana d&#8217;acqua \u00a9 Plan Biodivers<\/figcaption><\/figure>\n<\/div>\n<\/div>\n","protected":false},"excerpt":{"rendered":"<p>Nel 2024 il Premio Binding per la biodiversit\u00e0 era dedicato al tema \u00abAcqua e habitat naturali blu-verdi\u00bb. Si cercavano progetti [&hellip;]<\/p>\n","protected":false},"author":7,"featured_media":0,"parent":0,"menu_order":0,"comment_status":"closed","ping_status":"closed","template":"","meta":{"_acf_changed":false,"_uag_custom_page_level_css":"","footnotes":""},"class_list":["post-5359","page","type-page","status-publish","hentry"],"acf":{"photo_gallery":{"sliderbilder":[[{"id":2841,"title":"IGORPONTI_CASARICO_2022_CF011807","caption":"","full_image_url":"https:\/\/dev.preis-biodiversitaet.ch\/wp-content\/uploads\/2022\/10\/IGORPONTI_CASARICO_2022_CF011807-scaled.jpg","thumbnail_image_url":"https:\/\/dev.preis-biodiversitaet.ch\/wp-content\/uploads\/2022\/10\/IGORPONTI_CASARICO_2022_CF011807-150x150.jpg","large_srcset":"https:\/\/dev.preis-biodiversitaet.ch\/wp-content\/uploads\/2022\/10\/IGORPONTI_CASARICO_2022_CF011807-1024x819.jpg 1024w, https:\/\/dev.preis-biodiversitaet.ch\/wp-content\/uploads\/2022\/10\/IGORPONTI_CASARICO_2022_CF011807-300x240.jpg 300w, https:\/\/dev.preis-biodiversitaet.ch\/wp-content\/uploads\/2022\/10\/IGORPONTI_CASARICO_2022_CF011807-768x614.jpg 768w, https:\/\/dev.preis-biodiversitaet.ch\/wp-content\/uploads\/2022\/10\/IGORPONTI_CASARICO_2022_CF011807-1536x1229.jpg 1536w, https:\/\/dev.preis-biodiversitaet.ch\/wp-content\/uploads\/2022\/10\/IGORPONTI_CASARICO_2022_CF011807-2048x1638.jpg 2048w","medium_srcset":"https:\/\/dev.preis-biodiversitaet.ch\/wp-content\/uploads\/2022\/10\/IGORPONTI_CASARICO_2022_CF011807-300x240.jpg 300w, https:\/\/dev.preis-biodiversitaet.ch\/wp-content\/uploads\/2022\/10\/IGORPONTI_CASARICO_2022_CF011807-1024x819.jpg 1024w, https:\/\/dev.preis-biodiversitaet.ch\/wp-content\/uploads\/2022\/10\/IGORPONTI_CASARICO_2022_CF011807-768x614.jpg 768w, https:\/\/dev.preis-biodiversitaet.ch\/wp-content\/uploads\/2022\/10\/IGORPONTI_CASARICO_2022_CF011807-1536x1229.jpg 1536w, https:\/\/dev.preis-biodiversitaet.ch\/wp-content\/uploads\/2022\/10\/IGORPONTI_CASARICO_2022_CF011807-2048x1638.jpg 2048w","media_details":{"width":2560,"height":2048,"sizes":{"medium":{"file":"IGORPONTI_CASARICO_2022_CF011807-300x240.jpg","width":300,"height":240,"mime-type":"image\/jpeg","filesize":36012,"source_url":"https:\/\/dev.preis-biodiversitaet.ch\/wp-content\/uploads\/2022\/10\/IGORPONTI_CASARICO_2022_CF011807-300x240.jpg"},"large":{"file":"IGORPONTI_CASARICO_2022_CF011807-1024x819.jpg","width":1024,"height":819,"mime-type":"image\/jpeg","filesize":245460,"source_url":"https:\/\/dev.preis-biodiversitaet.ch\/wp-content\/uploads\/2022\/10\/IGORPONTI_CASARICO_2022_CF011807-1024x819.jpg"},"thumbnail":{"file":"IGORPONTI_CASARICO_2022_CF011807-150x150.jpg","width":150,"height":150,"mime-type":"image\/jpeg","filesize":21574,"source_url":"https:\/\/dev.preis-biodiversitaet.ch\/wp-content\/uploads\/2022\/10\/IGORPONTI_CASARICO_2022_CF011807-150x150.jpg"},"medium_large":{"file":"IGORPONTI_CASARICO_2022_CF011807-768x614.jpg","width":768,"height":614,"mime-type":"image\/jpeg","filesize":144369,"source_url":"https:\/\/dev.preis-biodiversitaet.ch\/wp-content\/uploads\/2022\/10\/IGORPONTI_CASARICO_2022_CF011807-768x614.jpg"},"1536x1536":{"file":"IGORPONTI_CASARICO_2022_CF011807-1536x1229.jpg","width":1536,"height":1229,"mime-type":"image\/jpeg","filesize":539598,"source_url":"https:\/\/dev.preis-biodiversitaet.ch\/wp-content\/uploads\/2022\/10\/IGORPONTI_CASARICO_2022_CF011807-1536x1229.jpg"},"2048x2048":{"file":"IGORPONTI_CASARICO_2022_CF011807-2048x1638.jpg","width":2048,"height":1638,"mime-type":"image\/jpeg","filesize":957458,"source_url":"https:\/\/dev.preis-biodiversitaet.ch\/wp-content\/uploads\/2022\/10\/IGORPONTI_CASARICO_2022_CF011807-2048x1638.jpg"}}},"alt_text":"Parco Casarico - Binding Anerkennungspreis f\u00fcr Biodiversit\u00e4t 2022","url":"","target":""}]]}},"uagb_featured_image_src":{"full":false,"thumbnail":false,"medium":false,"medium_large":false,"large":false,"1536x1536":false,"2048x2048":false,"gform-image-choice-sm":false,"gform-image-choice-md":false,"gform-image-choice-lg":false},"uagb_author_info":{"display_name":"Lena Wunderlin","author_link":"https:\/\/dev.preis-biodiversitaet.ch\/it\/author\/lena\/"},"uagb_comment_info":0,"uagb_excerpt":"Nel 2024 il Premio Binding per la biodiversit\u00e0 era dedicato al tema \u00abAcqua e habitat naturali blu-verdi\u00bb. Si cercavano progetti [&hellip;]","_links":{"self":[{"href":"https:\/\/dev.preis-biodiversitaet.ch\/it\/wp-json\/wp\/v2\/pages\/5359","targetHints":{"allow":["GET"]}}],"collection":[{"href":"https:\/\/dev.preis-biodiversitaet.ch\/it\/wp-json\/wp\/v2\/pages"}],"about":[{"href":"https:\/\/dev.preis-biodiversitaet.ch\/it\/wp-json\/wp\/v2\/types\/page"}],"author":[{"embeddable":true,"href":"https:\/\/dev.preis-biodiversitaet.ch\/it\/wp-json\/wp\/v2\/users\/7"}],"replies":[{"embeddable":true,"href":"https:\/\/dev.preis-biodiversitaet.ch\/it\/wp-json\/wp\/v2\/comments?post=5359"}],"version-history":[{"count":6,"href":"https:\/\/dev.preis-biodiversitaet.ch\/it\/wp-json\/wp\/v2\/pages\/5359\/revisions"}],"predecessor-version":[{"id":5726,"href":"https:\/\/dev.preis-biodiversitaet.ch\/it\/wp-json\/wp\/v2\/pages\/5359\/revisions\/5726"}],"wp:attachment":[{"href":"https:\/\/dev.preis-biodiversitaet.ch\/it\/wp-json\/wp\/v2\/media?parent=5359"}],"curies":[{"name":"wp","href":"https:\/\/api.w.org\/{rel}","templated":true}]}}