{"id":5349,"date":"2025-02-19T13:30:03","date_gmt":"2025-02-19T12:30:03","guid":{"rendered":"https:\/\/www.preis-biodiversitaet.ch\/?page_id=5349"},"modified":"2025-02-24T12:11:06","modified_gmt":"2025-02-24T11:11:06","slug":"biodiversita-e-salute","status":"publish","type":"page","link":"https:\/\/dev.preis-biodiversitaet.ch\/it\/biodiversita-e-salute\/","title":{"rendered":"Biodiversit\u00e0 e salute"},"content":{"rendered":"\n<p>Nel 2025 il Premio Binding per la biodiversit\u00e0 \u00e8 dedicato al tema della biodiversit\u00e0 e della salute. Stiamo cercando progetti che gi\u00e0 in fase di pianificazione e attuazione hanno inglobato, oltre alla biodiversit\u00e0, anche aspetti legati alla promozione della salute. Le superfici verdi nello spazio insediativo hanno un effetto comprovato sulla salute delle persone residenti. Se si prende in considerazione la salute nella sua interezza secondo la definizione dell\u2019OMS, vi sono i seguenti meccanismi d\u2019azione della natura e della biodiversit\u00e0 sulla salute umana: riduzione degli influssi ambientali negativi (aria pulita, acqua pulita, meno rumore), relax e miglioramento dell\u2019attenzione, possibilit\u00e0 di instaurare interazioni sociali, promozione dell\u2019attivit\u00e0 fisica nonch\u00e9 l\u2019esperienza di ammirare la natura e provare stupore.<\/p>\n\n\n\n<div class=\"wp-block-columns is-layout-flex wp-container-core-columns-is-layout-9d6595d7 wp-block-columns-is-layout-flex\">\n<div class=\"wp-block-column is-layout-flow wp-block-column-is-layout-flow\">\n<h4 class=\"wp-block-heading\">Salute psichica<\/h4>\n\n\n\n<p>Una passeggiata nella natura riduce lo stress e aumenta la capacit\u00e0 di concentrazione, come dimostrato ormai da numerosi studi tramite la misurazione dei livelli di cortisolo e le autovalutazioni. Passare del tempo nella natura pu\u00f2 aiutare i bambini affetti da ADHD a concentrarsi meglio. L\u2019esperienza di osservare e ammirare la natura e la biodiversit\u00e0 crea un diversivo dalla vita quotidiana, diminuendo la stanchezza e migliorando il riposo. Inoltre la presenza di uno spazio verde contribuisce a far s\u00ec che le persone si sentano pi\u00f9 legate al luogo. E l\u2019azione di plasmare una superficie, passarvi del tempo e occuparsene esplica un grande effetto sulla salute psichica delle singole persone e della comunit\u00e0.<\/p>\n\n\n\n<p>Informazioni ancora pi\u00f9 dettagliate possono essere trovate nelle seguenti fonti:<\/p>\n\n\n\n<ul class=\"wp-block-list\">\n<li><a href=\"https:\/\/portal-cdn.scnat.ch\/asset\/6bb73bde-07fe-509f-ad95-e14b7fa91e57\/Factsheet_Biodiv_Gesundheit_D.pdf?b=55a11c59-afa2-5b43-a859-285990bb9871&amp;v=92dc8c72-02b7-56e4-a84b-30f5e2a0f833_0&amp;s=jnguI5mr4H7nPY0MdUl818XO2sr-fc5ZHJasoxfnLTcEMwLTT9fxYeDVNq4M9r6pAogtIJKonkhvXTZKHlXyM96xP2Uwk5Evf01xKfT0queCVGwP0VKZVDZVmDvq2NQ_Zf4EOjByqOtAoamL0C6bOv4m42bJxPxfw-YlWjV6TQE\" target=\"_blank\" rel=\"noopener\">Swiss academies Factsheet \u00abBiodiversit\u00e4t, eine Garantie f\u00fcr Gesundheit?\u00bb<\/a><\/li>\n\n\n\n<li><a href=\"https:\/\/www.who.int\/europe\/publications\/i\/item\/9789289052498\" target=\"_blank\" rel=\"noopener\">WHO: Urban green spaces: a brief for action<\/a><\/li>\n\n\n\n<li><a href=\"https:\/\/www.researchgate.net\/publication\/223757765_Student_performance_and_high_school_landscapes_Examining_the_links\" target=\"_blank\" rel=\"noopener\">Articolo scientifico: Student performance and high school landscapes: Examining the links (Matsuoka, 2010)<\/a><\/li>\n\n\n\n<li><a href=\"https:\/\/www.pnas.org\/doi\/10.1073\/pnas.1510459112\" target=\"_blank\" rel=\"noopener\">Articolo scientifico: &nbsp;Nature experience reduces rumination and subgenual prefrontal cortex activation&nbsp;(Gregory N. Bratman et al., 2025)<\/a><\/li>\n<\/ul>\n\n\n\n<figure class=\"wp-block-image size-large\"><img loading=\"lazy\" decoding=\"async\" width=\"1024\" height=\"683\" src=\"https:\/\/www.premio-biodiversita.ch\/wp-content\/uploads\/2024\/06\/03-Naturlandschaft-StefanieWuersch-1024x683.jpg\" alt=\"Naturidylle am Laveggio. Parco del Laveggio - Binding Preis f\u00fcr Biodiversit\u00e4t 2024\" class=\"wp-image-4508\" srcset=\"https:\/\/dev.preis-biodiversitaet.ch\/wp-content\/uploads\/2024\/06\/03-Naturlandschaft-StefanieWuersch-1024x683.jpg 1024w, https:\/\/dev.preis-biodiversitaet.ch\/wp-content\/uploads\/2024\/06\/03-Naturlandschaft-StefanieWuersch-300x200.jpg 300w, https:\/\/dev.preis-biodiversitaet.ch\/wp-content\/uploads\/2024\/06\/03-Naturlandschaft-StefanieWuersch-768x512.jpg 768w, https:\/\/dev.preis-biodiversitaet.ch\/wp-content\/uploads\/2024\/06\/03-Naturlandschaft-StefanieWuersch-1536x1024.jpg 1536w, https:\/\/dev.preis-biodiversitaet.ch\/wp-content\/uploads\/2024\/06\/03-Naturlandschaft-StefanieWuersch-2048x1365.jpg 2048w\" sizes=\"auto, (max-width: 1024px) 100vw, 1024px\" \/><figcaption class=\"wp-element-caption\">I pedoni passeggiano lungo il Laveggio nel Parco del Laveggio e si godono l&#8217;ambiente naturale. Premio Binding per la biodiversit\u00e0 2024 Parco del Laveggio. <br>\u00a9 Stefanie W\u00fcrsch<\/figcaption><\/figure>\n<\/div>\n\n\n\n<div class=\"wp-block-column is-layout-flow wp-block-column-is-layout-flow\">\n<h4 class=\"wp-block-heading\">Salute fisica<\/h4>\n\n\n\n<p>L\u2019aria fresca, il movimento e lo sguardo nel verde influiscono positivamente anche sulla salute fisica. Gi\u00e0 negli anni Ottanta dello scorso secolo si \u00e8 notato che i pazienti dopo un\u2019operazione alla cistifellea si riprendevano molto pi\u00f9 in fretta se la loro camera dava sul verde rispetto ai pazienti in camere con vista su pareti di cemento (vedi qui sotto Ulrich, 1984): gi\u00e0 solo il fattore visivo influisce sulla guarigione del corpo. Le superfici verdi nello spazio insediativo possono venire impostate in modo tale da invogliare le diverse generazioni a fare movimento: parchi giochi, prati aperti, Percorsi Vita e simili motivano le persone di pi\u00f9 fasce d\u2019et\u00e0 a praticare attivit\u00e0 fisica, facendo cos\u00ec qualcosa per la propria salute. Inoltre gli spazi verdi riducono il rumore della citt\u00e0 circostante e possono contribuire a un \u00ab<em>soundscape<\/em>\u00bb (o paesaggio sonoro) calmo e benefico. Se i bambini praticano spesso fin da piccoli movimento all\u2019aperto su superfici verdi diminuisce la probabilit\u00e0 che in seguito abbiano bisogno di occhiali per la miopia.<\/p>\n\n\n\n<p>Qui figurano maggiori informazioni sull\u2019influsso positivo della biodiversit\u00e0 e della natura sulla salute fisica:<\/p>\n\n\n\n<ul class=\"wp-block-list\">\n<li>In tedesco: <a href=\"https:\/\/magazin.hopp-la.ch\/de\/ausgabe\/hopp-la-news-22024--4\/artikel\/attraktive-freiraeume-fuer-die-urbane-zukunft--9\" target=\"_blank\" rel=\"noopener\">Attraktive Freir\u00e4ume f\u00fcr die urbane Zukunft (hopp-la news)<\/a><\/li>\n\n\n\n<li><a href=\"https:\/\/www.researchgate.net\/publication\/17043718_View_Through_a_Window_May_Influence_Recovery_from_Surgery\" target=\"_blank\" rel=\"noopener\">Articolo scientifico: View Through a Window May Influence Recovery from Surgery (Ulrich, 1984)<\/a><\/li>\n\n\n\n<li><a href=\"https:\/\/pubmed.ncbi.nlm.nih.gov\/23663440\/\" target=\"_blank\" rel=\"noopener\"><\/a><a href=\"https:\/\/www.researchgate.net\/publication\/17043718_View_Through_a_Window_May_Influence_Recovery_from_Surgery\" target=\"_blank\" rel=\"noopener\">Articolo scientifico:&nbsp;The biodiversity hypothesis and allergic disease: world allergy organization position statement (Tari Haahtela et al, 2013)<\/a><\/li>\n<\/ul>\n\n\n\n<figure class=\"wp-block-image size-large\"><img loading=\"lazy\" decoding=\"async\" width=\"1024\" height=\"683\" src=\"https:\/\/www.premio-biodiversita.ch\/wp-content\/uploads\/2024\/10\/StadtBern_Froeschmatt_StefanieWuersch-1024x683.jpg\" alt=\"Wiese in der Siedlung Fr\u00f6schmatt, Stadt Bern - Binding Preis f\u00fcr Biodiversit\u00e4t 2022\" class=\"wp-image-5211\" srcset=\"https:\/\/dev.preis-biodiversitaet.ch\/wp-content\/uploads\/2024\/10\/StadtBern_Froeschmatt_StefanieWuersch-1024x683.jpg 1024w, https:\/\/dev.preis-biodiversitaet.ch\/wp-content\/uploads\/2024\/10\/StadtBern_Froeschmatt_StefanieWuersch-300x200.jpg 300w, https:\/\/dev.preis-biodiversitaet.ch\/wp-content\/uploads\/2024\/10\/StadtBern_Froeschmatt_StefanieWuersch-768x512.jpg 768w, https:\/\/dev.preis-biodiversitaet.ch\/wp-content\/uploads\/2024\/10\/StadtBern_Froeschmatt_StefanieWuersch-1536x1024.jpg 1536w, https:\/\/dev.preis-biodiversitaet.ch\/wp-content\/uploads\/2024\/10\/StadtBern_Froeschmatt_StefanieWuersch-2048x1365.jpg 2048w\" sizes=\"auto, (max-width: 1024px) 100vw, 1024px\" \/><figcaption class=\"wp-element-caption\">Il prato del complesso residenziale di Fr\u00f6schmatt invita a giocare e a muoversi. Premio Binding per la biodiversit\u00e0 2022 Natur braucht Stadt. \u00a9 Stefanie W\u00fcrsch<\/figcaption><\/figure>\n<\/div>\n<\/div>\n\n\n\n<div class=\"wp-block-columns is-layout-flex wp-container-core-columns-is-layout-9d6595d7 wp-block-columns-is-layout-flex\">\n<div class=\"wp-block-column is-layout-flow wp-block-column-is-layout-flow\">\n<h4 class=\"wp-block-heading\">Salute sociale<\/h4>\n\n\n\n<p>La salute sociale \u00e8 legata a stretto filo con la salute psichica. Gli spazi verdi impostati come punti d\u2019incontro invitanti e dotati, oltre che di superfici per la biodiversit\u00e0, anche di superfici per gli scambi sociali incentivano una convivenza sana e gioviale. La solitudine \u00e8 un grosso tema in questi tempi di digitalizzazione e i punti d\u2019incontro nel verde possono contrastarla. La biodiversit\u00e0 e le superfici verdi contribuiscono a rafforzare la salute psichica dei singoli individui. Inoltre nella salute sociale rientra anche il fatto che le persone di ogni fascia d\u2019et\u00e0 debbano potere usufruire di uno spazio pubblico dedicato. Ad esempio spesso i giovani vengono scacciati da qualsiasi luogo: invece si potrebbero creare in modo specifico delle nicchie per questa fascia d\u2019et\u00e0 dove i giovani possano ritirarsi. Le esperienze compiute dimostrano che <em>littering<\/em> e vandalismo diminuiscono se, nella pianificazione e nell\u2019impostazione degli spazi insediativi, si prendono in considerazione anche le loro esigenze.<\/p>\n\n\n\n<p>Fonti interessanti sulla salute sociale in relazione agli spazi verdi:<\/p>\n\n\n\n<ul class=\"wp-block-list\">\n<li><a href=\"https:\/\/www.mdpi.com\/1660-4601\/16\/3\/452\" target=\"_blank\" rel=\"noopener\"><\/a><a href=\"https:\/\/pubmed.ncbi.nlm.nih.gov\/23663440\/\" target=\"_blank\" rel=\"noopener\"><\/a><a href=\"https:\/\/www.researchgate.net\/publication\/17043718_View_Through_a_Window_May_Influence_Recovery_from_Surgery\" target=\"_blank\" rel=\"noreferrer noopener\">Articolo scientifico: The Relationship between Social Cohesion and Urban Green Space: An Avenue for Health Promotion (Jennings &amp; Bamkole, 2019)<\/a><\/li>\n\n\n\n<li><a href=\"https:\/\/www.austintexas.gov\/sites\/default\/files\/files\/Planning\/City_Arborist\/Fertile_Ground_for_Community.pdf\" target=\"_blank\" rel=\"noopener\"><\/a><a href=\"https:\/\/pubmed.ncbi.nlm.nih.gov\/23663440\/\" target=\"_blank\" rel=\"noopener\"><\/a><a href=\"https:\/\/www.researchgate.net\/publication\/17043718_View_Through_a_Window_May_Influence_Recovery_from_Surgery\" target=\"_blank\" rel=\"noreferrer noopener\">Articolo scientifico: Fertile Ground for Community: Inner-City Neighborhood Common Spaces. <em>(<\/em>Kuo, F. E., Sullivan, W. C., Coley, R. L., &amp; Brunson, L., 1998)<\/a><\/li>\n\n\n\n<li><a href=\"http:\/\/ereserve.library.utah.edu\/Annual\/PSY\/3420\/Werner\/aggression.pdf\" target=\"_blank\" rel=\"noopener\"><\/a><a href=\"https:\/\/pubmed.ncbi.nlm.nih.gov\/23663440\/\" target=\"_blank\" rel=\"noopener\"><\/a><a href=\"https:\/\/www.researchgate.net\/publication\/17043718_View_Through_a_Window_May_Influence_Recovery_from_Surgery\" target=\"_blank\" rel=\"noreferrer noopener\">Articolo scientifico: Aggression and Violence in the Inner City: Effects of Environment via Mental Fatigue. <em>(<\/em>Kuo, F. E., &amp; Sullivan, W. C., 2001)<\/a><\/li>\n<\/ul>\n\n\n\n<figure class=\"wp-block-image size-large\"><img loading=\"lazy\" decoding=\"async\" width=\"1024\" height=\"683\" src=\"https:\/\/www.premio-biodiversita.ch\/wp-content\/uploads\/2024\/10\/PraRoman_StefanieWuersch-1024x683.jpg\" alt=\"Gartentreffen auf Pra Roman - Binding Preis f\u00fcr Biodiversit\u00e4t 2023\" class=\"wp-image-5208\" srcset=\"https:\/\/dev.preis-biodiversitaet.ch\/wp-content\/uploads\/2024\/10\/PraRoman_StefanieWuersch-1024x683.jpg 1024w, https:\/\/dev.preis-biodiversitaet.ch\/wp-content\/uploads\/2024\/10\/PraRoman_StefanieWuersch-300x200.jpg 300w, https:\/\/dev.preis-biodiversitaet.ch\/wp-content\/uploads\/2024\/10\/PraRoman_StefanieWuersch-768x512.jpg 768w, https:\/\/dev.preis-biodiversitaet.ch\/wp-content\/uploads\/2024\/10\/PraRoman_StefanieWuersch-1536x1024.jpg 1536w, https:\/\/dev.preis-biodiversitaet.ch\/wp-content\/uploads\/2024\/10\/PraRoman_StefanieWuersch-2048x1365.jpg 2048w\" sizes=\"auto, (max-width: 1024px) 100vw, 1024px\" \/><figcaption class=\"wp-element-caption\">Gli abitanti del complesso residenziale Pra Roman di Losanna si riuniscono in giardino per un&#8217;accogliente riunione. Premio Binding per la biodiversit\u00e0 2023 Pra Roman. \u00a9 Stefanie W\u00fcrsch<\/figcaption><\/figure>\n<\/div>\n\n\n\n<div class=\"wp-block-column is-layout-flow wp-block-column-is-layout-flow\">\n<h4 class=\"wp-block-heading\">Salute<\/h4>\n\n\n\n<p>Queste tre categorie sono parzialmente arbitrarie e ognuna influenza chiaramente anche le altre. La salute va considerata nel suo insieme e inserita nella pianificazione delle superfici verdi come elemento importante.<\/p>\n\n\n\n<p>Nel complesso molti dei punti trattati si applicano alla natura in generale e solo di rado si sono studiati gli effetti in modo specifico per le superfici biodiverse. Ma se le superfici verdi in citt\u00e0 vengono strutturate in maniera biodiversa possono garantire un effetto positivo sulla salute umana e un contributo alla variet\u00e0 naturale.<\/p>\n\n\n\n<p>Altre fonti interessanti:<\/p>\n\n\n\n<ul class=\"wp-block-list\">\n<li><a href=\"https:\/\/www.ufz.de\/export\/data\/global\/190508_TEEB_DE_Stadtbericht_Langfassung.pdf\" target=\"_blank\" rel=\"noreferrer noopener\">Libro in tedesco: \u00ab\u00d6kosystemleistungen in der Stadt \u2013 Gesundheit sch\u00fctzen und Lebensqualit\u00e4t erh\u00f6hen\u00bb (Naturkapital Deutschland, 2016)<\/a><\/li>\n\n\n\n<li><a href=\"https:\/\/link.springer.com\/book\/10.1007\/978-3-030-02318-8\" target=\"_blank\" rel=\"noreferrer noopener\">Libro \u00abBiodiversity and Health in the Face of Climate Change\u201d (Marselle et al, 2019)<\/a><\/li>\n\n\n\n<li><a href=\"https:\/\/www.mdpi.com\/1660-4601\/18\/10\/5137\" target=\"_blank\" rel=\"noopener\"><\/a><a href=\"https:\/\/www.researchgate.net\/publication\/17043718_View_Through_a_Window_May_Influence_Recovery_from_Surgery\" target=\"_blank\" rel=\"noreferrer noopener\">Articolo scientifico: Association between Urban Greenspace and Health: A Systemativ Review of Literature (Gianfredi et al, 2021)<\/a><\/li>\n\n\n\n<li><a href=\"https:\/\/pubmed.ncbi.nlm.nih.gov\/26185745\/\" target=\"_blank\" rel=\"noopener\"><\/a><a href=\"https:\/\/www.researchgate.net\/publication\/17043718_View_Through_a_Window_May_Influence_Recovery_from_Surgery\" target=\"_blank\" rel=\"noreferrer noopener\">Articolo scientifico: &nbsp;A Review of the Health Benefits of Greenness&nbsp;(James P. et al., 2015)<\/a><\/li>\n\n\n\n<li><a href=\"https:\/\/pubmed.ncbi.nlm.nih.gov\/38963986\/\" target=\"_blank\" rel=\"noopener\"><\/a><a href=\"https:\/\/www.researchgate.net\/publication\/17043718_View_Through_a_Window_May_Influence_Recovery_from_Surgery\" target=\"_blank\" rel=\"noreferrer noopener\">Articolo scientifico: Green spaces and respiratory, cardiometabolic, and neurodevelopmental outcomes&nbsp;: An individual-participant data meta-analysis of &gt;35&#8217;000 European children&nbsp; (A. Fernandes et al. , 2024)<\/a><\/li>\n<\/ul>\n<\/div>\n<\/div>\n\n\n\n<p><\/p>\n","protected":false},"excerpt":{"rendered":"<p>Nel 2025 il Premio Binding per la biodiversit\u00e0 \u00e8 dedicato al tema della biodiversit\u00e0 e della salute. Stiamo cercando progetti [&hellip;]<\/p>\n","protected":false},"author":7,"featured_media":0,"parent":0,"menu_order":0,"comment_status":"closed","ping_status":"closed","template":"","meta":{"_acf_changed":false,"_uag_custom_page_level_css":"","footnotes":""},"class_list":["post-5349","page","type-page","status-publish","hentry"],"acf":{"photo_gallery":{"sliderbilder":[[{"id":5208,"title":"PraRoman_StefanieW\u00fcrsch","caption":"","full_image_url":"https:\/\/dev.preis-biodiversitaet.ch\/wp-content\/uploads\/2024\/10\/PraRoman_StefanieWuersch-scaled.jpg","thumbnail_image_url":"https:\/\/dev.preis-biodiversitaet.ch\/wp-content\/uploads\/2024\/10\/PraRoman_StefanieWuersch-150x150.jpg","large_srcset":"https:\/\/dev.preis-biodiversitaet.ch\/wp-content\/uploads\/2024\/10\/PraRoman_StefanieWuersch-1024x683.jpg 1024w, https:\/\/dev.preis-biodiversitaet.ch\/wp-content\/uploads\/2024\/10\/PraRoman_StefanieWuersch-300x200.jpg 300w, https:\/\/dev.preis-biodiversitaet.ch\/wp-content\/uploads\/2024\/10\/PraRoman_StefanieWuersch-768x512.jpg 768w, https:\/\/dev.preis-biodiversitaet.ch\/wp-content\/uploads\/2024\/10\/PraRoman_StefanieWuersch-1536x1024.jpg 1536w, https:\/\/dev.preis-biodiversitaet.ch\/wp-content\/uploads\/2024\/10\/PraRoman_StefanieWuersch-2048x1365.jpg 2048w","medium_srcset":"https:\/\/dev.preis-biodiversitaet.ch\/wp-content\/uploads\/2024\/10\/PraRoman_StefanieWuersch-300x200.jpg 300w, https:\/\/dev.preis-biodiversitaet.ch\/wp-content\/uploads\/2024\/10\/PraRoman_StefanieWuersch-1024x683.jpg 1024w, https:\/\/dev.preis-biodiversitaet.ch\/wp-content\/uploads\/2024\/10\/PraRoman_StefanieWuersch-768x512.jpg 768w, https:\/\/dev.preis-biodiversitaet.ch\/wp-content\/uploads\/2024\/10\/PraRoman_StefanieWuersch-1536x1024.jpg 1536w, https:\/\/dev.preis-biodiversitaet.ch\/wp-content\/uploads\/2024\/10\/PraRoman_StefanieWuersch-2048x1365.jpg 2048w","media_details":{"width":2560,"height":1707,"sizes":{"medium":{"file":"PraRoman_StefanieWuersch-300x200.jpg","width":300,"height":200,"mime-type":"image\/jpeg","filesize":48696,"source_url":"https:\/\/dev.preis-biodiversitaet.ch\/wp-content\/uploads\/2024\/10\/PraRoman_StefanieWuersch-300x200.jpg"},"large":{"file":"PraRoman_StefanieWuersch-1024x683.jpg","width":1024,"height":683,"mime-type":"image\/jpeg","filesize":213419,"source_url":"https:\/\/dev.preis-biodiversitaet.ch\/wp-content\/uploads\/2024\/10\/PraRoman_StefanieWuersch-1024x683.jpg"},"thumbnail":{"file":"PraRoman_StefanieWuersch-150x150.jpg","width":150,"height":150,"mime-type":"image\/jpeg","filesize":38113,"source_url":"https:\/\/dev.preis-biodiversitaet.ch\/wp-content\/uploads\/2024\/10\/PraRoman_StefanieWuersch-150x150.jpg"},"medium_large":{"file":"PraRoman_StefanieWuersch-768x512.jpg","width":768,"height":512,"mime-type":"image\/jpeg","filesize":137313,"source_url":"https:\/\/dev.preis-biodiversitaet.ch\/wp-content\/uploads\/2024\/10\/PraRoman_StefanieWuersch-768x512.jpg"},"1536x1536":{"file":"PraRoman_StefanieWuersch-1536x1024.jpg","width":1536,"height":1024,"mime-type":"image\/jpeg","filesize":408394,"source_url":"https:\/\/dev.preis-biodiversitaet.ch\/wp-content\/uploads\/2024\/10\/PraRoman_StefanieWuersch-1536x1024.jpg"},"2048x2048":{"file":"PraRoman_StefanieWuersch-2048x1365.jpg","width":2048,"height":1365,"mime-type":"image\/jpeg","filesize":659610,"source_url":"https:\/\/dev.preis-biodiversitaet.ch\/wp-content\/uploads\/2024\/10\/PraRoman_StefanieWuersch-2048x1365.jpg"}}},"alt_text":"Gartentreffen auf Pra Roman - Binding Preis f\u00fcr Biodiversit\u00e4t 2023","url":"","target":""}]]}},"uagb_featured_image_src":{"full":false,"thumbnail":false,"medium":false,"medium_large":false,"large":false,"1536x1536":false,"2048x2048":false,"gform-image-choice-sm":false,"gform-image-choice-md":false,"gform-image-choice-lg":false},"uagb_author_info":{"display_name":"Lena Wunderlin","author_link":"https:\/\/dev.preis-biodiversitaet.ch\/it\/author\/lena\/"},"uagb_comment_info":0,"uagb_excerpt":"Nel 2025 il Premio Binding per la biodiversit\u00e0 \u00e8 dedicato al tema della biodiversit\u00e0 e della salute. Stiamo cercando progetti [&hellip;]","_links":{"self":[{"href":"https:\/\/dev.preis-biodiversitaet.ch\/it\/wp-json\/wp\/v2\/pages\/5349","targetHints":{"allow":["GET"]}}],"collection":[{"href":"https:\/\/dev.preis-biodiversitaet.ch\/it\/wp-json\/wp\/v2\/pages"}],"about":[{"href":"https:\/\/dev.preis-biodiversitaet.ch\/it\/wp-json\/wp\/v2\/types\/page"}],"author":[{"embeddable":true,"href":"https:\/\/dev.preis-biodiversitaet.ch\/it\/wp-json\/wp\/v2\/users\/7"}],"replies":[{"embeddable":true,"href":"https:\/\/dev.preis-biodiversitaet.ch\/it\/wp-json\/wp\/v2\/comments?post=5349"}],"version-history":[{"count":5,"href":"https:\/\/dev.preis-biodiversitaet.ch\/it\/wp-json\/wp\/v2\/pages\/5349\/revisions"}],"predecessor-version":[{"id":5421,"href":"https:\/\/dev.preis-biodiversitaet.ch\/it\/wp-json\/wp\/v2\/pages\/5349\/revisions\/5421"}],"wp:attachment":[{"href":"https:\/\/dev.preis-biodiversitaet.ch\/it\/wp-json\/wp\/v2\/media?parent=5349"}],"curies":[{"name":"wp","href":"https:\/\/api.w.org\/{rel}","templated":true}]}}