{"id":4584,"date":"2024-06-12T23:16:11","date_gmt":"2024-06-12T21:16:11","guid":{"rendered":"https:\/\/www.preis-biodiversitaet.ch\/?page_id=4584"},"modified":"2024-06-12T23:26:19","modified_gmt":"2024-06-12T21:26:19","slug":"premio-binding-di-riconoscimento-2024","status":"publish","type":"page","link":"https:\/\/dev.preis-biodiversitaet.ch\/it\/premio-binding-di-riconoscimento-2024\/","title":{"rendered":"Premio Binding di riconoscimento 2024"},"content":{"rendered":"\n<h2 class=\"wp-block-heading\"><strong><strong>Il Comune di Reinach (BL) vince il Premio Binding di riconoscimento per la biodiversit\u00e0 2024 per il suo stagno naturale e ricreativo<\/strong><\/strong><\/h2>\n\n\n\n<div class=\"wp-block-columns is-layout-flex wp-container-core-columns-is-layout-9d6595d7 wp-block-columns-is-layout-flex\">\n<div class=\"wp-block-column is-layout-flow wp-block-column-is-layout-flow\">\n<p><strong><strong>Con il suo stagno naturale e ricreativo il Comune di Reinach ha creato sul fiume Birs un luogo ricreativo immerso nella natura, ecologicamente pregiato, variegato e molto ben frequentato. Il connubio tra spazio ricreativo vicino agli insediamenti e habitat naturali per la flora e la fauna \u00e8 stato attuato in modo esemplare. Per questo la giuria ha deciso di insignire il Comune di Reinach del Premio Binding di riconoscimento per la biodiversit\u00e0 2024.<\/strong><\/strong><\/p>\n<\/div>\n\n\n\n<div class=\"wp-block-column is-layout-flow wp-block-column-is-layout-flow\">\n<figure class=\"wp-block-embed is-type-video is-provider-youtube wp-block-embed-youtube wp-embed-aspect-16-9 wp-has-aspect-ratio\"><div class=\"wp-block-embed__wrapper\">\n<iframe loading=\"lazy\" title=\"Binding Anerkennungspreis f\u00fcr Biodiversit\u00e4t 2024\" width=\"768\" height=\"432\" src=\"https:\/\/www.youtube.com\/embed\/UE7Yz1SKuvM?feature=oembed\" frameborder=\"0\" allow=\"accelerometer; autoplay; clipboard-write; encrypted-media; gyroscope; picture-in-picture; web-share\" referrerpolicy=\"strict-origin-when-cross-origin\" allowfullscreen><\/iframe>\n<\/div><\/figure>\n<\/div>\n<\/div>\n\n\n\n<div class=\"wp-block-columns is-layout-flex wp-container-core-columns-is-layout-9d6595d7 wp-block-columns-is-layout-flex\">\n<div class=\"wp-block-column is-layout-flow wp-block-column-is-layout-flow\">\n<p>Lo stagno naturale e ricreativo di Reinach si trova tra la Birs e l\u2019autostrada: \u00e8 sia uno spazio ricreativo per le persone sia l\u2019ubicazione ideale per una flora e una fauna che dipendono dai corsi d\u2019acqua stagnanti. \u00c8 un progetto faro del \u00abPiano d\u2019azione paesaggio del parco della Birs\u00bb dell\u2019associazione <a href=\"https:\/\/birsstadt.swiss\/\" target=\"_blank\" rel=\"noopener\">Citt\u00e0 della Birs<\/a> e contribuisce all\u2019obiettivo di rafforzare gli spazi naturali per esperienze ricreative lungo il fiume Birs in tutti i Comuni.<\/p>\n\n\n\n<p><strong><strong>Tributo alle infrastrutture dello spazio insediativo<\/strong><\/strong><\/p>\n\n\n\n<p>L\u2019idilliaco stagno naturale e ricreativo di Reinach si trova a venti metri dall\u2019autostrada, nelle immediate vicinanze degli insediamenti e accanto a un impianto di depurazione dismesso. La vicinanza a tali infrastrutture \u00e8 stata presa in considerazione nel progetto: lo stagno ha forma quadrata, facendo capire subito che \u00e8 stato creato artificialmente. \u00c8 un tributo al luogo, creando per\u00f2 nel contempo anche un grande valore aggiunto per la natura. Grazie alla separazione spaziale dello stagno in una parte adibita alle attivit\u00e0 ricreative dei visitatori e in un settore riservato alla protezione della natura si rispettano tutte le esigenze.<\/p>\n\n\n\n<p><strong><strong>Luogo pregiato per l\u2019apprendimento e lo svago<\/strong><\/strong><\/p>\n\n\n\n<p>Lo stagno offre la possibilit\u00e0 di fare esperienze a contatto con la natura. I bambini possono osservare per la prima volta le rane, correre da un lato all\u2019altro dello stagno per guardare quello che altri bimbi hanno trovato o per vedere perch\u00e9 stanno esultando di gioia.<\/p>\n<\/div>\n\n\n\n<div class=\"wp-block-column is-layout-flow wp-block-column-is-layout-flow\">\n<p>Mentre gli adulti possono immergersi nella natura a due passi da dove abitano e sono caldamente invitati a utilizzare la \u201cloro\u201d met\u00e0 dello stagno per fare esperienze nella natura: possono anche camminare sulle rive dello stagno per viverla in presa diretta. A lato vi \u00e8 la parte protetta, deputata a luogo di ritiro e rigenerazione per animali e piante. Lo stagno pu\u00f2 svilupparsi liberamente: grazie ai diversi livelli dell\u2019acqua nascono habitat naturali di vario tipo per le pi\u00f9 disparate esigenze dei gruppi di fruitori. Le nuove popolazioni di animali e piante insediatisi nell\u2019acqua stagnante completano quelle del corso d\u2019acqua della Birs, valorizzando parecchio la biodiversit\u00e0. Cos\u00ec, in piccolo spazio \u00e8 disponibile un\u2019ampia gamma di habitat naturali diversi.<\/p>\n\n\n\n<p><strong><strong>Collaborazione tra societ\u00e0 civile, amministrazione e Citt\u00e0 della Birs<\/strong><\/strong><\/p>\n\n\n\n<p>Il merito del progetto va attribuito alla locale societ\u00e0 per la protezione della natura che, con una procedura di codecisione, ha proposto di creare in questo luogo uno stagno biodiverso. I lavori preliminari dell\u2019associazione hanno convinto il Comune. Oggi l\u2019amministrazione, molto impegnata, usa lo stagno anche come progetto esemplare per investitori privati e ditte. Infine, lanciando la forma dei partenariati territoriali, il Comune ha coinvolto anche tutte le persone motivate: fin dall\u2019inaugurazione numerosi volontari si adoperano in favore dello stagno e dei suoi valori naturalistici.<\/p>\n<\/div>\n<\/div>\n\n\n\n<div class=\"wp-block-columns is-layout-flex wp-container-core-columns-is-layout-9d6595d7 wp-block-columns-is-layout-flex\">\n<div class=\"wp-block-column is-layout-flow wp-block-column-is-layout-flow\">\n<h2 class=\"wp-block-heading\"><strong>Fotos<\/strong><\/h2>\n\n\n\n<p>Tutte le foto \u00a9 Stefanie W\u00fcrsch. Le didascalie sono disponibili <a href=\"https:\/\/www.preis-biodiversitaet.ch\/it\/per-i-media\/\">qui<\/a>.<\/p>\n\n\n\n<figure class=\"wp-block-gallery has-nested-images columns-3 is-cropped wp-block-gallery-1 is-layout-flex wp-block-gallery-is-layout-flex\">\n<figure class=\"wp-block-image size-large\"><img loading=\"lazy\" decoding=\"async\" width=\"1024\" height=\"767\" data-id=\"4547\" src=\"https:\/\/www.preis-biodiversitaet.ch\/wp-content\/uploads\/2024\/06\/Luftbild-StefanieWuersch-1024x767.jpg\" alt=\"\" class=\"wp-image-4547\" srcset=\"https:\/\/dev.preis-biodiversitaet.ch\/wp-content\/uploads\/2024\/06\/Luftbild-StefanieWuersch-1024x767.jpg 1024w, https:\/\/dev.preis-biodiversitaet.ch\/wp-content\/uploads\/2024\/06\/Luftbild-StefanieWuersch-300x225.jpg 300w, https:\/\/dev.preis-biodiversitaet.ch\/wp-content\/uploads\/2024\/06\/Luftbild-StefanieWuersch-768x575.jpg 768w, https:\/\/dev.preis-biodiversitaet.ch\/wp-content\/uploads\/2024\/06\/Luftbild-StefanieWuersch-1536x1150.jpg 1536w, https:\/\/dev.preis-biodiversitaet.ch\/wp-content\/uploads\/2024\/06\/Luftbild-StefanieWuersch-2048x1534.jpg 2048w\" sizes=\"auto, (max-width: 1024px) 100vw, 1024px\" \/><\/figure>\n\n\n\n<figure class=\"wp-block-image size-large\"><img loading=\"lazy\" decoding=\"async\" width=\"1024\" height=\"683\" data-id=\"4544\" src=\"https:\/\/www.preis-biodiversitaet.ch\/wp-content\/uploads\/2024\/06\/Lebensraum-StefanieWuersch-1024x683.jpg\" alt=\"\" class=\"wp-image-4544\" srcset=\"https:\/\/dev.preis-biodiversitaet.ch\/wp-content\/uploads\/2024\/06\/Lebensraum-StefanieWuersch-1024x683.jpg 1024w, https:\/\/dev.preis-biodiversitaet.ch\/wp-content\/uploads\/2024\/06\/Lebensraum-StefanieWuersch-300x200.jpg 300w, https:\/\/dev.preis-biodiversitaet.ch\/wp-content\/uploads\/2024\/06\/Lebensraum-StefanieWuersch-768x512.jpg 768w, https:\/\/dev.preis-biodiversitaet.ch\/wp-content\/uploads\/2024\/06\/Lebensraum-StefanieWuersch-1536x1024.jpg 1536w, https:\/\/dev.preis-biodiversitaet.ch\/wp-content\/uploads\/2024\/06\/Lebensraum-StefanieWuersch-2048x1365.jpg 2048w\" sizes=\"auto, (max-width: 1024px) 100vw, 1024px\" \/><\/figure>\n\n\n\n<figure class=\"wp-block-image size-large\"><img loading=\"lazy\" decoding=\"async\" width=\"1024\" height=\"683\" data-id=\"4556\" src=\"https:\/\/www.preis-biodiversitaet.ch\/wp-content\/uploads\/2024\/06\/Spielen-StefanieWuersch-1024x683.jpg\" alt=\"\" class=\"wp-image-4556\" srcset=\"https:\/\/dev.preis-biodiversitaet.ch\/wp-content\/uploads\/2024\/06\/Spielen-StefanieWuersch-1024x683.jpg 1024w, https:\/\/dev.preis-biodiversitaet.ch\/wp-content\/uploads\/2024\/06\/Spielen-StefanieWuersch-300x200.jpg 300w, https:\/\/dev.preis-biodiversitaet.ch\/wp-content\/uploads\/2024\/06\/Spielen-StefanieWuersch-768x512.jpg 768w, https:\/\/dev.preis-biodiversitaet.ch\/wp-content\/uploads\/2024\/06\/Spielen-StefanieWuersch-1536x1024.jpg 1536w, https:\/\/dev.preis-biodiversitaet.ch\/wp-content\/uploads\/2024\/06\/Spielen-StefanieWuersch-2048x1365.jpg 2048w\" sizes=\"auto, (max-width: 1024px) 100vw, 1024px\" \/><\/figure>\n\n\n\n<figure class=\"wp-block-image size-large\"><img loading=\"lazy\" decoding=\"async\" width=\"1024\" height=\"683\" data-id=\"4538\" src=\"https:\/\/www.preis-biodiversitaet.ch\/wp-content\/uploads\/2024\/06\/Enten-StefanieWuersch-1024x683.jpg\" alt=\"\" class=\"wp-image-4538\" srcset=\"https:\/\/dev.preis-biodiversitaet.ch\/wp-content\/uploads\/2024\/06\/Enten-StefanieWuersch-1024x683.jpg 1024w, https:\/\/dev.preis-biodiversitaet.ch\/wp-content\/uploads\/2024\/06\/Enten-StefanieWuersch-300x200.jpg 300w, https:\/\/dev.preis-biodiversitaet.ch\/wp-content\/uploads\/2024\/06\/Enten-StefanieWuersch-768x512.jpg 768w, https:\/\/dev.preis-biodiversitaet.ch\/wp-content\/uploads\/2024\/06\/Enten-StefanieWuersch-1536x1024.jpg 1536w, https:\/\/dev.preis-biodiversitaet.ch\/wp-content\/uploads\/2024\/06\/Enten-StefanieWuersch-2048x1365.jpg 2048w\" sizes=\"auto, (max-width: 1024px) 100vw, 1024px\" \/><\/figure>\n\n\n\n<figure class=\"wp-block-image size-large\"><img loading=\"lazy\" decoding=\"async\" width=\"1024\" height=\"683\" data-id=\"4553\" src=\"https:\/\/www.preis-biodiversitaet.ch\/wp-content\/uploads\/2024\/06\/Naturschutz-StefanieWuersch-1024x683.jpg\" alt=\"\" class=\"wp-image-4553\" srcset=\"https:\/\/dev.preis-biodiversitaet.ch\/wp-content\/uploads\/2024\/06\/Naturschutz-StefanieWuersch-1024x683.jpg 1024w, https:\/\/dev.preis-biodiversitaet.ch\/wp-content\/uploads\/2024\/06\/Naturschutz-StefanieWuersch-300x200.jpg 300w, https:\/\/dev.preis-biodiversitaet.ch\/wp-content\/uploads\/2024\/06\/Naturschutz-StefanieWuersch-768x512.jpg 768w, https:\/\/dev.preis-biodiversitaet.ch\/wp-content\/uploads\/2024\/06\/Naturschutz-StefanieWuersch-1536x1024.jpg 1536w, https:\/\/dev.preis-biodiversitaet.ch\/wp-content\/uploads\/2024\/06\/Naturschutz-StefanieWuersch-2048x1365.jpg 2048w\" sizes=\"auto, (max-width: 1024px) 100vw, 1024px\" \/><\/figure>\n\n\n\n<figure class=\"wp-block-image size-large\"><img loading=\"lazy\" decoding=\"async\" width=\"1024\" height=\"683\" data-id=\"4541\" src=\"https:\/\/www.preis-biodiversitaet.ch\/wp-content\/uploads\/2024\/06\/Geometrie-StefanieWuersch-1024x683.jpg\" alt=\"\" class=\"wp-image-4541\" srcset=\"https:\/\/dev.preis-biodiversitaet.ch\/wp-content\/uploads\/2024\/06\/Geometrie-StefanieWuersch-1024x683.jpg 1024w, https:\/\/dev.preis-biodiversitaet.ch\/wp-content\/uploads\/2024\/06\/Geometrie-StefanieWuersch-300x200.jpg 300w, https:\/\/dev.preis-biodiversitaet.ch\/wp-content\/uploads\/2024\/06\/Geometrie-StefanieWuersch-768x512.jpg 768w, https:\/\/dev.preis-biodiversitaet.ch\/wp-content\/uploads\/2024\/06\/Geometrie-StefanieWuersch-1536x1024.jpg 1536w, https:\/\/dev.preis-biodiversitaet.ch\/wp-content\/uploads\/2024\/06\/Geometrie-StefanieWuersch-2048x1365.jpg 2048w\" sizes=\"auto, (max-width: 1024px) 100vw, 1024px\" \/><\/figure>\n<\/figure>\n<\/div>\n<\/div>\n\n\n\n<p><a href=\"https:\/\/www.preis-biodiversitaet.ch\/wp-content\/uploads\/2024\/06\/Premio_Binding_Comunicato-stampa_13_6_2024.docx\" target=\"_blank\" rel=\"noreferrer noopener\">Comunicato stampa 13.6.2024<\/a><\/p>\n","protected":false},"excerpt":{"rendered":"<p>Il Comune di Reinach (BL) vince il Premio Binding di riconoscimento per la biodiversit\u00e0 2024 per il suo stagno naturale [&hellip;]<\/p>\n","protected":false},"author":7,"featured_media":0,"parent":0,"menu_order":0,"comment_status":"closed","ping_status":"closed","template":"","meta":{"_acf_changed":false,"_uag_custom_page_level_css":"","footnotes":""},"class_list":["post-4584","page","type-page","status-publish","hentry"],"acf":{"photo_gallery":{"sliderbilder":[[{"id":4579,"title":"DJI_0207","caption":"","full_image_url":"https:\/\/dev.preis-biodiversitaet.ch\/wp-content\/uploads\/2024\/06\/DJI_0207-scaled.jpg","thumbnail_image_url":"https:\/\/dev.preis-biodiversitaet.ch\/wp-content\/uploads\/2024\/06\/DJI_0207-150x150.jpg","large_srcset":"https:\/\/dev.preis-biodiversitaet.ch\/wp-content\/uploads\/2024\/06\/DJI_0207-1024x767.jpg 1024w, https:\/\/dev.preis-biodiversitaet.ch\/wp-content\/uploads\/2024\/06\/DJI_0207-300x225.jpg 300w, https:\/\/dev.preis-biodiversitaet.ch\/wp-content\/uploads\/2024\/06\/DJI_0207-768x575.jpg 768w, https:\/\/dev.preis-biodiversitaet.ch\/wp-content\/uploads\/2024\/06\/DJI_0207-1536x1150.jpg 1536w, https:\/\/dev.preis-biodiversitaet.ch\/wp-content\/uploads\/2024\/06\/DJI_0207-2048x1534.jpg 2048w","medium_srcset":"https:\/\/dev.preis-biodiversitaet.ch\/wp-content\/uploads\/2024\/06\/DJI_0207-300x225.jpg 300w, https:\/\/dev.preis-biodiversitaet.ch\/wp-content\/uploads\/2024\/06\/DJI_0207-1024x767.jpg 1024w, https:\/\/dev.preis-biodiversitaet.ch\/wp-content\/uploads\/2024\/06\/DJI_0207-768x575.jpg 768w, https:\/\/dev.preis-biodiversitaet.ch\/wp-content\/uploads\/2024\/06\/DJI_0207-1536x1150.jpg 1536w, https:\/\/dev.preis-biodiversitaet.ch\/wp-content\/uploads\/2024\/06\/DJI_0207-2048x1534.jpg 2048w","media_details":{"width":2560,"height":1917,"sizes":{"medium":{"file":"DJI_0207-300x225.jpg","width":300,"height":225,"mime-type":"image\/jpeg","filesize":55894,"source_url":"https:\/\/dev.preis-biodiversitaet.ch\/wp-content\/uploads\/2024\/06\/DJI_0207-300x225.jpg"},"large":{"file":"DJI_0207-1024x767.jpg","width":1024,"height":767,"mime-type":"image\/jpeg","filesize":257788,"source_url":"https:\/\/dev.preis-biodiversitaet.ch\/wp-content\/uploads\/2024\/06\/DJI_0207-1024x767.jpg"},"thumbnail":{"file":"DJI_0207-150x150.jpg","width":150,"height":150,"mime-type":"image\/jpeg","filesize":42065,"source_url":"https:\/\/dev.preis-biodiversitaet.ch\/wp-content\/uploads\/2024\/06\/DJI_0207-150x150.jpg"},"medium_large":{"file":"DJI_0207-768x575.jpg","width":768,"height":575,"mime-type":"image\/jpeg","filesize":161434,"source_url":"https:\/\/dev.preis-biodiversitaet.ch\/wp-content\/uploads\/2024\/06\/DJI_0207-768x575.jpg"},"1536x1536":{"file":"DJI_0207-1536x1150.jpg","width":1536,"height":1150,"mime-type":"image\/jpeg","filesize":534190,"source_url":"https:\/\/dev.preis-biodiversitaet.ch\/wp-content\/uploads\/2024\/06\/DJI_0207-1536x1150.jpg"},"2048x2048":{"file":"DJI_0207-2048x1534.jpg","width":2048,"height":1534,"mime-type":"image\/jpeg","filesize":922267,"source_url":"https:\/\/dev.preis-biodiversitaet.ch\/wp-content\/uploads\/2024\/06\/DJI_0207-2048x1534.jpg"}}},"alt_text":"Luftbild des Natur- und Erlebnisweiher Reinach BL - Binding Anerkennungspreis 2024","url":"","target":""},{"id":4558,"title":"Spielen-StefanieW\u00fcrsch","caption":"","full_image_url":"https:\/\/dev.preis-biodiversitaet.ch\/wp-content\/uploads\/2024\/06\/Spielen-StefanieWuersch-scaled.jpg","thumbnail_image_url":"https:\/\/dev.preis-biodiversitaet.ch\/wp-content\/uploads\/2024\/06\/Spielen-StefanieWuersch-150x150.jpg","large_srcset":"https:\/\/dev.preis-biodiversitaet.ch\/wp-content\/uploads\/2024\/06\/Spielen-StefanieWuersch-1024x683.jpg 1024w, https:\/\/dev.preis-biodiversitaet.ch\/wp-content\/uploads\/2024\/06\/Spielen-StefanieWuersch-300x200.jpg 300w, https:\/\/dev.preis-biodiversitaet.ch\/wp-content\/uploads\/2024\/06\/Spielen-StefanieWuersch-768x512.jpg 768w, https:\/\/dev.preis-biodiversitaet.ch\/wp-content\/uploads\/2024\/06\/Spielen-StefanieWuersch-1536x1024.jpg 1536w, https:\/\/dev.preis-biodiversitaet.ch\/wp-content\/uploads\/2024\/06\/Spielen-StefanieWuersch-2048x1365.jpg 2048w","medium_srcset":"https:\/\/dev.preis-biodiversitaet.ch\/wp-content\/uploads\/2024\/06\/Spielen-StefanieWuersch-300x200.jpg 300w, https:\/\/dev.preis-biodiversitaet.ch\/wp-content\/uploads\/2024\/06\/Spielen-StefanieWuersch-1024x683.jpg 1024w, https:\/\/dev.preis-biodiversitaet.ch\/wp-content\/uploads\/2024\/06\/Spielen-StefanieWuersch-768x512.jpg 768w, https:\/\/dev.preis-biodiversitaet.ch\/wp-content\/uploads\/2024\/06\/Spielen-StefanieWuersch-1536x1024.jpg 1536w, https:\/\/dev.preis-biodiversitaet.ch\/wp-content\/uploads\/2024\/06\/Spielen-StefanieWuersch-2048x1365.jpg 2048w","media_details":{"width":2560,"height":1707,"sizes":{"medium":{"file":"Spielen-StefanieWuersch-300x200.jpg","width":300,"height":200,"mime-type":"image\/jpeg","filesize":58367,"source_url":"https:\/\/dev.preis-biodiversitaet.ch\/wp-content\/uploads\/2024\/06\/Spielen-StefanieWuersch-300x200.jpg"},"large":{"file":"Spielen-StefanieWuersch-1024x683.jpg","width":1024,"height":683,"mime-type":"image\/jpeg","filesize":276343,"source_url":"https:\/\/dev.preis-biodiversitaet.ch\/wp-content\/uploads\/2024\/06\/Spielen-StefanieWuersch-1024x683.jpg"},"thumbnail":{"file":"Spielen-StefanieWuersch-150x150.jpg","width":150,"height":150,"mime-type":"image\/jpeg","filesize":44282,"source_url":"https:\/\/dev.preis-biodiversitaet.ch\/wp-content\/uploads\/2024\/06\/Spielen-StefanieWuersch-150x150.jpg"},"medium_large":{"file":"Spielen-StefanieWuersch-768x512.jpg","width":768,"height":512,"mime-type":"image\/jpeg","filesize":175447,"source_url":"https:\/\/dev.preis-biodiversitaet.ch\/wp-content\/uploads\/2024\/06\/Spielen-StefanieWuersch-768x512.jpg"},"1536x1536":{"file":"Spielen-StefanieWuersch-1536x1024.jpg","width":1536,"height":1024,"mime-type":"image\/jpeg","filesize":535609,"source_url":"https:\/\/dev.preis-biodiversitaet.ch\/wp-content\/uploads\/2024\/06\/Spielen-StefanieWuersch-1536x1024.jpg"},"2048x2048":{"file":"Spielen-StefanieWuersch-2048x1365.jpg","width":2048,"height":1365,"mime-type":"image\/jpeg","filesize":862800,"source_url":"https:\/\/dev.preis-biodiversitaet.ch\/wp-content\/uploads\/2024\/06\/Spielen-StefanieWuersch-2048x1365.jpg"}}},"alt_text":"Der Natur- und Erlebnisweiher Reinach l\u00e4dt zum Spielen und Entdecken der Natur ein. - Binding Anerkennungspreis f\u00fcr Biodiversit\u00e4t 2024","url":"","target":""},{"id":4582,"title":"DSC09001","caption":"","full_image_url":"https:\/\/dev.preis-biodiversitaet.ch\/wp-content\/uploads\/2024\/06\/DSC09001-scaled.jpg","thumbnail_image_url":"https:\/\/dev.preis-biodiversitaet.ch\/wp-content\/uploads\/2024\/06\/DSC09001-150x150.jpg","large_srcset":"https:\/\/dev.preis-biodiversitaet.ch\/wp-content\/uploads\/2024\/06\/DSC09001-1024x683.jpg 1024w, https:\/\/dev.preis-biodiversitaet.ch\/wp-content\/uploads\/2024\/06\/DSC09001-300x200.jpg 300w, https:\/\/dev.preis-biodiversitaet.ch\/wp-content\/uploads\/2024\/06\/DSC09001-768x512.jpg 768w, https:\/\/dev.preis-biodiversitaet.ch\/wp-content\/uploads\/2024\/06\/DSC09001-1536x1024.jpg 1536w, https:\/\/dev.preis-biodiversitaet.ch\/wp-content\/uploads\/2024\/06\/DSC09001-2048x1365.jpg 2048w","medium_srcset":"https:\/\/dev.preis-biodiversitaet.ch\/wp-content\/uploads\/2024\/06\/DSC09001-300x200.jpg 300w, https:\/\/dev.preis-biodiversitaet.ch\/wp-content\/uploads\/2024\/06\/DSC09001-1024x683.jpg 1024w, https:\/\/dev.preis-biodiversitaet.ch\/wp-content\/uploads\/2024\/06\/DSC09001-768x512.jpg 768w, https:\/\/dev.preis-biodiversitaet.ch\/wp-content\/uploads\/2024\/06\/DSC09001-1536x1024.jpg 1536w, https:\/\/dev.preis-biodiversitaet.ch\/wp-content\/uploads\/2024\/06\/DSC09001-2048x1365.jpg 2048w","media_details":{"width":2560,"height":1707,"sizes":{"medium":{"file":"DSC09001-300x200.jpg","width":300,"height":200,"mime-type":"image\/jpeg","filesize":52251,"source_url":"https:\/\/dev.preis-biodiversitaet.ch\/wp-content\/uploads\/2024\/06\/DSC09001-300x200.jpg"},"large":{"file":"DSC09001-1024x683.jpg","width":1024,"height":683,"mime-type":"image\/jpeg","filesize":250365,"source_url":"https:\/\/dev.preis-biodiversitaet.ch\/wp-content\/uploads\/2024\/06\/DSC09001-1024x683.jpg"},"thumbnail":{"file":"DSC09001-150x150.jpg","width":150,"height":150,"mime-type":"image\/jpeg","filesize":40526,"source_url":"https:\/\/dev.preis-biodiversitaet.ch\/wp-content\/uploads\/2024\/06\/DSC09001-150x150.jpg"},"medium_large":{"file":"DSC09001-768x512.jpg","width":768,"height":512,"mime-type":"image\/jpeg","filesize":155544,"source_url":"https:\/\/dev.preis-biodiversitaet.ch\/wp-content\/uploads\/2024\/06\/DSC09001-768x512.jpg"},"1536x1536":{"file":"DSC09001-1536x1024.jpg","width":1536,"height":1024,"mime-type":"image\/jpeg","filesize":508717,"source_url":"https:\/\/dev.preis-biodiversitaet.ch\/wp-content\/uploads\/2024\/06\/DSC09001-1536x1024.jpg"},"2048x2048":{"file":"DSC09001-2048x1365.jpg","width":2048,"height":1365,"mime-type":"image\/jpeg","filesize":848024,"source_url":"https:\/\/dev.preis-biodiversitaet.ch\/wp-content\/uploads\/2024\/06\/DSC09001-2048x1365.jpg"}}},"alt_text":"Natur- und Erlebnisweiher Reinach - Binding Anerkennungspreis f\u00fcr Biodiversit\u00e4t 2024","url":"","target":""}]]}},"uagb_featured_image_src":{"full":false,"thumbnail":false,"medium":false,"medium_large":false,"large":false,"1536x1536":false,"2048x2048":false,"gform-image-choice-sm":false,"gform-image-choice-md":false,"gform-image-choice-lg":false},"uagb_author_info":{"display_name":"Lena Wunderlin","author_link":"https:\/\/dev.preis-biodiversitaet.ch\/it\/author\/lena\/"},"uagb_comment_info":0,"uagb_excerpt":"Il Comune di Reinach (BL) vince il Premio Binding di riconoscimento per la biodiversit\u00e0 2024 per il suo stagno naturale [&hellip;]","_links":{"self":[{"href":"https:\/\/dev.preis-biodiversitaet.ch\/it\/wp-json\/wp\/v2\/pages\/4584","targetHints":{"allow":["GET"]}}],"collection":[{"href":"https:\/\/dev.preis-biodiversitaet.ch\/it\/wp-json\/wp\/v2\/pages"}],"about":[{"href":"https:\/\/dev.preis-biodiversitaet.ch\/it\/wp-json\/wp\/v2\/types\/page"}],"author":[{"embeddable":true,"href":"https:\/\/dev.preis-biodiversitaet.ch\/it\/wp-json\/wp\/v2\/users\/7"}],"replies":[{"embeddable":true,"href":"https:\/\/dev.preis-biodiversitaet.ch\/it\/wp-json\/wp\/v2\/comments?post=4584"}],"version-history":[{"count":7,"href":"https:\/\/dev.preis-biodiversitaet.ch\/it\/wp-json\/wp\/v2\/pages\/4584\/revisions"}],"predecessor-version":[{"id":4772,"href":"https:\/\/dev.preis-biodiversitaet.ch\/it\/wp-json\/wp\/v2\/pages\/4584\/revisions\/4772"}],"wp:attachment":[{"href":"https:\/\/dev.preis-biodiversitaet.ch\/it\/wp-json\/wp\/v2\/media?parent=4584"}],"curies":[{"name":"wp","href":"https:\/\/api.w.org\/{rel}","templated":true}]}}