{"id":3601,"date":"2023-06-06T07:39:17","date_gmt":"2023-06-06T05:39:17","guid":{"rendered":"https:\/\/www.preis-biodiversitaet.ch\/?page_id=3601"},"modified":"2025-01-07T13:29:18","modified_gmt":"2025-01-07T12:29:18","slug":"premio-binding-di-riconoscimento-2023","status":"publish","type":"page","link":"https:\/\/dev.preis-biodiversitaet.ch\/it\/premio-binding-di-riconoscimento-2023\/","title":{"rendered":"Premio Binding di riconoscimento 2023"},"content":{"rendered":"\n<h2 class=\"wp-block-heading\">Il Premio Binding di riconoscimento per la biodiversit\u00e0 2023 va al Areal Bach di San Gallo<\/h2>\n\n\n\n<div class=\"wp-block-columns is-layout-flex wp-container-core-columns-is-layout-9d6595d7 wp-block-columns-is-layout-flex\">\n<div class=\"wp-block-column is-layout-flow wp-block-column-is-layout-flow\">\n<p>Oltre al premio principale, la Fondazione assegna un premio di riconoscimento di 25&#8217;000 franchi per i siti pi\u00f9 piccoli. L&#8217;Areal Bach, un sito a uso temporaneo vicino alla stazione ferroviaria di St. Fiden a San Gallo, riceve questo premio perch\u00e9 dimostra in modo impressionante il potenziale delle numerose aree abbandonate delle citt\u00e0. Con la sua perseveranza e il suo impegno, l&#8217;associazione Areal Bach ha superato le opposizioni, ha colto l&#8217;opportunit\u00e0 e, insieme alla popolazione, ha riqualificato sul piano ecologico le aree e ha dato loro nuova vita con idee creative. L&#8217;associazione \u00e8 riuscita a coinvolgere tanti attori per realizzare un progetto collaborativo e multiforme. Da un luogo anonimo \u00e8 stata creata un&#8217;oasi verde temporanea, che pu\u00f2 porre le basi per la biodiversit\u00e0 e la qualit\u00e0 del soggiorno per la pianificazione di un futuro sviluppo dell&#8217;area.<\/p>\n<\/div>\n\n\n\n<div class=\"wp-block-column is-layout-flow wp-block-column-is-layout-flow\">\n<figure class=\"wp-block-embed is-type-video is-provider-youtube wp-block-embed-youtube wp-embed-aspect-16-9 wp-has-aspect-ratio\"><div class=\"wp-block-embed__wrapper\">\n<iframe loading=\"lazy\" title=\"Binding Anerkennungspreis f\u00fcr Biodiversit\u00e4t 2023 - Areal Bach\" width=\"768\" height=\"432\" src=\"https:\/\/www.youtube.com\/embed\/CbMmrwW2HwA?feature=oembed\" frameborder=\"0\" allow=\"accelerometer; autoplay; clipboard-write; encrypted-media; gyroscope; picture-in-picture; web-share\" referrerpolicy=\"strict-origin-when-cross-origin\" allowfullscreen><\/iframe>\n<\/div><\/figure>\n<\/div>\n<\/div>\n\n\n\n<p><a href=\"https:\/\/www.preis-biodiversitaet.ch\/wp-content\/uploads\/2023\/06\/Premio_Binding_Comunicato-stampa_6_6_2023.pdf\" target=\"_blank\" rel=\"noopener\" title=\"Premio_Binding_Comunicato stampa_6_6_2023\">Comunicato stampa 6.6.2023<\/a><\/p>\n\n\n\n<div style=\"height:67px\" aria-hidden=\"true\" class=\"wp-block-spacer\"><\/div>\n\n\n\n<h2 class=\"wp-block-heading\">Foto Premiato 2023<\/h2>\n\n\n\n<figure class=\"wp-block-gallery has-nested-images columns-default is-cropped wp-block-gallery-1 is-layout-flex wp-block-gallery-is-layout-flex\">\n<figure class=\"wp-block-image size-large\"><img loading=\"lazy\" decoding=\"async\" width=\"1024\" height=\"683\" data-id=\"3527\" src=\"https:\/\/www.preis-biodiversitaet.ch\/wp-content\/uploads\/2023\/06\/ArealBach_Wasser-1024x683.jpg\" alt=\"\" class=\"wp-image-3527\" srcset=\"https:\/\/dev.preis-biodiversitaet.ch\/wp-content\/uploads\/2023\/06\/ArealBach_Wasser-1024x683.jpg 1024w, https:\/\/dev.preis-biodiversitaet.ch\/wp-content\/uploads\/2023\/06\/ArealBach_Wasser-300x200.jpg 300w, https:\/\/dev.preis-biodiversitaet.ch\/wp-content\/uploads\/2023\/06\/ArealBach_Wasser-768x512.jpg 768w, https:\/\/dev.preis-biodiversitaet.ch\/wp-content\/uploads\/2023\/06\/ArealBach_Wasser-1536x1024.jpg 1536w, https:\/\/dev.preis-biodiversitaet.ch\/wp-content\/uploads\/2023\/06\/ArealBach_Wasser-2048x1365.jpg 2048w\" sizes=\"auto, (max-width: 1024px) 100vw, 1024px\" \/><figcaption class=\"wp-element-caption\">(Foto \u00a9 Stefanie W\u00fcrsch)<\/figcaption><\/figure>\n\n\n\n<figure class=\"wp-block-image size-large\"><img loading=\"lazy\" decoding=\"async\" width=\"1024\" height=\"683\" data-id=\"3521\" src=\"https:\/\/www.preis-biodiversitaet.ch\/wp-content\/uploads\/2023\/06\/ArealBach_Buvette-1024x683.jpg\" alt=\"\" class=\"wp-image-3521\" srcset=\"https:\/\/dev.preis-biodiversitaet.ch\/wp-content\/uploads\/2023\/06\/ArealBach_Buvette-1024x683.jpg 1024w, https:\/\/dev.preis-biodiversitaet.ch\/wp-content\/uploads\/2023\/06\/ArealBach_Buvette-300x200.jpg 300w, https:\/\/dev.preis-biodiversitaet.ch\/wp-content\/uploads\/2023\/06\/ArealBach_Buvette-768x512.jpg 768w, https:\/\/dev.preis-biodiversitaet.ch\/wp-content\/uploads\/2023\/06\/ArealBach_Buvette-1536x1024.jpg 1536w, https:\/\/dev.preis-biodiversitaet.ch\/wp-content\/uploads\/2023\/06\/ArealBach_Buvette-2048x1365.jpg 2048w\" sizes=\"auto, (max-width: 1024px) 100vw, 1024px\" \/><figcaption class=\"wp-element-caption\">(Foto \u00a9 Stefanie W\u00fcrsch)<\/figcaption><\/figure>\n\n\n\n<figure class=\"wp-block-image size-large\"><img loading=\"lazy\" decoding=\"async\" width=\"1024\" height=\"683\" data-id=\"3515\" src=\"https:\/\/www.preis-biodiversitaet.ch\/wp-content\/uploads\/2023\/06\/ArealBach_Barfussweg-1024x683.jpg\" alt=\"\" class=\"wp-image-3515\" srcset=\"https:\/\/dev.preis-biodiversitaet.ch\/wp-content\/uploads\/2023\/06\/ArealBach_Barfussweg-1024x683.jpg 1024w, https:\/\/dev.preis-biodiversitaet.ch\/wp-content\/uploads\/2023\/06\/ArealBach_Barfussweg-300x200.jpg 300w, https:\/\/dev.preis-biodiversitaet.ch\/wp-content\/uploads\/2023\/06\/ArealBach_Barfussweg-768x512.jpg 768w, https:\/\/dev.preis-biodiversitaet.ch\/wp-content\/uploads\/2023\/06\/ArealBach_Barfussweg-1536x1024.jpg 1536w, https:\/\/dev.preis-biodiversitaet.ch\/wp-content\/uploads\/2023\/06\/ArealBach_Barfussweg-2048x1365.jpg 2048w\" sizes=\"auto, (max-width: 1024px) 100vw, 1024px\" \/><figcaption class=\"wp-element-caption\">(Foto \u00a9 Stefanie W\u00fcrsch)<\/figcaption><\/figure>\n\n\n\n<figure class=\"wp-block-image size-large\"><img loading=\"lazy\" decoding=\"async\" width=\"1024\" height=\"683\" data-id=\"3524\" src=\"https:\/\/www.preis-biodiversitaet.ch\/wp-content\/uploads\/2023\/06\/ArealBach_Hochbeete-1024x683.jpg\" alt=\"\" class=\"wp-image-3524\" srcset=\"https:\/\/dev.preis-biodiversitaet.ch\/wp-content\/uploads\/2023\/06\/ArealBach_Hochbeete-1024x683.jpg 1024w, https:\/\/dev.preis-biodiversitaet.ch\/wp-content\/uploads\/2023\/06\/ArealBach_Hochbeete-300x200.jpg 300w, https:\/\/dev.preis-biodiversitaet.ch\/wp-content\/uploads\/2023\/06\/ArealBach_Hochbeete-768x512.jpg 768w, https:\/\/dev.preis-biodiversitaet.ch\/wp-content\/uploads\/2023\/06\/ArealBach_Hochbeete-1536x1024.jpg 1536w, https:\/\/dev.preis-biodiversitaet.ch\/wp-content\/uploads\/2023\/06\/ArealBach_Hochbeete-2048x1365.jpg 2048w\" sizes=\"auto, (max-width: 1024px) 100vw, 1024px\" \/><figcaption class=\"wp-element-caption\">(Foto \u00a9 Stefanie W\u00fcrsch)<\/figcaption><\/figure>\n\n\n\n<figure class=\"wp-block-image size-large\"><img loading=\"lazy\" decoding=\"async\" width=\"1024\" height=\"683\" data-id=\"3518\" src=\"https:\/\/www.preis-biodiversitaet.ch\/wp-content\/uploads\/2023\/06\/ArealBach_BioTerraGarten-1024x683.jpg\" alt=\"\" class=\"wp-image-3518\" srcset=\"https:\/\/dev.preis-biodiversitaet.ch\/wp-content\/uploads\/2023\/06\/ArealBach_BioTerraGarten-1024x683.jpg 1024w, https:\/\/dev.preis-biodiversitaet.ch\/wp-content\/uploads\/2023\/06\/ArealBach_BioTerraGarten-300x200.jpg 300w, https:\/\/dev.preis-biodiversitaet.ch\/wp-content\/uploads\/2023\/06\/ArealBach_BioTerraGarten-768x512.jpg 768w, https:\/\/dev.preis-biodiversitaet.ch\/wp-content\/uploads\/2023\/06\/ArealBach_BioTerraGarten-1536x1024.jpg 1536w, https:\/\/dev.preis-biodiversitaet.ch\/wp-content\/uploads\/2023\/06\/ArealBach_BioTerraGarten-2048x1365.jpg 2048w\" sizes=\"auto, (max-width: 1024px) 100vw, 1024px\" \/><figcaption class=\"wp-element-caption\">(Foto \u00a9 Stefanie W\u00fcrsch)<\/figcaption><\/figure>\n<\/figure>\n\n\n\n<p><\/p>\n\n\n\n<h2 class=\"wp-block-heading\">Sviluppo del Areal Bach 2024\/2025<\/h2>\n\n\n\n<p>Con il montepremi del Premio Binding di riconoscimento per la biodiversit\u00e0 2023 e altre collaborazioni di finanziamento, l\u2019associazione Areal Bach ha affrontato l\u2019espansione dell\u2019area. \u00c8 stata liberata un\u2019area di circa 2\u2019500m2, sono stati piantati alberi e arbusti ed \u00e8 stata creata un\u2019altra preziosa area ricreativa. Gli alberi e arbusti sono stati presi in consegna dalla \u201cG\u00e4rtnerei\u201d ad uso temporaneo di Altst\u00e4tten, cos\u00ec come due container per le infrastrutture sanitarie e un centro per le famiglie. Il Areal Bach vive e si sta sviluppando!<\/p>\n\n\n\n<h2 class=\"wp-block-heading\">Foto di disincrostazione e piantumazione 2024<\/h2>\n\n\n\n<figure class=\"wp-block-gallery has-nested-images columns-default is-cropped wp-block-gallery-2 is-layout-flex wp-block-gallery-is-layout-flex\">\n<figure class=\"wp-block-image size-large\"><img loading=\"lazy\" decoding=\"async\" width=\"1024\" height=\"678\" data-id=\"5307\" src=\"https:\/\/www.preis-biodiversitaet.ch\/wp-content\/uploads\/2025\/01\/DSC_1315-1024x678.jpg\" alt=\"\" class=\"wp-image-5307\" srcset=\"https:\/\/dev.preis-biodiversitaet.ch\/wp-content\/uploads\/2025\/01\/DSC_1315-1024x678.jpg 1024w, https:\/\/dev.preis-biodiversitaet.ch\/wp-content\/uploads\/2025\/01\/DSC_1315-300x199.jpg 300w, https:\/\/dev.preis-biodiversitaet.ch\/wp-content\/uploads\/2025\/01\/DSC_1315-768x509.jpg 768w, https:\/\/dev.preis-biodiversitaet.ch\/wp-content\/uploads\/2025\/01\/DSC_1315-1536x1017.jpg 1536w, https:\/\/dev.preis-biodiversitaet.ch\/wp-content\/uploads\/2025\/01\/DSC_1315-2048x1356.jpg 2048w\" sizes=\"auto, (max-width: 1024px) 100vw, 1024px\" \/><figcaption class=\"wp-element-caption\">Foto \u00a9 Plan Biodivers<\/figcaption><\/figure>\n\n\n\n<figure class=\"wp-block-image size-large\"><img loading=\"lazy\" decoding=\"async\" width=\"1024\" height=\"683\" data-id=\"5310\" src=\"https:\/\/www.preis-biodiversitaet.ch\/wp-content\/uploads\/2025\/01\/DSC07815-1024x683.jpg\" alt=\"\" class=\"wp-image-5310\" srcset=\"https:\/\/dev.preis-biodiversitaet.ch\/wp-content\/uploads\/2025\/01\/DSC07815-1024x683.jpg 1024w, https:\/\/dev.preis-biodiversitaet.ch\/wp-content\/uploads\/2025\/01\/DSC07815-300x200.jpg 300w, https:\/\/dev.preis-biodiversitaet.ch\/wp-content\/uploads\/2025\/01\/DSC07815-768x512.jpg 768w, https:\/\/dev.preis-biodiversitaet.ch\/wp-content\/uploads\/2025\/01\/DSC07815-1536x1024.jpg 1536w, https:\/\/dev.preis-biodiversitaet.ch\/wp-content\/uploads\/2025\/01\/DSC07815-2048x1365.jpg 2048w\" sizes=\"auto, (max-width: 1024px) 100vw, 1024px\" \/><figcaption class=\"wp-element-caption\">Foto \u00a9 Plan Biodivers<\/figcaption><\/figure>\n\n\n\n<figure class=\"wp-block-image size-large\"><img loading=\"lazy\" decoding=\"async\" width=\"1024\" height=\"678\" data-id=\"5313\" src=\"https:\/\/www.preis-biodiversitaet.ch\/wp-content\/uploads\/2025\/01\/DSC_1328-1024x678.jpg\" alt=\"\" class=\"wp-image-5313\" srcset=\"https:\/\/dev.preis-biodiversitaet.ch\/wp-content\/uploads\/2025\/01\/DSC_1328-1024x678.jpg 1024w, https:\/\/dev.preis-biodiversitaet.ch\/wp-content\/uploads\/2025\/01\/DSC_1328-300x199.jpg 300w, https:\/\/dev.preis-biodiversitaet.ch\/wp-content\/uploads\/2025\/01\/DSC_1328-768x509.jpg 768w, https:\/\/dev.preis-biodiversitaet.ch\/wp-content\/uploads\/2025\/01\/DSC_1328-1536x1017.jpg 1536w, https:\/\/dev.preis-biodiversitaet.ch\/wp-content\/uploads\/2025\/01\/DSC_1328-2048x1356.jpg 2048w\" sizes=\"auto, (max-width: 1024px) 100vw, 1024px\" \/><figcaption class=\"wp-element-caption\">Foto \u00a9 Plan Biodivers<\/figcaption><\/figure>\n\n\n\n<figure class=\"wp-block-image size-large\"><img loading=\"lazy\" decoding=\"async\" width=\"683\" height=\"1024\" data-id=\"5316\" src=\"https:\/\/www.preis-biodiversitaet.ch\/wp-content\/uploads\/2025\/01\/DSC07915-683x1024.jpg\" alt=\"\" class=\"wp-image-5316\" srcset=\"https:\/\/dev.preis-biodiversitaet.ch\/wp-content\/uploads\/2025\/01\/DSC07915-683x1024.jpg 683w, https:\/\/dev.preis-biodiversitaet.ch\/wp-content\/uploads\/2025\/01\/DSC07915-200x300.jpg 200w, https:\/\/dev.preis-biodiversitaet.ch\/wp-content\/uploads\/2025\/01\/DSC07915-768x1152.jpg 768w, https:\/\/dev.preis-biodiversitaet.ch\/wp-content\/uploads\/2025\/01\/DSC07915-1024x1536.jpg 1024w, https:\/\/dev.preis-biodiversitaet.ch\/wp-content\/uploads\/2025\/01\/DSC07915-1365x2048.jpg 1365w, https:\/\/dev.preis-biodiversitaet.ch\/wp-content\/uploads\/2025\/01\/DSC07915-scaled.jpg 1707w\" sizes=\"auto, (max-width: 683px) 100vw, 683px\" \/><figcaption class=\"wp-element-caption\">Foto \u00a9 Plan Biodivers<\/figcaption><\/figure>\n\n\n\n<figure class=\"wp-block-image size-large\"><img loading=\"lazy\" decoding=\"async\" width=\"1024\" height=\"678\" data-id=\"5319\" src=\"https:\/\/www.preis-biodiversitaet.ch\/wp-content\/uploads\/2025\/01\/DSC_1348-1024x678.jpg\" alt=\"\" class=\"wp-image-5319\" srcset=\"https:\/\/dev.preis-biodiversitaet.ch\/wp-content\/uploads\/2025\/01\/DSC_1348-1024x678.jpg 1024w, https:\/\/dev.preis-biodiversitaet.ch\/wp-content\/uploads\/2025\/01\/DSC_1348-300x199.jpg 300w, https:\/\/dev.preis-biodiversitaet.ch\/wp-content\/uploads\/2025\/01\/DSC_1348-768x509.jpg 768w, https:\/\/dev.preis-biodiversitaet.ch\/wp-content\/uploads\/2025\/01\/DSC_1348-1536x1017.jpg 1536w, https:\/\/dev.preis-biodiversitaet.ch\/wp-content\/uploads\/2025\/01\/DSC_1348-2048x1356.jpg 2048w\" sizes=\"auto, (max-width: 1024px) 100vw, 1024px\" \/><figcaption class=\"wp-element-caption\">Foto \u00a9 Plan Biodivers<\/figcaption><\/figure>\n\n\n\n<figure class=\"wp-block-image size-large\"><img loading=\"lazy\" decoding=\"async\" width=\"1024\" height=\"683\" data-id=\"5322\" src=\"https:\/\/www.preis-biodiversitaet.ch\/wp-content\/uploads\/2025\/01\/DSC07854-1024x683.jpg\" alt=\"\" class=\"wp-image-5322\" srcset=\"https:\/\/dev.preis-biodiversitaet.ch\/wp-content\/uploads\/2025\/01\/DSC07854-1024x683.jpg 1024w, https:\/\/dev.preis-biodiversitaet.ch\/wp-content\/uploads\/2025\/01\/DSC07854-300x200.jpg 300w, https:\/\/dev.preis-biodiversitaet.ch\/wp-content\/uploads\/2025\/01\/DSC07854-768x512.jpg 768w, https:\/\/dev.preis-biodiversitaet.ch\/wp-content\/uploads\/2025\/01\/DSC07854-1536x1024.jpg 1536w, https:\/\/dev.preis-biodiversitaet.ch\/wp-content\/uploads\/2025\/01\/DSC07854-2048x1365.jpg 2048w\" sizes=\"auto, (max-width: 1024px) 100vw, 1024px\" \/><figcaption class=\"wp-element-caption\">Foto \u00a9 Plan Biodivers<\/figcaption><\/figure>\n\n\n\n<figure class=\"wp-block-image size-large\"><img loading=\"lazy\" decoding=\"async\" width=\"1024\" height=\"768\" data-id=\"5325\" src=\"https:\/\/www.preis-biodiversitaet.ch\/wp-content\/uploads\/2025\/01\/IMG_7825-1024x768.jpg\" alt=\"\" class=\"wp-image-5325\" srcset=\"https:\/\/dev.preis-biodiversitaet.ch\/wp-content\/uploads\/2025\/01\/IMG_7825-1024x768.jpg 1024w, https:\/\/dev.preis-biodiversitaet.ch\/wp-content\/uploads\/2025\/01\/IMG_7825-300x225.jpg 300w, https:\/\/dev.preis-biodiversitaet.ch\/wp-content\/uploads\/2025\/01\/IMG_7825-768x576.jpg 768w, https:\/\/dev.preis-biodiversitaet.ch\/wp-content\/uploads\/2025\/01\/IMG_7825-1536x1152.jpg 1536w, https:\/\/dev.preis-biodiversitaet.ch\/wp-content\/uploads\/2025\/01\/IMG_7825-2048x1536.jpg 2048w\" sizes=\"auto, (max-width: 1024px) 100vw, 1024px\" \/><figcaption class=\"wp-element-caption\">Foto \u00a9 Plan Biodivers<\/figcaption><\/figure>\n\n\n\n<figure class=\"wp-block-image size-large\"><img loading=\"lazy\" decoding=\"async\" width=\"1024\" height=\"768\" data-id=\"5328\" src=\"https:\/\/www.preis-biodiversitaet.ch\/wp-content\/uploads\/2025\/01\/IMG_7844-1024x768.jpg\" alt=\"\" class=\"wp-image-5328\" srcset=\"https:\/\/dev.preis-biodiversitaet.ch\/wp-content\/uploads\/2025\/01\/IMG_7844-1024x768.jpg 1024w, https:\/\/dev.preis-biodiversitaet.ch\/wp-content\/uploads\/2025\/01\/IMG_7844-300x225.jpg 300w, https:\/\/dev.preis-biodiversitaet.ch\/wp-content\/uploads\/2025\/01\/IMG_7844-768x576.jpg 768w, https:\/\/dev.preis-biodiversitaet.ch\/wp-content\/uploads\/2025\/01\/IMG_7844-1536x1152.jpg 1536w, https:\/\/dev.preis-biodiversitaet.ch\/wp-content\/uploads\/2025\/01\/IMG_7844-2048x1536.jpg 2048w\" sizes=\"auto, (max-width: 1024px) 100vw, 1024px\" \/><figcaption class=\"wp-element-caption\">Foto \u00a9 Plan Biodivers<\/figcaption><\/figure>\n\n\n\n<figure class=\"wp-block-image size-large\"><img loading=\"lazy\" decoding=\"async\" width=\"1024\" height=\"768\" data-id=\"5331\" src=\"https:\/\/www.preis-biodiversitaet.ch\/wp-content\/uploads\/2025\/01\/IMG_7861-1024x768.jpg\" alt=\"\" class=\"wp-image-5331\" srcset=\"https:\/\/dev.preis-biodiversitaet.ch\/wp-content\/uploads\/2025\/01\/IMG_7861-1024x768.jpg 1024w, https:\/\/dev.preis-biodiversitaet.ch\/wp-content\/uploads\/2025\/01\/IMG_7861-300x225.jpg 300w, https:\/\/dev.preis-biodiversitaet.ch\/wp-content\/uploads\/2025\/01\/IMG_7861-768x576.jpg 768w, https:\/\/dev.preis-biodiversitaet.ch\/wp-content\/uploads\/2025\/01\/IMG_7861-1536x1152.jpg 1536w, https:\/\/dev.preis-biodiversitaet.ch\/wp-content\/uploads\/2025\/01\/IMG_7861-2048x1536.jpg 2048w\" sizes=\"auto, (max-width: 1024px) 100vw, 1024px\" \/><figcaption class=\"wp-element-caption\">Foto \u00a9 Plan Biodivers<\/figcaption><\/figure>\n<\/figure>\n","protected":false},"excerpt":{"rendered":"<p>Il Premio Binding di riconoscimento per la biodiversit\u00e0 2023 va al Areal Bach di San Gallo Oltre al premio principale, [&hellip;]<\/p>\n","protected":false},"author":7,"featured_media":0,"parent":0,"menu_order":0,"comment_status":"closed","ping_status":"closed","template":"","meta":{"_acf_changed":false,"_uag_custom_page_level_css":"","footnotes":""},"class_list":["post-3601","page","type-page","status-publish","hentry"],"acf":{"photo_gallery":{"sliderbilder":[[{"id":3518,"title":"ArealBach_BioTerraGarten","caption":"","full_image_url":"https:\/\/dev.preis-biodiversitaet.ch\/wp-content\/uploads\/2023\/06\/ArealBach_BioTerraGarten-scaled.jpg","thumbnail_image_url":"https:\/\/dev.preis-biodiversitaet.ch\/wp-content\/uploads\/2023\/06\/ArealBach_BioTerraGarten-150x150.jpg","large_srcset":"https:\/\/dev.preis-biodiversitaet.ch\/wp-content\/uploads\/2023\/06\/ArealBach_BioTerraGarten-1024x683.jpg 1024w, https:\/\/dev.preis-biodiversitaet.ch\/wp-content\/uploads\/2023\/06\/ArealBach_BioTerraGarten-300x200.jpg 300w, https:\/\/dev.preis-biodiversitaet.ch\/wp-content\/uploads\/2023\/06\/ArealBach_BioTerraGarten-768x512.jpg 768w, https:\/\/dev.preis-biodiversitaet.ch\/wp-content\/uploads\/2023\/06\/ArealBach_BioTerraGarten-1536x1024.jpg 1536w, https:\/\/dev.preis-biodiversitaet.ch\/wp-content\/uploads\/2023\/06\/ArealBach_BioTerraGarten-2048x1365.jpg 2048w","medium_srcset":"https:\/\/dev.preis-biodiversitaet.ch\/wp-content\/uploads\/2023\/06\/ArealBach_BioTerraGarten-300x200.jpg 300w, https:\/\/dev.preis-biodiversitaet.ch\/wp-content\/uploads\/2023\/06\/ArealBach_BioTerraGarten-1024x683.jpg 1024w, https:\/\/dev.preis-biodiversitaet.ch\/wp-content\/uploads\/2023\/06\/ArealBach_BioTerraGarten-768x512.jpg 768w, https:\/\/dev.preis-biodiversitaet.ch\/wp-content\/uploads\/2023\/06\/ArealBach_BioTerraGarten-1536x1024.jpg 1536w, https:\/\/dev.preis-biodiversitaet.ch\/wp-content\/uploads\/2023\/06\/ArealBach_BioTerraGarten-2048x1365.jpg 2048w","media_details":{"width":2560,"height":1707,"sizes":{"medium":{"file":"ArealBach_BioTerraGarten-300x200.jpg","width":300,"height":200,"mime-type":"image\/jpeg","filesize":57048,"source_url":"https:\/\/dev.preis-biodiversitaet.ch\/wp-content\/uploads\/2023\/06\/ArealBach_BioTerraGarten-300x200.jpg"},"large":{"file":"ArealBach_BioTerraGarten-1024x683.jpg","width":1024,"height":683,"mime-type":"image\/jpeg","filesize":271827,"source_url":"https:\/\/dev.preis-biodiversitaet.ch\/wp-content\/uploads\/2023\/06\/ArealBach_BioTerraGarten-1024x683.jpg"},"thumbnail":{"file":"ArealBach_BioTerraGarten-150x150.jpg","width":150,"height":150,"mime-type":"image\/jpeg","filesize":44197,"source_url":"https:\/\/dev.preis-biodiversitaet.ch\/wp-content\/uploads\/2023\/06\/ArealBach_BioTerraGarten-150x150.jpg"},"medium_large":{"file":"ArealBach_BioTerraGarten-768x512.jpg","width":768,"height":512,"mime-type":"image\/jpeg","filesize":170604,"source_url":"https:\/\/dev.preis-biodiversitaet.ch\/wp-content\/uploads\/2023\/06\/ArealBach_BioTerraGarten-768x512.jpg"},"1536x1536":{"file":"ArealBach_BioTerraGarten-1536x1024.jpg","width":1536,"height":1024,"mime-type":"image\/jpeg","filesize":540414,"source_url":"https:\/\/dev.preis-biodiversitaet.ch\/wp-content\/uploads\/2023\/06\/ArealBach_BioTerraGarten-1536x1024.jpg"},"2048x2048":{"file":"ArealBach_BioTerraGarten-2048x1365.jpg","width":2048,"height":1365,"mime-type":"image\/jpeg","filesize":890466,"source_url":"https:\/\/dev.preis-biodiversitaet.ch\/wp-content\/uploads\/2023\/06\/ArealBach_BioTerraGarten-2048x1365.jpg"}}},"alt_text":"BioTerra Garten auf dem Areal Bach - Binding Anerkennungspreis f\u00fcr Biodiversit\u00e4t 2023","url":"","target":""}]]}},"uagb_featured_image_src":{"full":false,"thumbnail":false,"medium":false,"medium_large":false,"large":false,"1536x1536":false,"2048x2048":false,"gform-image-choice-sm":false,"gform-image-choice-md":false,"gform-image-choice-lg":false},"uagb_author_info":{"display_name":"Lena Wunderlin","author_link":"https:\/\/dev.preis-biodiversitaet.ch\/it\/author\/lena\/"},"uagb_comment_info":0,"uagb_excerpt":"Il Premio Binding di riconoscimento per la biodiversit\u00e0 2023 va al Areal Bach di San Gallo Oltre al premio principale, [&hellip;]","_links":{"self":[{"href":"https:\/\/dev.preis-biodiversitaet.ch\/it\/wp-json\/wp\/v2\/pages\/3601","targetHints":{"allow":["GET"]}}],"collection":[{"href":"https:\/\/dev.preis-biodiversitaet.ch\/it\/wp-json\/wp\/v2\/pages"}],"about":[{"href":"https:\/\/dev.preis-biodiversitaet.ch\/it\/wp-json\/wp\/v2\/types\/page"}],"author":[{"embeddable":true,"href":"https:\/\/dev.preis-biodiversitaet.ch\/it\/wp-json\/wp\/v2\/users\/7"}],"replies":[{"embeddable":true,"href":"https:\/\/dev.preis-biodiversitaet.ch\/it\/wp-json\/wp\/v2\/comments?post=3601"}],"version-history":[{"count":6,"href":"https:\/\/dev.preis-biodiversitaet.ch\/it\/wp-json\/wp\/v2\/pages\/3601\/revisions"}],"predecessor-version":[{"id":5337,"href":"https:\/\/dev.preis-biodiversitaet.ch\/it\/wp-json\/wp\/v2\/pages\/3601\/revisions\/5337"}],"wp:attachment":[{"href":"https:\/\/dev.preis-biodiversitaet.ch\/it\/wp-json\/wp\/v2\/media?parent=3601"}],"curies":[{"name":"wp","href":"https:\/\/api.w.org\/{rel}","templated":true}]}}