{"id":3591,"date":"2023-06-06T07:37:22","date_gmt":"2023-06-06T05:37:22","guid":{"rendered":"https:\/\/www.preis-biodiversitaet.ch\/?page_id=3591"},"modified":"2025-06-18T15:19:47","modified_gmt":"2025-06-18T13:19:47","slug":"laureato-2023","status":"publish","type":"page","link":"https:\/\/dev.preis-biodiversitaet.ch\/it\/laureato-2023\/","title":{"rendered":"Il terzo premio Binding per la biodiversit\u00e0 va a Pra Roman di Losanna"},"content":{"rendered":"\n<div class=\"wp-block-columns is-layout-flex wp-container-core-columns-is-layout-9d6595d7 wp-block-columns-is-layout-flex\">\n<div class=\"wp-block-column is-layout-flow wp-block-column-is-layout-flow\">\n<figure class=\"wp-block-embed is-type-video is-provider-youtube wp-block-embed-youtube wp-embed-aspect-16-9 wp-has-aspect-ratio\"><div class=\"wp-block-embed__wrapper\">\n<iframe loading=\"lazy\" title=\"Prix Binding pour la biodiversit\u00e9 2023 - Pra Roman\" width=\"768\" height=\"432\" src=\"https:\/\/www.youtube.com\/embed\/jIq04wqt7x4?feature=oembed\" frameborder=\"0\" allow=\"accelerometer; autoplay; clipboard-write; encrypted-media; gyroscope; picture-in-picture; web-share\" referrerpolicy=\"strict-origin-when-cross-origin\" allowfullscreen><\/iframe>\n<\/div><\/figure>\n<\/div>\n\n\n\n<div class=\"wp-block-column is-layout-flow wp-block-column-is-layout-flow\">\n<h4 class=\"wp-block-heading\">Lo sviluppo del sito &#8220;Pra Roman&#8221; da parte della cooperativa Codha e dell&#8217;associazione \u201cSur le Pra\u201d ha vinto il premio Binding per la biodiversit\u00e0 2023 perch\u00e9 il progetto ricopre in modo assolutamente esemplare le funzioni di connessione ecologica e sociale per il quartiere e la citt\u00e0 e ha avuto fin dall&#8217;inizio un carattere partecipativo. Il bando di concorso del premio 2023 \u00e8 stato pubblicato nell&#8217;ambito del tema annuale &#8220;sviluppi di areali &#8220;.<\/h4>\n<\/div>\n<\/div>\n\n\n\n<div class=\"wp-block-columns is-layout-flex wp-container-core-columns-is-layout-9d6595d7 wp-block-columns-is-layout-flex\">\n<div class=\"wp-block-column is-layout-flow wp-block-column-is-layout-flow\">\n<p><strong>Connessione ecologica degli habitat<\/strong><\/p>\n\n\n\n<p>Il complesso &#8220;Pra Roman&#8221;, composto da dodici edifici plurifamiliari estesi su una superficie di 22&#8217;000 metri quadrati, si trova nella periferia di Losanna. Con lo sviluppo del sito nel 2020, l&#8217;area circostante \u00e8 stata integrata nella pianificazione e nella costruzione in modo esemplare. Ad esempio, il vincitore del premio ha creato corridoi per favorire la crescita di piante spontanee e per la fauna selvatica con zone di diversa umidit\u00e0 e piccole strutture integrate per anfibi e piccoli mammiferi. La consapevolezza di doversi assumere la responsabilit\u00e0 della connessione ecologica in un sistema pi\u00f9 ampio \u00e8 fondamentale per la promozione della biodiversit\u00e0 nelle aree urbane.<\/p>\n\n\n\n<p><strong>Coinvolgere i residenti nella pianificazione<\/strong><strong><\/strong> La sensibilizzazione delle persone residenti alla promozione della biodiversit\u00e0 \u00e8 stata fin dall&#8217;inizio una parte importante del progetto &#8220;Pra Roman&#8221;. Codha, committente e cooperativa di abitazioni di utilit\u00e0 pubblica, ha fondato l&#8217;associazione &#8220;Sur le Pra&#8221; all&#8217;inizio della fase di progettazione e ha sviluppato un processo partecipativo.<\/p>\n<\/div>\n\n\n\n<div class=\"wp-block-column is-layout-flow wp-block-column-is-layout-flow\">\n<p>I futuri residenti si erano incontrati gi\u00e0 all&#8217;inizio del progetto per visitare il sito oppure per osservare la natura e durante dei workshop hanno potuto beneficiare di una grande libert\u00e0 progettuale e disegnare i loro spazi esterni in armonia con la natura, che hanno poi realizzato in modo indipendente con il sostegno finanziario del committente.<\/p>\n\n\n\n<p><strong>L&#8217;orto permette l&#8217;incontro e la sensibilizzazione<\/strong><strong><\/strong><\/p>\n\n\n\n<p>Uno di questi spazi verdi \u00e8 l&#8217;orto comunitario. Qui si possono scambiare idee e scoprire la natura come risorsa vitale. La cultura della sostenibilit\u00e0 dell&#8217;abitare e dell&#8217;uso del territorio \u00e8 il filo conduttore di tutto il progetto &#8220;Pra Roman&#8221;. Gli ecosistemi circostanti vengono osservati, imitati nella loro diversit\u00e0 e collegati all&#8217;area di insediamento.<\/p>\n\n\n\n<p>&#8220;Siamo convinti che questo eccellente esempio incoragger\u00e0 altri costruttori immobiliari a pensare alla biodiversit\u00e0 gi\u00e0 dalle prime fasi e a coinvolgere tante persone&#8221;, afferma Peter Lehmann, vicepresidente della giuria del premio.<\/p>\n<\/div>\n<\/div>\n\n\n\n<h2 class=\"wp-block-heading\">Foto<\/h2>\n\n\n\n<figure class=\"wp-block-gallery has-nested-images columns-default is-cropped wp-block-gallery-1 is-layout-flex wp-block-gallery-is-layout-flex\">\n<figure class=\"wp-block-image size-large\"><img loading=\"lazy\" decoding=\"async\" width=\"1024\" height=\"683\" data-id=\"3474\" src=\"https:\/\/www.premio-biodiversita.ch\/wp-content\/uploads\/2023\/06\/PraRomanWest-1024x683.jpg\" alt=\"\" class=\"wp-image-3474\" srcset=\"https:\/\/dev.preis-biodiversitaet.ch\/wp-content\/uploads\/2023\/06\/PraRomanWest-1024x683.jpg 1024w, https:\/\/dev.preis-biodiversitaet.ch\/wp-content\/uploads\/2023\/06\/PraRomanWest-300x200.jpg 300w, https:\/\/dev.preis-biodiversitaet.ch\/wp-content\/uploads\/2023\/06\/PraRomanWest-768x512.jpg 768w, https:\/\/dev.preis-biodiversitaet.ch\/wp-content\/uploads\/2023\/06\/PraRomanWest-1536x1024.jpg 1536w, https:\/\/dev.preis-biodiversitaet.ch\/wp-content\/uploads\/2023\/06\/PraRomanWest-2048x1365.jpg 2048w\" sizes=\"auto, (max-width: 1024px) 100vw, 1024px\" \/><figcaption class=\"wp-element-caption\">Foto \u00a9 Stefanie W\u00fcrsch<\/figcaption><\/figure>\n\n\n\n<figure class=\"wp-block-image size-large\"><img loading=\"lazy\" decoding=\"async\" width=\"1024\" height=\"683\" data-id=\"3471\" src=\"https:\/\/www.premio-biodiversita.ch\/wp-content\/uploads\/2023\/06\/PraRomanGarten-1024x683.jpg\" alt=\"\" class=\"wp-image-3471\" srcset=\"https:\/\/dev.preis-biodiversitaet.ch\/wp-content\/uploads\/2023\/06\/PraRomanGarten-1024x683.jpg 1024w, https:\/\/dev.preis-biodiversitaet.ch\/wp-content\/uploads\/2023\/06\/PraRomanGarten-300x200.jpg 300w, https:\/\/dev.preis-biodiversitaet.ch\/wp-content\/uploads\/2023\/06\/PraRomanGarten-768x512.jpg 768w, https:\/\/dev.preis-biodiversitaet.ch\/wp-content\/uploads\/2023\/06\/PraRomanGarten-1536x1024.jpg 1536w, https:\/\/dev.preis-biodiversitaet.ch\/wp-content\/uploads\/2023\/06\/PraRomanGarten-2048x1365.jpg 2048w\" sizes=\"auto, (max-width: 1024px) 100vw, 1024px\" \/><figcaption class=\"wp-element-caption\">Foto \u00a9 Stefanie W\u00fcrsch<\/figcaption><\/figure>\n\n\n\n<figure class=\"wp-block-image size-large\"><img loading=\"lazy\" decoding=\"async\" width=\"1024\" height=\"683\" data-id=\"3483\" src=\"https:\/\/www.premio-biodiversita.ch\/wp-content\/uploads\/2023\/06\/PraRomanGarten2-1024x683.jpg\" alt=\"\" class=\"wp-image-3483\" srcset=\"https:\/\/dev.preis-biodiversitaet.ch\/wp-content\/uploads\/2023\/06\/PraRomanGarten2-1024x683.jpg 1024w, https:\/\/dev.preis-biodiversitaet.ch\/wp-content\/uploads\/2023\/06\/PraRomanGarten2-300x200.jpg 300w, https:\/\/dev.preis-biodiversitaet.ch\/wp-content\/uploads\/2023\/06\/PraRomanGarten2-768x512.jpg 768w, https:\/\/dev.preis-biodiversitaet.ch\/wp-content\/uploads\/2023\/06\/PraRomanGarten2-1536x1024.jpg 1536w, https:\/\/dev.preis-biodiversitaet.ch\/wp-content\/uploads\/2023\/06\/PraRomanGarten2-2048x1365.jpg 2048w\" sizes=\"auto, (max-width: 1024px) 100vw, 1024px\" \/><figcaption class=\"wp-element-caption\">Foto \u00a9 Stefanie W\u00fcrsch<\/figcaption><\/figure>\n\n\n\n<figure class=\"wp-block-image size-large\"><img loading=\"lazy\" decoding=\"async\" width=\"1024\" height=\"683\" data-id=\"3486\" src=\"https:\/\/www.premio-biodiversita.ch\/wp-content\/uploads\/2023\/06\/PraRomanWasser-1024x683.jpg\" alt=\"\" class=\"wp-image-3486\" srcset=\"https:\/\/dev.preis-biodiversitaet.ch\/wp-content\/uploads\/2023\/06\/PraRomanWasser-1024x683.jpg 1024w, https:\/\/dev.preis-biodiversitaet.ch\/wp-content\/uploads\/2023\/06\/PraRomanWasser-300x200.jpg 300w, https:\/\/dev.preis-biodiversitaet.ch\/wp-content\/uploads\/2023\/06\/PraRomanWasser-768x512.jpg 768w, https:\/\/dev.preis-biodiversitaet.ch\/wp-content\/uploads\/2023\/06\/PraRomanWasser-1536x1024.jpg 1536w, https:\/\/dev.preis-biodiversitaet.ch\/wp-content\/uploads\/2023\/06\/PraRomanWasser-2048x1365.jpg 2048w\" sizes=\"auto, (max-width: 1024px) 100vw, 1024px\" \/><figcaption class=\"wp-element-caption\">Foto \u00a9 Stefanie W\u00fcrsch<\/figcaption><\/figure>\n\n\n\n<figure class=\"wp-block-image size-large\"><img loading=\"lazy\" decoding=\"async\" width=\"1024\" height=\"683\" data-id=\"3477\" src=\"https:\/\/www.premio-biodiversita.ch\/wp-content\/uploads\/2023\/06\/PraRomanKorridor-1024x683.jpg\" alt=\"\" class=\"wp-image-3477\" srcset=\"https:\/\/dev.preis-biodiversitaet.ch\/wp-content\/uploads\/2023\/06\/PraRomanKorridor-1024x683.jpg 1024w, https:\/\/dev.preis-biodiversitaet.ch\/wp-content\/uploads\/2023\/06\/PraRomanKorridor-300x200.jpg 300w, https:\/\/dev.preis-biodiversitaet.ch\/wp-content\/uploads\/2023\/06\/PraRomanKorridor-768x512.jpg 768w, https:\/\/dev.preis-biodiversitaet.ch\/wp-content\/uploads\/2023\/06\/PraRomanKorridor-1536x1024.jpg 1536w, https:\/\/dev.preis-biodiversitaet.ch\/wp-content\/uploads\/2023\/06\/PraRomanKorridor-2048x1365.jpg 2048w\" sizes=\"auto, (max-width: 1024px) 100vw, 1024px\" \/><figcaption class=\"wp-element-caption\">Foto \u00a9 Stefanie W\u00fcrsch<\/figcaption><\/figure>\n\n\n\n<figure class=\"wp-block-image size-large\"><img loading=\"lazy\" decoding=\"async\" width=\"1024\" height=\"683\" data-id=\"3480\" src=\"https:\/\/www.premio-biodiversita.ch\/wp-content\/uploads\/2023\/06\/PraRomanBaum-1024x683.jpg\" alt=\"\" class=\"wp-image-3480\" srcset=\"https:\/\/dev.preis-biodiversitaet.ch\/wp-content\/uploads\/2023\/06\/PraRomanBaum-1024x683.jpg 1024w, https:\/\/dev.preis-biodiversitaet.ch\/wp-content\/uploads\/2023\/06\/PraRomanBaum-300x200.jpg 300w, https:\/\/dev.preis-biodiversitaet.ch\/wp-content\/uploads\/2023\/06\/PraRomanBaum-768x512.jpg 768w, https:\/\/dev.preis-biodiversitaet.ch\/wp-content\/uploads\/2023\/06\/PraRomanBaum-1536x1024.jpg 1536w, https:\/\/dev.preis-biodiversitaet.ch\/wp-content\/uploads\/2023\/06\/PraRomanBaum-2048x1365.jpg 2048w\" sizes=\"auto, (max-width: 1024px) 100vw, 1024px\" \/><figcaption class=\"wp-element-caption\">Foto \u00a9 Stefanie W\u00fcrsch<\/figcaption><\/figure>\n<\/figure>\n\n\n\n<div style=\"height:53px\" aria-hidden=\"true\" class=\"wp-block-spacer\"><\/div>\n\n\n\n<p><a href=\"https:\/\/www.premio-biodiversita.ch\/wp-content\/uploads\/2023\/06\/Premio_Binding_Comunicato-stampa_6_6_2023.pdf\" target=\"_blank\" rel=\"noopener\" title=\"Premio_Binding_Comunicato stampa_6_6_2023\">Comunicato stampa 6.6.2023<\/a><\/p>\n\n\n\n<p><a href=\"https:\/\/www.premio-biodiversita.ch\/wp-content\/uploads\/2023\/06\/CODHA_PUBLICATION-ENCHANTIER-26062021_VERSION-COURTE.pdf\" target=\"_blank\" rel=\"noopener\" title=\"\">Libro &#8220;enchant(i)er&#8221; sul processo di creazione di Pra Roman<\/a><\/p>\n\n\n\n<p><a href=\"https:\/\/www.premio-biodiversita.ch\/wp-content\/uploads\/2023\/06\/La-Ligne\u2026.pdf\" target=\"_blank\" rel=\"noreferrer noopener\">Illustrazione &#8220;La Ligne&#8221; dal libro &#8220;enchant(i)er&#8221;<\/a><\/p>\n\n\n\n<p><a href=\"https:\/\/www.premio-biodiversita.ch\/wp-content\/uploads\/2023\/06\/PRA_PLAN_AMEX_PraRoman.pdf\" target=\"_blank\" rel=\"noopener\" title=\"\">Piano per le strutture esterne dell&#8217;ecoquartiere di Pra Roman<\/a><\/p>\n\n\n\n<div style=\"height:100px\" aria-hidden=\"true\" class=\"wp-block-spacer\"><\/div>\n\n\n\n<h2 class=\"wp-block-heading\">Processo partecipativo a Pra Roman<\/h2>\n\n\n\n<div class=\"wp-block-columns is-layout-flex wp-container-core-columns-is-layout-9d6595d7 wp-block-columns-is-layout-flex\">\n<div class=\"wp-block-column is-layout-flow wp-block-column-is-layout-flow\">\n<p>L\u2019associazione degli abitanti di Pra Roman ha avviato un processo partecipativo per decidere come utilizzare il premio ricevuto dal Premio Binding per la biodiversit\u00e0. Dopo una prima fase di raccolta di idee, sono stati elaborati 11 progetti concreti, presentati a tutti gli abitanti in una piccola esposizione (vedi foto sotti).<\/p>\n<\/div>\n\n\n\n<div class=\"wp-block-column is-layout-flow wp-block-column-is-layout-flow\">\n<p>Nei prossimi mesi, i progetti saranno sottoposti singolarmente al voto durante le assemblee plenarie. \u00c8 interessante notare l\u2019ampia variet\u00e0 di proposte emerse: da laboratori sul rapporto tra uomo e natura, a nidi artificiali per uccelli, facciate verdi, fino alla depavimentazione e alla creazione di un paesaggio con stagni. Siamo curiosi di conoscere gli esiti delle votazioni e le proposte definitive.<\/p>\n<\/div>\n<\/div>\n\n\n\n<div class=\"wp-block-columns is-layout-flex wp-container-core-columns-is-layout-9d6595d7 wp-block-columns-is-layout-flex\">\n<div class=\"wp-block-column is-layout-flow wp-block-column-is-layout-flow\">\n<figure class=\"wp-block-image size-large\"><img loading=\"lazy\" decoding=\"async\" width=\"768\" height=\"1024\" src=\"https:\/\/www.premio-biodiversita.ch\/wp-content\/uploads\/2025\/06\/Ausstellung4-768x1024.jpg\" alt=\"Ausstellung Projekte Pra Roman. Binding Preis f\u00fcr Biodiversit\u00e4t 2023.\" class=\"wp-image-5732\" srcset=\"https:\/\/dev.preis-biodiversitaet.ch\/wp-content\/uploads\/2025\/06\/Ausstellung4-768x1024.jpg 768w, https:\/\/dev.preis-biodiversitaet.ch\/wp-content\/uploads\/2025\/06\/Ausstellung4-225x300.jpg 225w, https:\/\/dev.preis-biodiversitaet.ch\/wp-content\/uploads\/2025\/06\/Ausstellung4-1152x1536.jpg 1152w, https:\/\/dev.preis-biodiversitaet.ch\/wp-content\/uploads\/2025\/06\/Ausstellung4-1536x2048.jpg 1536w, https:\/\/dev.preis-biodiversitaet.ch\/wp-content\/uploads\/2025\/06\/Ausstellung4-scaled.jpg 1920w\" sizes=\"auto, (max-width: 768px) 100vw, 768px\" \/><figcaption class=\"wp-element-caption\">\u00a9 Lena Wunderlin<\/figcaption><\/figure>\n<\/div>\n\n\n\n<div class=\"wp-block-column is-layout-flow wp-block-column-is-layout-flow\">\n<figure class=\"wp-block-image size-large\"><img loading=\"lazy\" decoding=\"async\" width=\"768\" height=\"1024\" src=\"https:\/\/www.premio-biodiversita.ch\/wp-content\/uploads\/2025\/06\/Ausstellung1-768x1024.jpg\" alt=\"Ausstellung Projekte Pra Roman. Binding Preis f\u00fcr Biodiversit\u00e4t 2023\" class=\"wp-image-5729\" srcset=\"https:\/\/dev.preis-biodiversitaet.ch\/wp-content\/uploads\/2025\/06\/Ausstellung1-768x1024.jpg 768w, https:\/\/dev.preis-biodiversitaet.ch\/wp-content\/uploads\/2025\/06\/Ausstellung1-225x300.jpg 225w, https:\/\/dev.preis-biodiversitaet.ch\/wp-content\/uploads\/2025\/06\/Ausstellung1-1152x1536.jpg 1152w, https:\/\/dev.preis-biodiversitaet.ch\/wp-content\/uploads\/2025\/06\/Ausstellung1-1536x2048.jpg 1536w, https:\/\/dev.preis-biodiversitaet.ch\/wp-content\/uploads\/2025\/06\/Ausstellung1-scaled.jpg 1920w\" sizes=\"auto, (max-width: 768px) 100vw, 768px\" \/><figcaption class=\"wp-element-caption\">\u00a9 Lena Wunderlin<\/figcaption><\/figure>\n<\/div>\n<\/div>\n","protected":false},"excerpt":{"rendered":"<p>Lo sviluppo del sito &#8220;Pra Roman&#8221; da parte della cooperativa Codha e dell&#8217;associazione \u201cSur le Pra\u201d ha vinto il premio [&hellip;]<\/p>\n","protected":false},"author":7,"featured_media":0,"parent":0,"menu_order":0,"comment_status":"closed","ping_status":"closed","template":"","meta":{"_acf_changed":false,"_uag_custom_page_level_css":"","footnotes":""},"class_list":["post-3591","page","type-page","status-publish","hentry"],"acf":{"photo_gallery":{"sliderbilder":[[{"id":3474,"title":"PraRomanWest","caption":"","full_image_url":"https:\/\/dev.preis-biodiversitaet.ch\/wp-content\/uploads\/2023\/06\/PraRomanWest-scaled.jpg","thumbnail_image_url":"https:\/\/dev.preis-biodiversitaet.ch\/wp-content\/uploads\/2023\/06\/PraRomanWest-150x150.jpg","large_srcset":"https:\/\/dev.preis-biodiversitaet.ch\/wp-content\/uploads\/2023\/06\/PraRomanWest-1024x683.jpg 1024w, https:\/\/dev.preis-biodiversitaet.ch\/wp-content\/uploads\/2023\/06\/PraRomanWest-300x200.jpg 300w, https:\/\/dev.preis-biodiversitaet.ch\/wp-content\/uploads\/2023\/06\/PraRomanWest-768x512.jpg 768w, https:\/\/dev.preis-biodiversitaet.ch\/wp-content\/uploads\/2023\/06\/PraRomanWest-1536x1024.jpg 1536w, https:\/\/dev.preis-biodiversitaet.ch\/wp-content\/uploads\/2023\/06\/PraRomanWest-2048x1365.jpg 2048w","medium_srcset":"https:\/\/dev.preis-biodiversitaet.ch\/wp-content\/uploads\/2023\/06\/PraRomanWest-300x200.jpg 300w, https:\/\/dev.preis-biodiversitaet.ch\/wp-content\/uploads\/2023\/06\/PraRomanWest-1024x683.jpg 1024w, https:\/\/dev.preis-biodiversitaet.ch\/wp-content\/uploads\/2023\/06\/PraRomanWest-768x512.jpg 768w, https:\/\/dev.preis-biodiversitaet.ch\/wp-content\/uploads\/2023\/06\/PraRomanWest-1536x1024.jpg 1536w, https:\/\/dev.preis-biodiversitaet.ch\/wp-content\/uploads\/2023\/06\/PraRomanWest-2048x1365.jpg 2048w","media_details":{"width":2560,"height":1707,"sizes":{"medium":{"file":"PraRomanWest-300x200.jpg","width":300,"height":200,"mime-type":"image\/jpeg","filesize":58159,"source_url":"https:\/\/dev.preis-biodiversitaet.ch\/wp-content\/uploads\/2023\/06\/PraRomanWest-300x200.jpg"},"large":{"file":"PraRomanWest-1024x683.jpg","width":1024,"height":683,"mime-type":"image\/jpeg","filesize":278592,"source_url":"https:\/\/dev.preis-biodiversitaet.ch\/wp-content\/uploads\/2023\/06\/PraRomanWest-1024x683.jpg"},"thumbnail":{"file":"PraRomanWest-150x150.jpg","width":150,"height":150,"mime-type":"image\/jpeg","filesize":44153,"source_url":"https:\/\/dev.preis-biodiversitaet.ch\/wp-content\/uploads\/2023\/06\/PraRomanWest-150x150.jpg"},"medium_large":{"file":"PraRomanWest-768x512.jpg","width":768,"height":512,"mime-type":"image\/jpeg","filesize":175077,"source_url":"https:\/\/dev.preis-biodiversitaet.ch\/wp-content\/uploads\/2023\/06\/PraRomanWest-768x512.jpg"},"1536x1536":{"file":"PraRomanWest-1536x1024.jpg","width":1536,"height":1024,"mime-type":"image\/jpeg","filesize":551248,"source_url":"https:\/\/dev.preis-biodiversitaet.ch\/wp-content\/uploads\/2023\/06\/PraRomanWest-1536x1024.jpg"},"2048x2048":{"file":"PraRomanWest-2048x1365.jpg","width":2048,"height":1365,"mime-type":"image\/jpeg","filesize":904333,"source_url":"https:\/\/dev.preis-biodiversitaet.ch\/wp-content\/uploads\/2023\/06\/PraRomanWest-2048x1365.jpg"}}},"alt_text":"Garten auf Pra Roman - Binding Preis f\u00fcr Biodiversit\u00e4t 2023","url":"","target":""}]]}},"uagb_featured_image_src":{"full":false,"thumbnail":false,"medium":false,"medium_large":false,"large":false,"1536x1536":false,"2048x2048":false,"gform-image-choice-sm":false,"gform-image-choice-md":false,"gform-image-choice-lg":false},"uagb_author_info":{"display_name":"Lena Wunderlin","author_link":"https:\/\/dev.preis-biodiversitaet.ch\/it\/author\/lena\/"},"uagb_comment_info":0,"uagb_excerpt":"Lo sviluppo del sito &#8220;Pra Roman&#8221; da parte della cooperativa Codha e dell&#8217;associazione \u201cSur le Pra\u201d ha vinto il premio [&hellip;]","_links":{"self":[{"href":"https:\/\/dev.preis-biodiversitaet.ch\/it\/wp-json\/wp\/v2\/pages\/3591","targetHints":{"allow":["GET"]}}],"collection":[{"href":"https:\/\/dev.preis-biodiversitaet.ch\/it\/wp-json\/wp\/v2\/pages"}],"about":[{"href":"https:\/\/dev.preis-biodiversitaet.ch\/it\/wp-json\/wp\/v2\/types\/page"}],"author":[{"embeddable":true,"href":"https:\/\/dev.preis-biodiversitaet.ch\/it\/wp-json\/wp\/v2\/users\/7"}],"replies":[{"embeddable":true,"href":"https:\/\/dev.preis-biodiversitaet.ch\/it\/wp-json\/wp\/v2\/comments?post=3591"}],"version-history":[{"count":7,"href":"https:\/\/dev.preis-biodiversitaet.ch\/it\/wp-json\/wp\/v2\/pages\/3591\/revisions"}],"predecessor-version":[{"id":5739,"href":"https:\/\/dev.preis-biodiversitaet.ch\/it\/wp-json\/wp\/v2\/pages\/3591\/revisions\/5739"}],"wp:attachment":[{"href":"https:\/\/dev.preis-biodiversitaet.ch\/it\/wp-json\/wp\/v2\/media?parent=3591"}],"curies":[{"name":"wp","href":"https:\/\/api.w.org\/{rel}","templated":true}]}}