{"id":2764,"date":"2022-10-26T15:30:47","date_gmt":"2022-10-26T13:30:47","guid":{"rendered":"https:\/\/www.preis-biodiversitaet.ch\/?page_id=2764"},"modified":"2022-10-27T11:27:28","modified_gmt":"2022-10-27T09:27:28","slug":"il-premio-binding-dinnovazione-2022","status":"publish","type":"page","link":"https:\/\/dev.preis-biodiversitaet.ch\/it\/il-premio-binding-dinnovazione-2022\/","title":{"rendered":"Il Premio Binding d\u2019innovazione 2022"},"content":{"rendered":"\n<h2 class=\"wp-block-heading\"><strong><strong>Il Premio Binding d\u2019innovazione per la biodiversit\u00e0 2022 al progetto \u00abParco Casarico\u00bb di Sorengo TI<\/strong><\/strong><\/h2>\n\n\n\n<div class=\"wp-block-columns is-layout-flex wp-container-core-columns-is-layout-9d6595d7 wp-block-columns-is-layout-flex\">\n<div class=\"wp-block-column is-layout-flow wp-block-column-is-layout-flow\">\n<p>Il progetto immobiliare \u00abParco Casarico\u00bb di Sorengo TI vince il Premio Binding d\u2019innovazione per la biodiversit\u00e0 2022. Il progetto con cinque blocchi immobiliari abitativi dello studio di architettura paesaggistica \u00abDe Molfetta Strode\u00bb e della \u00abFondazione Weak Ends\u00bb riceve il Premio Binding d\u2019innovazione per la biodiversit\u00e0 soprattutto grazie alle sue idee di nuovo tipo adottate nell\u2019approccio al tema di acqua, sia per creare un valore aggiunto per la biodiversit\u00e0 sia per incrementare la qualit\u00e0 residenziale degli abitanti. Mettendo in risalto le fonti, impostando in modo giocoso e meandrico i torrenti secchi (che portano acqua solo in caso di precipitazioni) e approntando con grazia un bello stagno, gli architetti paesaggisti hanno progettato un ambiente abitativo estremamente attrattivo e, nel contempo, hanno aumentato la diversit\u00e0 degli habitat naturali e delle specie.<\/p>\n<\/div>\n\n\n\n<div class=\"wp-block-column is-layout-flow wp-block-column-is-layout-flow\">\n<figure class=\"wp-block-image size-large\"><img loading=\"lazy\" decoding=\"async\" width=\"1024\" height=\"768\" src=\"https:\/\/www.preis-biodiversitaet.ch\/wp-content\/uploads\/2022\/10\/DMS_01-1024x768.jpg\" alt=\"\" class=\"wp-image-2748\" srcset=\"https:\/\/dev.preis-biodiversitaet.ch\/wp-content\/uploads\/2022\/10\/DMS_01-1024x768.jpg 1024w, https:\/\/dev.preis-biodiversitaet.ch\/wp-content\/uploads\/2022\/10\/DMS_01-300x225.jpg 300w, https:\/\/dev.preis-biodiversitaet.ch\/wp-content\/uploads\/2022\/10\/DMS_01-768x576.jpg 768w, https:\/\/dev.preis-biodiversitaet.ch\/wp-content\/uploads\/2022\/10\/DMS_01-1536x1152.jpg 1536w, https:\/\/dev.preis-biodiversitaet.ch\/wp-content\/uploads\/2022\/10\/DMS_01-2048x1536.jpg 2048w\" sizes=\"auto, (max-width: 1024px) 100vw, 1024px\" \/><\/figure>\n<\/div>\n<\/div>\n\n\n\n<div style=\"height:100px\" aria-hidden=\"true\" class=\"wp-block-spacer\"><\/div>\n\n\n\n<div class=\"wp-block-columns is-layout-flex wp-container-core-columns-is-layout-9d6595d7 wp-block-columns-is-layout-flex\">\n<div class=\"wp-block-column is-layout-flow wp-block-column-is-layout-flow\">\n<figure class=\"wp-block-image size-large\"><img loading=\"lazy\" decoding=\"async\" width=\"1024\" height=\"768\" src=\"https:\/\/www.preis-biodiversitaet.ch\/wp-content\/uploads\/2022\/10\/DMS_02-1024x768.jpg\" alt=\"\" class=\"wp-image-2751\" srcset=\"https:\/\/dev.preis-biodiversitaet.ch\/wp-content\/uploads\/2022\/10\/DMS_02-1024x768.jpg 1024w, https:\/\/dev.preis-biodiversitaet.ch\/wp-content\/uploads\/2022\/10\/DMS_02-300x225.jpg 300w, https:\/\/dev.preis-biodiversitaet.ch\/wp-content\/uploads\/2022\/10\/DMS_02-768x576.jpg 768w, https:\/\/dev.preis-biodiversitaet.ch\/wp-content\/uploads\/2022\/10\/DMS_02-1536x1152.jpg 1536w, https:\/\/dev.preis-biodiversitaet.ch\/wp-content\/uploads\/2022\/10\/DMS_02-2048x1536.jpg 2048w\" sizes=\"auto, (max-width: 1024px) 100vw, 1024px\" \/><\/figure>\n<\/div>\n\n\n\n<div class=\"wp-block-column is-layout-flow wp-block-column-is-layout-flow\">\n<p>Lo studio di architettura paesaggistica \u00abDe Molfetta Strode\u00bb \u00e8 riuscito a impostare l\u2019areale con un\u2019elevata biodiversit\u00e0 che coniuga in modo ottimale le diverse necessit\u00e0 e convince per la sua qualit\u00e0 di progettazione. Con molto amore per i dettagli sono state scelte piantagioni d\u2019ispirazione mediterranea e adatte all\u2019ubicazione, ovvero un pendio ticinese esposto a sud. Il progetto fornisce inoltre un contributo mirato all\u2019interconnessione di due zone ecologiche limitrofe, il laghetto di Muzzano e il bosco di Breganzona. Il progetto complessivo copre tutti gli aspetti della sostenibilit\u00e0, non solo ecologici ma anche sociali ed economici. Per quanto riguarda l\u2019ambito della societ\u00e0, la creazione del centro di quartiere \u00abLa Cascina\u00bb, ricavato da una vecchia casa contadina ristrutturata, ha regalato un luogo d\u2019incontro che risponde alle esigenze della popolazione locale, consentendo di organizzare manifestazioni e dare sostegno ai rifugiati nella loro integrazione. L\u2019impostazione pregevole del complesso abitativo contribuisce parimenti a fare in modo che il progetto, che comprende 300 appartamenti in affitto e di propriet\u00e0, sia redditizio economicamente.<\/p>\n<\/div>\n<\/div>\n","protected":false},"excerpt":{"rendered":"<p>Il Premio Binding d\u2019innovazione per la biodiversit\u00e0 2022 al progetto \u00abParco Casarico\u00bb di Sorengo TI Il progetto immobiliare \u00abParco Casarico\u00bb [&hellip;]<\/p>\n","protected":false},"author":1,"featured_media":0,"parent":0,"menu_order":0,"comment_status":"closed","ping_status":"closed","template":"","meta":{"_acf_changed":false,"_uag_custom_page_level_css":"","footnotes":""},"class_list":["post-2764","page","type-page","status-publish","hentry"],"acf":{"photo_gallery":{"sliderbilder":[[{"id":2753,"title":"DMS_02","caption":"","full_image_url":"https:\/\/dev.preis-biodiversitaet.ch\/wp-content\/uploads\/2022\/10\/DMS_02-scaled.jpg","thumbnail_image_url":"https:\/\/dev.preis-biodiversitaet.ch\/wp-content\/uploads\/2022\/10\/DMS_02-150x150.jpg","large_srcset":"https:\/\/dev.preis-biodiversitaet.ch\/wp-content\/uploads\/2022\/10\/DMS_02-1024x768.jpg 1024w, https:\/\/dev.preis-biodiversitaet.ch\/wp-content\/uploads\/2022\/10\/DMS_02-300x225.jpg 300w, https:\/\/dev.preis-biodiversitaet.ch\/wp-content\/uploads\/2022\/10\/DMS_02-768x576.jpg 768w, https:\/\/dev.preis-biodiversitaet.ch\/wp-content\/uploads\/2022\/10\/DMS_02-1536x1152.jpg 1536w, https:\/\/dev.preis-biodiversitaet.ch\/wp-content\/uploads\/2022\/10\/DMS_02-2048x1536.jpg 2048w","medium_srcset":"https:\/\/dev.preis-biodiversitaet.ch\/wp-content\/uploads\/2022\/10\/DMS_02-300x225.jpg 300w, https:\/\/dev.preis-biodiversitaet.ch\/wp-content\/uploads\/2022\/10\/DMS_02-1024x768.jpg 1024w, https:\/\/dev.preis-biodiversitaet.ch\/wp-content\/uploads\/2022\/10\/DMS_02-768x576.jpg 768w, https:\/\/dev.preis-biodiversitaet.ch\/wp-content\/uploads\/2022\/10\/DMS_02-1536x1152.jpg 1536w, https:\/\/dev.preis-biodiversitaet.ch\/wp-content\/uploads\/2022\/10\/DMS_02-2048x1536.jpg 2048w","media_details":{"width":2560,"height":1920,"sizes":{"medium":{"file":"DMS_02-300x225.jpg","width":300,"height":225,"mime-type":"image\/jpeg","filesize":35135,"source_url":"https:\/\/dev.preis-biodiversitaet.ch\/wp-content\/uploads\/2022\/10\/DMS_02-300x225.jpg"},"large":{"file":"DMS_02-1024x768.jpg","width":1024,"height":768,"mime-type":"image\/jpeg","filesize":217178,"source_url":"https:\/\/dev.preis-biodiversitaet.ch\/wp-content\/uploads\/2022\/10\/DMS_02-1024x768.jpg"},"thumbnail":{"file":"DMS_02-150x150.jpg","width":150,"height":150,"mime-type":"image\/jpeg","filesize":22711,"source_url":"https:\/\/dev.preis-biodiversitaet.ch\/wp-content\/uploads\/2022\/10\/DMS_02-150x150.jpg"},"medium_large":{"file":"DMS_02-768x576.jpg","width":768,"height":576,"mime-type":"image\/jpeg","filesize":131977,"source_url":"https:\/\/dev.preis-biodiversitaet.ch\/wp-content\/uploads\/2022\/10\/DMS_02-768x576.jpg"},"1536x1536":{"file":"DMS_02-1536x1152.jpg","width":1536,"height":1152,"mime-type":"image\/jpeg","filesize":450056,"source_url":"https:\/\/dev.preis-biodiversitaet.ch\/wp-content\/uploads\/2022\/10\/DMS_02-1536x1152.jpg"},"2048x2048":{"file":"DMS_02-2048x1536.jpg","width":2048,"height":1536,"mime-type":"image\/jpeg","filesize":755524,"source_url":"https:\/\/dev.preis-biodiversitaet.ch\/wp-content\/uploads\/2022\/10\/DMS_02-2048x1536.jpg"}}},"alt_text":"Parco Casarico - Binding Anerkennungspreis f\u00fcr Biodiversit\u00e4t 2022","url":"","target":""}]]}},"uagb_featured_image_src":{"full":false,"thumbnail":false,"medium":false,"medium_large":false,"large":false,"1536x1536":false,"2048x2048":false,"gform-image-choice-sm":false,"gform-image-choice-md":false,"gform-image-choice-lg":false},"uagb_author_info":{"display_name":"gally","author_link":"https:\/\/dev.preis-biodiversitaet.ch\/it\/author\/gally\/"},"uagb_comment_info":0,"uagb_excerpt":"Il Premio Binding d\u2019innovazione per la biodiversit\u00e0 2022 al progetto \u00abParco Casarico\u00bb di Sorengo TI Il progetto immobiliare \u00abParco Casarico\u00bb [&hellip;]","_links":{"self":[{"href":"https:\/\/dev.preis-biodiversitaet.ch\/it\/wp-json\/wp\/v2\/pages\/2764","targetHints":{"allow":["GET"]}}],"collection":[{"href":"https:\/\/dev.preis-biodiversitaet.ch\/it\/wp-json\/wp\/v2\/pages"}],"about":[{"href":"https:\/\/dev.preis-biodiversitaet.ch\/it\/wp-json\/wp\/v2\/types\/page"}],"author":[{"embeddable":true,"href":"https:\/\/dev.preis-biodiversitaet.ch\/it\/wp-json\/wp\/v2\/users\/1"}],"replies":[{"embeddable":true,"href":"https:\/\/dev.preis-biodiversitaet.ch\/it\/wp-json\/wp\/v2\/comments?post=2764"}],"version-history":[{"count":4,"href":"https:\/\/dev.preis-biodiversitaet.ch\/it\/wp-json\/wp\/v2\/pages\/2764\/revisions"}],"predecessor-version":[{"id":3099,"href":"https:\/\/dev.preis-biodiversitaet.ch\/it\/wp-json\/wp\/v2\/pages\/2764\/revisions\/3099"}],"wp:attachment":[{"href":"https:\/\/dev.preis-biodiversitaet.ch\/it\/wp-json\/wp\/v2\/media?parent=2764"}],"curies":[{"name":"wp","href":"https:\/\/api.w.org\/{rel}","templated":true}]}}