{"id":2597,"date":"2022-08-29T16:11:33","date_gmt":"2022-08-29T14:11:33","guid":{"rendered":"https:\/\/www.preis-biodiversitaet.ch\/?page_id=2597"},"modified":"2023-05-25T10:01:03","modified_gmt":"2023-05-25T08:01:03","slug":"laureato-2022","status":"publish","type":"page","link":"https:\/\/dev.preis-biodiversitaet.ch\/it\/laureato-2022\/","title":{"rendered":"Il secondo premio Binding per la biodiversit\u00e0 va a &#8220;La natura ha bisogno della citt\u00e0&#8221; di Stadtgr\u00fcn Bern"},"content":{"rendered":"\n<div class=\"wp-block-columns is-layout-flex wp-container-core-columns-is-layout-9d6595d7 wp-block-columns-is-layout-flex\">\n<div class=\"wp-block-column is-layout-flow wp-block-column-is-layout-flow\">\n<figure class=\"wp-block-embed is-type-video is-provider-youtube wp-block-embed-youtube wp-embed-aspect-16-9 wp-has-aspect-ratio\"><div class=\"wp-block-embed__wrapper\">\n<iframe loading=\"lazy\" title=\"Binding Preis f\u00fcr Biodiversit\u00e4t 2022 - Projekt &quot;Natur braucht Stadt&quot; von Stadtgr\u00fcn Bern\" width=\"768\" height=\"432\" src=\"https:\/\/www.youtube.com\/embed\/0EZJ0Q_wgw8?feature=oembed\" frameborder=\"0\" allow=\"accelerometer; autoplay; clipboard-write; encrypted-media; gyroscope; picture-in-picture\" allowfullscreen><\/iframe>\n<\/div><\/figure>\n<\/div>\n\n\n\n<div class=\"wp-block-column is-layout-flow wp-block-column-is-layout-flow\">\n<h5 class=\"wp-block-heading\"><strong><strong>L\u2019anno tematico \u201cLa natura ha bisogno della citt\u00e0 \u2013 pi\u00f9 biodiversit\u00e0 a Berna\u201d viene premiato con 100\u2019000 franchi quale progetto d\u2019eccezione a favore della biodiversit\u00e0 nelle aree urbane. Grazie a un impegno straordinario e a un mix originale di misure, i responsabili sono riusciti a sensibilizzare svariati attori al di l\u00e0 delle convenzioni sociali e ad aumentare in modo duraturo la diversit\u00e0 naturale della citt\u00e0.<\/strong><\/strong><\/h5>\n<\/div>\n<\/div>\n\n\n\n<div class=\"wp-block-columns is-layout-flex wp-container-core-columns-is-layout-9d6595d7 wp-block-columns-is-layout-flex\">\n<div class=\"wp-block-column is-layout-flow wp-block-column-is-layout-flow\">\n<p>Tra i 22 progetti presentati, il premio Binding per la biodiversit\u00e0, indetto per la seconda volta e dell\u2019ammontare di 100\u2019000.- franchi, \u00e8 stato assegnato al progetto \u201cLa natura ha bisogno della citt\u00e0\u201d (Natur braucht Stadt) di Stadtgr\u00fcn Bern. Organizzato come anno tematico, il progetto ha riscosso un grande successo. Stadtgr\u00fcn Bern e il suo servizio specializzato Natura ed ecologia, grazie a una serie di azioni innovative e interessanti, sono riusciti a coinvolgere le istituzioni, le organizzazioni e le persone pi\u00f9 disparate a favore di un obiettivo comune: la promozione della biodiversit\u00e0.&nbsp;<\/p>\n\n\n\n<p><strong>Riduzione delle superfici impermeabili e valorizzazione ecologica delle aree urbane<\/strong><\/p>\n\n\n\n<p>Un aspetto importante del progetto \u00e8 stata la riqualificazione degli spazi pubblici. Nella zona ovest di Berna sono state demolite diverse superfici asfaltate e sostituite da una flora autoctona. Sono stati inoltre costruiti stagni per anfibi, terreni sono stati trasformati in prati, sono stati piantati cespugli naturali, le siepi sono state lasciate, creando cumuli di pietre e rami come rifugio per gli animali nei parchi e lungo le strisce di prato ai lati delle strade.&nbsp;<\/p>\n\n\n\n<p><strong>Impatto sostenibile<\/strong><\/p>\n\n\n\n<p>Parte integrante e frutto della visione ispiratrice del concetto generale di biodiversit\u00e0 della citt\u00e0 di Berna, \u201cLa natura ha bisogno della citt\u00e0\u201d ha messo in contatto molti attori con idee e partner. Il progetto avr\u00e0 dunque sicuramente un impatto molto duraturo, ben oltre l\u2019anno tematico 2021. Il manuale pratico sulla biodiversit\u00e0 \u201cBerner Praxishandbuch Biodiversit\u00e4t\u201d, pubblicato in occasione dell\u2019anno tematico, \u00e8 gi\u00e0 considerato un\u2019opera fondamentale e la sua diffusione ha superato di molto i confini della citt\u00e0 di Berna.<\/p>\n<\/div>\n\n\n\n<div class=\"wp-block-column is-layout-flow wp-block-column-is-layout-flow\">\n<p><strong>Privati, organizzazioni o un museo: tutti coinvolti<\/strong><\/p>\n\n\n\n<p>Oltre a diversi uffici comunali, hanno partecipato tra l\u2019altro il Museo di storia naturale, il Tierpark di Berna, il Giardino botanico, diverse organizzazioni, ma anche molti privati, con i loro giardini urbani e da balcone. Le misure comprendevano la riqualificazione ecologica di spazi pubblici e privati e oltre 50 eventi, fra cui visite guidate, mostre, concerti.&nbsp;<\/p>\n\n\n\n<p><strong>Dalla consapevolezza all\u2019azione per i privati<\/strong><\/p>\n\n\n\n<p>Sette passeggiate urbane con 80 pannelli informativi, combinate con una mappa interattiva della citt\u00e0 e integrate da interventi artistici, hanno mostrato quanto sia preziosa la natura urbana. Le azioni \u201cGiardino della biodiversit\u00e0\u201d e \u201cBalcone della biodiversit\u00e0\u201d hanno incoraggiato i privati a ristrutturare i propri giardini e balconi. \u201cKlimaBalkon\u201d (Il balcone del clima) ha permesso di illustrare il rapporto tra biodiversit\u00e0, miglioramento del clima locale e qualit\u00e0 della vita. Un manuale pratico ha fornito le conoscenze di base necessarie. \u201cCon \u2018La natura ha bisogno della citt\u00e0\u2019 siamo lieti di premiare un progetto che, grazie a un approccio sistemico e integrato, \u00e8 riuscito a raggiungere un\u2019ampia fetta della popolazione\u201d, afferma Peter Lehmann, vicepresidente della giuria del premio.<\/p>\n\n\n\n<p><strong>Grande gioia per la citt\u00e0 di Berna<\/strong><\/p>\n\n\n\n<p>La citt\u00e0 di Berna \u00e8 particolarmente soddisfatta dell\u2019importante riconoscimento. \u201cIl premio riconosce il grande impegno di Stadtgr\u00fcn Bern nell\u2019ambito dell\u2019anno tematico, attraverso la promozione di molte iniziative a favore della diversit\u00e0 naturale\u201d, afferma Marieke Kruit, consigliera comunale e direttrice del Dipartimento dell\u2019edilizia, dei trasporti e del verde urbano della citt\u00e0 di Berna.<\/p>\n<\/div>\n<\/div>\n\n\n\n<div style=\"height:100px\" aria-hidden=\"true\" class=\"wp-block-spacer\"><\/div>\n\n\n\n<h2 class=\"wp-block-heading\">Foto<\/h2>\n\n\n\n<div class=\"wp-block-columns is-layout-flex wp-container-core-columns-is-layout-9d6595d7 wp-block-columns-is-layout-flex\">\n<div class=\"wp-block-column is-layout-flow wp-block-column-is-layout-flow\">\n<figure class=\"wp-block-gallery has-nested-images columns-default is-cropped wp-block-gallery-1 is-layout-flex wp-block-gallery-is-layout-flex\">\n<figure class=\"wp-block-image size-large\"><img loading=\"lazy\" decoding=\"async\" width=\"1024\" height=\"683\" data-id=\"2310\" src=\"https:\/\/www.preis-biodiversitaet.ch\/wp-content\/uploads\/2022\/08\/BindingPreis-Fussgaengerzone-Buempliz-1024x683.jpg\" alt=\"\" class=\"wp-image-2310\" srcset=\"https:\/\/dev.preis-biodiversitaet.ch\/wp-content\/uploads\/2022\/08\/BindingPreis-Fussgaengerzone-Buempliz-1024x683.jpg 1024w, https:\/\/dev.preis-biodiversitaet.ch\/wp-content\/uploads\/2022\/08\/BindingPreis-Fussgaengerzone-Buempliz-300x200.jpg 300w, https:\/\/dev.preis-biodiversitaet.ch\/wp-content\/uploads\/2022\/08\/BindingPreis-Fussgaengerzone-Buempliz-768x512.jpg 768w, https:\/\/dev.preis-biodiversitaet.ch\/wp-content\/uploads\/2022\/08\/BindingPreis-Fussgaengerzone-Buempliz-1536x1024.jpg 1536w, https:\/\/dev.preis-biodiversitaet.ch\/wp-content\/uploads\/2022\/08\/BindingPreis-Fussgaengerzone-Buempliz-2048x1365.jpg 2048w\" sizes=\"auto, (max-width: 1024px) 100vw, 1024px\" \/><figcaption class=\"wp-element-caption\">La citt\u00e0 verde di Berna ha creato graditi posti all\u2019ombra sotto alberi resistenti al calore nella zona pedonale di B\u00fcmpliz e ha generato un clima piacevole con ampie superfici aperte.<br>(Photo \u00a9 Stefanie W\u00fcrsch) <\/figcaption><\/figure>\n\n\n\n<figure class=\"wp-block-image size-large\"><img loading=\"lazy\" decoding=\"async\" width=\"1024\" height=\"683\" data-id=\"2313\" src=\"https:\/\/www.preis-biodiversitaet.ch\/wp-content\/uploads\/2022\/08\/2_BindingPreis-Ansermetplatz-Foto-S-Wuersch-1024x683.jpg\" alt=\"\" class=\"wp-image-2313\" srcset=\"https:\/\/dev.preis-biodiversitaet.ch\/wp-content\/uploads\/2022\/08\/2_BindingPreis-Ansermetplatz-Foto-S-Wuersch-1024x683.jpg 1024w, https:\/\/dev.preis-biodiversitaet.ch\/wp-content\/uploads\/2022\/08\/2_BindingPreis-Ansermetplatz-Foto-S-Wuersch-300x200.jpg 300w, https:\/\/dev.preis-biodiversitaet.ch\/wp-content\/uploads\/2022\/08\/2_BindingPreis-Ansermetplatz-Foto-S-Wuersch-768x512.jpg 768w, https:\/\/dev.preis-biodiversitaet.ch\/wp-content\/uploads\/2022\/08\/2_BindingPreis-Ansermetplatz-Foto-S-Wuersch-1536x1024.jpg 1536w, https:\/\/dev.preis-biodiversitaet.ch\/wp-content\/uploads\/2022\/08\/2_BindingPreis-Ansermetplatz-Foto-S-Wuersch-2048x1365.jpg 2048w\" sizes=\"auto, (max-width: 1024px) 100vw, 1024px\" \/><figcaption class=\"wp-element-caption\">Nell\u2019anno tematico \u00abLa natura ha bisogno della citt\u00e0\u00bb, \u00e8 stato frantumato l\u2019asfalto della piazza Ansermet, per richiamare l\u2019attenzione sull\u2019eccessiva impermeabilizzazione di suoli pregiati.<br><\/figcaption><\/figure>\n\n\n\n<figure class=\"wp-block-image size-large\"><img loading=\"lazy\" decoding=\"async\" width=\"1024\" height=\"683\" data-id=\"2316\" src=\"https:\/\/www.preis-biodiversitaet.ch\/wp-content\/uploads\/2022\/08\/3_BindingPreis-Froeschmatt-Foto-S-Wuersch-1024x683.jpg\" alt=\"\" class=\"wp-image-2316\" srcset=\"https:\/\/dev.preis-biodiversitaet.ch\/wp-content\/uploads\/2022\/08\/3_BindingPreis-Froeschmatt-Foto-S-Wuersch-1024x683.jpg 1024w, https:\/\/dev.preis-biodiversitaet.ch\/wp-content\/uploads\/2022\/08\/3_BindingPreis-Froeschmatt-Foto-S-Wuersch-300x200.jpg 300w, https:\/\/dev.preis-biodiversitaet.ch\/wp-content\/uploads\/2022\/08\/3_BindingPreis-Froeschmatt-Foto-S-Wuersch-768x512.jpg 768w, https:\/\/dev.preis-biodiversitaet.ch\/wp-content\/uploads\/2022\/08\/3_BindingPreis-Froeschmatt-Foto-S-Wuersch-1536x1024.jpg 1536w, https:\/\/dev.preis-biodiversitaet.ch\/wp-content\/uploads\/2022\/08\/3_BindingPreis-Froeschmatt-Foto-S-Wuersch-2048x1365.jpg 2048w\" sizes=\"auto, (max-width: 1024px) 100vw, 1024px\" \/><figcaption class=\"wp-element-caption\">Promozione della biodiversit\u00e0 negli insediamenti \u2013 una situazione vantaggiosa per tutti: pregevoli aree rurali per una maggiore biodiversit\u00e0 e allo stesso tempo luogo di gioco preferito per i bambini.<br>(Photo \u00a9 Stefanie W\u00fcrsch) <\/figcaption><\/figure>\n\n\n\n<figure class=\"wp-block-image size-large\"><img loading=\"lazy\" decoding=\"async\" width=\"1024\" height=\"683\" data-id=\"2319\" src=\"https:\/\/www.preis-biodiversitaet.ch\/wp-content\/uploads\/2022\/08\/4_BindingPreis-Stoeckacker-Foto-S-Wuersch-1024x683.jpg\" alt=\"\" class=\"wp-image-2319\" srcset=\"https:\/\/dev.preis-biodiversitaet.ch\/wp-content\/uploads\/2022\/08\/4_BindingPreis-Stoeckacker-Foto-S-Wuersch-1024x683.jpg 1024w, https:\/\/dev.preis-biodiversitaet.ch\/wp-content\/uploads\/2022\/08\/4_BindingPreis-Stoeckacker-Foto-S-Wuersch-300x200.jpg 300w, https:\/\/dev.preis-biodiversitaet.ch\/wp-content\/uploads\/2022\/08\/4_BindingPreis-Stoeckacker-Foto-S-Wuersch-768x512.jpg 768w, https:\/\/dev.preis-biodiversitaet.ch\/wp-content\/uploads\/2022\/08\/4_BindingPreis-Stoeckacker-Foto-S-Wuersch-1536x1024.jpg 1536w, https:\/\/dev.preis-biodiversitaet.ch\/wp-content\/uploads\/2022\/08\/4_BindingPreis-Stoeckacker-Foto-S-Wuersch-2048x1365.jpg 2048w\" sizes=\"auto, (max-width: 1024px) 100vw, 1024px\" \/><figcaption class=\"wp-element-caption\">Il design naturale dell\u2019immobile St\u00f6ckacker S\u00fcd invita grandi e piccini a soffermarsi e giocare.<\/figcaption><\/figure>\n\n\n\n<figure class=\"wp-block-image size-large\"><img loading=\"lazy\" decoding=\"async\" width=\"1024\" height=\"683\" data-id=\"2322\" src=\"https:\/\/www.preis-biodiversitaet.ch\/wp-content\/uploads\/2022\/08\/5-BindingPreis-Bremgartenfriedhof-Foto-S-Wuersch-1024x683.jpg\" alt=\"\" class=\"wp-image-2322\" srcset=\"https:\/\/dev.preis-biodiversitaet.ch\/wp-content\/uploads\/2022\/08\/5-BindingPreis-Bremgartenfriedhof-Foto-S-Wuersch-1024x683.jpg 1024w, https:\/\/dev.preis-biodiversitaet.ch\/wp-content\/uploads\/2022\/08\/5-BindingPreis-Bremgartenfriedhof-Foto-S-Wuersch-300x200.jpg 300w, https:\/\/dev.preis-biodiversitaet.ch\/wp-content\/uploads\/2022\/08\/5-BindingPreis-Bremgartenfriedhof-Foto-S-Wuersch-768x512.jpg 768w, https:\/\/dev.preis-biodiversitaet.ch\/wp-content\/uploads\/2022\/08\/5-BindingPreis-Bremgartenfriedhof-Foto-S-Wuersch-1536x1024.jpg 1536w, https:\/\/dev.preis-biodiversitaet.ch\/wp-content\/uploads\/2022\/08\/5-BindingPreis-Bremgartenfriedhof-Foto-S-Wuersch-2048x1365.jpg 2048w\" sizes=\"auto, (max-width: 1024px) 100vw, 1024px\" \/><figcaption class=\"wp-element-caption\">Una delle sette passeggiate cittadine dell\u2019anno tematico passava attraverso il cimitero del Bremgarten. L\u00ec, un laghetto nel mezzo dell\u2019area insediativa offre un prezioso habitat per anfibi e libellule.<br>( Photo \u00a9 Stefanie W\u00fcrsch) <\/figcaption><\/figure>\n\n\n\n<figure class=\"wp-block-image size-large\"><img loading=\"lazy\" decoding=\"async\" width=\"1024\" height=\"460\" data-id=\"2337\" src=\"https:\/\/www.preis-biodiversitaet.ch\/wp-content\/uploads\/2022\/08\/6-BindingPreis-Bremgartenfriedhof-Foto-S-Tschaeppeler-Ausschnitt-1024x460.jpg\" alt=\"\" class=\"wp-image-2337\" srcset=\"https:\/\/dev.preis-biodiversitaet.ch\/wp-content\/uploads\/2022\/08\/6-BindingPreis-Bremgartenfriedhof-Foto-S-Tschaeppeler-Ausschnitt-1024x460.jpg 1024w, https:\/\/dev.preis-biodiversitaet.ch\/wp-content\/uploads\/2022\/08\/6-BindingPreis-Bremgartenfriedhof-Foto-S-Tschaeppeler-Ausschnitt-300x135.jpg 300w, https:\/\/dev.preis-biodiversitaet.ch\/wp-content\/uploads\/2022\/08\/6-BindingPreis-Bremgartenfriedhof-Foto-S-Tschaeppeler-Ausschnitt-768x345.jpg 768w, https:\/\/dev.preis-biodiversitaet.ch\/wp-content\/uploads\/2022\/08\/6-BindingPreis-Bremgartenfriedhof-Foto-S-Tschaeppeler-Ausschnitt-1536x691.jpg 1536w, https:\/\/dev.preis-biodiversitaet.ch\/wp-content\/uploads\/2022\/08\/6-BindingPreis-Bremgartenfriedhof-Foto-S-Tschaeppeler-Ausschnitt-2048x921.jpg 2048w\" sizes=\"auto, (max-width: 1024px) 100vw, 1024px\" \/><figcaption class=\"wp-element-caption\">I letti paludosi e le acque stagnanti \u2013 dalle pozzanghere ai laghetti \u2013 sono importanti habitat e vie di passaggio tra i biotopi negli insediamenti.<br>( Photo \u00a9 Stefanie W\u00fcrsch) <\/figcaption><\/figure>\n<\/figure>\n<\/div>\n<\/div>\n\n\n\n<div class=\"wp-block-file\"><a id=\"wp-block-file--media-fca41fa8-95f3-451d-8dbb-aaaf1bcd7030\" href=\"https:\/\/www.preis-biodiversitaet.ch\/wp-content\/uploads\/2022\/08\/2021-08-15-comunicato-stampa-premio-binding-per-la-biodiversita-2022-def-1.pdf\">2021-08-15-comunicato-stampa-premio-binding-per-la-biodiversita-2022-def-1<\/a><a href=\"https:\/\/www.preis-biodiversitaet.ch\/wp-content\/uploads\/2022\/08\/2021-08-15-comunicato-stampa-premio-binding-per-la-biodiversita-2022-def-1.pdf\" class=\"wp-block-file__button wp-element-button\" download aria-describedby=\"wp-block-file--media-fca41fa8-95f3-451d-8dbb-aaaf1bcd7030\">Comunicato stampa del 16 agosto 2022<\/a><\/div>\n\n\n\n<p>Le foto della cerimonia di premiazione sono disponibili <a href=\"https:\/\/www.preis-biodiversitaet.ch\/it\/immagini-cerimonia-di-premiazione-2022\/\" title=\"\">a questo link.<\/a> <\/p>\n\n\n\n<div style=\"height:100px\" aria-hidden=\"true\" class=\"wp-block-spacer\"><\/div>\n\n\n\n<h2 class=\"wp-block-heading\">Rassegna stampa<\/h2>\n\n\n\n<figure class=\"wp-block-table is-style-stripes\"><table><tbody><tr><td>Ticino News<\/td><td><a href=\"https:\/\/www.ticinonews.ch\/svizzera\/assegnato-il-premio-binding-per-la-biodiversita-2022-366570\" target=\"_blank\" rel=\"noopener\">ASSEGNATO IL PREMIO BINDING PER LA BIODIVERSIT\u00c0 2022<\/a><\/td><\/tr><\/tbody><\/table><\/figure>\n\n\n\n<div style=\"height:100px\" aria-hidden=\"true\" class=\"wp-block-spacer\"><\/div>\n\n\n\n<h2 class=\"wp-block-heading\">Cerimonia di premiazione ed evento specialistico &#8220;Urbanit\u00e0 e natura &#8211; una contraddizione?&#8221;<\/h2>\n\n\n\n<div class=\"wp-block-columns is-layout-flex wp-container-core-columns-is-layout-9d6595d7 wp-block-columns-is-layout-flex\">\n<div class=\"wp-block-column is-layout-flow wp-block-column-is-layout-flow\">\n<figure class=\"wp-block-embed is-type-video is-provider-youtube wp-block-embed-youtube wp-embed-aspect-16-9 wp-has-aspect-ratio\"><div class=\"wp-block-embed__wrapper\">\n<iframe loading=\"lazy\" title=\"Natur braucht Stadt: Verleihung Binding Preis 2022\" width=\"768\" height=\"432\" src=\"https:\/\/www.youtube.com\/embed\/ys2olVmiYGY?feature=oembed\" frameborder=\"0\" allow=\"accelerometer; autoplay; clipboard-write; encrypted-media; gyroscope; picture-in-picture\" allowfullscreen><\/iframe>\n<\/div><\/figure>\n<\/div>\n\n\n\n<div class=\"wp-block-column is-layout-flow wp-block-column-is-layout-flow\">\n<p>La <strong>cerimonia di premiazione<\/strong> del <strong>2022<\/strong> si \u00e8 svolta luned\u00ec 12 settembre 2022 nella grande Orangerie dell&#8217;Elfenau, Elfenauweg 94, 3006 Berna.<\/p>\n\n\n\n<p>\u00c8 stato introdotto da una conferenza e da una tavola rotonda.<\/p>\n<\/div>\n<\/div>\n\n\n\n<div class=\"wp-block-file\"><a id=\"wp-block-file--media-a0795a04-d493-4727-9a1a-7f9ae7cd25e8\" href=\"https:\/\/www.preis-biodiversitaet.ch\/wp-content\/uploads\/2022\/08\/Binding-Preis-Einladungskarte.pdf\">Einladungskarte Preisverleihung und Fachveranstaltung<\/a><a href=\"https:\/\/www.preis-biodiversitaet.ch\/wp-content\/uploads\/2022\/08\/Binding-Preis-Einladungskarte.pdf\" class=\"wp-block-file__button wp-element-button\" aria-describedby=\"wp-block-file--media-a0795a04-d493-4727-9a1a-7f9ae7cd25e8\" download>Scarica<\/a><\/div>\n\n\n\n<div class=\"wp-block-file\"><a id=\"wp-block-file--media-a0795a04-d493-4727-9a1a-7f9ae7cd25e8\" href=\"https:\/\/www.preis-biodiversitaet.ch\/wp-content\/uploads\/2022\/09\/Kowarik-Bern-2022-final1.pptx\">PowerPoint-Pr\u00e4sentation des Vortrags von Prof. Dr. Ingo Kowarik<\/a><a href=\"https:\/\/www.preis-biodiversitaet.ch\/wp-content\/uploads\/2022\/09\/Kowarik-Bern-2022-final1.pptx\" class=\"wp-block-file__button wp-element-button\" aria-describedby=\"wp-block-file--media-a0795a04-d493-4727-9a1a-7f9ae7cd25e8\" download>Scarica<\/a><\/div>\n\n\n\n<div style=\"height:100px\" aria-hidden=\"true\" class=\"wp-block-spacer\"><\/div>\n\n\n\n<h2 class=\"wp-block-heading\" id=\"downloads\"><strong>Scoprite i progetti presentati nel 2021 e 2022!<\/strong><\/h2>\n\n\n\n<p>Oltre al progetto vincitore, abbiamo ricevuto altre candidature interessanti, tra le quali la fondazione ha selezionato circa 100 progetti. Per saperne di pi\u00f9 su questi progetti creativi e variegati per la biodiversit\u00e0 urbana, consultate la banca dati che mettiamo a disposizione in collaborazione con la campagna &#8220;Mission B&#8221; (nota su SRF). Tutti i progetti sono presentati con foto, una breve descrizione, obiettivi e misure. Vi invitiamo a fare lo stesso!<\/p>\n\n\n\n<p><a href=\"https:\/\/missionb.ch\/binding-preis\" target=\"_blank\" rel=\"noreferrer noopener nofollow\">Cliquez ici pour d\u00e9couvrir les projets de promotion de la biodiversit\u00e9 sur missionb.ch !<\/a><\/p>\n\n\n\n<div class=\"wp-block-columns is-layout-flex wp-container-core-columns-is-layout-9d6595d7 wp-block-columns-is-layout-flex\">\n<div class=\"wp-block-column is-layout-flow wp-block-column-is-layout-flow\"><\/div>\n\n\n\n<div class=\"wp-block-column is-layout-flow wp-block-column-is-layout-flow\"><\/div>\n<\/div>\n\n\n\n<div class=\"wp-block-columns is-layout-flex wp-container-core-columns-is-layout-9d6595d7 wp-block-columns-is-layout-flex\">\n<div class=\"wp-block-column is-layout-flow wp-block-column-is-layout-flow\"><\/div>\n\n\n\n<div class=\"wp-block-column is-layout-flow wp-block-column-is-layout-flow\"><\/div>\n<\/div>\n","protected":false},"excerpt":{"rendered":"<p>L\u2019anno tematico \u201cLa natura ha bisogno della citt\u00e0 \u2013 pi\u00f9 biodiversit\u00e0 a Berna\u201d viene premiato con 100\u2019000 franchi quale progetto [&hellip;]<\/p>\n","protected":false},"author":7,"featured_media":0,"parent":0,"menu_order":0,"comment_status":"closed","ping_status":"closed","template":"","meta":{"_acf_changed":false,"_uag_custom_page_level_css":"","footnotes":""},"class_list":["post-2597","page","type-page","status-publish","hentry"],"acf":{"photo_gallery":{"sliderbilder":[[{"id":2320,"title":"4_BindingPreis-Stoeckacker-Foto-S-Wuersch","caption":"","full_image_url":"https:\/\/dev.preis-biodiversitaet.ch\/wp-content\/uploads\/2022\/08\/4_BindingPreis-Stoeckacker-Foto-S-Wuersch-scaled.jpg","thumbnail_image_url":"https:\/\/dev.preis-biodiversitaet.ch\/wp-content\/uploads\/2022\/08\/4_BindingPreis-Stoeckacker-Foto-S-Wuersch-150x150.jpg","large_srcset":"https:\/\/dev.preis-biodiversitaet.ch\/wp-content\/uploads\/2022\/08\/4_BindingPreis-Stoeckacker-Foto-S-Wuersch-1024x683.jpg 1024w, https:\/\/dev.preis-biodiversitaet.ch\/wp-content\/uploads\/2022\/08\/4_BindingPreis-Stoeckacker-Foto-S-Wuersch-300x200.jpg 300w, https:\/\/dev.preis-biodiversitaet.ch\/wp-content\/uploads\/2022\/08\/4_BindingPreis-Stoeckacker-Foto-S-Wuersch-768x512.jpg 768w, https:\/\/dev.preis-biodiversitaet.ch\/wp-content\/uploads\/2022\/08\/4_BindingPreis-Stoeckacker-Foto-S-Wuersch-1536x1024.jpg 1536w, https:\/\/dev.preis-biodiversitaet.ch\/wp-content\/uploads\/2022\/08\/4_BindingPreis-Stoeckacker-Foto-S-Wuersch-2048x1365.jpg 2048w","medium_srcset":"https:\/\/dev.preis-biodiversitaet.ch\/wp-content\/uploads\/2022\/08\/4_BindingPreis-Stoeckacker-Foto-S-Wuersch-300x200.jpg 300w, https:\/\/dev.preis-biodiversitaet.ch\/wp-content\/uploads\/2022\/08\/4_BindingPreis-Stoeckacker-Foto-S-Wuersch-1024x683.jpg 1024w, https:\/\/dev.preis-biodiversitaet.ch\/wp-content\/uploads\/2022\/08\/4_BindingPreis-Stoeckacker-Foto-S-Wuersch-768x512.jpg 768w, https:\/\/dev.preis-biodiversitaet.ch\/wp-content\/uploads\/2022\/08\/4_BindingPreis-Stoeckacker-Foto-S-Wuersch-1536x1024.jpg 1536w, https:\/\/dev.preis-biodiversitaet.ch\/wp-content\/uploads\/2022\/08\/4_BindingPreis-Stoeckacker-Foto-S-Wuersch-2048x1365.jpg 2048w","media_details":{"width":2560,"height":1707,"sizes":{"medium":{"file":"4_BindingPreis-Stoeckacker-Foto-S-Wuersch-300x200.jpg","width":300,"height":200,"mime-type":"image\/jpeg","filesize":45238,"source_url":"https:\/\/dev.preis-biodiversitaet.ch\/wp-content\/uploads\/2022\/08\/4_BindingPreis-Stoeckacker-Foto-S-Wuersch-300x200.jpg"},"large":{"file":"4_BindingPreis-Stoeckacker-Foto-S-Wuersch-1024x683.jpg","width":1024,"height":683,"mime-type":"image\/jpeg","filesize":281363,"source_url":"https:\/\/dev.preis-biodiversitaet.ch\/wp-content\/uploads\/2022\/08\/4_BindingPreis-Stoeckacker-Foto-S-Wuersch-1024x683.jpg"},"thumbnail":{"file":"4_BindingPreis-Stoeckacker-Foto-S-Wuersch-150x150.jpg","width":150,"height":150,"mime-type":"image\/jpeg","filesize":30760,"source_url":"https:\/\/dev.preis-biodiversitaet.ch\/wp-content\/uploads\/2022\/08\/4_BindingPreis-Stoeckacker-Foto-S-Wuersch-150x150.jpg"},"medium_large":{"file":"4_BindingPreis-Stoeckacker-Foto-S-Wuersch-768x512.jpg","width":768,"height":512,"mime-type":"image\/jpeg","filesize":169825,"source_url":"https:\/\/dev.preis-biodiversitaet.ch\/wp-content\/uploads\/2022\/08\/4_BindingPreis-Stoeckacker-Foto-S-Wuersch-768x512.jpg"},"1536x1536":{"file":"4_BindingPreis-Stoeckacker-Foto-S-Wuersch-1536x1024.jpg","width":1536,"height":1024,"mime-type":"image\/jpeg","filesize":579166,"source_url":"https:\/\/dev.preis-biodiversitaet.ch\/wp-content\/uploads\/2022\/08\/4_BindingPreis-Stoeckacker-Foto-S-Wuersch-1536x1024.jpg"},"2048x2048":{"file":"4_BindingPreis-Stoeckacker-Foto-S-Wuersch-2048x1365.jpg","width":2048,"height":1365,"mime-type":"image\/jpeg","filesize":965345,"source_url":"https:\/\/dev.preis-biodiversitaet.ch\/wp-content\/uploads\/2022\/08\/4_BindingPreis-Stoeckacker-Foto-S-Wuersch-2048x1365.jpg"}}},"alt_text":"St\u00f6ckacher in der Stadt Bern - Binding Preis f\u00fcr Biodiversit\u00e4t 2022","url":"","target":""}]]}},"uagb_featured_image_src":{"full":false,"thumbnail":false,"medium":false,"medium_large":false,"large":false,"1536x1536":false,"2048x2048":false,"gform-image-choice-sm":false,"gform-image-choice-md":false,"gform-image-choice-lg":false},"uagb_author_info":{"display_name":"Lena Wunderlin","author_link":"https:\/\/dev.preis-biodiversitaet.ch\/it\/author\/lena\/"},"uagb_comment_info":0,"uagb_excerpt":"L\u2019anno tematico \u201cLa natura ha bisogno della citt\u00e0 \u2013 pi\u00f9 biodiversit\u00e0 a Berna\u201d viene premiato con 100\u2019000 franchi quale progetto [&hellip;]","_links":{"self":[{"href":"https:\/\/dev.preis-biodiversitaet.ch\/it\/wp-json\/wp\/v2\/pages\/2597","targetHints":{"allow":["GET"]}}],"collection":[{"href":"https:\/\/dev.preis-biodiversitaet.ch\/it\/wp-json\/wp\/v2\/pages"}],"about":[{"href":"https:\/\/dev.preis-biodiversitaet.ch\/it\/wp-json\/wp\/v2\/types\/page"}],"author":[{"embeddable":true,"href":"https:\/\/dev.preis-biodiversitaet.ch\/it\/wp-json\/wp\/v2\/users\/7"}],"replies":[{"embeddable":true,"href":"https:\/\/dev.preis-biodiversitaet.ch\/it\/wp-json\/wp\/v2\/comments?post=2597"}],"version-history":[{"count":5,"href":"https:\/\/dev.preis-biodiversitaet.ch\/it\/wp-json\/wp\/v2\/pages\/2597\/revisions"}],"predecessor-version":[{"id":3458,"href":"https:\/\/dev.preis-biodiversitaet.ch\/it\/wp-json\/wp\/v2\/pages\/2597\/revisions\/3458"}],"wp:attachment":[{"href":"https:\/\/dev.preis-biodiversitaet.ch\/it\/wp-json\/wp\/v2\/media?parent=2597"}],"curies":[{"name":"wp","href":"https:\/\/api.w.org\/{rel}","templated":true}]}}