{"id":1810,"date":"2021-10-19T14:00:51","date_gmt":"2021-10-19T12:00:51","guid":{"rendered":"https:\/\/www.preis-biodiversitaet.ch\/?page_id=1810"},"modified":"2021-11-22T13:13:47","modified_gmt":"2021-11-22T12:13:47","slug":"il-premio-d-innovazione","status":"publish","type":"page","link":"https:\/\/dev.preis-biodiversitaet.ch\/it\/il-premio-d-innovazione\/","title":{"rendered":"Il Premio d\u2019innovazione Binding per la biodiversit\u00e0 va a Egg e Lichtensteig"},"content":{"rendered":"\n<p>Oltre al &#8220;Premio Binding per la biodiversit\u00e0&#8221; la giuria pu\u00f2 assegnare un premio del valore di 10&#8217;000 franci a progetti particolarmente innovativi. Nel 2021 si sono distinti due progetti per il loro carattere particolarmente innovativo e ricevono il premio ex aequo (5&#8217;000 franchi ciascuno): il progetto &#8220;In den B\u00e4umen&#8221; (Negli alberi) di Simone Baumann Immobilien AG con l&#8217;architetto paesaggista Ramon Grendene e l&#8217;architetto Jan Osterhage a Egg, ZH, nonch\u00e9 il progetto &#8220;Genuss f\u00fcr Mensch und Natur&#8221; (A beneficio dell&#8217;uomo e della natura) del comune di Lichtensteig, SG.<\/p>\n\n\n\n<p>&#8220;In den B\u00e4umen&#8221; prevede un approccio olistico e combina la promozione della biodiversit\u00e0 con diversi aspetti dell&#8217;edilizia sostenibile e della Community Building per i suoi residenti. &#8220;Genuss f\u00fcr Mensch und Natur&#8221; rende tangibile la diversit\u00e0 delle piante per la popolazione attraverso i sensi e lo fa in modo esemplare. Il progetto rappresenta anche un nuovo approccio alla gestione della comunit\u00e0, che consente alla popolazione di partecipare alla costruzione del proprio ambiente di vita.<\/p>\n\n\n\n<p><a href=\"http:\/\/www.preis-biodiversitaet.ch\/innovationspreis\">Ulteriori informazioni sul Premio d&#8217;innovazione (in tedesco)<\/a><\/p>\n\n\n\n<p><\/p>\n\n\n\n<figure class=\"wp-block-gallery columns-2 is-cropped wp-block-gallery-1 is-layout-flex wp-block-gallery-is-layout-flex\"><ul class=\"blocks-gallery-grid\"><li class=\"blocks-gallery-item\"><figure><img loading=\"lazy\" decoding=\"async\" width=\"1024\" height=\"683\" src=\"https:\/\/www.preis-biodiversitaet.ch\/wp-content\/uploads\/2021\/10\/Gemeinde-Lichtensteig-Apothekengarten-selberEssen-bei-Bushaltestelle-2-1024x683.jpg\" alt=\"Binding Innovationspreis f\u00fcr Lichtensteig\" data-id=\"1857\" data-full-url=\"https:\/\/www.preis-biodiversitaet.ch\/wp-content\/uploads\/2021\/10\/Gemeinde-Lichtensteig-Apothekengarten-selberEssen-bei-Bushaltestelle-2-scaled.jpg\" data-link=\"https:\/\/www.preis-biodiversitaet.ch\/it\/?attachment_id=1857\" class=\"wp-image-1857\" srcset=\"https:\/\/dev.preis-biodiversitaet.ch\/wp-content\/uploads\/2021\/10\/Gemeinde-Lichtensteig-Apothekengarten-selberEssen-bei-Bushaltestelle-2-1024x683.jpg 1024w, https:\/\/dev.preis-biodiversitaet.ch\/wp-content\/uploads\/2021\/10\/Gemeinde-Lichtensteig-Apothekengarten-selberEssen-bei-Bushaltestelle-2-300x200.jpg 300w, https:\/\/dev.preis-biodiversitaet.ch\/wp-content\/uploads\/2021\/10\/Gemeinde-Lichtensteig-Apothekengarten-selberEssen-bei-Bushaltestelle-2-768x512.jpg 768w, https:\/\/dev.preis-biodiversitaet.ch\/wp-content\/uploads\/2021\/10\/Gemeinde-Lichtensteig-Apothekengarten-selberEssen-bei-Bushaltestelle-2-1536x1024.jpg 1536w, https:\/\/dev.preis-biodiversitaet.ch\/wp-content\/uploads\/2021\/10\/Gemeinde-Lichtensteig-Apothekengarten-selberEssen-bei-Bushaltestelle-2-2048x1365.jpg 2048w\" sizes=\"auto, (max-width: 1024px) 100vw, 1024px\" \/><figcaption class=\"blocks-gallery-item__caption\">Premio per l\u2019innovazione 2021: Questo orto rialzato accanto a una farmacia alla fermata centrale dell\u2019autobus a Lichtensteig invita le persone a coltivare piante medicinali come il timo o la borragine. Fotografie: ANJF SG, Nicolas Kovi<\/figcaption><\/figure><\/li><li class=\"blocks-gallery-item\"><figure><img loading=\"lazy\" decoding=\"async\" width=\"1024\" height=\"768\" src=\"https:\/\/www.preis-biodiversitaet.ch\/wp-content\/uploads\/2021\/10\/In-den-Baeumen-Gesamtansicht-1024x768.jpg\" alt=\"\" data-id=\"1797\" data-full-url=\"https:\/\/www.preis-biodiversitaet.ch\/wp-content\/uploads\/2021\/10\/In-den-Baeumen-Gesamtansicht-scaled.jpg\" data-link=\"https:\/\/www.preis-biodiversitaet.ch\/?attachment_id=1797\" class=\"wp-image-1799\" srcset=\"https:\/\/dev.preis-biodiversitaet.ch\/wp-content\/uploads\/2021\/10\/In-den-Baeumen-Gesamtansicht-1024x768.jpg 1024w, https:\/\/dev.preis-biodiversitaet.ch\/wp-content\/uploads\/2021\/10\/In-den-Baeumen-Gesamtansicht-300x225.jpg 300w, https:\/\/dev.preis-biodiversitaet.ch\/wp-content\/uploads\/2021\/10\/In-den-Baeumen-Gesamtansicht-768x576.jpg 768w, https:\/\/dev.preis-biodiversitaet.ch\/wp-content\/uploads\/2021\/10\/In-den-Baeumen-Gesamtansicht-1536x1152.jpg 1536w, https:\/\/dev.preis-biodiversitaet.ch\/wp-content\/uploads\/2021\/10\/In-den-Baeumen-Gesamtansicht-2048x1536.jpg 2048w\" sizes=\"auto, (max-width: 1024px) 100vw, 1024px\" \/><figcaption class=\"blocks-gallery-item__caption\">Premio per l&#8217;innovazione 2021: Il progetto &#8220;In den B\u00e4umen&#8221; a Egg ZH combina abilmente la flora autoctona con l&#8217;architettura moderna. Fotografie: Osterhage Riesen Architekten<\/figcaption><\/figure><\/li><li class=\"blocks-gallery-item\"><figure><img loading=\"lazy\" decoding=\"async\" width=\"1024\" height=\"768\" src=\"https:\/\/www.preis-biodiversitaet.ch\/wp-content\/uploads\/2021\/10\/Gemeinde-Lichtensteig_HochbeetGoldigerboden-1024x768.jpg\" alt=\"\" data-id=\"1794\" data-full-url=\"https:\/\/www.preis-biodiversitaet.ch\/wp-content\/uploads\/2021\/10\/Gemeinde-Lichtensteig_HochbeetGoldigerboden-scaled.jpg\" data-link=\"https:\/\/www.preis-biodiversitaet.ch\/?attachment_id=1794\" class=\"wp-image-1796\" srcset=\"https:\/\/dev.preis-biodiversitaet.ch\/wp-content\/uploads\/2021\/10\/Gemeinde-Lichtensteig_HochbeetGoldigerboden-1024x768.jpg 1024w, https:\/\/dev.preis-biodiversitaet.ch\/wp-content\/uploads\/2021\/10\/Gemeinde-Lichtensteig_HochbeetGoldigerboden-300x225.jpg 300w, https:\/\/dev.preis-biodiversitaet.ch\/wp-content\/uploads\/2021\/10\/Gemeinde-Lichtensteig_HochbeetGoldigerboden-768x576.jpg 768w, https:\/\/dev.preis-biodiversitaet.ch\/wp-content\/uploads\/2021\/10\/Gemeinde-Lichtensteig_HochbeetGoldigerboden-1536x1152.jpg 1536w, https:\/\/dev.preis-biodiversitaet.ch\/wp-content\/uploads\/2021\/10\/Gemeinde-Lichtensteig_HochbeetGoldigerboden-2048x1536.jpg 2048w\" sizes=\"auto, (max-width: 1024px) 100vw, 1024px\" \/><figcaption class=\"blocks-gallery-item__caption\">Premio per l&#8217;innovazione 2021: Il progetto \u00abGenuss f\u00fcr Mensch und Natur\u00bb del comune di Lichtensteig SG invita le persone a raccogliere da sole variet\u00e0 di verdure rare. Fotografie: Comune di Lichtensteig \/ Sarah Br\u00fcmmer<\/figcaption><\/figure><\/li><li class=\"blocks-gallery-item\"><figure><img loading=\"lazy\" decoding=\"async\" width=\"1024\" height=\"731\" src=\"https:\/\/www.preis-biodiversitaet.ch\/wp-content\/uploads\/2021\/10\/In-den-Baeumen-7-1024x731.jpg\" alt=\"\" data-id=\"1803\" data-full-url=\"https:\/\/www.preis-biodiversitaet.ch\/wp-content\/uploads\/2021\/10\/In-den-Baeumen-7-scaled.jpg\" data-link=\"https:\/\/www.preis-biodiversitaet.ch\/?attachment_id=1803\" class=\"wp-image-1805\" srcset=\"https:\/\/dev.preis-biodiversitaet.ch\/wp-content\/uploads\/2021\/10\/In-den-Baeumen-7-1024x731.jpg 1024w, https:\/\/dev.preis-biodiversitaet.ch\/wp-content\/uploads\/2021\/10\/In-den-Baeumen-7-300x214.jpg 300w, https:\/\/dev.preis-biodiversitaet.ch\/wp-content\/uploads\/2021\/10\/In-den-Baeumen-7-768x549.jpg 768w, https:\/\/dev.preis-biodiversitaet.ch\/wp-content\/uploads\/2021\/10\/In-den-Baeumen-7-1536x1097.jpg 1536w, https:\/\/dev.preis-biodiversitaet.ch\/wp-content\/uploads\/2021\/10\/In-den-Baeumen-7-2048x1463.jpg 2048w\" sizes=\"auto, (max-width: 1024px) 100vw, 1024px\" \/><figcaption class=\"blocks-gallery-item__caption\">Premio per l&#8217;innovazione 2021: ll progetto &#8220;In den B\u00e4umen&#8221; a Egg ZH crea biodiversit\u00e0 sui tetti piani con habitat per insetti. Fotografie: Osterhage Riesen Architekten<\/figcaption><\/figure><\/li><\/ul><\/figure>\n\n\n\n<h2 class=\"wp-block-heading\">Copertura mediatica<\/h2>\n\n\n\n<figure class=\"wp-block-table is-style-stripes\"><table><tbody><tr><td>Aargauerzeitung<\/td><td><a href=\"https:\/\/www.aargauerzeitung.ch\/ostschweiz\/toggenburg\/biodiversitaet-lichtensteig-macht-der-bevoelkerung-die-natur-schmackhaft-und-gewinnt-einen-innovationspreis-ld.2204408\" target=\"_blank\" rel=\"noopener\">Lichtensteig macht der Bev\u00f6lkerung die Natur schmackhaft \u2013 und gewinnt einen Innovationspreis<\/a><\/td><\/tr><tr><td>Tagblatt<\/td><td><a href=\"https:\/\/www.tagblatt.ch\/ostschweiz\/toggenburg\/biodiversitaet-lichtensteig-macht-der-bevoelkerung-die-natur-schmackhaft-und-gewinnt-einen-innovationspreis-ld.2204408?reduced=true\" target=\"_blank\" rel=\"noreferrer noopener\">Lichtensteig macht der Bev\u00f6lkerung die Natur schmackhaft \u2013 und gewinnt einen Innovationspreis<\/a><\/td><\/tr><tr><td>Solothurner Zeitung<\/td><td><a href=\"https:\/\/www.solothurnerzeitung.ch\/ostschweiz\/toggenburg\/biodiversitaet-lichtensteig-macht-der-bevoelkerung-die-natur-schmackhaft-und-gewinnt-einen-innovationspreis-ld.2204408?reduced=true\" target=\"_blank\" rel=\"noreferrer noopener\">Lichtensteig macht der Bev\u00f6lkerung die Natur schmackhaft \u2013 und gewinnt einen Innovationspreis<\/a><\/td><\/tr><tr><td>Z\u00fcri Ost<\/td><td><a href=\"https:\/\/zueriost.ch\/news\/2021-11-06\/baeumiger-preis-fuer-egger-haeuser-in-den-baeumen\" target=\"_blank\" rel=\"noreferrer noopener\">B\u00e4umiger Preis f\u00fcr Egger \u00abH\u00e4user in den B\u00e4umen\u00bb<\/a><\/td><\/tr><\/tbody><\/table><\/figure>\n","protected":false},"excerpt":{"rendered":"<p>Oltre al &#8220;Premio Binding per la biodiversit\u00e0&#8221; la giuria pu\u00f2 assegnare un premio del valore di 10&#8217;000 franci a progetti [&hellip;]<\/p>\n","protected":false},"author":7,"featured_media":0,"parent":0,"menu_order":0,"comment_status":"closed","ping_status":"closed","template":"","meta":{"_acf_changed":false,"_uag_custom_page_level_css":"","footnotes":""},"class_list":["post-1810","page","type-page","status-publish","hentry"],"acf":{"photo_gallery":{"sliderbilder":[[{"id":1857,"title":"Gemeinde-Lichtensteig-Apothekengarten-selberEssen-bei-Bushaltestelle","caption":"Premio per l\u2019innovazione 2021: Questo orto rialzato accanto a una farmacia alla fermata centrale dell\u2019autobus a Lichtensteig invita le persone a coltivare piante medicinali come il timo o la borragine. ","full_image_url":"https:\/\/dev.preis-biodiversitaet.ch\/wp-content\/uploads\/2021\/10\/Gemeinde-Lichtensteig-Apothekengarten-selberEssen-bei-Bushaltestelle-2-scaled.jpg","thumbnail_image_url":"https:\/\/dev.preis-biodiversitaet.ch\/wp-content\/uploads\/2021\/10\/Gemeinde-Lichtensteig-Apothekengarten-selberEssen-bei-Bushaltestelle-2-150x150.jpg","large_srcset":"https:\/\/dev.preis-biodiversitaet.ch\/wp-content\/uploads\/2021\/10\/Gemeinde-Lichtensteig-Apothekengarten-selberEssen-bei-Bushaltestelle-2-1024x683.jpg 1024w, https:\/\/dev.preis-biodiversitaet.ch\/wp-content\/uploads\/2021\/10\/Gemeinde-Lichtensteig-Apothekengarten-selberEssen-bei-Bushaltestelle-2-300x200.jpg 300w, https:\/\/dev.preis-biodiversitaet.ch\/wp-content\/uploads\/2021\/10\/Gemeinde-Lichtensteig-Apothekengarten-selberEssen-bei-Bushaltestelle-2-768x512.jpg 768w, https:\/\/dev.preis-biodiversitaet.ch\/wp-content\/uploads\/2021\/10\/Gemeinde-Lichtensteig-Apothekengarten-selberEssen-bei-Bushaltestelle-2-1536x1024.jpg 1536w, https:\/\/dev.preis-biodiversitaet.ch\/wp-content\/uploads\/2021\/10\/Gemeinde-Lichtensteig-Apothekengarten-selberEssen-bei-Bushaltestelle-2-2048x1365.jpg 2048w","medium_srcset":"https:\/\/dev.preis-biodiversitaet.ch\/wp-content\/uploads\/2021\/10\/Gemeinde-Lichtensteig-Apothekengarten-selberEssen-bei-Bushaltestelle-2-300x200.jpg 300w, https:\/\/dev.preis-biodiversitaet.ch\/wp-content\/uploads\/2021\/10\/Gemeinde-Lichtensteig-Apothekengarten-selberEssen-bei-Bushaltestelle-2-1024x683.jpg 1024w, https:\/\/dev.preis-biodiversitaet.ch\/wp-content\/uploads\/2021\/10\/Gemeinde-Lichtensteig-Apothekengarten-selberEssen-bei-Bushaltestelle-2-768x512.jpg 768w, https:\/\/dev.preis-biodiversitaet.ch\/wp-content\/uploads\/2021\/10\/Gemeinde-Lichtensteig-Apothekengarten-selberEssen-bei-Bushaltestelle-2-1536x1024.jpg 1536w, https:\/\/dev.preis-biodiversitaet.ch\/wp-content\/uploads\/2021\/10\/Gemeinde-Lichtensteig-Apothekengarten-selberEssen-bei-Bushaltestelle-2-2048x1365.jpg 2048w","media_details":{"width":2560,"height":1707,"sizes":{"medium":{"file":"Gemeinde-Lichtensteig-Apothekengarten-selberEssen-bei-Bushaltestelle-2-300x200.jpg","width":300,"height":200,"mime-type":"image\/jpeg","source_url":"https:\/\/dev.preis-biodiversitaet.ch\/wp-content\/uploads\/2021\/10\/Gemeinde-Lichtensteig-Apothekengarten-selberEssen-bei-Bushaltestelle-2-300x200.jpg"},"large":{"file":"Gemeinde-Lichtensteig-Apothekengarten-selberEssen-bei-Bushaltestelle-2-1024x683.jpg","width":1024,"height":683,"mime-type":"image\/jpeg","source_url":"https:\/\/dev.preis-biodiversitaet.ch\/wp-content\/uploads\/2021\/10\/Gemeinde-Lichtensteig-Apothekengarten-selberEssen-bei-Bushaltestelle-2-1024x683.jpg"},"thumbnail":{"file":"Gemeinde-Lichtensteig-Apothekengarten-selberEssen-bei-Bushaltestelle-2-150x150.jpg","width":150,"height":150,"mime-type":"image\/jpeg","source_url":"https:\/\/dev.preis-biodiversitaet.ch\/wp-content\/uploads\/2021\/10\/Gemeinde-Lichtensteig-Apothekengarten-selberEssen-bei-Bushaltestelle-2-150x150.jpg"},"medium_large":{"file":"Gemeinde-Lichtensteig-Apothekengarten-selberEssen-bei-Bushaltestelle-2-768x512.jpg","width":768,"height":512,"mime-type":"image\/jpeg","source_url":"https:\/\/dev.preis-biodiversitaet.ch\/wp-content\/uploads\/2021\/10\/Gemeinde-Lichtensteig-Apothekengarten-selberEssen-bei-Bushaltestelle-2-768x512.jpg"},"1536x1536":{"file":"Gemeinde-Lichtensteig-Apothekengarten-selberEssen-bei-Bushaltestelle-2-1536x1024.jpg","width":1536,"height":1024,"mime-type":"image\/jpeg","source_url":"https:\/\/dev.preis-biodiversitaet.ch\/wp-content\/uploads\/2021\/10\/Gemeinde-Lichtensteig-Apothekengarten-selberEssen-bei-Bushaltestelle-2-1536x1024.jpg"},"2048x2048":{"file":"Gemeinde-Lichtensteig-Apothekengarten-selberEssen-bei-Bushaltestelle-2-2048x1365.jpg","width":2048,"height":1365,"mime-type":"image\/jpeg","source_url":"https:\/\/dev.preis-biodiversitaet.ch\/wp-content\/uploads\/2021\/10\/Gemeinde-Lichtensteig-Apothekengarten-selberEssen-bei-Bushaltestelle-2-2048x1365.jpg"}}},"alt_text":"Gemeinde Lichtensteig - Binding Innovationspreis 2021","url":"","target":""},{"id":1843,"title":"In-den-B\u00e4umen-Gesamtansicht","caption":"","full_image_url":"https:\/\/dev.preis-biodiversitaet.ch\/wp-content\/uploads\/2021\/10\/In-den-Baeumen-Gesamtansicht-1-scaled.jpg","thumbnail_image_url":"https:\/\/dev.preis-biodiversitaet.ch\/wp-content\/uploads\/2021\/10\/In-den-Baeumen-Gesamtansicht-1-150x150.jpg","large_srcset":"https:\/\/dev.preis-biodiversitaet.ch\/wp-content\/uploads\/2021\/10\/In-den-Baeumen-Gesamtansicht-1-1024x768.jpg 1024w, https:\/\/dev.preis-biodiversitaet.ch\/wp-content\/uploads\/2021\/10\/In-den-Baeumen-Gesamtansicht-1-300x225.jpg 300w, https:\/\/dev.preis-biodiversitaet.ch\/wp-content\/uploads\/2021\/10\/In-den-Baeumen-Gesamtansicht-1-768x576.jpg 768w, https:\/\/dev.preis-biodiversitaet.ch\/wp-content\/uploads\/2021\/10\/In-den-Baeumen-Gesamtansicht-1-1536x1152.jpg 1536w, https:\/\/dev.preis-biodiversitaet.ch\/wp-content\/uploads\/2021\/10\/In-den-Baeumen-Gesamtansicht-1-2048x1536.jpg 2048w","medium_srcset":"https:\/\/dev.preis-biodiversitaet.ch\/wp-content\/uploads\/2021\/10\/In-den-Baeumen-Gesamtansicht-1-300x225.jpg 300w, https:\/\/dev.preis-biodiversitaet.ch\/wp-content\/uploads\/2021\/10\/In-den-Baeumen-Gesamtansicht-1-1024x768.jpg 1024w, https:\/\/dev.preis-biodiversitaet.ch\/wp-content\/uploads\/2021\/10\/In-den-Baeumen-Gesamtansicht-1-768x576.jpg 768w, https:\/\/dev.preis-biodiversitaet.ch\/wp-content\/uploads\/2021\/10\/In-den-Baeumen-Gesamtansicht-1-1536x1152.jpg 1536w, https:\/\/dev.preis-biodiversitaet.ch\/wp-content\/uploads\/2021\/10\/In-den-Baeumen-Gesamtansicht-1-2048x1536.jpg 2048w","media_details":{"width":2560,"height":1920,"sizes":{"medium":{"file":"In-den-Baeumen-Gesamtansicht-1-300x225.jpg","width":300,"height":225,"mime-type":"image\/jpeg","source_url":"https:\/\/dev.preis-biodiversitaet.ch\/wp-content\/uploads\/2021\/10\/In-den-Baeumen-Gesamtansicht-1-300x225.jpg"},"large":{"file":"In-den-Baeumen-Gesamtansicht-1-1024x768.jpg","width":1024,"height":768,"mime-type":"image\/jpeg","source_url":"https:\/\/dev.preis-biodiversitaet.ch\/wp-content\/uploads\/2021\/10\/In-den-Baeumen-Gesamtansicht-1-1024x768.jpg"},"thumbnail":{"file":"In-den-Baeumen-Gesamtansicht-1-150x150.jpg","width":150,"height":150,"mime-type":"image\/jpeg","source_url":"https:\/\/dev.preis-biodiversitaet.ch\/wp-content\/uploads\/2021\/10\/In-den-Baeumen-Gesamtansicht-1-150x150.jpg"},"medium_large":{"file":"In-den-Baeumen-Gesamtansicht-1-768x576.jpg","width":768,"height":576,"mime-type":"image\/jpeg","source_url":"https:\/\/dev.preis-biodiversitaet.ch\/wp-content\/uploads\/2021\/10\/In-den-Baeumen-Gesamtansicht-1-768x576.jpg"},"1536x1536":{"file":"In-den-Baeumen-Gesamtansicht-1-1536x1152.jpg","width":1536,"height":1152,"mime-type":"image\/jpeg","source_url":"https:\/\/dev.preis-biodiversitaet.ch\/wp-content\/uploads\/2021\/10\/In-den-Baeumen-Gesamtansicht-1-1536x1152.jpg"},"2048x2048":{"file":"In-den-Baeumen-Gesamtansicht-1-2048x1536.jpg","width":2048,"height":1536,"mime-type":"image\/jpeg","source_url":"https:\/\/dev.preis-biodiversitaet.ch\/wp-content\/uploads\/2021\/10\/In-den-Baeumen-Gesamtansicht-1-2048x1536.jpg"}}},"alt_text":"In den B\u00e4umen - Binding Innovationspreis 2021","url":"","target":""}]]}},"uagb_featured_image_src":{"full":false,"thumbnail":false,"medium":false,"medium_large":false,"large":false,"1536x1536":false,"2048x2048":false,"gform-image-choice-sm":false,"gform-image-choice-md":false,"gform-image-choice-lg":false},"uagb_author_info":{"display_name":"Lena Wunderlin","author_link":"https:\/\/dev.preis-biodiversitaet.ch\/it\/author\/lena\/"},"uagb_comment_info":0,"uagb_excerpt":"Oltre al &#8220;Premio Binding per la biodiversit\u00e0&#8221; la giuria pu\u00f2 assegnare un premio del valore di 10&#8217;000 franci a progetti [&hellip;]","_links":{"self":[{"href":"https:\/\/dev.preis-biodiversitaet.ch\/it\/wp-json\/wp\/v2\/pages\/1810","targetHints":{"allow":["GET"]}}],"collection":[{"href":"https:\/\/dev.preis-biodiversitaet.ch\/it\/wp-json\/wp\/v2\/pages"}],"about":[{"href":"https:\/\/dev.preis-biodiversitaet.ch\/it\/wp-json\/wp\/v2\/types\/page"}],"author":[{"embeddable":true,"href":"https:\/\/dev.preis-biodiversitaet.ch\/it\/wp-json\/wp\/v2\/users\/7"}],"replies":[{"embeddable":true,"href":"https:\/\/dev.preis-biodiversitaet.ch\/it\/wp-json\/wp\/v2\/comments?post=1810"}],"version-history":[{"count":5,"href":"https:\/\/dev.preis-biodiversitaet.ch\/it\/wp-json\/wp\/v2\/pages\/1810\/revisions"}],"predecessor-version":[{"id":2068,"href":"https:\/\/dev.preis-biodiversitaet.ch\/it\/wp-json\/wp\/v2\/pages\/1810\/revisions\/2068"}],"wp:attachment":[{"href":"https:\/\/dev.preis-biodiversitaet.ch\/it\/wp-json\/wp\/v2\/media?parent=1810"}],"curies":[{"name":"wp","href":"https:\/\/api.w.org\/{rel}","templated":true}]}}