{"id":1465,"date":"2021-07-20T12:09:55","date_gmt":"2021-07-20T10:09:55","guid":{"rendered":"https:\/\/www.preis-biodiversitaet.ch\/?page_id=1465"},"modified":"2025-06-24T12:02:40","modified_gmt":"2025-06-24T10:02:40","slug":"laureato","status":"publish","type":"page","link":"https:\/\/dev.preis-biodiversitaet.ch\/it\/laureato\/","title":{"rendered":"Il primo premio Binding per la biodiversit\u00e0 va a &#8220;Natur findet Stadt&#8221; del Naturama Aargau!"},"content":{"rendered":"\n<div class=\"wp-block-columns is-layout-flex wp-container-core-columns-is-layout-9d6595d7 wp-block-columns-is-layout-flex\">\n<div class=\"wp-block-column is-layout-flow wp-block-column-is-layout-flow\">\n<div class=\"embed-responsive embed-responsive-16by9 mb-5\">\n<iframe class=\"embed-responsive-item\" src=\"https:\/\/www.youtube.com\/embed\/6Jivp5JLh0I\" title=\"YouTube video player\" allow=\"accelerometer; autoplay; clipboard-write; encrypted-media; gyroscope; picture-in-picture\" allowfullscreen=\"\" frameborder=\"0\"><\/iframe>\n<\/div>\n<\/div>\n\n\n\n<div class=\"wp-block-column is-layout-flow wp-block-column-is-layout-flow\">\n<p>Il progetto &#8220;Natur findet Stadt&#8221;, realizzato da Naturama Aargau in collaborazione con vari partner, ha vinto il Premio vincolante per la biodiversit\u00e0 2021. Grazie al suo design intelligente, il progetto ha avuto un grande impatto in poco tempo. Circa 15 comunit\u00e0 e pi\u00f9 di 250 privati hanno gi\u00e0 riprogettato le loro aree per una maggiore natura e qualit\u00e0 di vita.<\/p>\n<\/div>\n<\/div>\n\n\n\n<div style=\"height:100px\" aria-hidden=\"true\" class=\"wp-block-spacer\"><\/div>\n\n\n\n<h2 class=\"wp-block-heading\"><strong>Evento conclusivo \u2013 Premio Binding per la biodiversit\u00e0 2021 &#8220;Natur findet Stadt<\/strong>&#8220;<\/h2>\n\n\n\n<p>ENel maggio 2025, la giuria del Premio Binding, collaboratrici della segreteria della Fondazione Binding e una rappresentanza del Consiglio di fondazione si sono riunite a Baden. Il team del Naturama, la Citt\u00e0 di Baden e altri parecipanti al progetto \u201cNatur findet Stadt\u201d hanno mostrato ci\u00f2 che \u00e8 stato possibile realizzare negli ultimi cinque anni grazie all\u2019uso del premio:<\/p>\n\n\n\n<ul class=\"wp-block-list\">\n<li>Tutti i 15 comuni coinvolti nel progetto hanno piantato un &#8220;albero Binding&#8221; autoctono e ombreggiante<\/li>\n\n\n\n<li>A Baden \u00e8 stata rinaturalizzata un\u2019area sigillata vicino al ristorante Gottardo<\/li>\n\n\n\n<li>Un fondo per l\u2019innovazione creato appositamente dal Naturama Argovia sostiene nuove idee progettuali<\/li>\n\n\n\n<li>I giardinieri e le giardiniere naturali hanno creato una rete attiva con incontri regolari nei giardini naturali<\/li>\n\n\n\n<li>In alcuni comuni si \u00e8 osservato un cambiamento nei comportamenti della popolazione \u2013 la natura non \u00e8 solo tollerata, ma attivamente promossa.<\/li>\n<\/ul>\n\n\n\n<p>Un grande grazie a tutte le persone coinvolte per l\u2019impegno e l\u2019eccellente realizzazione nei comuni.unes.<\/p>\n\n\n\n<div class=\"wp-block-columns is-layout-flex wp-container-core-columns-is-layout-9d6595d7 wp-block-columns-is-layout-flex\">\n<div class=\"wp-block-column is-layout-flow wp-block-column-is-layout-flow\">\n<figure class=\"wp-block-image size-large\"><img loading=\"lazy\" decoding=\"async\" width=\"1024\" height=\"683\" src=\"https:\/\/www.premio-biodiversita.ch\/wp-content\/uploads\/2025\/06\/DSC00423-1024x683.jpg\" alt=\"Abschlussevent Preistr\u00e4ger 2021 Naturama Aargau in Baden im Mai 2025. (c) Plan biodivers\" class=\"wp-image-5740\" srcset=\"https:\/\/dev.preis-biodiversitaet.ch\/wp-content\/uploads\/2025\/06\/DSC00423-1024x683.jpg 1024w, https:\/\/dev.preis-biodiversitaet.ch\/wp-content\/uploads\/2025\/06\/DSC00423-300x200.jpg 300w, https:\/\/dev.preis-biodiversitaet.ch\/wp-content\/uploads\/2025\/06\/DSC00423-768x512.jpg 768w, https:\/\/dev.preis-biodiversitaet.ch\/wp-content\/uploads\/2025\/06\/DSC00423-1536x1024.jpg 1536w, https:\/\/dev.preis-biodiversitaet.ch\/wp-content\/uploads\/2025\/06\/DSC00423-2048x1365.jpg 2048w\" sizes=\"auto, (max-width: 1024px) 100vw, 1024px\" \/><figcaption class=\"wp-element-caption\">\u00a9 Plan Biodivers<\/figcaption><\/figure>\n<\/div>\n\n\n\n<div class=\"wp-block-column is-layout-flow wp-block-column-is-layout-flow\">\n<figure class=\"wp-block-image size-large\"><img loading=\"lazy\" decoding=\"async\" width=\"1024\" height=\"683\" src=\"https:\/\/www.premio-biodiversita.ch\/wp-content\/uploads\/2025\/06\/DSC00474-1024x683.jpg\" alt=\"Abschlussevent Preistr\u00e4ger 2021 Naturama Aargau in Baden im Mai 2025. Schneeball-Ahorn Binding-Baum in Baden. (c) Plan biodivers\" class=\"wp-image-5743\" srcset=\"https:\/\/dev.preis-biodiversitaet.ch\/wp-content\/uploads\/2025\/06\/DSC00474-1024x683.jpg 1024w, https:\/\/dev.preis-biodiversitaet.ch\/wp-content\/uploads\/2025\/06\/DSC00474-300x200.jpg 300w, https:\/\/dev.preis-biodiversitaet.ch\/wp-content\/uploads\/2025\/06\/DSC00474-768x512.jpg 768w, https:\/\/dev.preis-biodiversitaet.ch\/wp-content\/uploads\/2025\/06\/DSC00474-1536x1024.jpg 1536w, https:\/\/dev.preis-biodiversitaet.ch\/wp-content\/uploads\/2025\/06\/DSC00474-2048x1365.jpg 2048w\" sizes=\"auto, (max-width: 1024px) 100vw, 1024px\" \/><figcaption class=\"wp-element-caption\">\u00a9 Plan Biodivers<\/figcaption><\/figure>\n<\/div>\n<\/div>\n\n\n\n<h2 class=\"wp-block-heading\">Foto<\/h2>\n\n\n\n<figure class=\"wp-block-gallery has-nested-images columns-default is-cropped wp-block-gallery-1 is-layout-flex wp-block-gallery-is-layout-flex\">\n<figure class=\"wp-block-image size-large\"><img loading=\"lazy\" decoding=\"async\" width=\"1024\" height=\"683\" data-id=\"1534\" src=\"https:\/\/www.premio-biodiversita.ch\/wp-content\/uploads\/2021\/08\/DSC_6636-1-1024x683.jpg\" alt=\"\" class=\"wp-image-1534\" srcset=\"https:\/\/dev.preis-biodiversitaet.ch\/wp-content\/uploads\/2021\/08\/DSC_6636-1-1024x683.jpg 1024w, https:\/\/dev.preis-biodiversitaet.ch\/wp-content\/uploads\/2021\/08\/DSC_6636-1-300x200.jpg 300w, https:\/\/dev.preis-biodiversitaet.ch\/wp-content\/uploads\/2021\/08\/DSC_6636-1-768x512.jpg 768w, https:\/\/dev.preis-biodiversitaet.ch\/wp-content\/uploads\/2021\/08\/DSC_6636-1-1536x1024.jpg 1536w, https:\/\/dev.preis-biodiversitaet.ch\/wp-content\/uploads\/2021\/08\/DSC_6636-1-2048x1365.jpg 2048w\" sizes=\"auto, (max-width: 1024px) 100vw, 1024px\" \/><figcaption class=\"wp-element-caption\">ROTHRIST &#8211; 25.08.2021 &#8211; Cerimonia di premiazione Premio vincolante per la biodiversit\u00e0 2021. Foto \u00a9 B\u00e9atrice Dev\u00e8nes<\/figcaption><\/figure>\n\n\n\n<figure class=\"wp-block-image size-large\"><img loading=\"lazy\" decoding=\"async\" width=\"1024\" height=\"683\" data-id=\"1261\" src=\"https:\/\/www.premio-biodiversita.ch\/wp-content\/uploads\/2021\/06\/Rothrist_Naturgarten-Miescherheimet-03_resized.jpg-1024x683.png\" alt=\"\" class=\"wp-image-1261\" srcset=\"https:\/\/dev.preis-biodiversitaet.ch\/wp-content\/uploads\/2021\/06\/Rothrist_Naturgarten-Miescherheimet-03_resized.jpg-1024x683.png 1024w, https:\/\/dev.preis-biodiversitaet.ch\/wp-content\/uploads\/2021\/06\/Rothrist_Naturgarten-Miescherheimet-03_resized.jpg-300x200.png 300w, https:\/\/dev.preis-biodiversitaet.ch\/wp-content\/uploads\/2021\/06\/Rothrist_Naturgarten-Miescherheimet-03_resized.jpg-768x512.png 768w, https:\/\/dev.preis-biodiversitaet.ch\/wp-content\/uploads\/2021\/06\/Rothrist_Naturgarten-Miescherheimet-03_resized.jpg-1536x1024.png 1536w, https:\/\/dev.preis-biodiversitaet.ch\/wp-content\/uploads\/2021\/06\/Rothrist_Naturgarten-Miescherheimet-03_resized.jpg.png 1600w\" sizes=\"auto, (max-width: 1024px) 100vw, 1024px\" \/><figcaption class=\"wp-element-caption\">Il giardino naturale di Miescherheimet a Rothrist combina spazi ruderali con il legno morto, le pareti di pierres s\u00e8ches con una variet\u00e0 di piante vive e di arbusti.<br>(Fonte: Stefanie W\u00fcrsch)<\/figcaption><\/figure>\n\n\n\n<figure class=\"wp-block-image size-large\"><img loading=\"lazy\" decoding=\"async\" width=\"1024\" height=\"683\" data-id=\"1255\" src=\"https:\/\/www.premio-biodiversita.ch\/wp-content\/uploads\/2021\/06\/Biberstein_Dorfplatz-26_resized-1024x683.jpg\" alt=\"\" class=\"wp-image-1255\" srcset=\"https:\/\/dev.preis-biodiversitaet.ch\/wp-content\/uploads\/2021\/06\/Biberstein_Dorfplatz-26_resized-1024x683.jpg 1024w, https:\/\/dev.preis-biodiversitaet.ch\/wp-content\/uploads\/2021\/06\/Biberstein_Dorfplatz-26_resized-300x200.jpg 300w, https:\/\/dev.preis-biodiversitaet.ch\/wp-content\/uploads\/2021\/06\/Biberstein_Dorfplatz-26_resized-768x512.jpg 768w, https:\/\/dev.preis-biodiversitaet.ch\/wp-content\/uploads\/2021\/06\/Biberstein_Dorfplatz-26_resized-1536x1024.jpg 1536w, https:\/\/dev.preis-biodiversitaet.ch\/wp-content\/uploads\/2021\/06\/Biberstein_Dorfplatz-26_resized.jpg 1600w\" sizes=\"auto, (max-width: 1024px) 100vw, 1024px\" \/><figcaption class=\"wp-element-caption\">Le misure di biodiversit\u00e0 sono indicate su cartelli attraenti ai margini della piazza del villaggio di Biberstein. I cumuli di argilla forniscono un riparo alle api selvatiche che nidificano nel terreno.<br>(Fonte: Stefanie W\u00fcrsch)<\/figcaption><\/figure>\n\n\n\n<figure class=\"wp-block-image size-large\"><img loading=\"lazy\" decoding=\"async\" width=\"1024\" height=\"683\" data-id=\"1252\" src=\"https:\/\/www.premio-biodiversita.ch\/wp-content\/uploads\/2021\/06\/Biberstein_Dorfplatz-21_resized.jpg-1024x683.png\" alt=\"\" class=\"wp-image-1252\" srcset=\"https:\/\/dev.preis-biodiversitaet.ch\/wp-content\/uploads\/2021\/06\/Biberstein_Dorfplatz-21_resized.jpg-1024x683.png 1024w, https:\/\/dev.preis-biodiversitaet.ch\/wp-content\/uploads\/2021\/06\/Biberstein_Dorfplatz-21_resized.jpg-300x200.png 300w, https:\/\/dev.preis-biodiversitaet.ch\/wp-content\/uploads\/2021\/06\/Biberstein_Dorfplatz-21_resized.jpg-768x512.png 768w, https:\/\/dev.preis-biodiversitaet.ch\/wp-content\/uploads\/2021\/06\/Biberstein_Dorfplatz-21_resized.jpg-1536x1024.png 1536w, https:\/\/dev.preis-biodiversitaet.ch\/wp-content\/uploads\/2021\/06\/Biberstein_Dorfplatz-21_resized.jpg.png 1600w\" sizes=\"auto, (max-width: 1024px) 100vw, 1024px\" \/><figcaption class=\"wp-element-caption\">Questa scultura in legno di un castoro \u00e8 la mascotte del villaggio di Biberstein &#8211; un simbolo della biodiversit\u00e0. La piazza del villaggio \u00e8 un luogo d&#8217;incontro e un luogo di diversit\u00e0 naturale: i vecchi tronchi d&#8217;albero servono come habitat per gli scarabei del legno e come area di arrampicata per i bambini.<\/figcaption><\/figure>\n\n\n\n<figure class=\"wp-block-image size-large\"><img loading=\"lazy\" decoding=\"async\" width=\"1024\" height=\"683\" data-id=\"1249\" src=\"https:\/\/www.premio-biodiversita.ch\/wp-content\/uploads\/2021\/06\/Baden_Kreisel-07_resized.jpg-1024x683.png\" alt=\"\" class=\"wp-image-1249\" srcset=\"https:\/\/dev.preis-biodiversitaet.ch\/wp-content\/uploads\/2021\/06\/Baden_Kreisel-07_resized.jpg-1024x683.png 1024w, https:\/\/dev.preis-biodiversitaet.ch\/wp-content\/uploads\/2021\/06\/Baden_Kreisel-07_resized.jpg-300x200.png 300w, https:\/\/dev.preis-biodiversitaet.ch\/wp-content\/uploads\/2021\/06\/Baden_Kreisel-07_resized.jpg-768x512.png 768w, https:\/\/dev.preis-biodiversitaet.ch\/wp-content\/uploads\/2021\/06\/Baden_Kreisel-07_resized.jpg-1536x1024.png 1536w, https:\/\/dev.preis-biodiversitaet.ch\/wp-content\/uploads\/2021\/06\/Baden_Kreisel-07_resized.jpg.png 1600w\" sizes=\"auto, (max-width: 1024px) 100vw, 1024px\" \/><figcaption class=\"wp-element-caption\">Nel progetto &#8220;Natur findet Stadt&#8221;, alcuni piccoli strassenbegleitfl\u00e4chen sono stati progettati come Ruderalstandorte con una variet\u00e0 di fiori, come nella citt\u00e0 di Baden.<br>(Foto \u00a9 Stefanie W\u00fcrsch)<\/figcaption><\/figure>\n\n\n\n<figure class=\"wp-block-image size-large\"><img loading=\"lazy\" decoding=\"async\" width=\"1024\" height=\"683\" data-id=\"1246\" src=\"https:\/\/www.premio-biodiversita.ch\/wp-content\/uploads\/2021\/06\/Baden_Obstgarten-03_resized.jpg-1024x683.png\" alt=\"\" class=\"wp-image-1246\" srcset=\"https:\/\/dev.preis-biodiversitaet.ch\/wp-content\/uploads\/2021\/06\/Baden_Obstgarten-03_resized.jpg-1024x683.png 1024w, https:\/\/dev.preis-biodiversitaet.ch\/wp-content\/uploads\/2021\/06\/Baden_Obstgarten-03_resized.jpg-300x200.png 300w, https:\/\/dev.preis-biodiversitaet.ch\/wp-content\/uploads\/2021\/06\/Baden_Obstgarten-03_resized.jpg-768x512.png 768w, https:\/\/dev.preis-biodiversitaet.ch\/wp-content\/uploads\/2021\/06\/Baden_Obstgarten-03_resized.jpg-1536x1024.png 1536w, https:\/\/dev.preis-biodiversitaet.ch\/wp-content\/uploads\/2021\/06\/Baden_Obstgarten-03_resized.jpg.png 1600w\" sizes=\"auto, (max-width: 1024px) 100vw, 1024px\" \/><figcaption class=\"wp-element-caption\">Alberi da frutta al posto delle auto: in questo ex parcheggio ABB vicino a Martinsberg, nel Baden, \u00e8 stato allestito un frutteto dove chiunque pu\u00f2 raccogliere la propria frutta. In primo piano a destra, questi cumuli di rami forniscono un prezioso riparo per i piccoli animali. (Fonte: Stefanie W\u00fcrsch)<\/figcaption><\/figure>\n<\/figure>\n\n\n\n<p> Potete trovare altre foto dell&#8217;evento a <a href=\"https:\/\/photos.google.com\/share\/AF1QipNYFlPAAZpeaA_3f0KEDBl0QkofWegd1fFoZa9A0s7tjiiW8T8LNg9MJuMcSWbd9Q?key=ZXZIcUVHb082S1dhcDFhZm9BYXlDQ19DSkd4RFFn\" target=\"_blank\" rel=\"noreferrer noopener\">questo link<\/a>.  <\/p>\n\n\n\n<p> Si prega di utilizzare il nostro sito web in <a href=\"https:\/\/www.premio-biodiversita.ch\/per-i-media\/#sectioncontent\" target=\"_blank\" rel=\"noopener\">tedesco<\/a> o <a href=\"https:\/\/www.preis-biodiversitaet.ch\/fr\/dans-les-medias\/#sectioncontent\">francese<\/a> per maggiori informazioni. <\/p>\n\n\n\n<div style=\"height:100px\" aria-hidden=\"true\" class=\"wp-block-spacer\"><\/div>\n\n\n\n<h2 class=\"wp-block-heading\">Copertura mediatica<\/h2>\n\n\n\n<figure class=\"wp-block-table is-style-stripes\"><table><tbody><tr><td>SRF<\/td><td><a href=\"https:\/\/www.srf.ch\/news\/schweiz\/foerderung-von-biodiversitaet-aargauer-projekt-gewinnt-wichtigsten-schweizer-naturschutzpreis\" target=\"_blank\" rel=\"noreferrer noopener\">Aargauer Projekt gewinnt wichtigsten Schweizer Naturschutzpreis<\/a><\/td><\/tr><tr><td>RSI&nbsp;<\/td><td><a href=\"http:\/\/srgplayer-rsi.production.srf.ch\/play\/radio\/baobab\/audio\/la-natura-incontra-la-citta?id=14143065\" target=\"_blank\" rel=\"noreferrer noopener\">La natura incontra la citt\u00e0<\/a><\/td><\/tr><tr><td>RTS<\/td><td><a href=\"https:\/\/www.rts.ch\/info\/sciences-tech\/environnement\/12264327-le-nouveau-prix-binding-pour-la-biodiversite-revient-a-un-projet-argovien.html\" target=\"_blank\" rel=\"noopener\">Le nouveau Prix Binding pour la biodiversit\u00e9 revient \u00e0 un projet argovien<\/a><\/td><\/tr><tr><td>RTS 1 (Sendung Prise de terre)<\/td><td><a href=\"https:\/\/www.rts.ch\/play\/radio\/redirect\/detail\/12235666\" target=\"_blank\" rel=\"noreferrer noopener\">Prix Binding pour la biodiversit\u00e9 en ville<\/a><\/td><\/tr><tr><td>NZZ<\/td><td><a href=\"https:\/\/www.nzz.ch\/schweiz\/umwelt-binding-stiftung-gibt-preis-fuer-biodiversitaet-in-aargau-ld.1629540?reduced=true\" target=\"_blank\" rel=\"noreferrer noopener\">Aus dem Hunde-WC wird ein Paradies f\u00fcr Wildbienen \u2013 Vorbilder f\u00f6rdern die Biodiversit\u00e4t mehr als Verbote<\/a><\/td><\/tr><tr><td>Aargauer Zeitung<\/td><td><a href=\"https:\/\/www.aargauerzeitung.ch\/aargau\/aarau\/aarau-naturama-wird-fuer-natur-findet-stadt-mit-hoechstdotiertem-naturschutzpreis-geadelt-ld.2148111\" target=\"_blank\" rel=\"noreferrer noopener\">Naturama wird f\u00fcr \u00abNatur findet Stadt\u00bb mit h\u00f6chstdotiertem Naturschutzpreis geadelt<\/a><\/td><\/tr><tr><td>werk, bauen+wohnen<\/td><td><a href=\"https:\/\/www.wbw.ch\/de\/mehr-werk\/werk-notiz\/binding-preis-fuer-biodiversitaet.html\" target=\"_blank\" rel=\"noreferrer noopener\">Eine Ausstellung gewinnt den Binding-Preis f\u00fcr Biodiversit\u00e4t<\/a><\/td><\/tr><tr><td>Linth-Zeitung<\/td><td><a href=\"https:\/\/www.linthzeitung.ch\/politik\/2021-06-09\/natur-findet-stadt-naturama-aargau-erhaelt-naturschutzpreis\" target=\"_blank\" rel=\"noreferrer noopener\">\u00abNatur findet Stadt\u00bb: Naturama Aargau erh\u00e4lt Naturschutzpreis<\/a><\/td><\/tr><tr><td>Nau.ch<\/td><td><a href=\"https:\/\/www.nau.ch\/ort\/aarau\/naturama-aargau-erhalt-naturschutzpreis-65943869\" target=\"_blank\" rel=\"noreferrer noopener\">Naturama Aargau erh\u00e4lt Naturschutzpreis<\/a><\/td><\/tr><\/tbody><\/table><\/figure>\n\n\n\n<div class=\"wp-block-columns is-layout-flex wp-container-core-columns-is-layout-9d6595d7 wp-block-columns-is-layout-flex\">\n<div class=\"wp-block-column is-layout-flow wp-block-column-is-layout-flow\"><\/div>\n\n\n\n<div class=\"wp-block-column is-layout-flow wp-block-column-is-layout-flow\"><\/div>\n<\/div>\n\n\n\n<div class=\"wp-block-columns is-layout-flex wp-container-core-columns-is-layout-9d6595d7 wp-block-columns-is-layout-flex\">\n<div class=\"wp-block-column is-layout-flow wp-block-column-is-layout-flow\"><\/div>\n\n\n\n<div class=\"wp-block-column is-layout-flow wp-block-column-is-layout-flow\"><\/div>\n<\/div>\n","protected":false},"excerpt":{"rendered":"<p>Il progetto &#8220;Natur findet Stadt&#8221;, realizzato da Naturama Aargau in collaborazione con vari partner, ha vinto il Premio vincolante per [&hellip;]<\/p>\n","protected":false},"author":1,"featured_media":0,"parent":0,"menu_order":0,"comment_status":"closed","ping_status":"closed","template":"","meta":{"_acf_changed":false,"_uag_custom_page_level_css":"","footnotes":""},"class_list":["post-1465","page","type-page","status-publish","hentry"],"acf":{"photo_gallery":{"sliderbilder":[[{"id":1261,"title":"Rothrist_Naturgarten-Miescherheimet-03_resized.jpg","caption":"","full_image_url":"https:\/\/dev.preis-biodiversitaet.ch\/wp-content\/uploads\/2021\/06\/Rothrist_Naturgarten-Miescherheimet-03_resized.jpg.png","thumbnail_image_url":"https:\/\/dev.preis-biodiversitaet.ch\/wp-content\/uploads\/2021\/06\/Rothrist_Naturgarten-Miescherheimet-03_resized.jpg-150x150.png","large_srcset":"https:\/\/dev.preis-biodiversitaet.ch\/wp-content\/uploads\/2021\/06\/Rothrist_Naturgarten-Miescherheimet-03_resized.jpg-1024x683.png 1024w, https:\/\/dev.preis-biodiversitaet.ch\/wp-content\/uploads\/2021\/06\/Rothrist_Naturgarten-Miescherheimet-03_resized.jpg-300x200.png 300w, https:\/\/dev.preis-biodiversitaet.ch\/wp-content\/uploads\/2021\/06\/Rothrist_Naturgarten-Miescherheimet-03_resized.jpg-768x512.png 768w, https:\/\/dev.preis-biodiversitaet.ch\/wp-content\/uploads\/2021\/06\/Rothrist_Naturgarten-Miescherheimet-03_resized.jpg-1536x1024.png 1536w, https:\/\/dev.preis-biodiversitaet.ch\/wp-content\/uploads\/2021\/06\/Rothrist_Naturgarten-Miescherheimet-03_resized.jpg.png 1600w","medium_srcset":"https:\/\/dev.preis-biodiversitaet.ch\/wp-content\/uploads\/2021\/06\/Rothrist_Naturgarten-Miescherheimet-03_resized.jpg-300x200.png 300w, https:\/\/dev.preis-biodiversitaet.ch\/wp-content\/uploads\/2021\/06\/Rothrist_Naturgarten-Miescherheimet-03_resized.jpg-1024x683.png 1024w, https:\/\/dev.preis-biodiversitaet.ch\/wp-content\/uploads\/2021\/06\/Rothrist_Naturgarten-Miescherheimet-03_resized.jpg-768x512.png 768w, https:\/\/dev.preis-biodiversitaet.ch\/wp-content\/uploads\/2021\/06\/Rothrist_Naturgarten-Miescherheimet-03_resized.jpg-1536x1024.png 1536w, https:\/\/dev.preis-biodiversitaet.ch\/wp-content\/uploads\/2021\/06\/Rothrist_Naturgarten-Miescherheimet-03_resized.jpg.png 1600w","media_details":{"width":1600,"height":1067,"sizes":{"medium":{"file":"Rothrist_Naturgarten-Miescherheimet-03_resized.jpg-300x200.png","width":300,"height":200,"mime-type":"image\/png","source_url":"https:\/\/dev.preis-biodiversitaet.ch\/wp-content\/uploads\/2021\/06\/Rothrist_Naturgarten-Miescherheimet-03_resized.jpg-300x200.png"},"large":{"file":"Rothrist_Naturgarten-Miescherheimet-03_resized.jpg-1024x683.png","width":1024,"height":683,"mime-type":"image\/png","source_url":"https:\/\/dev.preis-biodiversitaet.ch\/wp-content\/uploads\/2021\/06\/Rothrist_Naturgarten-Miescherheimet-03_resized.jpg-1024x683.png"},"thumbnail":{"file":"Rothrist_Naturgarten-Miescherheimet-03_resized.jpg-150x150.png","width":150,"height":150,"mime-type":"image\/png","source_url":"https:\/\/dev.preis-biodiversitaet.ch\/wp-content\/uploads\/2021\/06\/Rothrist_Naturgarten-Miescherheimet-03_resized.jpg-150x150.png"},"medium_large":{"file":"Rothrist_Naturgarten-Miescherheimet-03_resized.jpg-768x512.png","width":768,"height":512,"mime-type":"image\/png","source_url":"https:\/\/dev.preis-biodiversitaet.ch\/wp-content\/uploads\/2021\/06\/Rothrist_Naturgarten-Miescherheimet-03_resized.jpg-768x512.png"},"1536x1536":{"file":"Rothrist_Naturgarten-Miescherheimet-03_resized.jpg-1536x1024.png","width":1536,"height":1024,"mime-type":"image\/png","source_url":"https:\/\/dev.preis-biodiversitaet.ch\/wp-content\/uploads\/2021\/06\/Rothrist_Naturgarten-Miescherheimet-03_resized.jpg-1536x1024.png"}}},"alt_text":"Naturgarten Rothrist - Binding Preis f\u00fcr Biodiversit\u00e4t 2021","url":"","target":""}]]}},"uagb_featured_image_src":{"full":false,"thumbnail":false,"medium":false,"medium_large":false,"large":false,"1536x1536":false,"2048x2048":false,"gform-image-choice-sm":false,"gform-image-choice-md":false,"gform-image-choice-lg":false},"uagb_author_info":{"display_name":"gally","author_link":"https:\/\/dev.preis-biodiversitaet.ch\/it\/author\/gally\/"},"uagb_comment_info":0,"uagb_excerpt":"Il progetto &#8220;Natur findet Stadt&#8221;, realizzato da Naturama Aargau in collaborazione con vari partner, ha vinto il Premio vincolante per [&hellip;]","_links":{"self":[{"href":"https:\/\/dev.preis-biodiversitaet.ch\/it\/wp-json\/wp\/v2\/pages\/1465","targetHints":{"allow":["GET"]}}],"collection":[{"href":"https:\/\/dev.preis-biodiversitaet.ch\/it\/wp-json\/wp\/v2\/pages"}],"about":[{"href":"https:\/\/dev.preis-biodiversitaet.ch\/it\/wp-json\/wp\/v2\/types\/page"}],"author":[{"embeddable":true,"href":"https:\/\/dev.preis-biodiversitaet.ch\/it\/wp-json\/wp\/v2\/users\/1"}],"replies":[{"embeddable":true,"href":"https:\/\/dev.preis-biodiversitaet.ch\/it\/wp-json\/wp\/v2\/comments?post=1465"}],"version-history":[{"count":7,"href":"https:\/\/dev.preis-biodiversitaet.ch\/it\/wp-json\/wp\/v2\/pages\/1465\/revisions"}],"predecessor-version":[{"id":5751,"href":"https:\/\/dev.preis-biodiversitaet.ch\/it\/wp-json\/wp\/v2\/pages\/1465\/revisions\/5751"}],"wp:attachment":[{"href":"https:\/\/dev.preis-biodiversitaet.ch\/it\/wp-json\/wp\/v2\/media?parent=1465"}],"curies":[{"name":"wp","href":"https:\/\/api.w.org\/{rel}","templated":true}]}}