{"id":732,"date":"2020-09-25T14:15:03","date_gmt":"2020-09-25T12:15:03","guid":{"rendered":"https:\/\/www.preis-biodiversitaet.ch\/?page_id=732"},"modified":"2023-11-24T09:32:03","modified_gmt":"2023-11-24T08:32:03","slug":"protection-des-donnees","status":"publish","type":"page","link":"https:\/\/dev.preis-biodiversitaet.ch\/fr\/protection-des-donnees\/","title":{"rendered":"Protection des donn\u00e9es"},"content":{"rendered":"\n<p><strong>Notions de base<\/strong><\/p>\n\n\n\n<p><strong>La fondation Sophie et Karl Binding respecte votre vie priv\u00e9e<\/strong><\/p>\n\n\n\n<p>La protection de votre vie priv\u00e9e dans le cadre du traitement de donn\u00e9es personnelles au sens de la loi f\u00e9d\u00e9rale sur la protection des donn\u00e9es ainsi que la s\u00e9curit\u00e9 de toutes les donn\u00e9es personnelles sont pour nous des pr\u00e9occupations importantes. Par cette d\u00e9claration de protection des donn\u00e9es, nous vous informons du type de donn\u00e9es que nous traitons vous concernant, de la raison pour laquelle nous avons besoin de ces donn\u00e9es et nous vous indiquons comment vous pouvez vous opposer au traitement des donn\u00e9es.<\/p>\n\n\n\n<p>Nous prenons la protection de vos donn\u00e9es personnelles tr\u00e8s au s\u00e9rieux. Nous traitons vos donn\u00e9es personnelles de mani\u00e8re confidentielle, conform\u00e9ment aux dispositions l\u00e9gales en mati\u00e8re de protection des donn\u00e9es et \u00e0 la pr\u00e9sente d\u00e9claration.<\/p>\n\n\n\n<p><strong>Quelles donn\u00e9es personnelles collectons-nous?<\/strong><\/p>\n\n\n\n<p>Nous ne collectons que les donn\u00e9es personnelles li\u00e9es \u00e0 notre relation avec vous. Les donn\u00e9es que nous collectons comprennent notamment vos coordonn\u00e9es telles que votre nom, num\u00e9ro de t\u00e9l\u00e9phone, adresse ou adresse e-mail, coordonn\u00e9es bancaires et autres informations que ne peuvent \u00eatre li\u00e9es \u00e0 votre identit\u00e9 (par exemple les informations statistiques sur le nombre d&rsquo;utilisateurs de notre offre en ligne) ne sont pas consid\u00e9r\u00e9es comme des donn\u00e9es personnelles.<\/p>\n\n\n\n<p><strong>Comment collectons-nous les donn\u00e9es personnelles?<\/strong><\/p>\n\n\n\n<p>En r\u00e8gle g\u00e9n\u00e9rale, nous collectons des donn\u00e9es personnelles dans les cas suivants: lorsque vous visitez notre site Web; lorsque vous commuiquet directement avec nous; lorsque vous vous inscrivez \u00e0 notre newsletter ou \u00e0 nos \u00e9v\u00e9nements; lorsque vous participez \u00e0 une enqu\u00eate ou lorsque vous nous communiquez vos donn\u00e9es personnelles pour d&rsquo;autres raisons. Dans tous les cas, nous traitons vos donn\u00e9es personnelles uniquement dans le but pr\u00e9cis auquel vous avez consenti.<\/p>\n\n\n\n<p><strong>Transmettons-nous vos donn\u00e9es personnelles?<\/strong><\/p>\n\n\n\n<p>Vous pouvet en principe utiliser notre site Internet sans fournir de donn\u00e9es personnelles, sauf lorsque vous soumettez une demande de soutien ou que vous nous envoyez une demande de contact via le site Internet. Dans la mesure o\u00f9 des donn\u00e9es personnelles (par exemple nom, pr\u00e9nom, num\u00e9ro de t\u00e9l\u00e9phone, adresse ou adresse e-mail) sont collect\u00e9es sur notre site Internet, cela se fait autant que possible sur la base du volontariat. Vos donn\u00e9es personnelles ne seront transmises \u00e0 des tiers que si nous y sommes l\u00e9galement tenus ou si vous nous avez donn\u00e9 votre consentement. De plus amples informations sont disponibles dans la convention de soutien. <\/p>\n\n\n\n<p>Nous tenons \u00e0 souligner que malgr\u00e9 toutes les mesures que nous avons prises, la transmission de donn\u00e9es sur Internet (par exemple lors de la communication par e-mail) peut pr\u00e9senter des failles de s\u00e9curit\u00e9, ainsi une protection compl\u00e8te des donn\u00e9es contre l&rsquo;acc\u00e8s par des tiers ne saurait \u00eatre garantie dans tous les cas. <\/p>\n\n\n\n<p><strong>Combien de temps conservons-nous vos donn\u00e9es personnelles?<\/strong><\/p>\n\n\n\n<p>Nous conservons g\u00e9n\u00e9ralement vos donn\u00e9es aussi longtemps que notre relation commerciale avec vous l&rsquo;exige ou aussi longttemps que subsiste un it\u00e9r\u00eat l\u00e9gitime. Dans tous les autres cas, nous supprimons vos donn\u00e9es personnelles \u00e0 l&rsquo;exception des donn\u00e9es que nous devons continuer \u00e0 stocker pour satisfaire \u00e0 des obligations l\u00e9gales, ou pour r\u00e9pondre \u00e0 des requ\u00eates (nous avons par exemple l&rsquo;obligation l\u00e9gale de conserver des documents tels que les contrats et les factures pendant une p\u00e9riode de 10 ans).<\/p>\n\n\n\n<p><strong>Quelles sont les donn\u00e9es trait\u00e9es lorsque vous utilisez notre site web?<\/strong><\/p>\n\n\n\n<p>Vous pouvez en principe visiter notre site internet sans avoir \u00e0 fournir d&rsquo;informations personnelles. Lorsque vous visitez notre site internet, nos serveurs enregistrent temporairement chaque acc\u00e8s dans un fichier journal. Les donn\u00e9es techniques suivantes sont enregist\u00e9es et conserv\u00e9es par nos soins jusqu&rsquo;\u00e0 leur suppression automatique apr\u00e8s sept mois au plus tars:<\/p>\n\n\n\n<ul class=\"wp-block-list\">\n<li>Adress IP de l&rsquo;ordinateur demandeur<\/li>\n\n\n\n<li>Date et heure d&rsquo;acc\u00e8s<\/li>\n\n\n\n<li>Site internet \u00e0 partir duquel l&rsquo;acc\u00e8s a \u00e9t\u00e9 effectu\u00e9, \u00e9ventuellement avec le terme de recherche utilis\u00e9<\/li>\n\n\n\n<li>Nom et URL du fichier consult\u00e9<\/li>\n\n\n\n<li>Requ\u00eates effectu\u00e9es<\/li>\n\n\n\n<li>Syst\u00e8me d&rsquo;exploitation de votre ordinateur (fourni par le navigateur ou l&rsquo;agent utilisateur)<\/li>\n\n\n\n<li>Le navigateur que vous utilisez (fourni par le navigateur ou l&rsquo;agent utilisateur)<\/li>\n\n\n\n<li>Type d&rsquo;appareil en cas d&rsquo;acc\u00e8s par t\u00e9l\u00e9phone mobile<\/li>\n\n\n\n<li>Protocole de transmission utilis\u00e9<\/li>\n<\/ul>\n\n\n\n<p>La collecte et le traitement de ces donn\u00e9es visent \u00e0 assurer la s\u00e9curit\u00e9 et la stabilit\u00e9 du syst\u00e8me, pour l&rsquo;analyse des erreurs et des performances ainsi qu&rsquo;\u00e0 des fins statistiques internes et nous permettent d&rsquo;optimiser notre offre sur internet. L&rsquo;adresse IP est \u00e9galement utilis\u00e9e pour pr\u00e9d\u00e9finir la langue du site internet. Enfin, lorsque vous visitez notre site internet, nous utilisons des cookies ainsi que des applications et des outils bas\u00e9s sur l&rsquo;utilisation de cookies. Vous trouverez plus d&rsquo;informations \u00e0 ce sujet dans le chapitre suivant. <\/p>\n\n\n\n<p><strong>Que sont les cookies et quand sont-ils utilis\u00e9s?<\/strong><\/p>\n\n\n\n<p>Les cookies sont de petits fichiers de texte qui sont stock\u00e9s sur votre ordinateur lorsque vous visitez notre site internet. Les cookies ne causent aucun dommage \u00e0 votre ordinateur et ne contiennent aucun virus. La cr\u00e9ation d&rsquo;un cookie constitue une possibilit\u00e9 de stockage temporaire de donn\u00e9es et sert \u00e0 rendre notre offre plus conviviale, plus efficace et plus s\u00fbre. Lorsque vous acc\u00e9dez \u00e0 nouveau \u00e0 la page, votre navigateur nous renvoie le contenu des cookies, permettant ainsi la reconnaissance de l&rsquo;appareil. La lecture des cookies nous permet d&rsquo;optimiser notre site internet pour vous et de vous en faciliter l&rsquo;utilisation.<\/p>\n\n\n\n<p>Les cookies que nous utilisons le plus fr\u00e9quemment sont des \u00ab\u00a0cookies de session\u00a0\u00bb qui ont une dur\u00e9e de vie limit\u00e9s. Ils sont automatiquement supprim\u00e9s apr\u00e8s votre visite. Les autres cookies restent stock\u00e9s sur votre appareil jusqu&rsquo;\u00e0 ce que vous les supprimiez. Ces cookies nous permettent de vous reconna\u00eetre en tant que visiteur lors de votre prochaine visite et ainsi de vous offrir une meilleure exp\u00e9rience visiteur. <\/p>\n\n\n\n<p><strong>Que sont les outils de suivi et comment sont-ils utilis\u00e9s?<\/strong><\/p>\n\n\n\n<p>Nous avons besoin d&rsquo;informations statistiques sur l&rsquo;utilisation de notre offre en ligne (en particulier le site internet et \u00e9ventuellement la newsletter) afin de la rendre plus conviviale, d&rsquo;effectuer des mesures de port\u00e9e et de pouvoir effectuer des \u00e9tudes de march\u00e9. \u00c0 cette fin, nous utilisons des outils d&rsquo;analyse web, en particulier Google Analytics. Les profils d&rsquo;utilisation cr\u00e9\u00e9s par ces outils \u00e0 l&rsquo;aide de cookies d&rsquo;analyse ne sont pas fusionn\u00e9s avec des donn\u00e9es personnelles. Les outils n&rsquo;utilisent pas du tout les adresses IP des utilisateurs ou les raccourcissent imm\u00e9diatement apr\u00e8s leur collecte.<\/p>\n\n\n\n<p>En plus des donn\u00e9es \u00e9num\u00e9r\u00e9es ci-dessous (voir \u00ab\u00a0Quelles donn\u00e9es sont trait\u00e9es lorsque vous utilisez notre site?\u00a0\u00bb) nous recevons les informations suivantes:<\/p>\n\n\n\n<ul class=\"wp-block-list\">\n<li>Chemin de navigation emprunt\u00e9 par un visiteur sur le site<\/li>\n\n\n\n<li>Dur\u00e9e de s\u00e9jour sur le site ou la page<\/li>\n\n\n\n<li>Page \u00e0 partir de laquelle le site internet est quitt\u00e9<\/li>\n\n\n\n<li>Pays, r\u00e9gion ou ville d&rsquo;acc\u00e8s<\/li>\n\n\n\n<li>Appareil (type, version, profondeur de couleur, r\u00e9solution, largeur et hauteur de la fen\u00eatre du navigateur)<\/li>\n\n\n\n<li>Visiteur connu ou nouveau<\/li>\n<\/ul>\n\n\n\n<p>Les informations sont utilis\u00e9es pour \u00e9valuer l&rsquo;utilisation du site internet. Si vous souhaitez d\u00e9sactiver Google Analytics, vous pouvez trouver le module compl\u00e9mentaire de navigateur appropri\u00e9 sur <a href=\"http:\/\/tools.google.com\/dlpage\/gaoptout?hl=de\" target=\"_blank\" rel=\"noopener\">http:\/\/tools.google.com\/dlpage\/gaoptout?hl=de<\/a>.<\/p>\n\n\n\n<p><strong>Que sont les fichiers journeaux et comment sont-ils utilis\u00e9s?<\/strong><\/p>\n\n\n\n<p>Les fournisseurs du site Web et les fournisseurs du logiciel de gestion de la fondation collectent et enregristrent automatiquement des informations dans des fichiers journaux du serveur que votre navigateur transmet automatiquement.<\/p>\n\n\n\n<p>Ce sont notamment:<\/p>\n\n\n\n<ul class=\"wp-block-list\">\n<li>Le type de navigateur et la version du navigateur<\/li>\n\n\n\n<li>Le syst\u00e8me d&rsquo;exploitation utilis\u00e9<\/li>\n\n\n\n<li>L&rsquo;URL du site internet \u00e0 partir duquel l&rsquo;utilisateur a acc\u00e9d\u00e9 au site internet actuel (URL de r\u00e9f\u00e9rence)<\/li>\n\n\n\n<li>L&rsquo;adresse IP<\/li>\n\n\n\n<li>Le nom d&rsquo;h\u00f4te de l&rsquo;ordinateur acc\u00e9dant<\/li>\n\n\n\n<li>L&rsquo;heure de la demande du serveur<\/li>\n<\/ul>\n\n\n\n<p>Ces donn\u00e9es ne peuvent pas \u00eatre attribu\u00e9es \u00e0 des personnes sp\u00e9cifiques. Ces donn\u00e9es ne seront pas fusionn\u00e9es avec d&rsquo;autres sources de donn\u00e9es. Nous nous r\u00e9servons le droit de v\u00e9rifier ces donn\u00e9es a posteriori si nous avons connaissance d&rsquo;indications sp\u00e9cifiques d&rsquo;utilisation ill\u00e9gale. Cette collecte de donn\u00e9es est principalement utilis\u00e9e pour \u00e9valuer et pr\u00e9venir les tentatives d&rsquo;attaques sur le site internet. Les h\u00e9bergeurs sont \u00e9galement l\u00e9galement tenus, dans certaines situations, de pouvoir fournir des informations sur l&rsquo;endroit o\u00f9 l&rsquo;acc\u00e8s a \u00e9t\u00e9 effectu\u00e9 afin de lutter contre les activit\u00e9s criminelles.<\/p>\n\n\n\n<p><strong>Chiffrement SSL<\/strong><\/p>\n\n\n\n<p>Nous utilisons le syst\u00e8me de chiffrement SSL pour prot\u00e9ger la transmission de donn\u00e9es confidentielles via nos formulaires et pour d&rsquo;autres raisons de s\u00e9curit\u00e9. Vous reconna\u00eetrez une connexion chiffr\u00e9e \u00e0 la barre d&rsquo;adresse \u00ab\u00a0https:\/\/\u00a0\u00bb et \u00e0 la pr\u00e9sence d&rsquo;une petite ic\u00f4ne repr\u00e9sentant un cadenas. Les donn\u00e9es chiffr\u00e9es par SSL ne peuvent pas \u00eatre lues par des tiers lors de la transmission. <\/p>\n\n\n\n<p><strong>Comment les plug-ins de m\u00e9dias sociaux sont-ils utilis\u00e9s?<\/strong><\/p>\n\n\n\n<p>Sur notre site internet, vous trouverez des liens ou des plug-ins vers diff\u00e9rents r\u00e9seaux sociaux (par exemple Facebook, Instagram, X, LinkedIn, Xing, etc.). Les liens sont reconnaissables au logo du fournisseur. En cliquant sur les liens, vous ouvrez les pages correspondantes des m\u00e9dias sociaux, auxquelles la pr\u00e9sente d\u00e9claration de protection des donn\u00e9es ne s&rsquo;applique pas. Pour plus de d\u00e9tails sur les dispositions qui y sont applicables, veuillez consulter les d\u00e9clarations de protection des donn\u00e9es correspondantes sur les sites internet des diff\u00e9rents fournisseurs.<\/p>\n\n\n\n<p>Aucune information personnelle n&rsquo;est transmise aux fournisseurs respectifs avant l&rsquo;appel du lie ou du plug-in correspondant. Votre appel \u00e0 la page li\u00e9e constitue en m\u00eame temps la base du traitement des donn\u00e9es par les fournisseurs respecrifs. Nous n&rsquo;avons aucune influence sur les processus de traitement des donn\u00e9es et nous ne connaissons pas non plus l&rsquo;\u00e9tendue compl\u00e8te de la collecte des donn\u00e9es, les objectifs du traitement et les d\u00e9lais de stockage. Nous ne disponsons pas non plus d&rsquo;informations sur la suppression des donn\u00e9es par les fournisseurs de plug-ins.<\/p>\n\n\n\n<p><strong>Newsletter via MailChimp<\/strong><\/p>\n\n\n\n<p>Notre newsletter pour le prix Binding pour la biodiversit\u00e9 est envoy\u00e9e via le service de messagerie \u00ab\u00a0MailChimp\u00a0\u00bb, une plate-forme de distribution de newsletter du fournisseur am\u00e9ricain Rocket Science Group, LLC, 675 Ponce de Leon Ave NE # 5000, Atlanta, GA 30308, USA.<\/p>\n\n\n\n<p>Vous pouvez consulter les r\u00e8gles de protection des donn\u00e9es du prestataire de services <a href=\"https:\/\/mailchimp.com\/fr\/gdpr\/\" title=\"\" target=\"_blank\" rel=\"noopener\">ici<\/a>. Rocket Science Group LLC d\/b\/a MailChimp est cerfiti\u00e9 dans le cadre de l&rsquo;accord Privacy Shield et offre ainsi la garantie de conformit\u00e9 au niveau europ\u00e9en de protection des donn\u00e9es. Le prestataire en charge de la newsletter intervient sur la base de nos int\u00e9t\u00eats l\u00e9gitimes conform\u00e9ment \u00e0 l&rsquo;article 6 al. 1 lit.f RGPD et un contrat de traitement des commandes selon l&rsquo;article 28 at. 3 phrae 1 RGPD.<\/p>\n\n\n\n<p>Le prestataire en charge de la newsletter peut utiliser les donn\u00e9es du destinataire de mani\u00e8re anonyme. c&rsquo;est-\u00e0-dire sans affectation \u00e0 un utilisateur, pour optimiser ou am\u00e9liorer ses propres services, par exemple pour optimiser techniquement l&rsquo;exp\u00e9dition et la pr\u00e9sentation de la newsletter ou \u00e0 des fins statistiques. Cependant, le prestataire en charge de la newsletter n&rsquo;utilise pas les donn\u00e9es des destinataires pour leur \u00e9crire lui-m\u00eame ou pour transmettre les donn\u00e9es \u00e0 des tiers.<\/p>\n\n\n\n<p><strong>Mesure du succ\u00e8s de la newsletter<\/strong><\/p>\n\n\n\n<p>Les newsletter contiennent ce que l&rsquo;in appelle une \u00ab\u00a0balise web\u00a0\u00bb, c&rsquo;est-\u00e0-dire un fichier de la taille d&rsquo;un pixel qui est r\u00e9cup\u00e9r\u00e9 \u00e0 partir de notre serveur lorsque la newsletter est ouverte ou, si nous utilisons un prestataire de services pour la newsletter, \u00e0 partir du serveur de ce dernier. Dans le cadre de cette r\u00e9cup\u00e9ration, des informations techniques, telles que des informations sur le navigateur et votre syst\u00e8me, ainsi que votre adresse IP et l&rsquo;heure de r\u00e9cupration, sont collect\u00e9es.<\/p>\n\n\n\n<p>Ces informations sont utilis\u00e9es pour l&rsquo;am\u00e9ioration technique des services \u00e0 travers des donn\u00e9es techniques ou des groupes cibles, et le comportemet de lecture de ces derniers selon leurs emplacements de r\u00e9cup\u00e9ration (qui peuvent \u00eatre d\u00e9termin\u00e9es \u00e0 l&rsquo;aide de l&rsquo;adresse IP), ou des temps d&rsquo;acc\u00e8s. Les enqu\u00eates statistiques consistent \u00e9galement \u00e0 d\u00e9terminer si les newsletters sont ouvertes, quand elles sont ouvertes et quels liens sont consult\u00e9s. Pour des raisons techniques, es informations peuvent \u00eatre attribu\u00e9es aux destinataires indiciduels de la newsletter. Cependant, ce n&rsquo;est ni notre objectif ni, dans l&rsquo;hypoh\u00e8se o\u00f9 il interviendrait, celui du prestataire en charge de la newsletter, d&rsquo;observer les utilisateurs individuels. Les \u00e9valuations nous servent beaucoup plus \u00e0 reconna\u00eetre les habitudes de levture de nos utilisateurs et \u00e0 adapter notre contenu \u00e0 celles-ci ou \u00e0 envoyer des contenus diff\u00e9rents selon les int\u00e9r\u00eats de nos utilisateurs.<\/p>\n\n\n\n<p><strong>Formulaire<\/strong><\/p>\n\n\n\n<p>Lorsque vous remplissez un formulaire sur notre site internet, p. ex. le formulaire de contact, toutes vos donn\u00e9es nous sont transmises par courriel et, pour emp\u00eacher leur perte et permettre une meilleure tra\u00e7abilit\u00e9, enregistr\u00e9es dans notre banque de donn\u00e9es. Nous ne transmettons pas vos donn\u00e9es \u00e0 des tiers sans votre consentement. <\/p>\n\n\n\n<p><strong>Inclusion de services et de contenus de tiers<\/strong><\/p>\n\n\n\n<p>Il peut arriver que des contenus de tiers, p.ex. des vid\u00e9os de YouTube, des cartes de Google Maps, des flus RRS ou des graphiques d&rsquo;autres sites web apparaissent sur la pr\u00e9sente offre en ligne. Cette situation pr\u00e9suppose toujours que la personne proposant des contenus (ci-apr\u00e8s: prestataire tiers) utilise l&rsquo;adresse IP des utilisateurs. L&rsquo;apparition de ces contenus n\u00e9cessite une adresse IP.<\/p>\n\n\n\n<p>Nous nous effor\u00e7ons d&rsquo;utiliser des contenus dont les prestataires utilisent l&rsquo;adresse IP uniquement pour livrer lesdits contenus. N\u00e9anmoins, nous ne pouvons pas agir si le prestataire tiers utilise l&rsquo;adresse IP p.ex. \u00e0 des finds statistiques. Si la situation vient \u00e0 se pr\u00e9senter, nous en informerons les utilisateurs. <\/p>\n\n\n\n<p><strong>Google Maps et Youtube<\/strong><\/p>\n\n\n\n<p>Nous int\u00e9grons le service cartographique \u00ab\u00a0Google Maps\u00a0\u00bb ainisi que quelques vid\u00e9os de la plateforme \u00ab\u00a0YouTube\u00a0\u00bb du fournisseur Google LLC, 1600 Amphitheatre Parkway, Mountain View, CA 94043, USA. Cette int\u00e9gration signifie que les donn\u00e9es sont \u00e9chang\u00e9es en arri\u00e8re-plan \u00e0 des fins de suivi.<\/p>\n\n\n\n<p>Si vous ne souhaitez pas divulguer de donn\u00e9es vous concernant \u00e0 Google, veuillez vous d\u00e9connecter de votre compte Google ou utiliser un plug-in tel que <a href=\"https:\/\/www.ghostery.com\/de\/\" target=\"_blank\" rel=\"noreferrer noopener\">Ghostery<\/a> pour bloquer l&rsquo;\u00e9change de donn\u00e9es. Vous pouvez trouver la d\u00e9claration de protection des donn\u00e9es de Google <a href=\"https:\/\/policies.google.com\/privacy\" title=\"\" target=\"_blank\" rel=\"noopener\">ici<\/a>. <\/p>\n\n\n\n<p><strong>De quels droits disposez-vous sur vos donn\u00e9es personnelles?<\/strong><\/p>\n\n\n\n<p>Vous disposez des droits suivants concernant vos donn\u00e9es personnelles:<\/p>\n\n\n\n<ul class=\"wp-block-list\">\n<li>Vous pouvez demander des informations sur vos donn\u00e9es personnelles qui sont conserv\u00e9es.<\/li>\n\n\n\n<li>Vous pouvet demander une rectification, un ajout, un blocage ou une suppression de vos donn\u00e9es personnelles.<\/li>\n\n\n\n<li>Si vous nous avez donn\u00e9 votre consentement pour le traitement de vos donn\u00e9es, vous pouvet le r\u00e9voquer \u00e0 tout moment avec effet pour l&rsquo;avenir.<\/li>\n<\/ul>\n\n\n\n<p>Un courrier postal ou \u00e9l\u00e9ctronique suffit pour exercer vos droits (voir rubrique \u00ab\u00a0Contact\u00a0\u00bb).<\/p>\n\n\n\n<p><strong>S\u00e9curit\u00e9 des donn\u00e9es<\/strong><\/p>\n\n\n\n<p>Nous utilisons des mesures de s\u00e9curit\u00e9 techniques et organisationnelles appropri\u00e9es pour prot\u00e9ger vos donn\u00e9es personnelles, que nous stockons, contre la manipulation, la perte partielle ou totale et contre l&rsquo;acc\u00e8s non autoris\u00e9 par des tiers. Nous fournisseurs de services informatique, de sites internet et de bases de donn\u00e9es am\u00e9liorent en permanence nos mesures de s\u00e9curit\u00e9 en fonction des \u00e9volutions technologiques.<\/p>\n\n\n\n<p><strong>Modifications de cette d\u00e9claration de protection des donn\u00e9es<\/strong><\/p>\n\n\n\n<p>Nous nous r\u00e9servons le droit de modifier et de compl\u00e9ter cette d\u00e9claration \u00e0 tout moment \u00e0 notre propre discr\u00e9tion et conform\u00e9ment \u00e0 la l\u00e9gislation sur la protection des donn\u00e9es. Veuillez consulter r\u00e9guli\u00e8rement cette d\u00e9claration si vous souhaitez rester inform\u00e9 \u00e0 ce sujet.<\/p>\n\n\n\n<p><strong>Contact pour la protection des donn\u00e9es<\/strong><\/p>\n\n\n\n<p>Si vous avez des questions sur vos droits concernant vos donn\u00e9es personnelles ou pour toute autre question connexe, veuillez contacter l&rsquo;adresse suivante:<\/p>\n\n\n\n<p>Fondation Sophie et Karl Binding <\/p>\n\n\n\n<p>Directrice: Monika Wirth, <a href=\"mailto:wirth@binding-stiftung.ch\">wirth@binding-stiftung.ch<\/a><\/p>\n\n\n\n<p>Responsable de la protection des donn\u00e9es:  Lena Wunderlin, <a href=\"mail:wunderlin@binding-stiftung.ch\" title=\"\">wunderlin@binding-stiftung.ch<\/a><\/p>\n\n\n\n<p>Rennweg 50<br>4020 B\u00e2le<\/p>\n\n\n\n<p>T\u00e9l\u00e9phone: 061 317 40 90<br><a href=\"https:\/\/www.binding-stiftung.ch\/\" target=\"_blank\" rel=\"noopener\">www.binding-stiftung.ch<\/a><\/p>\n","protected":false},"excerpt":{"rendered":"<p>Notions de base La fondation Sophie et Karl Binding respecte votre vie priv\u00e9e La protection de votre vie priv\u00e9e dans [&hellip;]<\/p>\n","protected":false},"author":1,"featured_media":0,"parent":0,"menu_order":0,"comment_status":"closed","ping_status":"open","template":"","meta":{"_acf_changed":false,"_uag_custom_page_level_css":"","footnotes":""},"class_list":["post-732","page","type-page","status-publish","hentry"],"acf":{"photo_gallery":{"sliderbilder":[[{"id":344,"title":"Original_iStock-615426860","caption":"","full_image_url":"https:\/\/dev.preis-biodiversitaet.ch\/wp-content\/uploads\/2020\/09\/Original_iStock-615426860.jpg","thumbnail_image_url":"https:\/\/dev.preis-biodiversitaet.ch\/wp-content\/uploads\/2020\/09\/Original_iStock-615426860-150x150.jpg","large_srcset":"https:\/\/dev.preis-biodiversitaet.ch\/wp-content\/uploads\/2020\/09\/Original_iStock-615426860.jpg 1000w, https:\/\/dev.preis-biodiversitaet.ch\/wp-content\/uploads\/2020\/09\/Original_iStock-615426860-300x200.jpg 300w, https:\/\/dev.preis-biodiversitaet.ch\/wp-content\/uploads\/2020\/09\/Original_iStock-615426860-768x512.jpg 768w","medium_srcset":"https:\/\/dev.preis-biodiversitaet.ch\/wp-content\/uploads\/2020\/09\/Original_iStock-615426860-300x200.jpg 300w, https:\/\/dev.preis-biodiversitaet.ch\/wp-content\/uploads\/2020\/09\/Original_iStock-615426860-768x512.jpg 768w, https:\/\/dev.preis-biodiversitaet.ch\/wp-content\/uploads\/2020\/09\/Original_iStock-615426860.jpg 1000w","media_details":{"width":1000,"height":667,"sizes":{"medium":{"file":"Original_iStock-615426860-300x200.jpg","width":300,"height":200,"mime-type":"image\/jpeg","source_url":"https:\/\/dev.preis-biodiversitaet.ch\/wp-content\/uploads\/2020\/09\/Original_iStock-615426860-300x200.jpg"},"thumbnail":{"file":"Original_iStock-615426860-150x150.jpg","width":150,"height":150,"mime-type":"image\/jpeg","source_url":"https:\/\/dev.preis-biodiversitaet.ch\/wp-content\/uploads\/2020\/09\/Original_iStock-615426860-150x150.jpg"},"medium_large":{"file":"Original_iStock-615426860-768x512.jpg","width":768,"height":512,"mime-type":"image\/jpeg","source_url":"https:\/\/dev.preis-biodiversitaet.ch\/wp-content\/uploads\/2020\/09\/Original_iStock-615426860-768x512.jpg"}}},"alt_text":"MFO-Park in Oerlikon","url":"","target":""}]]}},"uagb_featured_image_src":{"full":false,"thumbnail":false,"medium":false,"medium_large":false,"large":false,"1536x1536":false,"2048x2048":false,"gform-image-choice-sm":false,"gform-image-choice-md":false,"gform-image-choice-lg":false},"uagb_author_info":{"display_name":"gally","author_link":"https:\/\/dev.preis-biodiversitaet.ch\/fr\/author\/gally\/"},"uagb_comment_info":0,"uagb_excerpt":"Notions de base La fondation Sophie et Karl Binding respecte votre vie priv\u00e9e La protection de votre vie priv\u00e9e dans [&hellip;]","_links":{"self":[{"href":"https:\/\/dev.preis-biodiversitaet.ch\/fr\/wp-json\/wp\/v2\/pages\/732","targetHints":{"allow":["GET"]}}],"collection":[{"href":"https:\/\/dev.preis-biodiversitaet.ch\/fr\/wp-json\/wp\/v2\/pages"}],"about":[{"href":"https:\/\/dev.preis-biodiversitaet.ch\/fr\/wp-json\/wp\/v2\/types\/page"}],"author":[{"embeddable":true,"href":"https:\/\/dev.preis-biodiversitaet.ch\/fr\/wp-json\/wp\/v2\/users\/1"}],"replies":[{"embeddable":true,"href":"https:\/\/dev.preis-biodiversitaet.ch\/fr\/wp-json\/wp\/v2\/comments?post=732"}],"version-history":[{"count":4,"href":"https:\/\/dev.preis-biodiversitaet.ch\/fr\/wp-json\/wp\/v2\/pages\/732\/revisions"}],"predecessor-version":[{"id":4414,"href":"https:\/\/dev.preis-biodiversitaet.ch\/fr\/wp-json\/wp\/v2\/pages\/732\/revisions\/4414"}],"wp:attachment":[{"href":"https:\/\/dev.preis-biodiversitaet.ch\/fr\/wp-json\/wp\/v2\/media?parent=732"}],"curies":[{"name":"wp","href":"https:\/\/api.w.org\/{rel}","templated":true}]}}