{"id":5510,"date":"2025-06-11T05:22:00","date_gmt":"2025-06-11T03:22:00","guid":{"rendered":"https:\/\/www.preis-biodiversitaet.ch\/?page_id=5510"},"modified":"2025-06-17T13:29:58","modified_gmt":"2025-06-17T11:29:58","slug":"prix-binding-de-reconnaissance-2025","status":"publish","type":"page","link":"https:\/\/dev.preis-biodiversitaet.ch\/fr\/prix-binding-de-reconnaissance-2025\/","title":{"rendered":"Prix Reconnaissance pour la diversit\u00e9 vivante du jardin de quartier de Hard"},"content":{"rendered":"\n<div class=\"wp-block-columns is-layout-flex wp-container-core-columns-is-layout-9d6595d7 wp-block-columns-is-layout-flex\">\n<div class=\"wp-block-column is-layout-flow wp-block-column-is-layout-flow\">\n<p><strong>Le Prix de Reconnaissance Binding pour la biodiversit\u00e9&nbsp;2025 est d\u00e9cern\u00e9 \u00e0 l\u2019association Quartiergarten Hard \u00e0 Zurich. Une oasis de verdure ouverte \u00e0 tous, entretenue par les membres de la collectivit\u00e9, comportant un potager, des surfaces de biodiversit\u00e9 et un lieu de d\u00e9tente a vu le jour au c\u0153ur de ce quartier dens\u00e9ment construit. Le jardin allie vie urbaine et exp\u00e9rience de la nature et montre comment durabilit\u00e9 sociale et \u00e9cologie peuvent se compl\u00e9ter.<\/strong><\/p>\n<\/div>\n\n\n\n<div class=\"wp-block-column is-layout-flow wp-block-column-is-layout-flow\">\n<figure class=\"wp-block-embed is-type-video is-provider-youtube wp-block-embed-youtube wp-embed-aspect-16-9 wp-has-aspect-ratio\"><div class=\"wp-block-embed__wrapper\">\n<iframe loading=\"lazy\" title=\"Prix Binding de reconnaissance 2025\" width=\"768\" height=\"432\" src=\"https:\/\/www.youtube.com\/embed\/V5pK_78YEwc?feature=oembed\" frameborder=\"0\" allow=\"accelerometer; autoplay; clipboard-write; encrypted-media; gyroscope; picture-in-picture; web-share\" referrerpolicy=\"strict-origin-when-cross-origin\" allowfullscreen><\/iframe>\n<\/div><\/figure>\n<\/div>\n<\/div>\n\n\n\n<div class=\"wp-block-columns is-layout-flex wp-container-core-columns-is-layout-9d6595d7 wp-block-columns-is-layout-flex\">\n<div class=\"wp-block-column is-layout-flow wp-block-column-is-layout-flow\">\n<p><strong><strong>D\u2019abord jardin ouvrier, d\u00e9sormais espace de rencontre ouverte<\/strong><\/strong><\/p>\n\n\n\n<p>Jusqu\u2019en 2011, la surface \u00e9tait occup\u00e9e par des jardins familiaux classiques. Le canton et la ville de Zurich l\u2019ont r\u00e9habilit\u00e9e et puis rendu \u00e0 la collectivit\u00e9. Un processus de participation \u00e0 grande \u00e9chelle a \u00e9t\u00e9 lanc\u00e9, qui a fait \u00e9merger la vision d\u2019un espace libre utilis\u00e9 en commun pour l\u2019ensemble du quartier. En 2013, l\u2019association Quartiergarten Hard a vu le jour. Depuis, elle loue la surface de la ville et coordonne les diff\u00e9rentes activit\u00e9s.<\/p>\n\n\n\n<p>Le but de l\u2019association est de promouvoir une bonne cohabitation communautaire dans le quartier. Elle int\u00e8gre d\u2019entr\u00e9e de cause la nature dans cette id\u00e9e de communaut\u00e9, avec des projets de promotion de la biodiversit\u00e9. Ce mod\u00e8le ouvre de nouvelles perspectives pour d\u2019autres jardins familiaux en Suisse.<\/p>\n\n\n\n<p><strong><strong>Un jardin qui r\u00e9unit et relie<\/strong><\/strong><\/p>\n\n\n\n<p>Le jardin de quartier est un lieu de rencontre interg\u00e9n\u00e9rationnel, ouvert et int\u00e9gratif. Ici, les gens jardinent ensemble, \u00e9changent, prennent soin les uns des autres. C\u2019est un espace favorisant le d\u00e9veloppement de relations entre les personnes et avec la nature.<\/p>\n\n\n\n<p>Les personnes qui n&rsquo;ont pas \u00e9t\u00e9 vus depuis longtemps manquent. Ceux qui arrivent sont accueillis chaleureusement. Cette coh\u00e9sion sociale v\u00e9cue est b\u00e9n\u00e9fique pour le quartier tout en consolidant le bien-\u00eatre individuel. Le jardinage et les l\u00e9gumes frais produits favorisent la sant\u00e9 physique, et l\u2019effet sur la sant\u00e9 mentale est probablement encore plus important.<\/p>\n<\/div>\n\n\n\n<div class=\"wp-block-column is-layout-flow wp-block-column-is-layout-flow\">\n<p><strong><strong>La biodiversit\u00e9 au quotidien<\/strong><\/strong><\/p>\n\n\n\n<p>\u00c0 Zurich, c\u2019est juridiquement obligatoire de jardiner selon des m\u00e9thodes biologiques\u2009; dans le jardin de quartier Hard, c\u2019est aussi une conviction v\u00e9cue. Certaines surfaces p\u00e9riph\u00e9riques sont ainsi explicitement r\u00e9serv\u00e9es \u00e0 la nature et un grand parterre d\u2019abeilles sauvages favorise la diversit\u00e9 des plantes, des insectes et des oiseaux. Dans le jardin de quartier, chaque projet et chaque plantation tient compte de la biodiversit\u00e9. Le poulailler est plant\u00e9 d\u2019arbustes indig\u00e8nes, de jeunes arbres promettent des zones d\u2019ombre et de fra\u00eecheur, des plantes grimpantes vont verdir les pergolas.<\/p>\n\n\n\n<p>La biodiversit\u00e9 est un objectif, et bien plus, puisqu\u2019elle fait partie int\u00e9grante du quotidien dans le jardin. La diversit\u00e9 est encourag\u00e9e, rendue visible, perceptible et vivante.<\/p>\n\n\n\n<p><strong><strong>Un projet exemplaire<\/strong><\/strong><\/p>\n\n\n\n<p>L\u2019association Quartiergarten Hard montre comment une friche r\u00e9habilit\u00e9e peut donner naissance \u00e0 un espace qui est \u00e0 la fois un espace naturel, un espace social et un lieu de production alimentaire. Le Prix de Reconnaissance Binding&nbsp;2025 r\u00e9compense cet engagement et encourage des projets similaires dans d\u2019autres communes et villes.<\/p>\n<\/div>\n<\/div>\n\n\n\n<div class=\"wp-block-columns is-layout-flex wp-container-core-columns-is-layout-9d6595d7 wp-block-columns-is-layout-flex\">\n<div class=\"wp-block-column is-layout-flow wp-block-column-is-layout-flow\">\n<h2 class=\"wp-block-heading\"><strong>Photos<\/strong><\/h2>\n\n\n\n<p>Toutes les photos sont de Stefanie W\u00fcrsch. Vous trouverez les l\u00e9gendes des photos <a href=\"https:\/\/www.prix-biodiversite.ch\/dans-les-medias\/\" target=\"_blank\" rel=\"noopener\">ici<\/a>.<\/p>\n\n\n\n<figure class=\"wp-block-gallery has-nested-images columns-3 is-cropped wp-block-gallery-1 is-layout-flex wp-block-gallery-is-layout-flex\">\n<figure class=\"wp-block-image size-large\"><img loading=\"lazy\" decoding=\"async\" width=\"1024\" height=\"683\" data-id=\"5506\" src=\"https:\/\/www.prix-biodiversite.ch\/wp-content\/uploads\/2025\/06\/05_Hard_Anerkennungspreis25_Kraeutergarten_StefanieWuersch-1024x683.jpg\" alt=\"Im Kr\u00e4utergarten finden sich diverse W\u00fcrz- und Heilpflanzen, alle mit Namen beschriftet. Binding Anerkennungspreis 2025. \u00a9 Stefanie W\u00fcrsch\" class=\"wp-image-5506\" srcset=\"https:\/\/dev.preis-biodiversitaet.ch\/wp-content\/uploads\/2025\/06\/05_Hard_Anerkennungspreis25_Kraeutergarten_StefanieWuersch-1024x683.jpg 1024w, https:\/\/dev.preis-biodiversitaet.ch\/wp-content\/uploads\/2025\/06\/05_Hard_Anerkennungspreis25_Kraeutergarten_StefanieWuersch-300x200.jpg 300w, https:\/\/dev.preis-biodiversitaet.ch\/wp-content\/uploads\/2025\/06\/05_Hard_Anerkennungspreis25_Kraeutergarten_StefanieWuersch-768x512.jpg 768w, https:\/\/dev.preis-biodiversitaet.ch\/wp-content\/uploads\/2025\/06\/05_Hard_Anerkennungspreis25_Kraeutergarten_StefanieWuersch-1536x1024.jpg 1536w, https:\/\/dev.preis-biodiversitaet.ch\/wp-content\/uploads\/2025\/06\/05_Hard_Anerkennungspreis25_Kraeutergarten_StefanieWuersch-2048x1365.jpg 2048w\" sizes=\"auto, (max-width: 1024px) 100vw, 1024px\" \/><figcaption class=\"wp-element-caption\"><br>\u00a9 Stefanie W\u00fcrsch<br><\/figcaption><\/figure>\n\n\n\n<figure class=\"wp-block-image size-large\"><img loading=\"lazy\" decoding=\"async\" width=\"1024\" height=\"684\" data-id=\"5494\" src=\"https:\/\/www.prix-biodiversite.ch\/wp-content\/uploads\/2025\/06\/01_Hard_Anerkennungspreis25_Luftbild_StefanieWuersch-1024x684.jpg\" alt=\"Der Quartiergarten Hard liegt als gr\u00fcne Oase inmitten eines dicht bebauten Z\u00fcrcher Stadtteils. Binding Anerkennungspreis 2025. \u00a9 Stefanie W\u00fcrsch\" class=\"wp-image-5494\" srcset=\"https:\/\/dev.preis-biodiversitaet.ch\/wp-content\/uploads\/2025\/06\/01_Hard_Anerkennungspreis25_Luftbild_StefanieWuersch-1024x684.jpg 1024w, https:\/\/dev.preis-biodiversitaet.ch\/wp-content\/uploads\/2025\/06\/01_Hard_Anerkennungspreis25_Luftbild_StefanieWuersch-300x200.jpg 300w, https:\/\/dev.preis-biodiversitaet.ch\/wp-content\/uploads\/2025\/06\/01_Hard_Anerkennungspreis25_Luftbild_StefanieWuersch-768x513.jpg 768w, https:\/\/dev.preis-biodiversitaet.ch\/wp-content\/uploads\/2025\/06\/01_Hard_Anerkennungspreis25_Luftbild_StefanieWuersch-1536x1026.jpg 1536w, https:\/\/dev.preis-biodiversitaet.ch\/wp-content\/uploads\/2025\/06\/01_Hard_Anerkennungspreis25_Luftbild_StefanieWuersch-2048x1368.jpg 2048w\" sizes=\"auto, (max-width: 1024px) 100vw, 1024px\" \/><figcaption class=\"wp-element-caption\"><br>\u00a9 Stefanie W\u00fcrsch<br><\/figcaption><\/figure>\n\n\n\n<figure class=\"wp-block-image size-large\"><img loading=\"lazy\" decoding=\"async\" width=\"1024\" height=\"683\" data-id=\"5497\" src=\"https:\/\/www.prix-biodiversite.ch\/wp-content\/uploads\/2025\/06\/02_Hard_Anerkennungspreis25_Wildbienen_StefanieWuersch-1024x683.jpg\" alt=\"Direkt neben dem Gem\u00fcsegarten hat der Verein ein Wildbienenparadies angelegt mit Sandfl\u00e4chen, Totholz und einer Vielfalt einheimischer Pflanzenarten. Binding Anerkennungspreis 2025. \u00a9 Stefanie W\u00fcrsch\" class=\"wp-image-5497\" srcset=\"https:\/\/dev.preis-biodiversitaet.ch\/wp-content\/uploads\/2025\/06\/02_Hard_Anerkennungspreis25_Wildbienen_StefanieWuersch-1024x683.jpg 1024w, https:\/\/dev.preis-biodiversitaet.ch\/wp-content\/uploads\/2025\/06\/02_Hard_Anerkennungspreis25_Wildbienen_StefanieWuersch-300x200.jpg 300w, https:\/\/dev.preis-biodiversitaet.ch\/wp-content\/uploads\/2025\/06\/02_Hard_Anerkennungspreis25_Wildbienen_StefanieWuersch-768x512.jpg 768w, https:\/\/dev.preis-biodiversitaet.ch\/wp-content\/uploads\/2025\/06\/02_Hard_Anerkennungspreis25_Wildbienen_StefanieWuersch-1536x1024.jpg 1536w, https:\/\/dev.preis-biodiversitaet.ch\/wp-content\/uploads\/2025\/06\/02_Hard_Anerkennungspreis25_Wildbienen_StefanieWuersch-2048x1365.jpg 2048w\" sizes=\"auto, (max-width: 1024px) 100vw, 1024px\" \/><figcaption class=\"wp-element-caption\"><br> \u00a9 Stefanie W\u00fcrsch<br><\/figcaption><\/figure>\n\n\n\n<figure class=\"wp-block-image size-large\"><img loading=\"lazy\" decoding=\"async\" width=\"1024\" height=\"683\" data-id=\"5500\" src=\"https:\/\/www.prix-biodiversite.ch\/wp-content\/uploads\/2025\/06\/03_Hard_Anerkennungspreis25_Pergola_StefanieWuersch-1024x683.jpg\" alt=\"Die mit Wildrosen und Weinreben bewachsene Pergola l\u00e4dt zum geselligen Beisammensein ein. Binding Anerkennungspreis 2025. \u00a9 Stefanie W\u00fcrsch\" class=\"wp-image-5500\" srcset=\"https:\/\/dev.preis-biodiversitaet.ch\/wp-content\/uploads\/2025\/06\/03_Hard_Anerkennungspreis25_Pergola_StefanieWuersch-1024x683.jpg 1024w, https:\/\/dev.preis-biodiversitaet.ch\/wp-content\/uploads\/2025\/06\/03_Hard_Anerkennungspreis25_Pergola_StefanieWuersch-300x200.jpg 300w, https:\/\/dev.preis-biodiversitaet.ch\/wp-content\/uploads\/2025\/06\/03_Hard_Anerkennungspreis25_Pergola_StefanieWuersch-768x512.jpg 768w, https:\/\/dev.preis-biodiversitaet.ch\/wp-content\/uploads\/2025\/06\/03_Hard_Anerkennungspreis25_Pergola_StefanieWuersch-1536x1024.jpg 1536w, https:\/\/dev.preis-biodiversitaet.ch\/wp-content\/uploads\/2025\/06\/03_Hard_Anerkennungspreis25_Pergola_StefanieWuersch-2048x1365.jpg 2048w\" sizes=\"auto, (max-width: 1024px) 100vw, 1024px\" \/><figcaption class=\"wp-element-caption\"><br>\u00a9 Stefanie W\u00fcrsch<br><\/figcaption><\/figure>\n\n\n\n<figure class=\"wp-block-image size-large\"><img loading=\"lazy\" decoding=\"async\" width=\"1024\" height=\"683\" data-id=\"5503\" src=\"https:\/\/www.prix-biodiversite.ch\/wp-content\/uploads\/2025\/06\/04_Hard_Anerkennungspreis25_Gemuesegarten_StefanieWuersch-1024x683.jpg\" alt=\"Das Herzst\u00fcck der Anlage ist der Gem\u00fcsegarten, welchen die Vereinsmitglieder selbstverst\u00e4ndlich pestizidfrei und ohne Maschinen bewirtschaften. Binding Anerkennungspreis 2025. \u00a9 Stefanie W\u00fcrsch\" class=\"wp-image-5503\" srcset=\"https:\/\/dev.preis-biodiversitaet.ch\/wp-content\/uploads\/2025\/06\/04_Hard_Anerkennungspreis25_Gemuesegarten_StefanieWuersch-1024x683.jpg 1024w, https:\/\/dev.preis-biodiversitaet.ch\/wp-content\/uploads\/2025\/06\/04_Hard_Anerkennungspreis25_Gemuesegarten_StefanieWuersch-300x200.jpg 300w, https:\/\/dev.preis-biodiversitaet.ch\/wp-content\/uploads\/2025\/06\/04_Hard_Anerkennungspreis25_Gemuesegarten_StefanieWuersch-768x512.jpg 768w, https:\/\/dev.preis-biodiversitaet.ch\/wp-content\/uploads\/2025\/06\/04_Hard_Anerkennungspreis25_Gemuesegarten_StefanieWuersch-1536x1024.jpg 1536w, https:\/\/dev.preis-biodiversitaet.ch\/wp-content\/uploads\/2025\/06\/04_Hard_Anerkennungspreis25_Gemuesegarten_StefanieWuersch-2048x1365.jpg 2048w\" sizes=\"auto, (max-width: 1024px) 100vw, 1024px\" \/><figcaption class=\"wp-element-caption\"><br> \u00a9 Stefanie W\u00fcrsch<br><\/figcaption><\/figure>\n<\/figure>\n<\/div>\n<\/div>\n\n\n\n<p><a href=\"https:\/\/www.preis-biodiversitaet.ch\/wp-content\/uploads\/2025\/06\/PrixBinding_Communique_11_06_2025.docx\">Communiqu\u00e9 11.6.2025<\/a><\/p>\n\n\n\n<p><a href=\"https:\/\/quartiergarten-hard.ch\/\" target=\"_blank\" rel=\"noopener\">Site web du Quartiergarten Hard<\/a><\/p>\n\n\n\n<p><a href=\"https:\/\/www.stadt-zuerich.ch\/de\/stadtleben\/zusammenleben\/gaerten-pachtflaechen\/gemeinschaftsgaerten.html\" target=\"_blank\" rel=\"noopener\">Site Web \u00ab\u00a0Gemeinschaftsg\u00e4rten der Stadt Z\u00fcrich\u00a0\u00bb<\/a><\/p>\n\n\n\n<p><a href=\"https:\/\/missionb.ch\/de\/projekt?&amp;field_projektverbund_target_id=2445\" target=\"_blank\" rel=\"noopener\">Voici le lien vers toutes les soumissions de projets 2025 sur le site web de Mission B.<\/a><\/p>\n","protected":false},"excerpt":{"rendered":"<p>Le Prix de Reconnaissance Binding pour la biodiversit\u00e9&nbsp;2025 est d\u00e9cern\u00e9 \u00e0 l\u2019association Quartiergarten Hard \u00e0 Zurich. Une oasis de verdure [&hellip;]<\/p>\n","protected":false},"author":7,"featured_media":0,"parent":0,"menu_order":0,"comment_status":"closed","ping_status":"closed","template":"","meta":{"_acf_changed":false,"_uag_custom_page_level_css":"","footnotes":""},"class_list":["post-5510","page","type-page","status-publish","hentry"],"acf":{"photo_gallery":{"sliderbilder":[[{"id":5469,"title":"DJI_0803","caption":"","full_image_url":"https:\/\/dev.preis-biodiversitaet.ch\/wp-content\/uploads\/2025\/06\/DJI_0803-scaled.jpg","thumbnail_image_url":"https:\/\/dev.preis-biodiversitaet.ch\/wp-content\/uploads\/2025\/06\/DJI_0803-150x150.jpg","large_srcset":"https:\/\/dev.preis-biodiversitaet.ch\/wp-content\/uploads\/2025\/06\/DJI_0803-1024x683.jpg 1024w, https:\/\/dev.preis-biodiversitaet.ch\/wp-content\/uploads\/2025\/06\/DJI_0803-300x200.jpg 300w, https:\/\/dev.preis-biodiversitaet.ch\/wp-content\/uploads\/2025\/06\/DJI_0803-768x512.jpg 768w, https:\/\/dev.preis-biodiversitaet.ch\/wp-content\/uploads\/2025\/06\/DJI_0803-1536x1024.jpg 1536w, https:\/\/dev.preis-biodiversitaet.ch\/wp-content\/uploads\/2025\/06\/DJI_0803-2048x1365.jpg 2048w","medium_srcset":"https:\/\/dev.preis-biodiversitaet.ch\/wp-content\/uploads\/2025\/06\/DJI_0803-300x200.jpg 300w, https:\/\/dev.preis-biodiversitaet.ch\/wp-content\/uploads\/2025\/06\/DJI_0803-1024x683.jpg 1024w, https:\/\/dev.preis-biodiversitaet.ch\/wp-content\/uploads\/2025\/06\/DJI_0803-768x512.jpg 768w, https:\/\/dev.preis-biodiversitaet.ch\/wp-content\/uploads\/2025\/06\/DJI_0803-1536x1024.jpg 1536w, https:\/\/dev.preis-biodiversitaet.ch\/wp-content\/uploads\/2025\/06\/DJI_0803-2048x1365.jpg 2048w","media_details":{"width":2560,"height":1706,"sizes":{"medium":{"file":"DJI_0803-300x200.jpg","width":300,"height":200,"mime-type":"image\/jpeg","filesize":59586,"source_url":"https:\/\/dev.preis-biodiversitaet.ch\/wp-content\/uploads\/2025\/06\/DJI_0803-300x200.jpg"},"large":{"file":"DJI_0803-1024x683.jpg","width":1024,"height":683,"mime-type":"image\/jpeg","filesize":258076,"source_url":"https:\/\/dev.preis-biodiversitaet.ch\/wp-content\/uploads\/2025\/06\/DJI_0803-1024x683.jpg"},"thumbnail":{"file":"DJI_0803-150x150.jpg","width":150,"height":150,"mime-type":"image\/jpeg","filesize":45745,"source_url":"https:\/\/dev.preis-biodiversitaet.ch\/wp-content\/uploads\/2025\/06\/DJI_0803-150x150.jpg"},"medium_large":{"file":"DJI_0803-768x512.jpg","width":768,"height":512,"mime-type":"image\/jpeg","filesize":166035,"source_url":"https:\/\/dev.preis-biodiversitaet.ch\/wp-content\/uploads\/2025\/06\/DJI_0803-768x512.jpg"},"1536x1536":{"file":"DJI_0803-1536x1024.jpg","width":1536,"height":1024,"mime-type":"image\/jpeg","filesize":502894,"source_url":"https:\/\/dev.preis-biodiversitaet.ch\/wp-content\/uploads\/2025\/06\/DJI_0803-1536x1024.jpg"},"2048x2048":{"file":"DJI_0803-2048x1365.jpg","width":2048,"height":1365,"mime-type":"image\/jpeg","filesize":828606,"source_url":"https:\/\/dev.preis-biodiversitaet.ch\/wp-content\/uploads\/2025\/06\/DJI_0803-2048x1365.jpg"}}},"alt_text":"Luftbild Quartiergarten Hard. Binding Anerkennungspreis 2025. (c) Stefanie W\u00fcrsch","url":"","target":""},{"id":5472,"title":"DSC03757","caption":"","full_image_url":"https:\/\/dev.preis-biodiversitaet.ch\/wp-content\/uploads\/2025\/06\/DSC03757-scaled.jpg","thumbnail_image_url":"https:\/\/dev.preis-biodiversitaet.ch\/wp-content\/uploads\/2025\/06\/DSC03757-150x150.jpg","large_srcset":"https:\/\/dev.preis-biodiversitaet.ch\/wp-content\/uploads\/2025\/06\/DSC03757-1024x683.jpg 1024w, https:\/\/dev.preis-biodiversitaet.ch\/wp-content\/uploads\/2025\/06\/DSC03757-300x200.jpg 300w, https:\/\/dev.preis-biodiversitaet.ch\/wp-content\/uploads\/2025\/06\/DSC03757-768x512.jpg 768w, https:\/\/dev.preis-biodiversitaet.ch\/wp-content\/uploads\/2025\/06\/DSC03757-1536x1024.jpg 1536w, https:\/\/dev.preis-biodiversitaet.ch\/wp-content\/uploads\/2025\/06\/DSC03757-2048x1365.jpg 2048w","medium_srcset":"https:\/\/dev.preis-biodiversitaet.ch\/wp-content\/uploads\/2025\/06\/DSC03757-300x200.jpg 300w, https:\/\/dev.preis-biodiversitaet.ch\/wp-content\/uploads\/2025\/06\/DSC03757-1024x683.jpg 1024w, https:\/\/dev.preis-biodiversitaet.ch\/wp-content\/uploads\/2025\/06\/DSC03757-768x512.jpg 768w, https:\/\/dev.preis-biodiversitaet.ch\/wp-content\/uploads\/2025\/06\/DSC03757-1536x1024.jpg 1536w, https:\/\/dev.preis-biodiversitaet.ch\/wp-content\/uploads\/2025\/06\/DSC03757-2048x1365.jpg 2048w","media_details":{"width":2560,"height":1707,"sizes":{"medium":{"file":"DSC03757-300x200.jpg","width":300,"height":200,"mime-type":"image\/jpeg","filesize":54018,"source_url":"https:\/\/dev.preis-biodiversitaet.ch\/wp-content\/uploads\/2025\/06\/DSC03757-300x200.jpg"},"large":{"file":"DSC03757-1024x683.jpg","width":1024,"height":683,"mime-type":"image\/jpeg","filesize":275730,"source_url":"https:\/\/dev.preis-biodiversitaet.ch\/wp-content\/uploads\/2025\/06\/DSC03757-1024x683.jpg"},"thumbnail":{"file":"DSC03757-150x150.jpg","width":150,"height":150,"mime-type":"image\/jpeg","filesize":41802,"source_url":"https:\/\/dev.preis-biodiversitaet.ch\/wp-content\/uploads\/2025\/06\/DSC03757-150x150.jpg"},"medium_large":{"file":"DSC03757-768x512.jpg","width":768,"height":512,"mime-type":"image\/jpeg","filesize":168730,"source_url":"https:\/\/dev.preis-biodiversitaet.ch\/wp-content\/uploads\/2025\/06\/DSC03757-768x512.jpg"},"1536x1536":{"file":"DSC03757-1536x1024.jpg","width":1536,"height":1024,"mime-type":"image\/jpeg","filesize":563238,"source_url":"https:\/\/dev.preis-biodiversitaet.ch\/wp-content\/uploads\/2025\/06\/DSC03757-1536x1024.jpg"},"2048x2048":{"file":"DSC03757-2048x1365.jpg","width":2048,"height":1365,"mime-type":"image\/jpeg","filesize":944619,"source_url":"https:\/\/dev.preis-biodiversitaet.ch\/wp-content\/uploads\/2025\/06\/DSC03757-2048x1365.jpg"}}},"alt_text":"Pergola im Quartiergarten Hard. Binding Anerkennungspreis 2025. (c) Stefanie W\u00fcrsch","url":"","target":""},{"id":5475,"title":"DSC03915","caption":"","full_image_url":"https:\/\/dev.preis-biodiversitaet.ch\/wp-content\/uploads\/2025\/06\/DSC03915-scaled.jpg","thumbnail_image_url":"https:\/\/dev.preis-biodiversitaet.ch\/wp-content\/uploads\/2025\/06\/DSC03915-150x150.jpg","large_srcset":"https:\/\/dev.preis-biodiversitaet.ch\/wp-content\/uploads\/2025\/06\/DSC03915-1024x683.jpg 1024w, https:\/\/dev.preis-biodiversitaet.ch\/wp-content\/uploads\/2025\/06\/DSC03915-300x200.jpg 300w, https:\/\/dev.preis-biodiversitaet.ch\/wp-content\/uploads\/2025\/06\/DSC03915-768x512.jpg 768w, https:\/\/dev.preis-biodiversitaet.ch\/wp-content\/uploads\/2025\/06\/DSC03915-1536x1024.jpg 1536w, https:\/\/dev.preis-biodiversitaet.ch\/wp-content\/uploads\/2025\/06\/DSC03915-2048x1365.jpg 2048w","medium_srcset":"https:\/\/dev.preis-biodiversitaet.ch\/wp-content\/uploads\/2025\/06\/DSC03915-300x200.jpg 300w, https:\/\/dev.preis-biodiversitaet.ch\/wp-content\/uploads\/2025\/06\/DSC03915-1024x683.jpg 1024w, https:\/\/dev.preis-biodiversitaet.ch\/wp-content\/uploads\/2025\/06\/DSC03915-768x512.jpg 768w, https:\/\/dev.preis-biodiversitaet.ch\/wp-content\/uploads\/2025\/06\/DSC03915-1536x1024.jpg 1536w, https:\/\/dev.preis-biodiversitaet.ch\/wp-content\/uploads\/2025\/06\/DSC03915-2048x1365.jpg 2048w","media_details":{"width":2560,"height":1707,"sizes":{"medium":{"file":"DSC03915-300x200.jpg","width":300,"height":200,"mime-type":"image\/jpeg","filesize":65150,"source_url":"https:\/\/dev.preis-biodiversitaet.ch\/wp-content\/uploads\/2025\/06\/DSC03915-300x200.jpg"},"large":{"file":"DSC03915-1024x683.jpg","width":1024,"height":683,"mime-type":"image\/jpeg","filesize":326699,"source_url":"https:\/\/dev.preis-biodiversitaet.ch\/wp-content\/uploads\/2025\/06\/DSC03915-1024x683.jpg"},"thumbnail":{"file":"DSC03915-150x150.jpg","width":150,"height":150,"mime-type":"image\/jpeg","filesize":49191,"source_url":"https:\/\/dev.preis-biodiversitaet.ch\/wp-content\/uploads\/2025\/06\/DSC03915-150x150.jpg"},"medium_large":{"file":"DSC03915-768x512.jpg","width":768,"height":512,"mime-type":"image\/jpeg","filesize":205108,"source_url":"https:\/\/dev.preis-biodiversitaet.ch\/wp-content\/uploads\/2025\/06\/DSC03915-768x512.jpg"},"1536x1536":{"file":"DSC03915-1536x1024.jpg","width":1536,"height":1024,"mime-type":"image\/jpeg","filesize":637714,"source_url":"https:\/\/dev.preis-biodiversitaet.ch\/wp-content\/uploads\/2025\/06\/DSC03915-1536x1024.jpg"},"2048x2048":{"file":"DSC03915-2048x1365.jpg","width":2048,"height":1365,"mime-type":"image\/jpeg","filesize":1032120,"source_url":"https:\/\/dev.preis-biodiversitaet.ch\/wp-content\/uploads\/2025\/06\/DSC03915-2048x1365.jpg"}}},"alt_text":"Arzneikr\u00e4utergarten im Quartiergarten Hard. Binding Anerkennungspreis 2025. (c) Stefanie W\u00fcrsch","url":"","target":""},{"id":5478,"title":"DSC03862","caption":"","full_image_url":"https:\/\/dev.preis-biodiversitaet.ch\/wp-content\/uploads\/2025\/06\/DSC03862-scaled.jpg","thumbnail_image_url":"https:\/\/dev.preis-biodiversitaet.ch\/wp-content\/uploads\/2025\/06\/DSC03862-150x150.jpg","large_srcset":"https:\/\/dev.preis-biodiversitaet.ch\/wp-content\/uploads\/2025\/06\/DSC03862-1024x683.jpg 1024w, https:\/\/dev.preis-biodiversitaet.ch\/wp-content\/uploads\/2025\/06\/DSC03862-300x200.jpg 300w, https:\/\/dev.preis-biodiversitaet.ch\/wp-content\/uploads\/2025\/06\/DSC03862-768x512.jpg 768w, https:\/\/dev.preis-biodiversitaet.ch\/wp-content\/uploads\/2025\/06\/DSC03862-1536x1024.jpg 1536w, https:\/\/dev.preis-biodiversitaet.ch\/wp-content\/uploads\/2025\/06\/DSC03862-2048x1365.jpg 2048w","medium_srcset":"https:\/\/dev.preis-biodiversitaet.ch\/wp-content\/uploads\/2025\/06\/DSC03862-300x200.jpg 300w, https:\/\/dev.preis-biodiversitaet.ch\/wp-content\/uploads\/2025\/06\/DSC03862-1024x683.jpg 1024w, https:\/\/dev.preis-biodiversitaet.ch\/wp-content\/uploads\/2025\/06\/DSC03862-768x512.jpg 768w, https:\/\/dev.preis-biodiversitaet.ch\/wp-content\/uploads\/2025\/06\/DSC03862-1536x1024.jpg 1536w, https:\/\/dev.preis-biodiversitaet.ch\/wp-content\/uploads\/2025\/06\/DSC03862-2048x1365.jpg 2048w","media_details":{"width":2560,"height":1707,"sizes":{"medium":{"file":"DSC03862-300x200.jpg","width":300,"height":200,"mime-type":"image\/jpeg","filesize":54755,"source_url":"https:\/\/dev.preis-biodiversitaet.ch\/wp-content\/uploads\/2025\/06\/DSC03862-300x200.jpg"},"large":{"file":"DSC03862-1024x683.jpg","width":1024,"height":683,"mime-type":"image\/jpeg","filesize":262265,"source_url":"https:\/\/dev.preis-biodiversitaet.ch\/wp-content\/uploads\/2025\/06\/DSC03862-1024x683.jpg"},"thumbnail":{"file":"DSC03862-150x150.jpg","width":150,"height":150,"mime-type":"image\/jpeg","filesize":42001,"source_url":"https:\/\/dev.preis-biodiversitaet.ch\/wp-content\/uploads\/2025\/06\/DSC03862-150x150.jpg"},"medium_large":{"file":"DSC03862-768x512.jpg","width":768,"height":512,"mime-type":"image\/jpeg","filesize":162790,"source_url":"https:\/\/dev.preis-biodiversitaet.ch\/wp-content\/uploads\/2025\/06\/DSC03862-768x512.jpg"},"1536x1536":{"file":"DSC03862-1536x1024.jpg","width":1536,"height":1024,"mime-type":"image\/jpeg","filesize":532488,"source_url":"https:\/\/dev.preis-biodiversitaet.ch\/wp-content\/uploads\/2025\/06\/DSC03862-1536x1024.jpg"},"2048x2048":{"file":"DSC03862-2048x1365.jpg","width":2048,"height":1365,"mime-type":"image\/jpeg","filesize":891799,"source_url":"https:\/\/dev.preis-biodiversitaet.ch\/wp-content\/uploads\/2025\/06\/DSC03862-2048x1365.jpg"}}},"alt_text":"Gartenarbeit im Quartiergarten Hard. Binding Anerkennungspreis 2025. (c) Stefanie W\u00fcrsch","url":"","target":""}]]}},"uagb_featured_image_src":{"full":false,"thumbnail":false,"medium":false,"medium_large":false,"large":false,"1536x1536":false,"2048x2048":false,"gform-image-choice-sm":false,"gform-image-choice-md":false,"gform-image-choice-lg":false},"uagb_author_info":{"display_name":"Lena Wunderlin","author_link":"https:\/\/dev.preis-biodiversitaet.ch\/fr\/author\/lena\/"},"uagb_comment_info":0,"uagb_excerpt":"Le Prix de Reconnaissance Binding pour la biodiversit\u00e9&nbsp;2025 est d\u00e9cern\u00e9 \u00e0 l\u2019association Quartiergarten Hard \u00e0 Zurich. Une oasis de verdure [&hellip;]","_links":{"self":[{"href":"https:\/\/dev.preis-biodiversitaet.ch\/fr\/wp-json\/wp\/v2\/pages\/5510","targetHints":{"allow":["GET"]}}],"collection":[{"href":"https:\/\/dev.preis-biodiversitaet.ch\/fr\/wp-json\/wp\/v2\/pages"}],"about":[{"href":"https:\/\/dev.preis-biodiversitaet.ch\/fr\/wp-json\/wp\/v2\/types\/page"}],"author":[{"embeddable":true,"href":"https:\/\/dev.preis-biodiversitaet.ch\/fr\/wp-json\/wp\/v2\/users\/7"}],"replies":[{"embeddable":true,"href":"https:\/\/dev.preis-biodiversitaet.ch\/fr\/wp-json\/wp\/v2\/comments?post=5510"}],"version-history":[{"count":15,"href":"https:\/\/dev.preis-biodiversitaet.ch\/fr\/wp-json\/wp\/v2\/pages\/5510\/revisions"}],"predecessor-version":[{"id":5715,"href":"https:\/\/dev.preis-biodiversitaet.ch\/fr\/wp-json\/wp\/v2\/pages\/5510\/revisions\/5715"}],"wp:attachment":[{"href":"https:\/\/dev.preis-biodiversitaet.ch\/fr\/wp-json\/wp\/v2\/media?parent=5510"}],"curies":[{"name":"wp","href":"https:\/\/api.w.org\/{rel}","templated":true}]}}