{"id":5357,"date":"2025-02-19T13:40:50","date_gmt":"2025-02-19T12:40:50","guid":{"rendered":"https:\/\/www.preis-biodiversitaet.ch\/?page_id=5357"},"modified":"2025-06-17T13:44:01","modified_gmt":"2025-06-17T11:44:01","slug":"eau-et-habitats-bleu-vert","status":"publish","type":"page","link":"https:\/\/dev.preis-biodiversitaet.ch\/fr\/eau-et-habitats-bleu-vert\/","title":{"rendered":"Eau et habitats bleu-vert"},"content":{"rendered":"\n<p>En 2024, le Prix Binding pour la biodiversit\u00e9 a \u00e9t\u00e9 consacr\u00e9 au th\u00e8me de l\u2019eau et des habitats bleu-vert. Les projets recherch\u00e9s devaient se distinguer par une gestion innovante de l\u2019eau et cr\u00e9er ainsi simultan\u00e9ment des habitats pour les animaux, les plantes et d\u2019autres organismes. Les projets devaient permettre de d\u00e9couvrir la nature, de cr\u00e9er une qualit\u00e9 de s\u00e9jour et d\u2019am\u00e9liorer la qualit\u00e9 de vie des personnes.<\/p>\n\n\n\n<div class=\"wp-block-columns is-layout-flex wp-container-core-columns-is-layout-9d6595d7 wp-block-columns-is-layout-flex\">\n<div class=\"wp-block-column is-layout-flow wp-block-column-is-layout-flow\">\n<h4 class=\"wp-block-heading\">Ville \u00e9ponge<\/h4>\n\n\n\n<p>La ville comme grande \u00e9ponge. C\u2019est la base pour le principe de la ville \u00e9ponge : Elle retient l\u2019eau de pluie lorsqu\u2019elle est abondante et la restitue ensuite lentement. Comme l\u2019eau devient de plus en plus une ressource pr\u00e9cieuse, il est tr\u00e8s important qu\u2019elle ne disparaisse pas directement dans les \u00e9gouts. En raison du changement climatique, il y a de plus en plus de p\u00e9riodes de tr\u00e8s faibles pr\u00e9cipitations et, \u00e0 l\u2019inverse, de fortes pr\u00e9cipitations. Le principe de la ville \u00e9ponge s\u2019attaque aux deux probl\u00e8mes en m\u00eame temps. L\u2019eau de pluie est retenue et stock\u00e9e en cas de fortes pr\u00e9cipitations, ce qui d\u00e9charge les canalisations et pr\u00e9vient les inondations. L\u2019eau stock\u00e9e sert \u00e0 son tour aux plantes et aux arbres, qui peuvent ainsi mieux r\u00e9sister \u00e0 la chaleur et \u00e0 la s\u00e9cheresse et contribuer \u00e0 rafra\u00eechir l\u2019environnement.<\/p>\n\n\n\n<p>Plus d\u2019informations sur le principe de la ville \u00e9ponge et de bons exemples sont disponibles ici&nbsp;:<\/p>\n\n\n\n<ul class=\"wp-block-list\">\n<li><a href=\"https:\/\/ville-eponge.info\/\" target=\"_blank\" rel=\"noopener\">Plate-forme d\u2019information ville \u00e9ponge<\/a><\/li>\n\n\n\n<li><a href=\"https:\/\/www.bafu.admin.ch\/bafu\/fr\/home\/themes\/alimentation-logement-mobilite\/dossiers\/magazine-l-environnement-4-2022-dossier\/ville-eponge-s-adapter-aux-episodes-climatiques-extremes.html\" target=\"_blank\" rel=\"noopener\">Ville-\u00e9ponge: s\u2019adapter aux \u00e9pisodes climatiques extr\u00eames<\/a><\/li>\n\n\n\n<li>En allemand: <a href=\"https:\/\/www.klimakonkret.at\/wasser\/\" target=\"_blank\" rel=\"noopener\">Klimakonkret: Wasser intelligent nutzen<\/a><\/li>\n<\/ul>\n\n\n\n<figure class=\"wp-block-image size-full\"><img loading=\"lazy\" decoding=\"async\" width=\"455\" height=\"587\" src=\"https:\/\/www.premio-biodiversita.ch\/wp-content\/uploads\/2025\/03\/klimakonkret_wasser.jpg\" alt=\"Grafik des Schwammstadtprinzips. Strasse ges\u00e4umt von Baumreihen, Schnitt durch den UNtergrund, Baumreihen und Gehwege sind mit Substrat unterf\u00fcllt, das Wasser bei Starkregenereignissen aufsaugen kann wie ein Schwamm. \" class=\"wp-image-5423\" srcset=\"https:\/\/dev.preis-biodiversitaet.ch\/wp-content\/uploads\/2025\/03\/klimakonkret_wasser.jpg 455w, https:\/\/dev.preis-biodiversitaet.ch\/wp-content\/uploads\/2025\/03\/klimakonkret_wasser-233x300.jpg 233w\" sizes=\"auto, (max-width: 455px) 100vw, 455px\" \/><figcaption class=\"wp-element-caption\">Graphique du principe de la ville \u00e9ponge dans l&rsquo;espace routier. \u00a9 KlimaKonkret<\/figcaption><\/figure>\n<\/div>\n\n\n\n<div class=\"wp-block-column is-layout-flow wp-block-column-is-layout-flow\">\n<h4 class=\"wp-block-heading\">Milieux fontinaux<\/h4>\n\n\n\n<p>Les sources constituent souvent le d\u00e9but d\u2019un cours d\u2019eau et offrent un habitat unique \u00e0 une centaine d\u2019esp\u00e8ces animales souvent fortement menac\u00e9es, comme par exemple le cordul\u00e9gastre. L\u2019eau qui jaillit du sol contient peu de nutriments et la temp\u00e9rature est constate autour de 10\u00b0C, hiver comme \u00e9t\u00e9. Il existe \u00e9galement des sources dans les zones urbaines. Ces derni\u00e8res sont souvent artificialis\u00e9es et le milieu fontinal n\u2019existe plus. Comme ces habitats deviennent globalement de plus en plus rares, il est important de restaurer l\u2019habitat original partout o\u00f9 cela est possible.<\/p>\n\n\n\n<p>Vous trouvez ici des informations plus d\u00e9taill\u00e9es sur les milieux fontinaux&nbsp;:<\/p>\n\n\n\n<ul class=\"wp-block-list\">\n<li><a href=\"https:\/\/www.quell-lebensr\u00e4ume.ch\/fr\/\" target=\"_blank\" rel=\"noopener\">Conseil milieux fontinaux<\/a><\/li>\n\n\n\n<li><a href=\"https:\/\/missionb.ch\/en\/node\/10089\" target=\"_blank\" rel=\"noopener\">Revitalisation de la source de la Bonne-Fontaine \u00e0 Fontenais<\/a><\/li>\n\n\n\n<li><a href=\"https:\/\/www.bafu.admin.ch\/bafu\/fr\/home\/themes\/biodiversite\/publications\/publications-biodiversite\/milieux-fontinaux.html\" target=\"_blank\" rel=\"noopener\">Inventorier, conserver et valoriser les milieux fontinaux<\/a><\/li>\n<\/ul>\n\n\n\n<figure class=\"wp-block-image size-large\"><img loading=\"lazy\" decoding=\"async\" width=\"1024\" height=\"768\" src=\"https:\/\/www.prix-biodiversite.ch\/wp-content\/uploads\/2025\/06\/Fontenais_MartinRais-1024x768.jpg\" alt=\"Quelllebensraum inmitten der Gemeinde Fontenais\" class=\"wp-image-5721\" srcset=\"https:\/\/dev.preis-biodiversitaet.ch\/wp-content\/uploads\/2025\/06\/Fontenais_MartinRais-1024x768.jpg 1024w, https:\/\/dev.preis-biodiversitaet.ch\/wp-content\/uploads\/2025\/06\/Fontenais_MartinRais-300x225.jpg 300w, https:\/\/dev.preis-biodiversitaet.ch\/wp-content\/uploads\/2025\/06\/Fontenais_MartinRais-768x576.jpg 768w, https:\/\/dev.preis-biodiversitaet.ch\/wp-content\/uploads\/2025\/06\/Fontenais_MartinRais-1536x1152.jpg 1536w, https:\/\/dev.preis-biodiversitaet.ch\/wp-content\/uploads\/2025\/06\/Fontenais_MartinRais-2048x1536.jpg 2048w\" sizes=\"auto, (max-width: 1024px) 100vw, 1024px\" \/><figcaption class=\"wp-element-caption\">Milieu source au c\u0153ur de la commune de Fontenais. \u00a9 Martin Rais<\/figcaption><\/figure>\n<\/div>\n<\/div>\n\n\n\n<div class=\"wp-block-columns is-layout-flex wp-container-core-columns-is-layout-9d6595d7 wp-block-columns-is-layout-flex\">\n<div class=\"wp-block-column is-layout-flow wp-block-column-is-layout-flow\">\n<h4 class=\"wp-block-heading\">Habitats humides<\/h4>\n\n\n\n<p>Les espaces verts sur les rives et le long des ruisseaux, ou encore les petits \u00e9tangs et les biotopes humides, offrent un espace de d\u00e9tente pour les personnes et un habitat int\u00e9ressant pour de nombreuses plantes et animaux. Les grenouilles vertes, par exemple, aiment prendre le soleil sur les rives des cours d\u2019eau permanents. Comme ils sont peu exigeants, on les trouve aussi souvent dans les zones d\u2019habitation. Le populage des marais aime lui aussi l\u2019humidit\u00e9. Elle est devenue rare en raison de la rectification des ruisseaux et de l\u2019ass\u00e8chement des terres agricoles. Les biotopes humides dans les zones d\u2019habitation et les jardins constituent des habitats de substitution importants pour cette belle plante.<\/p>\n\n\n\n<p>Vous trouverez d\u2019autres portraits d\u2019esp\u00e8ces ici en allemand&nbsp;:<\/p>\n\n\n\n<ul class=\"wp-block-list\">\n<li><a href=\"https:\/\/www.linkedin.com\/posts\/binding-stiftung_naturnahe-w%C3%A4lder-mit-viel-totholz-sind-activity-7168891696540286979-nBoR?utm_source=share&amp;utm_medium=member_desktop\" target=\"_blank\" rel=\"noopener\">Feuersalamander LinkedIn Binding Stiftung<\/a><\/li>\n\n\n\n<li><a href=\"https:\/\/www.linkedin.com\/posts\/binding-stiftung_perfekt-ans-wasser-angepasst-an-fliessenden-activity-7165734680837677057-3Hz_?utm_source=share&amp;utm_medium=member_desktop\" target=\"_blank\" rel=\"noopener\">Wasseramsel LinkedIn Binding Stiftung<\/a><\/li>\n\n\n\n<li><a href=\"https:\/\/www.linkedin.com\/posts\/binding-stiftung_wer-einmal-bl%C3%BChenden-fieberklee-menyanthes-activity-7188508805750497280-GOak?utm_source=share&amp;utm_medium=member_desktop\" target=\"_blank\" rel=\"noopener\">Fieberklee LinkedIn Binding Stiftung<\/a><\/li>\n\n\n\n<li><a href=\"https:\/\/www.linkedin.com\/feed\/update\/urn:li:activity:7230118881745346561\" target=\"_blank\" rel=\"noopener\">Blutweiderich LinkedIn Binding Stiftung<\/a><\/li>\n\n\n\n<li><a href=\"https:\/\/www.linkedin.com\/feed\/update\/urn:li:activity:7223632593840209921\" target=\"_blank\" rel=\"noopener\">M\u00e4des\u00fcss LinkedIn Binding Stiftung<\/a><\/li>\n<\/ul>\n<\/div>\n\n\n\n<div class=\"wp-block-column is-layout-flow wp-block-column-is-layout-flow\">\n<h4 class=\"wp-block-heading\">Cours d&rsquo;eau renatur\u00e9s<\/h4>\n\n\n\n<p>Presque aucun cours d\u2019eau en Suisse ne se trouve encore aujourd\u2019hui dans son \u00e9tat naturel. Les rivi\u00e8res et les ruisseaux sont rectifi\u00e9s et canalis\u00e9s pour cr\u00e9er des terres agricoles et des terrains \u00e0 b\u00e2tir. En cons\u00e9quence, les \u00e9v\u00e9nements d\u2019inondation se multiplient en raison de l\u2019absence de zones d\u2019inondation naturelles. Ces paysages alluviaux manquent \u00e9galement \u00e0 la nature, car ils constituent l\u2019habitat d\u2019environ 40% de toutes les esp\u00e8ces v\u00e9g\u00e9tales indig\u00e8nes et de plus de 80% des esp\u00e8ces animales. Les cours d\u2019eau sont d\u00e9sormais renatur\u00e9s afin de les prot\u00e9ger des inondations et de favoriser la biodiversit\u00e9. Il en r\u00e9sulte des paysages naturels fantastiques, mais aussi des espaces aquatiques proches de l\u2019\u00e9tat naturel dans et autour des zones urbanis\u00e9es, avec une grande valeur r\u00e9cr\u00e9ative pour la population.<\/p>\n\n\n\n<p>Plus d\u2019information sur les renaturations en g\u00e9n\u00e9ral et sur des exemples sp\u00e9cifiques sont disponibles ici&nbsp;:<\/p>\n\n\n\n<ul class=\"wp-block-list\">\n<li><a href=\"https:\/\/www.bafu.admin.ch\/bafu\/fr\/home\/themes\/eaux\/info-specialistes\/mesures-pour-la-protection-des-eaux\/renaturation-des-eaux.html\" target=\"_blank\" rel=\"noopener\">Renaturation des eaux chez l\u2019OFEV<\/a><\/li>\n\n\n\n<li><a href=\"https:\/\/www.commune-suisse.ch\/article\/quatre-communes-unies-pour-redonner-vie-a-la-petite-glane\" target=\"_blank\" rel=\"noopener\">Quatre communes unies pour redonner vie \u00e0 la Petite Gl\u00e2ne<\/a><\/li>\n\n\n\n<li>En allemand&nbsp;: <a href=\"https:\/\/www.ag.ch\/de\/verwaltung\/bvu\/umwelt-natur-landschaft\/hochwasserschutz-gewaesser\/revitalisierungen\" target=\"_blank\" rel=\"noopener\">Revitalisierungen beim Kanton Aargau<\/a><\/li>\n\n\n\n<li>En allemand : <a href=\"https:\/\/missionb.ch\/de\/projekt\/10148\" target=\"_blank\" rel=\"noopener\">Neue Landschaft zum Wasserkraftwerk Hagneck<\/a><\/li>\n<\/ul>\n<\/div>\n<\/div>\n\n\n\n<div class=\"wp-block-columns is-layout-flex wp-container-core-columns-is-layout-9d6595d7 wp-block-columns-is-layout-flex\">\n<div class=\"wp-block-column is-layout-flow wp-block-column-is-layout-flow\">\n<figure class=\"wp-block-image size-large\"><img loading=\"lazy\" decoding=\"async\" width=\"1024\" height=\"683\" src=\"https:\/\/www.premio-biodiversita.ch\/wp-content\/uploads\/2025\/01\/Sumpfdotterblume-Planbiodivers-1024x683.jpg\" alt=\"Sumpfdotterblumen, gelbe Blumen mit gr\u00fcnen Bl\u00e4ttern\" class=\"wp-image-5294\" style=\"aspect-ratio:4\/3;object-fit:cover\" srcset=\"https:\/\/dev.preis-biodiversitaet.ch\/wp-content\/uploads\/2025\/01\/Sumpfdotterblume-Planbiodivers-1024x683.jpg 1024w, https:\/\/dev.preis-biodiversitaet.ch\/wp-content\/uploads\/2025\/01\/Sumpfdotterblume-Planbiodivers-300x200.jpg 300w, https:\/\/dev.preis-biodiversitaet.ch\/wp-content\/uploads\/2025\/01\/Sumpfdotterblume-Planbiodivers-768x512.jpg 768w, https:\/\/dev.preis-biodiversitaet.ch\/wp-content\/uploads\/2025\/01\/Sumpfdotterblume-Planbiodivers-1536x1024.jpg 1536w, https:\/\/dev.preis-biodiversitaet.ch\/wp-content\/uploads\/2025\/01\/Sumpfdotterblume-Planbiodivers-2048x1365.jpg 2048w\" sizes=\"auto, (max-width: 1024px) 100vw, 1024px\" \/><figcaption class=\"wp-element-caption\">Populage des marais \u00a9 Plan Biodivers<\/figcaption><\/figure>\n<\/div>\n\n\n\n<div class=\"wp-block-column is-layout-flow wp-block-column-is-layout-flow\">\n<figure class=\"wp-block-image size-large\"><img loading=\"lazy\" decoding=\"async\" width=\"1024\" height=\"768\" src=\"https:\/\/www.premio-biodiversita.ch\/wp-content\/uploads\/2025\/01\/Wasserfrosch-Planbiodivers-1024x768.jpg\" alt=\"Ein gr\u00fcner Wasserfrosch sitzt auf braunen Bl\u00e4ttern, die auf der Wasseroberfl\u00e4che schwimmen.\" class=\"wp-image-5297\" style=\"aspect-ratio:4\/3;object-fit:cover\" srcset=\"https:\/\/dev.preis-biodiversitaet.ch\/wp-content\/uploads\/2025\/01\/Wasserfrosch-Planbiodivers-1024x768.jpg 1024w, https:\/\/dev.preis-biodiversitaet.ch\/wp-content\/uploads\/2025\/01\/Wasserfrosch-Planbiodivers-300x225.jpg 300w, https:\/\/dev.preis-biodiversitaet.ch\/wp-content\/uploads\/2025\/01\/Wasserfrosch-Planbiodivers-768x576.jpg 768w, https:\/\/dev.preis-biodiversitaet.ch\/wp-content\/uploads\/2025\/01\/Wasserfrosch-Planbiodivers-1536x1152.jpg 1536w, https:\/\/dev.preis-biodiversitaet.ch\/wp-content\/uploads\/2025\/01\/Wasserfrosch-Planbiodivers-2048x1536.jpg 2048w\" sizes=\"auto, (max-width: 1024px) 100vw, 1024px\" \/><figcaption class=\"wp-element-caption\">Grenouille verte \u00a9 Plan Biodivers<\/figcaption><\/figure>\n<\/div>\n<\/div>\n","protected":false},"excerpt":{"rendered":"<p>En 2024, le Prix Binding pour la biodiversit\u00e9 a \u00e9t\u00e9 consacr\u00e9 au th\u00e8me de l\u2019eau et des habitats bleu-vert. Les [&hellip;]<\/p>\n","protected":false},"author":7,"featured_media":0,"parent":0,"menu_order":0,"comment_status":"closed","ping_status":"closed","template":"","meta":{"_acf_changed":false,"_uag_custom_page_level_css":"","footnotes":""},"class_list":["post-5357","page","type-page","status-publish","hentry"],"acf":{"photo_gallery":{"sliderbilder":[[{"id":2840,"title":"IGORPONTI_CASARICO_2022_CF011807","caption":"","full_image_url":"https:\/\/dev.preis-biodiversitaet.ch\/wp-content\/uploads\/2022\/10\/IGORPONTI_CASARICO_2022_CF011807-scaled.jpg","thumbnail_image_url":"https:\/\/dev.preis-biodiversitaet.ch\/wp-content\/uploads\/2022\/10\/IGORPONTI_CASARICO_2022_CF011807-150x150.jpg","large_srcset":"https:\/\/dev.preis-biodiversitaet.ch\/wp-content\/uploads\/2022\/10\/IGORPONTI_CASARICO_2022_CF011807-1024x819.jpg 1024w, https:\/\/dev.preis-biodiversitaet.ch\/wp-content\/uploads\/2022\/10\/IGORPONTI_CASARICO_2022_CF011807-300x240.jpg 300w, https:\/\/dev.preis-biodiversitaet.ch\/wp-content\/uploads\/2022\/10\/IGORPONTI_CASARICO_2022_CF011807-768x614.jpg 768w, https:\/\/dev.preis-biodiversitaet.ch\/wp-content\/uploads\/2022\/10\/IGORPONTI_CASARICO_2022_CF011807-1536x1229.jpg 1536w, https:\/\/dev.preis-biodiversitaet.ch\/wp-content\/uploads\/2022\/10\/IGORPONTI_CASARICO_2022_CF011807-2048x1638.jpg 2048w","medium_srcset":"https:\/\/dev.preis-biodiversitaet.ch\/wp-content\/uploads\/2022\/10\/IGORPONTI_CASARICO_2022_CF011807-300x240.jpg 300w, https:\/\/dev.preis-biodiversitaet.ch\/wp-content\/uploads\/2022\/10\/IGORPONTI_CASARICO_2022_CF011807-1024x819.jpg 1024w, https:\/\/dev.preis-biodiversitaet.ch\/wp-content\/uploads\/2022\/10\/IGORPONTI_CASARICO_2022_CF011807-768x614.jpg 768w, https:\/\/dev.preis-biodiversitaet.ch\/wp-content\/uploads\/2022\/10\/IGORPONTI_CASARICO_2022_CF011807-1536x1229.jpg 1536w, https:\/\/dev.preis-biodiversitaet.ch\/wp-content\/uploads\/2022\/10\/IGORPONTI_CASARICO_2022_CF011807-2048x1638.jpg 2048w","media_details":{"width":2560,"height":2048,"sizes":{"medium":{"file":"IGORPONTI_CASARICO_2022_CF011807-300x240.jpg","width":300,"height":240,"mime-type":"image\/jpeg","filesize":36012,"source_url":"https:\/\/dev.preis-biodiversitaet.ch\/wp-content\/uploads\/2022\/10\/IGORPONTI_CASARICO_2022_CF011807-300x240.jpg"},"large":{"file":"IGORPONTI_CASARICO_2022_CF011807-1024x819.jpg","width":1024,"height":819,"mime-type":"image\/jpeg","filesize":245460,"source_url":"https:\/\/dev.preis-biodiversitaet.ch\/wp-content\/uploads\/2022\/10\/IGORPONTI_CASARICO_2022_CF011807-1024x819.jpg"},"thumbnail":{"file":"IGORPONTI_CASARICO_2022_CF011807-150x150.jpg","width":150,"height":150,"mime-type":"image\/jpeg","filesize":21574,"source_url":"https:\/\/dev.preis-biodiversitaet.ch\/wp-content\/uploads\/2022\/10\/IGORPONTI_CASARICO_2022_CF011807-150x150.jpg"},"medium_large":{"file":"IGORPONTI_CASARICO_2022_CF011807-768x614.jpg","width":768,"height":614,"mime-type":"image\/jpeg","filesize":144369,"source_url":"https:\/\/dev.preis-biodiversitaet.ch\/wp-content\/uploads\/2022\/10\/IGORPONTI_CASARICO_2022_CF011807-768x614.jpg"},"1536x1536":{"file":"IGORPONTI_CASARICO_2022_CF011807-1536x1229.jpg","width":1536,"height":1229,"mime-type":"image\/jpeg","filesize":539598,"source_url":"https:\/\/dev.preis-biodiversitaet.ch\/wp-content\/uploads\/2022\/10\/IGORPONTI_CASARICO_2022_CF011807-1536x1229.jpg"},"2048x2048":{"file":"IGORPONTI_CASARICO_2022_CF011807-2048x1638.jpg","width":2048,"height":1638,"mime-type":"image\/jpeg","filesize":957458,"source_url":"https:\/\/dev.preis-biodiversitaet.ch\/wp-content\/uploads\/2022\/10\/IGORPONTI_CASARICO_2022_CF011807-2048x1638.jpg"}}},"alt_text":"Parco Casarico","url":"","target":""}]]}},"uagb_featured_image_src":{"full":false,"thumbnail":false,"medium":false,"medium_large":false,"large":false,"1536x1536":false,"2048x2048":false,"gform-image-choice-sm":false,"gform-image-choice-md":false,"gform-image-choice-lg":false},"uagb_author_info":{"display_name":"Lena Wunderlin","author_link":"https:\/\/dev.preis-biodiversitaet.ch\/fr\/author\/lena\/"},"uagb_comment_info":0,"uagb_excerpt":"En 2024, le Prix Binding pour la biodiversit\u00e9 a \u00e9t\u00e9 consacr\u00e9 au th\u00e8me de l\u2019eau et des habitats bleu-vert. Les [&hellip;]","_links":{"self":[{"href":"https:\/\/dev.preis-biodiversitaet.ch\/fr\/wp-json\/wp\/v2\/pages\/5357","targetHints":{"allow":["GET"]}}],"collection":[{"href":"https:\/\/dev.preis-biodiversitaet.ch\/fr\/wp-json\/wp\/v2\/pages"}],"about":[{"href":"https:\/\/dev.preis-biodiversitaet.ch\/fr\/wp-json\/wp\/v2\/types\/page"}],"author":[{"embeddable":true,"href":"https:\/\/dev.preis-biodiversitaet.ch\/fr\/wp-json\/wp\/v2\/users\/7"}],"replies":[{"embeddable":true,"href":"https:\/\/dev.preis-biodiversitaet.ch\/fr\/wp-json\/wp\/v2\/comments?post=5357"}],"version-history":[{"count":5,"href":"https:\/\/dev.preis-biodiversitaet.ch\/fr\/wp-json\/wp\/v2\/pages\/5357\/revisions"}],"predecessor-version":[{"id":5725,"href":"https:\/\/dev.preis-biodiversitaet.ch\/fr\/wp-json\/wp\/v2\/pages\/5357\/revisions\/5725"}],"wp:attachment":[{"href":"https:\/\/dev.preis-biodiversitaet.ch\/fr\/wp-json\/wp\/v2\/media?parent=5357"}],"curies":[{"name":"wp","href":"https:\/\/api.w.org\/{rel}","templated":true}]}}