{"id":5354,"date":"2025-02-19T13:29:04","date_gmt":"2025-02-19T12:29:04","guid":{"rendered":"https:\/\/www.preis-biodiversitaet.ch\/?page_id=5354"},"modified":"2025-02-24T12:08:24","modified_gmt":"2025-02-24T11:08:24","slug":"biodiversite-et-sante","status":"publish","type":"page","link":"https:\/\/dev.preis-biodiversitaet.ch\/fr\/biodiversite-et-sante\/","title":{"rendered":"Biodiversit\u00e9 et sant\u00e9"},"content":{"rendered":"\n<p>En 2025, le Prix Binding pour la biodiversit\u00e9 est consacr\u00e9 au th\u00e8me de la biodiversit\u00e9 et de la sant\u00e9. Nous cherchons des projets qui, d\u00e8s leur planification et leur mise en \u0153uvre, ont pris en compte non seulement la biodiversit\u00e9 mais aussi les aspects de la promotion de la sant\u00e9. Les espaces verts en milieu urbain peuvent avoir un effet av\u00e9r\u00e9 sur la sant\u00e9 des habitants. Si la sant\u00e9 est consid\u00e9r\u00e9e de mani\u00e8re holistique selon la d\u00e9finition de l\u2019OMS, les facteurs d\u2019impact de la nature et de la biodiversit\u00e9 sur la sant\u00e9 humaine sont les suivantes&nbsp;: r\u00e9duction des effets n\u00e9gatifs sur l\u2019environnement (air pur, eau propre, moins de bruit), r\u00e9cup\u00e9ration &amp; am\u00e9lioration de l\u2019attention, facilitation des interactions sociales, promotion de l\u2019activit\u00e9 physique, \u00e9merveillement &amp; respect.<\/p>\n\n\n\n<div class=\"wp-block-columns is-layout-flex wp-container-core-columns-is-layout-9d6595d7 wp-block-columns-is-layout-flex\">\n<div class=\"wp-block-column is-layout-flow wp-block-column-is-layout-flow\">\n<h4 class=\"wp-block-heading\">Sant\u00e9 mentale<\/h4>\n\n\n\n<p>Une promenade dans la nature r\u00e9duit le stress et augmente la capacit\u00e9 de concentration. C\u2019est ce que les mesures du taux de cortisol et les auto-\u00e9valuations ont d\u00e9j\u00e0 d\u00e9montr\u00e9 dans diff\u00e9rentes \u00e9tudes. Un s\u00e9jour dans la nature peut ainsi aider les enfants souffrant de TDAH \u00e0 mieux se concentrer. L\u2019\u00e9merveillement et la contemplation de la nature et de la biodiversit\u00e9 d\u00e9tournent l\u2019attention du quotidien, ce qui entra\u00eene moins de fatigue et une meilleure r\u00e9cup\u00e9ration. Un espace vert peut en outre contribuer \u00e0 ce que les gens se sentent davantage li\u00e9s \u00e0 un lieu. L\u2019Am\u00e9nagement d\u2019une surface, le fait d\u2019y s\u00e9journer et de s\u2019y int\u00e9resser peuvent exercer une grande influence sur la sant\u00e9 mentale des individus et d\u2019une communaut\u00e9.<\/p>\n\n\n\n<p>Les sources suivantes promettent des informations encore plus d\u00e9taill\u00e9es&nbsp;:<\/p>\n\n\n\n<ul class=\"wp-block-list\">\n<li><a href=\"https:\/\/portal-cdn.scnat.ch\/asset\/6bb73bde-07fe-509f-ad95-e14b7fa91e57\/Factsheet_Biodiv_Gesundheit_F.pdf?b=a3c1ec42-85b3-5417-b262-ed111d973d9b&amp;v=56f27300-8dc3-5368-ba49-06bbd61f76a5_0&amp;s=jbNqz9FElSvIvi603xYuR6xaNZb14feBIRemGFkHdA9guJB5mm9j8sj8p1DVB3KcdY-jJhG5dED0HrvZ_ajMjGN9lmEazcPzA1oMwrD3fOV1M8uFoQZmzcA9OPZstUfPbC0arESZpV9HK_Cec7gnYLwRhpag6RyAc3IeeMT-qC0\" target=\"_blank\" rel=\"noopener\">Swiss academies Fiche d\u2019information \u00abLa biodiversit\u00e9, gage de sant\u00e9&nbsp;?\u00bb<\/a><\/li>\n\n\n\n<li><a href=\"https:\/\/www.who.int\/europe\/publications\/i\/item\/9789289052498\" target=\"_blank\" rel=\"noopener\">WHO: Urban green spaces: a brief for action<\/a><\/li>\n\n\n\n<li><a href=\"https:\/\/www.researchgate.net\/publication\/223757765_Student_performance_and_high_school_landscapes_Examining_the_links\" target=\"_blank\" rel=\"noopener\">Article scientifique: Student performance and high school landscapes: Examining the links (Matsuoka, 2010)<\/a><\/li>\n\n\n\n<li><a href=\"https:\/\/www.pnas.org\/doi\/10.1073\/pnas.1510459112\" target=\"_blank\" rel=\"noopener\">Article scientifique: &nbsp;Nature experience reduces rumination and subgenual prefrontal cortex activation&nbsp;(Gregory N. Bratman et al., 2025)<\/a><\/li>\n<\/ul>\n\n\n\n<figure class=\"wp-block-image size-large\"><img loading=\"lazy\" decoding=\"async\" width=\"1024\" height=\"683\" src=\"https:\/\/www.prix-biodiversite.ch\/wp-content\/uploads\/2024\/06\/03-Naturlandschaft-StefanieWuersch-1024x683.jpg\" alt=\"Naturidylle am Laveggio. Parco del Laveggio - Binding Preis f\u00fcr Biodiversit\u00e4t 2024\" class=\"wp-image-4507\" srcset=\"https:\/\/dev.preis-biodiversitaet.ch\/wp-content\/uploads\/2024\/06\/03-Naturlandschaft-StefanieWuersch-1024x683.jpg 1024w, https:\/\/dev.preis-biodiversitaet.ch\/wp-content\/uploads\/2024\/06\/03-Naturlandschaft-StefanieWuersch-300x200.jpg 300w, https:\/\/dev.preis-biodiversitaet.ch\/wp-content\/uploads\/2024\/06\/03-Naturlandschaft-StefanieWuersch-768x512.jpg 768w, https:\/\/dev.preis-biodiversitaet.ch\/wp-content\/uploads\/2024\/06\/03-Naturlandschaft-StefanieWuersch-1536x1024.jpg 1536w, https:\/\/dev.preis-biodiversitaet.ch\/wp-content\/uploads\/2024\/06\/03-Naturlandschaft-StefanieWuersch-2048x1365.jpg 2048w\" sizes=\"auto, (max-width: 1024px) 100vw, 1024px\" \/><figcaption class=\"wp-element-caption\">Des pi\u00e9tons se prom\u00e8nent le long du Laveggio dans le Parco del Laveggio et profitent de l&rsquo;environnement naturel. Prix Binding pour la biodiversit\u00e9 2024 Parco del Laveggio. \u00a9 Stefanie W\u00fcrsch<\/figcaption><\/figure>\n<\/div>\n\n\n\n<div class=\"wp-block-column is-layout-flow wp-block-column-is-layout-flow\">\n<h4 class=\"wp-block-heading\">Sant\u00e9 physique<\/h4>\n\n\n\n<p>L\u2019air frais, l\u2019exercice physique et la vue sur la verdure influencent \u00e9galement la sant\u00e9 physique. Dans les ann\u00e9es 80 d\u00e9j\u00e0, il a \u00e9t\u00e9 constat\u00e9 que les patients op\u00e9r\u00e9s de la v\u00e9sicule biliaire se remettaient beaucoup plus vite si leur chambre avait une vue sur la verdure, contrairement aux patients qui avaient une vue sur un mur en b\u00e9ton (voir ci-dessous Ulrich, 1984). Le facteur visuel \u00e0 lui seul exerce donc une influence sur la gu\u00e9rison physique. Les espaces verts des zones d\u2019habitation peuvent \u00eatre am\u00e9nag\u00e9s de mani\u00e8re \u00e0 inviter diff\u00e9rentes g\u00e9n\u00e9rations \u00e0 faire de l\u2019exercice. Les aires de jeux, les prairies ouvertes, les parcours Vita, entre autres, motivent les personnes de diff\u00e9rents groupes d\u2019\u00e2ge \u00e0 pratiquer une activit\u00e9 physique et \u00e0 prendre ainsi soin de leur propre sant\u00e9. En outre, les espaces verts r\u00e9duisent le bruit de la ville environnante et peuvent donc \u00e9galement contribuer \u00e0 un paysage sonore agr\u00e9ablement calme. Si les enfants bougent davantage \u00e0 l\u2019ext\u00e9rieur et dans les espaces verts d\u00e8s leur plus jeune \u00e2ge, la probabilit\u00e9 qu\u2019ils aient besoin de lunettes plus tard \u00e0 cause de la myopie diminue.<\/p>\n\n\n\n<p>Vous trouverez ici de plus amples informations sur l\u2019influence de la biodiversit\u00e9 et de la nature sur la sant\u00e9 physique&nbsp;:<\/p>\n\n\n\n<ul class=\"wp-block-list\">\n<li><a href=\"https:\/\/www.researchgate.net\/publication\/17043718_View_Through_a_Window_May_Influence_Recovery_from_Surgery\" target=\"_blank\" rel=\"noopener\">Article scientifique: View Through a Window May Influence Recovery from Surgery (Ulrich, 1984)<\/a><\/li>\n\n\n\n<li><a href=\"https:\/\/pubmed.ncbi.nlm.nih.gov\/23663440\/\" target=\"_blank\" rel=\"noopener\">Article scientifique:&nbsp;The biodiversity hypothesis and allergic disease: world allergy organization position statement (Tari Haahtela et al, 2013)<\/a><\/li>\n\n\n\n<li>En allemand: <a href=\"https:\/\/magazin.hopp-la.ch\/de\/ausgabe\/hopp-la-news-22024--4\/artikel\/attraktive-freiraeume-fuer-die-urbane-zukunft--9\" target=\"_blank\" rel=\"noopener\">Attraktive Freir\u00e4ume f\u00fcr die urbane Zukunft (hopp-la news)<\/a><\/li>\n<\/ul>\n\n\n\n<figure class=\"wp-block-image size-large\"><img loading=\"lazy\" decoding=\"async\" width=\"1024\" height=\"683\" src=\"https:\/\/www.prix-biodiversite.ch\/wp-content\/uploads\/2024\/10\/StadtBern_Froeschmatt_StefanieWuersch-1024x683.jpg\" alt=\"Wiese in der Siedlung Fr\u00f6schmatt, Stadt Bern - Binding Preis f\u00fcr Biodiversit\u00e4t 2022\" class=\"wp-image-5210\" srcset=\"https:\/\/dev.preis-biodiversitaet.ch\/wp-content\/uploads\/2024\/10\/StadtBern_Froeschmatt_StefanieWuersch-1024x683.jpg 1024w, https:\/\/dev.preis-biodiversitaet.ch\/wp-content\/uploads\/2024\/10\/StadtBern_Froeschmatt_StefanieWuersch-300x200.jpg 300w, https:\/\/dev.preis-biodiversitaet.ch\/wp-content\/uploads\/2024\/10\/StadtBern_Froeschmatt_StefanieWuersch-768x512.jpg 768w, https:\/\/dev.preis-biodiversitaet.ch\/wp-content\/uploads\/2024\/10\/StadtBern_Froeschmatt_StefanieWuersch-1536x1024.jpg 1536w, https:\/\/dev.preis-biodiversitaet.ch\/wp-content\/uploads\/2024\/10\/StadtBern_Froeschmatt_StefanieWuersch-2048x1365.jpg 2048w\" sizes=\"auto, (max-width: 1024px) 100vw, 1024px\" \/><figcaption class=\"wp-element-caption\">La prairie du lotissement Fr\u00f6schmatt invite \u00e0 jouer et \u00e0 bouger. Prix Binding pour la biodiversit\u00e9 2022 Natur braucht Stadt. \u00a9 Stefanie W\u00fcrsch<\/figcaption><\/figure>\n<\/div>\n<\/div>\n\n\n\n<div class=\"wp-block-columns is-layout-flex wp-container-core-columns-is-layout-9d6595d7 wp-block-columns-is-layout-flex\">\n<div class=\"wp-block-column is-layout-flow wp-block-column-is-layout-flow\">\n<h4 class=\"wp-block-heading\">Sant\u00e9 sociale<\/h4>\n\n\n\n<p>La sant\u00e9 sociale est fortement li\u00e9e \u00e0 la sant\u00e9 mentale. Les espaces verts con\u00e7us comme des lieux de rencontre accueillants et qui pr\u00e9voient, outre des surfaces de rencontre accueillants et qui pr\u00e9voient, outre des surfaces pour la biodiversit\u00e9, des surfaces pour les \u00e9changes sociaux, favorisent une cohabitation saine et conviviale. La solitude est un th\u00e8me majeur \u00e0 l\u2019heure de la digitalisation et les lieux de rencontre dans la verdure peuvent y rem\u00e9dier. La biodiversit\u00e9 et les espaces verts peuvent contribuer \u00e0 renforcer la sant\u00e9 mentale de chacun. La sant\u00e9 sociale implique \u00e9galement que les personnes de tous \u00e2ges aient de l\u2019espace dans les lieux publics. Les jeunes sont par exemple souvent repouss\u00e9s partout; on pourrait au contraire cr\u00e9er des niches sp\u00e9cifiques pour ce groupe d\u2019\u00e2ge, dans lesquelles ils pourraient se retirer. L\u2019exp\u00e9rience montre que les d\u00e9chets sauvages et le vandalisme diminuent lorsque les jeunes sont impliqu\u00e9s dans la planification et l\u2019am\u00e9nagement.<\/p>\n\n\n\n<p>Des sources int\u00e9ressantes sur la sant\u00e9 sociale en lien avec les espaces verts&nbsp;:<\/p>\n\n\n\n<ul class=\"wp-block-list\">\n<li><a href=\"https:\/\/www.mdpi.com\/1660-4601\/16\/3\/452\" target=\"_blank\" rel=\"noopener\">Article scientifique: The Relationship between Social Cohesion and Urban Green Space: An Avenue for Health Promotion (Jennings &amp; Bamkole, 2019)<\/a><\/li>\n\n\n\n<li><a href=\"https:\/\/www.austintexas.gov\/sites\/default\/files\/files\/Planning\/City_Arborist\/Fertile_Ground_for_Community.pdf\" target=\"_blank\" rel=\"noopener\">Article scientifique: Fertile Ground for Community: Inner-City Neighborhood Common Spaces. <em>(<\/em>Kuo, F. E., Sullivan, W. C., Coley, R. L., &amp; Brunson, L., 1998)<\/a><\/li>\n\n\n\n<li><a href=\"http:\/\/ereserve.library.utah.edu\/Annual\/PSY\/3420\/Werner\/aggression.pdf\" target=\"_blank\" rel=\"noopener\">Article scientifique: Aggression and Violence in the Inner City: Effects of Environment via Mental Fatigue. <em>(<\/em>Kuo, F. E., &amp; Sullivan, W. C., 2001)<\/a><\/li>\n<\/ul>\n\n\n\n<figure class=\"wp-block-image size-large\"><img loading=\"lazy\" decoding=\"async\" width=\"1024\" height=\"683\" src=\"https:\/\/www.prix-biodiversite.ch\/wp-content\/uploads\/2024\/10\/PraRoman_StefanieWuersch-1024x683.jpg\" alt=\"Gartentreffen auf Pra Roman - Binding Preis f\u00fcr Biodiversit\u00e4t 2023\" class=\"wp-image-5207\" srcset=\"https:\/\/dev.preis-biodiversitaet.ch\/wp-content\/uploads\/2024\/10\/PraRoman_StefanieWuersch-1024x683.jpg 1024w, https:\/\/dev.preis-biodiversitaet.ch\/wp-content\/uploads\/2024\/10\/PraRoman_StefanieWuersch-300x200.jpg 300w, https:\/\/dev.preis-biodiversitaet.ch\/wp-content\/uploads\/2024\/10\/PraRoman_StefanieWuersch-768x512.jpg 768w, https:\/\/dev.preis-biodiversitaet.ch\/wp-content\/uploads\/2024\/10\/PraRoman_StefanieWuersch-1536x1024.jpg 1536w, https:\/\/dev.preis-biodiversitaet.ch\/wp-content\/uploads\/2024\/10\/PraRoman_StefanieWuersch-2048x1365.jpg 2048w\" sizes=\"auto, (max-width: 1024px) 100vw, 1024px\" \/><figcaption class=\"wp-element-caption\">Les habitants du lotissement de Pra Roman \u00e0 Lausanne se r\u00e9unissent dans le jardin pour passer un moment convivial. Prix Binding pour la biodiversit\u00e9 2023 Pra Roman. \u00a9 Stefanie W\u00fcrsch<\/figcaption><\/figure>\n<\/div>\n\n\n\n<div class=\"wp-block-column is-layout-flow wp-block-column-is-layout-flow\">\n<h4 class=\"wp-block-heading\">Sant\u00e9<\/h4>\n\n\n\n<p>Les trois cat\u00e9gories sont partiellement arbitraires et l\u2019une influence clairement l\u2019autre. La sant\u00e9 doit \u00eatre consid\u00e9r\u00e9e dans son ensemble et \u00eatre prise en compte comme un \u00e9l\u00e9ment important lors de la planification des espaces verts.<\/p>\n\n\n\n<p>Dans l\u2019ensemble, bon nombre des points soulev\u00e9s s\u2019appliquent \u00e0 la nature en g\u00e9n\u00e9ral et les effets ont rarement \u00e9t\u00e9 \u00e9tudi\u00e9s sp\u00e9cifiquement pour les espaces biodiversifi\u00e9s. Cependant, lorsque les espaces verts en ville sont con\u00e7us de mani\u00e8re \u00e0 favoriser la biodiversit\u00e9, ils peuvent \u00e0 la fois avoir un effet positif sur la sant\u00e9 humaine et contribuer \u00e0 la diversit\u00e9 naturelle.<\/p>\n\n\n\n<p>Autres sources int\u00e9ressantes:<\/p>\n\n\n\n<ul class=\"wp-block-list\">\n<li><a href=\"https:\/\/www.ufz.de\/export\/data\/global\/190508_TEEB_DE_Stadtbericht_Langfassung.pdf\" target=\"_blank\" rel=\"noopener\">Livre en allemand: &nbsp;\u00ab\u00d6kosystemleistungen in der Stadt \u2013 Gesundheit sch\u00fctzen und Lebensqualit\u00e4t erh\u00f6hen\u00bb (Naturkapital Deutschland, 2016)<\/a><\/li>\n\n\n\n<li><a href=\"https:\/\/link.springer.com\/book\/10.1007\/978-3-030-02318-8\" target=\"_blank\" rel=\"noopener\">Livre \u00abBiodiversity and Health in the Face of Climate Change\u201d (Marselle et al, 2019)<\/a><\/li>\n\n\n\n<li><a href=\"https:\/\/www.mdpi.com\/1660-4601\/18\/10\/5137\" target=\"_blank\" rel=\"noopener\">Article scientifique: Association between Urban Greenspace and Health: A Systemativ Review of Literature (Gianfredi et al, 2021)<\/a><\/li>\n\n\n\n<li><a href=\"https:\/\/pubmed.ncbi.nlm.nih.gov\/26185745\/\" target=\"_blank\" rel=\"noopener\">Article scientifique: &nbsp;A Review of the Health Benefits of Greenness&nbsp;(James P. et al., 2015)<\/a><\/li>\n\n\n\n<li><a href=\"https:\/\/pubmed.ncbi.nlm.nih.gov\/38963986\/\" target=\"_blank\" rel=\"noopener\">Article scientifique: Green spaces and respiratory, cardiometabolic, and neurodevelopmental outcomes&nbsp;: An individual-participant data meta-analysis of &gt;35&rsquo;000 European children&nbsp; (A. Fernandes et al. , 2024)<\/a><\/li>\n<\/ul>\n<\/div>\n<\/div>\n\n\n\n<p><\/p>\n","protected":false},"excerpt":{"rendered":"<p>En 2025, le Prix Binding pour la biodiversit\u00e9 est consacr\u00e9 au th\u00e8me de la biodiversit\u00e9 et de la sant\u00e9. Nous [&hellip;]<\/p>\n","protected":false},"author":7,"featured_media":0,"parent":0,"menu_order":0,"comment_status":"closed","ping_status":"closed","template":"","meta":{"_acf_changed":false,"_uag_custom_page_level_css":"","footnotes":""},"class_list":["post-5354","page","type-page","status-publish","hentry"],"acf":{"photo_gallery":{"sliderbilder":[[{"id":5207,"title":"PraRoman_StefanieW\u00fcrsch","caption":"","full_image_url":"https:\/\/dev.preis-biodiversitaet.ch\/wp-content\/uploads\/2024\/10\/PraRoman_StefanieWuersch-scaled.jpg","thumbnail_image_url":"https:\/\/dev.preis-biodiversitaet.ch\/wp-content\/uploads\/2024\/10\/PraRoman_StefanieWuersch-150x150.jpg","large_srcset":"https:\/\/dev.preis-biodiversitaet.ch\/wp-content\/uploads\/2024\/10\/PraRoman_StefanieWuersch-1024x683.jpg 1024w, https:\/\/dev.preis-biodiversitaet.ch\/wp-content\/uploads\/2024\/10\/PraRoman_StefanieWuersch-300x200.jpg 300w, https:\/\/dev.preis-biodiversitaet.ch\/wp-content\/uploads\/2024\/10\/PraRoman_StefanieWuersch-768x512.jpg 768w, https:\/\/dev.preis-biodiversitaet.ch\/wp-content\/uploads\/2024\/10\/PraRoman_StefanieWuersch-1536x1024.jpg 1536w, https:\/\/dev.preis-biodiversitaet.ch\/wp-content\/uploads\/2024\/10\/PraRoman_StefanieWuersch-2048x1365.jpg 2048w","medium_srcset":"https:\/\/dev.preis-biodiversitaet.ch\/wp-content\/uploads\/2024\/10\/PraRoman_StefanieWuersch-300x200.jpg 300w, https:\/\/dev.preis-biodiversitaet.ch\/wp-content\/uploads\/2024\/10\/PraRoman_StefanieWuersch-1024x683.jpg 1024w, https:\/\/dev.preis-biodiversitaet.ch\/wp-content\/uploads\/2024\/10\/PraRoman_StefanieWuersch-768x512.jpg 768w, https:\/\/dev.preis-biodiversitaet.ch\/wp-content\/uploads\/2024\/10\/PraRoman_StefanieWuersch-1536x1024.jpg 1536w, https:\/\/dev.preis-biodiversitaet.ch\/wp-content\/uploads\/2024\/10\/PraRoman_StefanieWuersch-2048x1365.jpg 2048w","media_details":{"width":2560,"height":1707,"sizes":{"medium":{"file":"PraRoman_StefanieWuersch-300x200.jpg","width":300,"height":200,"mime-type":"image\/jpeg","filesize":48696,"source_url":"https:\/\/dev.preis-biodiversitaet.ch\/wp-content\/uploads\/2024\/10\/PraRoman_StefanieWuersch-300x200.jpg"},"large":{"file":"PraRoman_StefanieWuersch-1024x683.jpg","width":1024,"height":683,"mime-type":"image\/jpeg","filesize":213419,"source_url":"https:\/\/dev.preis-biodiversitaet.ch\/wp-content\/uploads\/2024\/10\/PraRoman_StefanieWuersch-1024x683.jpg"},"thumbnail":{"file":"PraRoman_StefanieWuersch-150x150.jpg","width":150,"height":150,"mime-type":"image\/jpeg","filesize":38113,"source_url":"https:\/\/dev.preis-biodiversitaet.ch\/wp-content\/uploads\/2024\/10\/PraRoman_StefanieWuersch-150x150.jpg"},"medium_large":{"file":"PraRoman_StefanieWuersch-768x512.jpg","width":768,"height":512,"mime-type":"image\/jpeg","filesize":137313,"source_url":"https:\/\/dev.preis-biodiversitaet.ch\/wp-content\/uploads\/2024\/10\/PraRoman_StefanieWuersch-768x512.jpg"},"1536x1536":{"file":"PraRoman_StefanieWuersch-1536x1024.jpg","width":1536,"height":1024,"mime-type":"image\/jpeg","filesize":408394,"source_url":"https:\/\/dev.preis-biodiversitaet.ch\/wp-content\/uploads\/2024\/10\/PraRoman_StefanieWuersch-1536x1024.jpg"},"2048x2048":{"file":"PraRoman_StefanieWuersch-2048x1365.jpg","width":2048,"height":1365,"mime-type":"image\/jpeg","filesize":659610,"source_url":"https:\/\/dev.preis-biodiversitaet.ch\/wp-content\/uploads\/2024\/10\/PraRoman_StefanieWuersch-2048x1365.jpg"}}},"alt_text":"Gartentreffen auf Pra Roman - Binding Preis f\u00fcr Biodiversit\u00e4t 2023","url":"","target":""}]]}},"uagb_featured_image_src":{"full":false,"thumbnail":false,"medium":false,"medium_large":false,"large":false,"1536x1536":false,"2048x2048":false,"gform-image-choice-sm":false,"gform-image-choice-md":false,"gform-image-choice-lg":false},"uagb_author_info":{"display_name":"Lena Wunderlin","author_link":"https:\/\/dev.preis-biodiversitaet.ch\/fr\/author\/lena\/"},"uagb_comment_info":0,"uagb_excerpt":"En 2025, le Prix Binding pour la biodiversit\u00e9 est consacr\u00e9 au th\u00e8me de la biodiversit\u00e9 et de la sant\u00e9. Nous [&hellip;]","_links":{"self":[{"href":"https:\/\/dev.preis-biodiversitaet.ch\/fr\/wp-json\/wp\/v2\/pages\/5354","targetHints":{"allow":["GET"]}}],"collection":[{"href":"https:\/\/dev.preis-biodiversitaet.ch\/fr\/wp-json\/wp\/v2\/pages"}],"about":[{"href":"https:\/\/dev.preis-biodiversitaet.ch\/fr\/wp-json\/wp\/v2\/types\/page"}],"author":[{"embeddable":true,"href":"https:\/\/dev.preis-biodiversitaet.ch\/fr\/wp-json\/wp\/v2\/users\/7"}],"replies":[{"embeddable":true,"href":"https:\/\/dev.preis-biodiversitaet.ch\/fr\/wp-json\/wp\/v2\/comments?post=5354"}],"version-history":[{"count":3,"href":"https:\/\/dev.preis-biodiversitaet.ch\/fr\/wp-json\/wp\/v2\/pages\/5354\/revisions"}],"predecessor-version":[{"id":5419,"href":"https:\/\/dev.preis-biodiversitaet.ch\/fr\/wp-json\/wp\/v2\/pages\/5354\/revisions\/5419"}],"wp:attachment":[{"href":"https:\/\/dev.preis-biodiversitaet.ch\/fr\/wp-json\/wp\/v2\/media?parent=5354"}],"curies":[{"name":"wp","href":"https:\/\/api.w.org\/{rel}","templated":true}]}}