{"id":4589,"date":"2024-06-12T23:15:34","date_gmt":"2024-06-12T21:15:34","guid":{"rendered":"https:\/\/www.preis-biodiversitaet.ch\/?page_id=4589"},"modified":"2024-06-12T23:15:37","modified_gmt":"2024-06-12T21:15:37","slug":"prix-binding-de-reconnaissance-2024","status":"publish","type":"page","link":"https:\/\/dev.preis-biodiversitaet.ch\/fr\/prix-binding-de-reconnaissance-2024\/","title":{"rendered":"Prix Binding de reconnaissance 2024"},"content":{"rendered":"\n<h2 class=\"wp-block-heading\"><strong><strong>La commune de Reinach (BL) remporte le Prix Binding 2024 de reconnaissance pour la biodiversit\u00e9 gr\u00e2ce \u00e0 son \u00e9tang consacr\u00e9 \u00e0 la protection et \u00e0 la d\u00e9couverte de la nature<\/strong><\/strong><\/h2>\n\n\n\n<div class=\"wp-block-columns is-layout-flex wp-container-core-columns-is-layout-9d6595d7 wp-block-columns-is-layout-flex\">\n<div class=\"wp-block-column is-layout-flow wp-block-column-is-layout-flow\">\n<p><strong><strong>En am\u00e9nageant un \u00e9tang de d\u00e9couverte de la nature, la commune de Reinach a cr\u00e9\u00e9 sur la Birs un lieu de d\u00e9tente naturel, \u00e9cologiquement pr\u00e9cieux, vari\u00e9 et tr\u00e8s appr\u00e9ci\u00e9. La combinaison d\u2019une zone de d\u00e9tente de proximit\u00e9 avec des milieux propices \u00e0 la flore et \u00e0 la faune a fait l\u2019objet d\u2019une r\u00e9alisation exemplaire. C\u2019est pourquoi le jury a d\u00e9cid\u00e9 de d\u00e9cerner \u00e0 la commune le prix de reconnaissance pour la biodiversit\u00e9 2024.<\/strong><\/strong><\/p>\n<\/div>\n\n\n\n<div class=\"wp-block-column is-layout-flow wp-block-column-is-layout-flow\">\n<figure class=\"wp-block-embed is-type-video is-provider-youtube wp-block-embed-youtube wp-embed-aspect-16-9 wp-has-aspect-ratio\"><div class=\"wp-block-embed__wrapper\">\n<iframe loading=\"lazy\" title=\"Binding Anerkennungspreis f\u00fcr Biodiversit\u00e4t 2024\" width=\"768\" height=\"432\" src=\"https:\/\/www.youtube.com\/embed\/UE7Yz1SKuvM?feature=oembed\" frameborder=\"0\" allow=\"accelerometer; autoplay; clipboard-write; encrypted-media; gyroscope; picture-in-picture; web-share\" referrerpolicy=\"strict-origin-when-cross-origin\" allowfullscreen><\/iframe>\n<\/div><\/figure>\n<\/div>\n<\/div>\n\n\n\n<div class=\"wp-block-columns is-layout-flex wp-container-core-columns-is-layout-9d6595d7 wp-block-columns-is-layout-flex\">\n<div class=\"wp-block-column is-layout-flow wp-block-column-is-layout-flow\">\n<p>L\u2019\u00e9tang de Reinach s\u2019\u00e9tend entre la Birs et l&rsquo;autoroute, constituant aussi bien une zone de d\u00e9tente pour l&rsquo;\u00eatre humain qu&rsquo;un site id\u00e9al pour la faune et la flore tributaires d\u2019eaux stagnantes. Projet phare du plan d&rsquo;action Birspark de l&rsquo;association <a href=\"https:\/\/birsstadt.swiss\/\" target=\"_blank\" rel=\"noopener\">Birsstadt<\/a>, ce projet contribue \u00e0 l&rsquo;objectif de renforcer les espaces consacr\u00e9s \u00e0 la nature et \u00e0 la d\u00e9couverte le long de la Birs \u00e0 l&rsquo;\u00e9chelle supracommunale.<\/p>\n\n\n\n<p><strong><strong>Valorisation des infrastructures dans le milieu b\u00e2ti<\/strong><\/strong><\/p>\n\n\n\n<p>L\u2019\u00e9tang idyllique de Reinach se situe \u00e0 vingt m\u00e8tres de l&rsquo;autoroute, ainsi qu\u2019\u00e0 proximit\u00e9 imm\u00e9diate de la ville et de l&rsquo;ancienne station d&rsquo;\u00e9puration des eaux. La proximit\u00e9 de ces infrastructures a \u00e9t\u00e9 sciemment int\u00e9gr\u00e9e dans l&rsquo;am\u00e9nagement&nbsp;: l\u2019\u00e9tang est de forme rectangulaire, ce qui atteste qu&rsquo;il r\u00e9sulte d\u2019une cr\u00e9ation artificielle. Il valorise ainsi son site et cr\u00e9e une plus-value pour la nature. De par la division de l&rsquo;\u00e9tang en deux parties (zone de d\u00e9tente et zone de protection). la nature et les riverains y trouvent leur compte.<\/p>\n\n\n\n<p><strong><strong>Lieu d&rsquo;apprentissage et de s\u00e9jour pr\u00e9cieux<\/strong><\/strong><\/p>\n\n\n\n<p>L\u2019\u00e9tang offre de nouvelles exp\u00e9riences. Les enfants voient des grenouilles pour la premi\u00e8re fois, courent d&rsquo;un bout \u00e0 l&rsquo;autre de l&rsquo;\u00e9tang pour regarder ce que les autres ont trouv\u00e9 ou pourquoi un copain ou une copine s&rsquo;exclame de plaisir. <\/p>\n<\/div>\n\n\n\n<div class=\"wp-block-column is-layout-flow wp-block-column-is-layout-flow\">\n<p>Les gens peuvent s&rsquo;int\u00e9resser \u00e0 la nature \u00e0 proximit\u00e9 imm\u00e9diate de leur domicile, et le projet a explicitement souhait\u00e9 que la moiti\u00e9 de l&rsquo;\u00e9tang soit consacr\u00e9 \u00e0 la d\u00e9couverte. Il est accessible pour permettre un contact direct avec la nature. Juste \u00e0 c\u00f4t\u00e9 se trouve la partie prot\u00e9g\u00e9e, qui sert de refuge aux plantes et aux animaux. L\u2019\u00e9tang est cens\u00e9 pouvoir se d\u00e9velopper, car les variations du niveau des eaux cr\u00e9ent divers habitats pour diff\u00e9rents groupes. Les nouvelles populations animales et v\u00e9g\u00e9tales des eaux stagnantes compl\u00e8tent celles du cours d\u2019eau voisin et enrichissent ainsi sensiblement la biodiversit\u00e9. Un vaste \u00e9ventail d&rsquo;habitats est ainsi offert sur un espace r\u00e9duit.<\/p>\n\n\n\n<p><strong><strong>Collaboration entre soci\u00e9t\u00e9 civile, administration et Birsstadt<\/strong><\/strong><\/p>\n\n\n\n<p>Le projet \u00e9mane de l&rsquo;association locale de protection de la nature, qui a propos\u00e9, dans le cadre d&rsquo;un processus participatif, d&rsquo;am\u00e9nager un \u00e9tang riche en biodiversit\u00e9 \u00e0 cet endroit. Les travaux pr\u00e9liminaires de l&rsquo;association ont convaincu la commune. Motiv\u00e9e par ce projet, l&rsquo;administration utilise l\u2019\u00e9tang comme projet exemplaire pour des investisseurs priv\u00e9s et des entreprises. La commune a int\u00e9gr\u00e9 diverses personnes engag\u00e9es sous forme de partenariats: d\u00e8s l&rsquo;inauguration de l&rsquo;\u00e9tang, des b\u00e9n\u00e9voles se sont investis en faveur des valeurs qu&rsquo;il repr\u00e9sente.<\/p>\n<\/div>\n<\/div>\n\n\n\n<div class=\"wp-block-columns is-layout-flex wp-container-core-columns-is-layout-9d6595d7 wp-block-columns-is-layout-flex\">\n<div class=\"wp-block-column is-layout-flow wp-block-column-is-layout-flow\">\n<h2 class=\"wp-block-heading\"><strong>Photos<\/strong><\/h2>\n\n\n\n<p>Toutes les photos sont de Stefanie W\u00fcrsch. Vous trouverez les l\u00e9gendes <a href=\"https:\/\/www.preis-biodiversitaet.ch\/fr\/dans-les-medias\/\">ici<\/a>.<\/p>\n\n\n\n<figure class=\"wp-block-gallery has-nested-images columns-3 is-cropped wp-block-gallery-1 is-layout-flex wp-block-gallery-is-layout-flex\">\n<figure class=\"wp-block-image size-large\"><img loading=\"lazy\" decoding=\"async\" width=\"1024\" height=\"767\" data-id=\"4547\" src=\"https:\/\/www.preis-biodiversitaet.ch\/wp-content\/uploads\/2024\/06\/Luftbild-StefanieWuersch-1024x767.jpg\" alt=\"\" class=\"wp-image-4547\" srcset=\"https:\/\/dev.preis-biodiversitaet.ch\/wp-content\/uploads\/2024\/06\/Luftbild-StefanieWuersch-1024x767.jpg 1024w, https:\/\/dev.preis-biodiversitaet.ch\/wp-content\/uploads\/2024\/06\/Luftbild-StefanieWuersch-300x225.jpg 300w, https:\/\/dev.preis-biodiversitaet.ch\/wp-content\/uploads\/2024\/06\/Luftbild-StefanieWuersch-768x575.jpg 768w, https:\/\/dev.preis-biodiversitaet.ch\/wp-content\/uploads\/2024\/06\/Luftbild-StefanieWuersch-1536x1150.jpg 1536w, https:\/\/dev.preis-biodiversitaet.ch\/wp-content\/uploads\/2024\/06\/Luftbild-StefanieWuersch-2048x1534.jpg 2048w\" sizes=\"auto, (max-width: 1024px) 100vw, 1024px\" \/><\/figure>\n\n\n\n<figure class=\"wp-block-image size-large\"><img loading=\"lazy\" decoding=\"async\" width=\"1024\" height=\"683\" data-id=\"4544\" src=\"https:\/\/www.preis-biodiversitaet.ch\/wp-content\/uploads\/2024\/06\/Lebensraum-StefanieWuersch-1024x683.jpg\" alt=\"\" class=\"wp-image-4544\" srcset=\"https:\/\/dev.preis-biodiversitaet.ch\/wp-content\/uploads\/2024\/06\/Lebensraum-StefanieWuersch-1024x683.jpg 1024w, https:\/\/dev.preis-biodiversitaet.ch\/wp-content\/uploads\/2024\/06\/Lebensraum-StefanieWuersch-300x200.jpg 300w, https:\/\/dev.preis-biodiversitaet.ch\/wp-content\/uploads\/2024\/06\/Lebensraum-StefanieWuersch-768x512.jpg 768w, https:\/\/dev.preis-biodiversitaet.ch\/wp-content\/uploads\/2024\/06\/Lebensraum-StefanieWuersch-1536x1024.jpg 1536w, https:\/\/dev.preis-biodiversitaet.ch\/wp-content\/uploads\/2024\/06\/Lebensraum-StefanieWuersch-2048x1365.jpg 2048w\" sizes=\"auto, (max-width: 1024px) 100vw, 1024px\" \/><\/figure>\n\n\n\n<figure class=\"wp-block-image size-large\"><img loading=\"lazy\" decoding=\"async\" width=\"1024\" height=\"683\" data-id=\"4556\" src=\"https:\/\/www.preis-biodiversitaet.ch\/wp-content\/uploads\/2024\/06\/Spielen-StefanieWuersch-1024x683.jpg\" alt=\"\" class=\"wp-image-4556\" srcset=\"https:\/\/dev.preis-biodiversitaet.ch\/wp-content\/uploads\/2024\/06\/Spielen-StefanieWuersch-1024x683.jpg 1024w, https:\/\/dev.preis-biodiversitaet.ch\/wp-content\/uploads\/2024\/06\/Spielen-StefanieWuersch-300x200.jpg 300w, https:\/\/dev.preis-biodiversitaet.ch\/wp-content\/uploads\/2024\/06\/Spielen-StefanieWuersch-768x512.jpg 768w, https:\/\/dev.preis-biodiversitaet.ch\/wp-content\/uploads\/2024\/06\/Spielen-StefanieWuersch-1536x1024.jpg 1536w, https:\/\/dev.preis-biodiversitaet.ch\/wp-content\/uploads\/2024\/06\/Spielen-StefanieWuersch-2048x1365.jpg 2048w\" sizes=\"auto, (max-width: 1024px) 100vw, 1024px\" \/><\/figure>\n\n\n\n<figure class=\"wp-block-image size-large\"><img loading=\"lazy\" decoding=\"async\" width=\"1024\" height=\"683\" data-id=\"4538\" src=\"https:\/\/www.preis-biodiversitaet.ch\/wp-content\/uploads\/2024\/06\/Enten-StefanieWuersch-1024x683.jpg\" alt=\"\" class=\"wp-image-4538\" srcset=\"https:\/\/dev.preis-biodiversitaet.ch\/wp-content\/uploads\/2024\/06\/Enten-StefanieWuersch-1024x683.jpg 1024w, https:\/\/dev.preis-biodiversitaet.ch\/wp-content\/uploads\/2024\/06\/Enten-StefanieWuersch-300x200.jpg 300w, https:\/\/dev.preis-biodiversitaet.ch\/wp-content\/uploads\/2024\/06\/Enten-StefanieWuersch-768x512.jpg 768w, https:\/\/dev.preis-biodiversitaet.ch\/wp-content\/uploads\/2024\/06\/Enten-StefanieWuersch-1536x1024.jpg 1536w, https:\/\/dev.preis-biodiversitaet.ch\/wp-content\/uploads\/2024\/06\/Enten-StefanieWuersch-2048x1365.jpg 2048w\" sizes=\"auto, (max-width: 1024px) 100vw, 1024px\" \/><\/figure>\n\n\n\n<figure class=\"wp-block-image size-large\"><img loading=\"lazy\" decoding=\"async\" width=\"1024\" height=\"683\" data-id=\"4553\" src=\"https:\/\/www.preis-biodiversitaet.ch\/wp-content\/uploads\/2024\/06\/Naturschutz-StefanieWuersch-1024x683.jpg\" alt=\"\" class=\"wp-image-4553\" srcset=\"https:\/\/dev.preis-biodiversitaet.ch\/wp-content\/uploads\/2024\/06\/Naturschutz-StefanieWuersch-1024x683.jpg 1024w, https:\/\/dev.preis-biodiversitaet.ch\/wp-content\/uploads\/2024\/06\/Naturschutz-StefanieWuersch-300x200.jpg 300w, https:\/\/dev.preis-biodiversitaet.ch\/wp-content\/uploads\/2024\/06\/Naturschutz-StefanieWuersch-768x512.jpg 768w, https:\/\/dev.preis-biodiversitaet.ch\/wp-content\/uploads\/2024\/06\/Naturschutz-StefanieWuersch-1536x1024.jpg 1536w, https:\/\/dev.preis-biodiversitaet.ch\/wp-content\/uploads\/2024\/06\/Naturschutz-StefanieWuersch-2048x1365.jpg 2048w\" sizes=\"auto, (max-width: 1024px) 100vw, 1024px\" \/><\/figure>\n\n\n\n<figure class=\"wp-block-image size-large\"><img loading=\"lazy\" decoding=\"async\" width=\"1024\" height=\"683\" data-id=\"4541\" src=\"https:\/\/www.preis-biodiversitaet.ch\/wp-content\/uploads\/2024\/06\/Geometrie-StefanieWuersch-1024x683.jpg\" alt=\"\" class=\"wp-image-4541\" srcset=\"https:\/\/dev.preis-biodiversitaet.ch\/wp-content\/uploads\/2024\/06\/Geometrie-StefanieWuersch-1024x683.jpg 1024w, https:\/\/dev.preis-biodiversitaet.ch\/wp-content\/uploads\/2024\/06\/Geometrie-StefanieWuersch-300x200.jpg 300w, https:\/\/dev.preis-biodiversitaet.ch\/wp-content\/uploads\/2024\/06\/Geometrie-StefanieWuersch-768x512.jpg 768w, https:\/\/dev.preis-biodiversitaet.ch\/wp-content\/uploads\/2024\/06\/Geometrie-StefanieWuersch-1536x1024.jpg 1536w, https:\/\/dev.preis-biodiversitaet.ch\/wp-content\/uploads\/2024\/06\/Geometrie-StefanieWuersch-2048x1365.jpg 2048w\" sizes=\"auto, (max-width: 1024px) 100vw, 1024px\" \/><\/figure>\n<\/figure>\n<\/div>\n<\/div>\n\n\n\n<p><a title=\"Binding_Preis_Medienmitteilung_6_6_2023\" href=\"https:\/\/www.preis-biodiversitaet.ch\/wp-content\/uploads\/2023\/06\/Binding_Preis_Medienmitteilung_6_6_2023.pdf\" target=\"_blank\" rel=\"noopener\">Communiqu\u00e9 13.6.2024<\/a><\/p>\n","protected":false},"excerpt":{"rendered":"<p>La commune de Reinach (BL) remporte le Prix Binding 2024 de reconnaissance pour la biodiversit\u00e9 gr\u00e2ce \u00e0 son \u00e9tang consacr\u00e9 [&hellip;]<\/p>\n","protected":false},"author":7,"featured_media":0,"parent":0,"menu_order":0,"comment_status":"closed","ping_status":"closed","template":"","meta":{"_acf_changed":false,"_uag_custom_page_level_css":"","footnotes":""},"class_list":["post-4589","page","type-page","status-publish","hentry"],"acf":{"photo_gallery":{"sliderbilder":[[{"id":4578,"title":"DJI_0207","caption":"","full_image_url":"https:\/\/dev.preis-biodiversitaet.ch\/wp-content\/uploads\/2024\/06\/DJI_0207-scaled.jpg","thumbnail_image_url":"https:\/\/dev.preis-biodiversitaet.ch\/wp-content\/uploads\/2024\/06\/DJI_0207-150x150.jpg","large_srcset":"https:\/\/dev.preis-biodiversitaet.ch\/wp-content\/uploads\/2024\/06\/DJI_0207-1024x767.jpg 1024w, https:\/\/dev.preis-biodiversitaet.ch\/wp-content\/uploads\/2024\/06\/DJI_0207-300x225.jpg 300w, https:\/\/dev.preis-biodiversitaet.ch\/wp-content\/uploads\/2024\/06\/DJI_0207-768x575.jpg 768w, https:\/\/dev.preis-biodiversitaet.ch\/wp-content\/uploads\/2024\/06\/DJI_0207-1536x1150.jpg 1536w, https:\/\/dev.preis-biodiversitaet.ch\/wp-content\/uploads\/2024\/06\/DJI_0207-2048x1534.jpg 2048w","medium_srcset":"https:\/\/dev.preis-biodiversitaet.ch\/wp-content\/uploads\/2024\/06\/DJI_0207-300x225.jpg 300w, https:\/\/dev.preis-biodiversitaet.ch\/wp-content\/uploads\/2024\/06\/DJI_0207-1024x767.jpg 1024w, https:\/\/dev.preis-biodiversitaet.ch\/wp-content\/uploads\/2024\/06\/DJI_0207-768x575.jpg 768w, https:\/\/dev.preis-biodiversitaet.ch\/wp-content\/uploads\/2024\/06\/DJI_0207-1536x1150.jpg 1536w, https:\/\/dev.preis-biodiversitaet.ch\/wp-content\/uploads\/2024\/06\/DJI_0207-2048x1534.jpg 2048w","media_details":{"width":2560,"height":1917,"sizes":{"medium":{"file":"DJI_0207-300x225.jpg","width":300,"height":225,"mime-type":"image\/jpeg","filesize":55894,"source_url":"https:\/\/dev.preis-biodiversitaet.ch\/wp-content\/uploads\/2024\/06\/DJI_0207-300x225.jpg"},"large":{"file":"DJI_0207-1024x767.jpg","width":1024,"height":767,"mime-type":"image\/jpeg","filesize":257788,"source_url":"https:\/\/dev.preis-biodiversitaet.ch\/wp-content\/uploads\/2024\/06\/DJI_0207-1024x767.jpg"},"thumbnail":{"file":"DJI_0207-150x150.jpg","width":150,"height":150,"mime-type":"image\/jpeg","filesize":42065,"source_url":"https:\/\/dev.preis-biodiversitaet.ch\/wp-content\/uploads\/2024\/06\/DJI_0207-150x150.jpg"},"medium_large":{"file":"DJI_0207-768x575.jpg","width":768,"height":575,"mime-type":"image\/jpeg","filesize":161434,"source_url":"https:\/\/dev.preis-biodiversitaet.ch\/wp-content\/uploads\/2024\/06\/DJI_0207-768x575.jpg"},"1536x1536":{"file":"DJI_0207-1536x1150.jpg","width":1536,"height":1150,"mime-type":"image\/jpeg","filesize":534190,"source_url":"https:\/\/dev.preis-biodiversitaet.ch\/wp-content\/uploads\/2024\/06\/DJI_0207-1536x1150.jpg"},"2048x2048":{"file":"DJI_0207-2048x1534.jpg","width":2048,"height":1534,"mime-type":"image\/jpeg","filesize":922267,"source_url":"https:\/\/dev.preis-biodiversitaet.ch\/wp-content\/uploads\/2024\/06\/DJI_0207-2048x1534.jpg"}}},"alt_text":"Luftbild des Natur- und Erlebnisweiher Reinach BL - Binding Anerkennungspreis 2024","url":"","target":""},{"id":4557,"title":"Spielen-StefanieW\u00fcrsch","caption":"","full_image_url":"https:\/\/dev.preis-biodiversitaet.ch\/wp-content\/uploads\/2024\/06\/Spielen-StefanieWuersch-scaled.jpg","thumbnail_image_url":"https:\/\/dev.preis-biodiversitaet.ch\/wp-content\/uploads\/2024\/06\/Spielen-StefanieWuersch-150x150.jpg","large_srcset":"https:\/\/dev.preis-biodiversitaet.ch\/wp-content\/uploads\/2024\/06\/Spielen-StefanieWuersch-1024x683.jpg 1024w, https:\/\/dev.preis-biodiversitaet.ch\/wp-content\/uploads\/2024\/06\/Spielen-StefanieWuersch-300x200.jpg 300w, https:\/\/dev.preis-biodiversitaet.ch\/wp-content\/uploads\/2024\/06\/Spielen-StefanieWuersch-768x512.jpg 768w, https:\/\/dev.preis-biodiversitaet.ch\/wp-content\/uploads\/2024\/06\/Spielen-StefanieWuersch-1536x1024.jpg 1536w, https:\/\/dev.preis-biodiversitaet.ch\/wp-content\/uploads\/2024\/06\/Spielen-StefanieWuersch-2048x1365.jpg 2048w","medium_srcset":"https:\/\/dev.preis-biodiversitaet.ch\/wp-content\/uploads\/2024\/06\/Spielen-StefanieWuersch-300x200.jpg 300w, https:\/\/dev.preis-biodiversitaet.ch\/wp-content\/uploads\/2024\/06\/Spielen-StefanieWuersch-1024x683.jpg 1024w, https:\/\/dev.preis-biodiversitaet.ch\/wp-content\/uploads\/2024\/06\/Spielen-StefanieWuersch-768x512.jpg 768w, https:\/\/dev.preis-biodiversitaet.ch\/wp-content\/uploads\/2024\/06\/Spielen-StefanieWuersch-1536x1024.jpg 1536w, https:\/\/dev.preis-biodiversitaet.ch\/wp-content\/uploads\/2024\/06\/Spielen-StefanieWuersch-2048x1365.jpg 2048w","media_details":{"width":2560,"height":1707,"sizes":{"medium":{"file":"Spielen-StefanieWuersch-300x200.jpg","width":300,"height":200,"mime-type":"image\/jpeg","filesize":58367,"source_url":"https:\/\/dev.preis-biodiversitaet.ch\/wp-content\/uploads\/2024\/06\/Spielen-StefanieWuersch-300x200.jpg"},"large":{"file":"Spielen-StefanieWuersch-1024x683.jpg","width":1024,"height":683,"mime-type":"image\/jpeg","filesize":276343,"source_url":"https:\/\/dev.preis-biodiversitaet.ch\/wp-content\/uploads\/2024\/06\/Spielen-StefanieWuersch-1024x683.jpg"},"thumbnail":{"file":"Spielen-StefanieWuersch-150x150.jpg","width":150,"height":150,"mime-type":"image\/jpeg","filesize":44282,"source_url":"https:\/\/dev.preis-biodiversitaet.ch\/wp-content\/uploads\/2024\/06\/Spielen-StefanieWuersch-150x150.jpg"},"medium_large":{"file":"Spielen-StefanieWuersch-768x512.jpg","width":768,"height":512,"mime-type":"image\/jpeg","filesize":175447,"source_url":"https:\/\/dev.preis-biodiversitaet.ch\/wp-content\/uploads\/2024\/06\/Spielen-StefanieWuersch-768x512.jpg"},"1536x1536":{"file":"Spielen-StefanieWuersch-1536x1024.jpg","width":1536,"height":1024,"mime-type":"image\/jpeg","filesize":535609,"source_url":"https:\/\/dev.preis-biodiversitaet.ch\/wp-content\/uploads\/2024\/06\/Spielen-StefanieWuersch-1536x1024.jpg"},"2048x2048":{"file":"Spielen-StefanieWuersch-2048x1365.jpg","width":2048,"height":1365,"mime-type":"image\/jpeg","filesize":862800,"source_url":"https:\/\/dev.preis-biodiversitaet.ch\/wp-content\/uploads\/2024\/06\/Spielen-StefanieWuersch-2048x1365.jpg"}}},"alt_text":"Der Natur- und Erlebnisweiher Reinach l\u00e4dt zum Spielen und Entdecken der Natur ein. - Binding Anerkennungspreis f\u00fcr Biodiversit\u00e4t 2024","url":"","target":""},{"id":4581,"title":"DSC09001","caption":"","full_image_url":"https:\/\/dev.preis-biodiversitaet.ch\/wp-content\/uploads\/2024\/06\/DSC09001-scaled.jpg","thumbnail_image_url":"https:\/\/dev.preis-biodiversitaet.ch\/wp-content\/uploads\/2024\/06\/DSC09001-150x150.jpg","large_srcset":"https:\/\/dev.preis-biodiversitaet.ch\/wp-content\/uploads\/2024\/06\/DSC09001-1024x683.jpg 1024w, https:\/\/dev.preis-biodiversitaet.ch\/wp-content\/uploads\/2024\/06\/DSC09001-300x200.jpg 300w, https:\/\/dev.preis-biodiversitaet.ch\/wp-content\/uploads\/2024\/06\/DSC09001-768x512.jpg 768w, https:\/\/dev.preis-biodiversitaet.ch\/wp-content\/uploads\/2024\/06\/DSC09001-1536x1024.jpg 1536w, https:\/\/dev.preis-biodiversitaet.ch\/wp-content\/uploads\/2024\/06\/DSC09001-2048x1365.jpg 2048w","medium_srcset":"https:\/\/dev.preis-biodiversitaet.ch\/wp-content\/uploads\/2024\/06\/DSC09001-300x200.jpg 300w, https:\/\/dev.preis-biodiversitaet.ch\/wp-content\/uploads\/2024\/06\/DSC09001-1024x683.jpg 1024w, https:\/\/dev.preis-biodiversitaet.ch\/wp-content\/uploads\/2024\/06\/DSC09001-768x512.jpg 768w, https:\/\/dev.preis-biodiversitaet.ch\/wp-content\/uploads\/2024\/06\/DSC09001-1536x1024.jpg 1536w, https:\/\/dev.preis-biodiversitaet.ch\/wp-content\/uploads\/2024\/06\/DSC09001-2048x1365.jpg 2048w","media_details":{"width":2560,"height":1707,"sizes":{"medium":{"file":"DSC09001-300x200.jpg","width":300,"height":200,"mime-type":"image\/jpeg","filesize":52251,"source_url":"https:\/\/dev.preis-biodiversitaet.ch\/wp-content\/uploads\/2024\/06\/DSC09001-300x200.jpg"},"large":{"file":"DSC09001-1024x683.jpg","width":1024,"height":683,"mime-type":"image\/jpeg","filesize":250365,"source_url":"https:\/\/dev.preis-biodiversitaet.ch\/wp-content\/uploads\/2024\/06\/DSC09001-1024x683.jpg"},"thumbnail":{"file":"DSC09001-150x150.jpg","width":150,"height":150,"mime-type":"image\/jpeg","filesize":40526,"source_url":"https:\/\/dev.preis-biodiversitaet.ch\/wp-content\/uploads\/2024\/06\/DSC09001-150x150.jpg"},"medium_large":{"file":"DSC09001-768x512.jpg","width":768,"height":512,"mime-type":"image\/jpeg","filesize":155544,"source_url":"https:\/\/dev.preis-biodiversitaet.ch\/wp-content\/uploads\/2024\/06\/DSC09001-768x512.jpg"},"1536x1536":{"file":"DSC09001-1536x1024.jpg","width":1536,"height":1024,"mime-type":"image\/jpeg","filesize":508717,"source_url":"https:\/\/dev.preis-biodiversitaet.ch\/wp-content\/uploads\/2024\/06\/DSC09001-1536x1024.jpg"},"2048x2048":{"file":"DSC09001-2048x1365.jpg","width":2048,"height":1365,"mime-type":"image\/jpeg","filesize":848024,"source_url":"https:\/\/dev.preis-biodiversitaet.ch\/wp-content\/uploads\/2024\/06\/DSC09001-2048x1365.jpg"}}},"alt_text":"Natur- und Erlebnisweiher Reinach - Binding Anerkennungspreis f\u00fcr Biodiversit\u00e4t 2024","url":"","target":""}]]}},"uagb_featured_image_src":{"full":false,"thumbnail":false,"medium":false,"medium_large":false,"large":false,"1536x1536":false,"2048x2048":false,"gform-image-choice-sm":false,"gform-image-choice-md":false,"gform-image-choice-lg":false},"uagb_author_info":{"display_name":"Lena Wunderlin","author_link":"https:\/\/dev.preis-biodiversitaet.ch\/fr\/author\/lena\/"},"uagb_comment_info":0,"uagb_excerpt":"La commune de Reinach (BL) remporte le Prix Binding 2024 de reconnaissance pour la biodiversit\u00e9 gr\u00e2ce \u00e0 son \u00e9tang consacr\u00e9 [&hellip;]","_links":{"self":[{"href":"https:\/\/dev.preis-biodiversitaet.ch\/fr\/wp-json\/wp\/v2\/pages\/4589","targetHints":{"allow":["GET"]}}],"collection":[{"href":"https:\/\/dev.preis-biodiversitaet.ch\/fr\/wp-json\/wp\/v2\/pages"}],"about":[{"href":"https:\/\/dev.preis-biodiversitaet.ch\/fr\/wp-json\/wp\/v2\/types\/page"}],"author":[{"embeddable":true,"href":"https:\/\/dev.preis-biodiversitaet.ch\/fr\/wp-json\/wp\/v2\/users\/7"}],"replies":[{"embeddable":true,"href":"https:\/\/dev.preis-biodiversitaet.ch\/fr\/wp-json\/wp\/v2\/comments?post=4589"}],"version-history":[{"count":4,"href":"https:\/\/dev.preis-biodiversitaet.ch\/fr\/wp-json\/wp\/v2\/pages\/4589\/revisions"}],"predecessor-version":[{"id":4711,"href":"https:\/\/dev.preis-biodiversitaet.ch\/fr\/wp-json\/wp\/v2\/pages\/4589\/revisions\/4711"}],"wp:attachment":[{"href":"https:\/\/dev.preis-biodiversitaet.ch\/fr\/wp-json\/wp\/v2\/media?parent=4589"}],"curies":[{"name":"wp","href":"https:\/\/api.w.org\/{rel}","templated":true}]}}