{"id":3597,"date":"2023-06-06T07:38:35","date_gmt":"2023-06-06T05:38:35","guid":{"rendered":"https:\/\/www.preis-biodiversitaet.ch\/?page_id=3597"},"modified":"2025-01-07T13:27:10","modified_gmt":"2025-01-07T12:27:10","slug":"prix-binding-de-reconnaissance-2023","status":"publish","type":"page","link":"https:\/\/dev.preis-biodiversitaet.ch\/fr\/prix-binding-de-reconnaissance-2023\/","title":{"rendered":"Prix Binding de reconnaissance 2023"},"content":{"rendered":"\n<h2 class=\"wp-block-heading\">Le Prix Binding de reconnaissance pour la biodiversit\u00e9 2023 est d\u00e9cern\u00e9 au projet Areal Bach \u00e0 Saint-Gall.<\/h2>\n\n\n\n<div class=\"wp-block-columns is-layout-flex wp-container-core-columns-is-layout-9d6595d7 wp-block-columns-is-layout-flex\">\n<div class=\"wp-block-column is-layout-flow wp-block-column-is-layout-flow\">\n<p>En plus du prix principal, la Fondation d\u00e9cerne un prix de reconnaissance dot\u00e9 de 25&rsquo;000 francs pour de plus petits espaces. L\u2019Areal Bach, une zone \u00e0 affectation temporaire situ\u00e9e pr\u00e8s de la gare St. Fiden \u00e0 Saint-Gall, a \u00e9t\u00e9 r\u00e9compens\u00e9, car le site montre le potentiel des nombreuses friches urbaines. L\u2019association \u00abAreal Bach\u00bb a vaincu les r\u00e9sistances gr\u00e2ce \u00e0 son engagement et sa pers\u00e9v\u00e9rance. Elle a, ensemble avec la population, valoris\u00e9 les parcelles du point de vue \u00e9cologique au moyen d\u2019id\u00e9es cr\u00e9atives. Elle a r\u00e9ussi \u00e0 r\u00e9unir de nombreux acteurs pour r\u00e9aliser un projet de soci\u00e9t\u00e9 riche et multiple. Le lieu abandonn\u00e9 s\u2019est transform\u00e9 pour un temps en une oasis verte, qui peut cr\u00e9er les bases pour la biodiversit\u00e9 et la qualit\u00e9 de vie en cas de d\u00e9veloppement futur du site.<\/p>\n<\/div>\n\n\n\n<div class=\"wp-block-column is-layout-flow wp-block-column-is-layout-flow\">\n<figure class=\"wp-block-embed is-type-video is-provider-youtube wp-block-embed-youtube wp-embed-aspect-16-9 wp-has-aspect-ratio\"><div class=\"wp-block-embed__wrapper\">\n<iframe loading=\"lazy\" title=\"Binding Anerkennungspreis f\u00fcr Biodiversit\u00e4t 2023 - Areal Bach\" width=\"768\" height=\"432\" src=\"https:\/\/www.youtube.com\/embed\/CbMmrwW2HwA?feature=oembed\" frameborder=\"0\" allow=\"accelerometer; autoplay; clipboard-write; encrypted-media; gyroscope; picture-in-picture; web-share\" referrerpolicy=\"strict-origin-when-cross-origin\" allowfullscreen><\/iframe>\n<\/div><\/figure>\n<\/div>\n<\/div>\n\n\n\n<p><a href=\"https:\/\/www.preis-biodiversitaet.ch\/wp-content\/uploads\/2023\/06\/Prix_Binding_communique_6_6_2023-1.pdf\" target=\"_blank\" rel=\"noopener\" title=\"Prix_Binding_communiqu\u00e9_6_6_2023\">Communiqu\u00e9 6.6.2023<\/a><\/p>\n\n\n\n<p><a href=\"https:\/\/www.preis-biodiversitaet.ch\/wp-content\/uploads\/2023\/06\/Faktenblatt_ArealBach_f.pdf\" title=\"\">Fiche d&rsquo;information sur l&rsquo;Areal Bach<\/a><\/p>\n\n\n\n<div style=\"height:71px\" aria-hidden=\"true\" class=\"wp-block-spacer\"><\/div>\n\n\n\n<h2 class=\"wp-block-heading\">Photo laur\u00e9at 2023<\/h2>\n\n\n\n<figure class=\"wp-block-gallery has-nested-images columns-default is-cropped wp-block-gallery-1 is-layout-flex wp-block-gallery-is-layout-flex\">\n<figure class=\"wp-block-image size-large\"><img loading=\"lazy\" decoding=\"async\" width=\"1024\" height=\"683\" data-id=\"3526\" src=\"https:\/\/www.preis-biodiversitaet.ch\/wp-content\/uploads\/2023\/06\/ArealBach_Wasser-1024x683.jpg\" alt=\"\" class=\"wp-image-3526\" srcset=\"https:\/\/dev.preis-biodiversitaet.ch\/wp-content\/uploads\/2023\/06\/ArealBach_Wasser-1024x683.jpg 1024w, https:\/\/dev.preis-biodiversitaet.ch\/wp-content\/uploads\/2023\/06\/ArealBach_Wasser-300x200.jpg 300w, https:\/\/dev.preis-biodiversitaet.ch\/wp-content\/uploads\/2023\/06\/ArealBach_Wasser-768x512.jpg 768w, https:\/\/dev.preis-biodiversitaet.ch\/wp-content\/uploads\/2023\/06\/ArealBach_Wasser-1536x1024.jpg 1536w, https:\/\/dev.preis-biodiversitaet.ch\/wp-content\/uploads\/2023\/06\/ArealBach_Wasser-2048x1365.jpg 2048w\" sizes=\"auto, (max-width: 1024px) 100vw, 1024px\" \/><figcaption class=\"wp-element-caption\">L\u2019Areal Bach qui s\u2019\u00e9tend entre la Migros et la gare St. Fiden invite \u00e0 d\u00e9couvrir et exp\u00e9rimenter la nature. (Image \u00a9 Stefanie W\u00fcrsch)<\/figcaption><\/figure>\n\n\n\n<figure class=\"wp-block-image size-large\"><img loading=\"lazy\" decoding=\"async\" width=\"1024\" height=\"683\" data-id=\"3520\" src=\"https:\/\/www.preis-biodiversitaet.ch\/wp-content\/uploads\/2023\/06\/ArealBach_Buvette-1024x683.jpg\" alt=\"\" class=\"wp-image-3520\" srcset=\"https:\/\/dev.preis-biodiversitaet.ch\/wp-content\/uploads\/2023\/06\/ArealBach_Buvette-1024x683.jpg 1024w, https:\/\/dev.preis-biodiversitaet.ch\/wp-content\/uploads\/2023\/06\/ArealBach_Buvette-300x200.jpg 300w, https:\/\/dev.preis-biodiversitaet.ch\/wp-content\/uploads\/2023\/06\/ArealBach_Buvette-768x512.jpg 768w, https:\/\/dev.preis-biodiversitaet.ch\/wp-content\/uploads\/2023\/06\/ArealBach_Buvette-1536x1024.jpg 1536w, https:\/\/dev.preis-biodiversitaet.ch\/wp-content\/uploads\/2023\/06\/ArealBach_Buvette-2048x1365.jpg 2048w\" sizes=\"auto, (max-width: 1024px) 100vw, 1024px\" \/><figcaption class=\"wp-element-caption\">Une surface en friche pr\u00e8s de la gare St. Fiden \u00e0 Saint-Gall s\u2019est transform\u00e9e en peu de temps en une zone de rencontre verte et proposant une grande qualit\u00e9 de vie. (Image \u00a9 Stefanie W\u00fcrsch)<\/figcaption><\/figure>\n\n\n\n<figure class=\"wp-block-image size-large\"><img loading=\"lazy\" decoding=\"async\" width=\"1024\" height=\"683\" data-id=\"3514\" src=\"https:\/\/www.preis-biodiversitaet.ch\/wp-content\/uploads\/2023\/06\/ArealBach_Barfussweg-1024x683.jpg\" alt=\"\" class=\"wp-image-3514\" srcset=\"https:\/\/dev.preis-biodiversitaet.ch\/wp-content\/uploads\/2023\/06\/ArealBach_Barfussweg-1024x683.jpg 1024w, https:\/\/dev.preis-biodiversitaet.ch\/wp-content\/uploads\/2023\/06\/ArealBach_Barfussweg-300x200.jpg 300w, https:\/\/dev.preis-biodiversitaet.ch\/wp-content\/uploads\/2023\/06\/ArealBach_Barfussweg-768x512.jpg 768w, https:\/\/dev.preis-biodiversitaet.ch\/wp-content\/uploads\/2023\/06\/ArealBach_Barfussweg-1536x1024.jpg 1536w, https:\/\/dev.preis-biodiversitaet.ch\/wp-content\/uploads\/2023\/06\/ArealBach_Barfussweg-2048x1365.jpg 2048w\" sizes=\"auto, (max-width: 1024px) 100vw, 1024px\" \/><figcaption class=\"wp-element-caption\">Vivre la nature \u00e0 pieds nus au c\u0153ur de la ville de Saint-Gall. (Image \u00a9 Stefanie W\u00fcrsch)<\/figcaption><\/figure>\n\n\n\n<figure class=\"wp-block-image size-large\"><img loading=\"lazy\" decoding=\"async\" width=\"1024\" height=\"683\" data-id=\"3523\" src=\"https:\/\/www.preis-biodiversitaet.ch\/wp-content\/uploads\/2023\/06\/ArealBach_Hochbeete-1024x683.jpg\" alt=\"\" class=\"wp-image-3523\" srcset=\"https:\/\/dev.preis-biodiversitaet.ch\/wp-content\/uploads\/2023\/06\/ArealBach_Hochbeete-1024x683.jpg 1024w, https:\/\/dev.preis-biodiversitaet.ch\/wp-content\/uploads\/2023\/06\/ArealBach_Hochbeete-300x200.jpg 300w, https:\/\/dev.preis-biodiversitaet.ch\/wp-content\/uploads\/2023\/06\/ArealBach_Hochbeete-768x512.jpg 768w, https:\/\/dev.preis-biodiversitaet.ch\/wp-content\/uploads\/2023\/06\/ArealBach_Hochbeete-1536x1024.jpg 1536w, https:\/\/dev.preis-biodiversitaet.ch\/wp-content\/uploads\/2023\/06\/ArealBach_Hochbeete-2048x1365.jpg 2048w\" sizes=\"auto, (max-width: 1024px) 100vw, 1024px\" \/><figcaption class=\"wp-element-caption\">Ensemble avec la population, l\u2019association Areal Bach a r\u00e9alis\u00e9 dans le quartier un lieu de rencontre bigarr\u00e9. Le site comprend des espaces libres attrayants pour les jeunes et les moins jeunes. (Image \u00a9 Stefanie W\u00fcrsch)<\/figcaption><\/figure>\n\n\n\n<figure class=\"wp-block-image size-large\"><img loading=\"lazy\" decoding=\"async\" width=\"1024\" height=\"683\" data-id=\"3517\" src=\"https:\/\/www.preis-biodiversitaet.ch\/wp-content\/uploads\/2023\/06\/ArealBach_BioTerraGarten-1024x683.jpg\" alt=\"\" class=\"wp-image-3517\" srcset=\"https:\/\/dev.preis-biodiversitaet.ch\/wp-content\/uploads\/2023\/06\/ArealBach_BioTerraGarten-1024x683.jpg 1024w, https:\/\/dev.preis-biodiversitaet.ch\/wp-content\/uploads\/2023\/06\/ArealBach_BioTerraGarten-300x200.jpg 300w, https:\/\/dev.preis-biodiversitaet.ch\/wp-content\/uploads\/2023\/06\/ArealBach_BioTerraGarten-768x512.jpg 768w, https:\/\/dev.preis-biodiversitaet.ch\/wp-content\/uploads\/2023\/06\/ArealBach_BioTerraGarten-1536x1024.jpg 1536w, https:\/\/dev.preis-biodiversitaet.ch\/wp-content\/uploads\/2023\/06\/ArealBach_BioTerraGarten-2048x1365.jpg 2048w\" sizes=\"auto, (max-width: 1024px) 100vw, 1024px\" \/><figcaption class=\"wp-element-caption\">Sur l\u2019ancien faisceau de voies, un jardin naturel prosp\u00e8re. Avec ses petites structures \u00e9cologiques, il permet \u00e0 des animaux et plantes rares de se d\u00e9velopper. (Image \u00a9 Stefanie W\u00fcrsch)<\/figcaption><\/figure>\n<\/figure>\n\n\n\n<p><\/p>\n\n\n\n<h2 class=\"wp-block-heading\">D\u00e9veloppement de l&rsquo;Areal Bach 2024\/2025<\/h2>\n\n\n\n<p>Gr\u00e2ce \u00e0 l\u2019argent du Prix Binding de reconnaissance pour la biodiversit\u00e9 2023 et \u00e0 d\u2019autres partenariats de soutien, l\u2019association Areal Bach a entrepris d\u2019agrandir le site. Sur une surface d\u2019environ 2\u2019500m2, des zones ont \u00e9t\u00e9 rendues d\u00e9simperm\u00e9ables, des arbres et des arbustes ont \u00e9t\u00e9 plant\u00e9s, cr\u00e9ant ainsi un autre espace de d\u00e9tente pr\u00e9cieux. Les bosquets ont pu \u00eatre repris de l\u2019utilisation interm\u00e9diaire \u00ab\u00a0G\u00e4rtnerei\u00a0\u00bb \u00e0 Altst\u00e4tten, tout comme deux conteneurs pour l\u2019infrastructure sanitaire et un centre familial. L\u2019Areal Bach vit et se d\u00e9veloppe\u00a0!<\/p>\n\n\n\n<h2 class=\"wp-block-heading\">Photo d\u00e9simperm\u00e9abilisation et plantation 2024<\/h2>\n\n\n\n<figure class=\"wp-block-gallery has-nested-images columns-default is-cropped wp-block-gallery-2 is-layout-flex wp-block-gallery-is-layout-flex\">\n<figure class=\"wp-block-image size-large\"><img loading=\"lazy\" decoding=\"async\" width=\"1024\" height=\"768\" data-id=\"5330\" src=\"https:\/\/www.preis-biodiversitaet.ch\/wp-content\/uploads\/2025\/01\/IMG_7861-1024x768.jpg\" alt=\"\" class=\"wp-image-5330\" srcset=\"https:\/\/dev.preis-biodiversitaet.ch\/wp-content\/uploads\/2025\/01\/IMG_7861-1024x768.jpg 1024w, https:\/\/dev.preis-biodiversitaet.ch\/wp-content\/uploads\/2025\/01\/IMG_7861-300x225.jpg 300w, https:\/\/dev.preis-biodiversitaet.ch\/wp-content\/uploads\/2025\/01\/IMG_7861-768x576.jpg 768w, https:\/\/dev.preis-biodiversitaet.ch\/wp-content\/uploads\/2025\/01\/IMG_7861-1536x1152.jpg 1536w, https:\/\/dev.preis-biodiversitaet.ch\/wp-content\/uploads\/2025\/01\/IMG_7861-2048x1536.jpg 2048w\" sizes=\"auto, (max-width: 1024px) 100vw, 1024px\" \/><figcaption class=\"wp-element-caption\">Image \u00a9 Plan Biodivers<\/figcaption><\/figure>\n\n\n\n<figure class=\"wp-block-image size-large\"><img loading=\"lazy\" decoding=\"async\" width=\"1024\" height=\"768\" data-id=\"5327\" src=\"https:\/\/www.preis-biodiversitaet.ch\/wp-content\/uploads\/2025\/01\/IMG_7844-1024x768.jpg\" alt=\"\" class=\"wp-image-5327\" srcset=\"https:\/\/dev.preis-biodiversitaet.ch\/wp-content\/uploads\/2025\/01\/IMG_7844-1024x768.jpg 1024w, https:\/\/dev.preis-biodiversitaet.ch\/wp-content\/uploads\/2025\/01\/IMG_7844-300x225.jpg 300w, https:\/\/dev.preis-biodiversitaet.ch\/wp-content\/uploads\/2025\/01\/IMG_7844-768x576.jpg 768w, https:\/\/dev.preis-biodiversitaet.ch\/wp-content\/uploads\/2025\/01\/IMG_7844-1536x1152.jpg 1536w, https:\/\/dev.preis-biodiversitaet.ch\/wp-content\/uploads\/2025\/01\/IMG_7844-2048x1536.jpg 2048w\" sizes=\"auto, (max-width: 1024px) 100vw, 1024px\" \/><figcaption class=\"wp-element-caption\">Image \u00a9 Plan Biodivers<\/figcaption><\/figure>\n\n\n\n<figure class=\"wp-block-image size-large\"><img loading=\"lazy\" decoding=\"async\" width=\"1024\" height=\"768\" data-id=\"5324\" src=\"https:\/\/www.preis-biodiversitaet.ch\/wp-content\/uploads\/2025\/01\/IMG_7825-1024x768.jpg\" alt=\"\" class=\"wp-image-5324\" srcset=\"https:\/\/dev.preis-biodiversitaet.ch\/wp-content\/uploads\/2025\/01\/IMG_7825-1024x768.jpg 1024w, https:\/\/dev.preis-biodiversitaet.ch\/wp-content\/uploads\/2025\/01\/IMG_7825-300x225.jpg 300w, https:\/\/dev.preis-biodiversitaet.ch\/wp-content\/uploads\/2025\/01\/IMG_7825-768x576.jpg 768w, https:\/\/dev.preis-biodiversitaet.ch\/wp-content\/uploads\/2025\/01\/IMG_7825-1536x1152.jpg 1536w, https:\/\/dev.preis-biodiversitaet.ch\/wp-content\/uploads\/2025\/01\/IMG_7825-2048x1536.jpg 2048w\" sizes=\"auto, (max-width: 1024px) 100vw, 1024px\" \/><figcaption class=\"wp-element-caption\">Image \u00a9 Plan Biodivers<\/figcaption><\/figure>\n\n\n\n<figure class=\"wp-block-image size-large\"><img loading=\"lazy\" decoding=\"async\" width=\"1024\" height=\"683\" data-id=\"5321\" src=\"https:\/\/www.preis-biodiversitaet.ch\/wp-content\/uploads\/2025\/01\/DSC07854-1024x683.jpg\" alt=\"\" class=\"wp-image-5321\" srcset=\"https:\/\/dev.preis-biodiversitaet.ch\/wp-content\/uploads\/2025\/01\/DSC07854-1024x683.jpg 1024w, https:\/\/dev.preis-biodiversitaet.ch\/wp-content\/uploads\/2025\/01\/DSC07854-300x200.jpg 300w, https:\/\/dev.preis-biodiversitaet.ch\/wp-content\/uploads\/2025\/01\/DSC07854-768x512.jpg 768w, https:\/\/dev.preis-biodiversitaet.ch\/wp-content\/uploads\/2025\/01\/DSC07854-1536x1024.jpg 1536w, https:\/\/dev.preis-biodiversitaet.ch\/wp-content\/uploads\/2025\/01\/DSC07854-2048x1365.jpg 2048w\" sizes=\"auto, (max-width: 1024px) 100vw, 1024px\" \/><figcaption class=\"wp-element-caption\">Image \u00a9 Plan Biodivers<\/figcaption><\/figure>\n\n\n\n<figure class=\"wp-block-image size-large\"><img loading=\"lazy\" decoding=\"async\" width=\"1024\" height=\"678\" data-id=\"5318\" src=\"https:\/\/www.preis-biodiversitaet.ch\/wp-content\/uploads\/2025\/01\/DSC_1348-1024x678.jpg\" alt=\"\" class=\"wp-image-5318\" srcset=\"https:\/\/dev.preis-biodiversitaet.ch\/wp-content\/uploads\/2025\/01\/DSC_1348-1024x678.jpg 1024w, https:\/\/dev.preis-biodiversitaet.ch\/wp-content\/uploads\/2025\/01\/DSC_1348-300x199.jpg 300w, https:\/\/dev.preis-biodiversitaet.ch\/wp-content\/uploads\/2025\/01\/DSC_1348-768x509.jpg 768w, https:\/\/dev.preis-biodiversitaet.ch\/wp-content\/uploads\/2025\/01\/DSC_1348-1536x1017.jpg 1536w, https:\/\/dev.preis-biodiversitaet.ch\/wp-content\/uploads\/2025\/01\/DSC_1348-2048x1356.jpg 2048w\" sizes=\"auto, (max-width: 1024px) 100vw, 1024px\" \/><figcaption class=\"wp-element-caption\">Image \u00a9 Plan Biodivers<\/figcaption><\/figure>\n\n\n\n<figure class=\"wp-block-image size-large\"><img loading=\"lazy\" decoding=\"async\" width=\"683\" height=\"1024\" data-id=\"5315\" src=\"https:\/\/www.preis-biodiversitaet.ch\/wp-content\/uploads\/2025\/01\/DSC07915-683x1024.jpg\" alt=\"\" class=\"wp-image-5315\" srcset=\"https:\/\/dev.preis-biodiversitaet.ch\/wp-content\/uploads\/2025\/01\/DSC07915-683x1024.jpg 683w, https:\/\/dev.preis-biodiversitaet.ch\/wp-content\/uploads\/2025\/01\/DSC07915-200x300.jpg 200w, https:\/\/dev.preis-biodiversitaet.ch\/wp-content\/uploads\/2025\/01\/DSC07915-768x1152.jpg 768w, https:\/\/dev.preis-biodiversitaet.ch\/wp-content\/uploads\/2025\/01\/DSC07915-1024x1536.jpg 1024w, https:\/\/dev.preis-biodiversitaet.ch\/wp-content\/uploads\/2025\/01\/DSC07915-1365x2048.jpg 1365w, https:\/\/dev.preis-biodiversitaet.ch\/wp-content\/uploads\/2025\/01\/DSC07915-scaled.jpg 1707w\" sizes=\"auto, (max-width: 683px) 100vw, 683px\" \/><figcaption class=\"wp-element-caption\">Image \u00a9 Plan Biodivers<\/figcaption><\/figure>\n\n\n\n<figure class=\"wp-block-image size-large\"><img loading=\"lazy\" decoding=\"async\" width=\"1024\" height=\"678\" data-id=\"5312\" src=\"https:\/\/www.preis-biodiversitaet.ch\/wp-content\/uploads\/2025\/01\/DSC_1328-1024x678.jpg\" alt=\"\" class=\"wp-image-5312\" srcset=\"https:\/\/dev.preis-biodiversitaet.ch\/wp-content\/uploads\/2025\/01\/DSC_1328-1024x678.jpg 1024w, https:\/\/dev.preis-biodiversitaet.ch\/wp-content\/uploads\/2025\/01\/DSC_1328-300x199.jpg 300w, https:\/\/dev.preis-biodiversitaet.ch\/wp-content\/uploads\/2025\/01\/DSC_1328-768x509.jpg 768w, https:\/\/dev.preis-biodiversitaet.ch\/wp-content\/uploads\/2025\/01\/DSC_1328-1536x1017.jpg 1536w, https:\/\/dev.preis-biodiversitaet.ch\/wp-content\/uploads\/2025\/01\/DSC_1328-2048x1356.jpg 2048w\" sizes=\"auto, (max-width: 1024px) 100vw, 1024px\" \/><figcaption class=\"wp-element-caption\">Image \u00a9 Plan Biodivers<\/figcaption><\/figure>\n\n\n\n<figure class=\"wp-block-image size-large\"><img loading=\"lazy\" decoding=\"async\" width=\"1024\" height=\"683\" data-id=\"5309\" src=\"https:\/\/www.preis-biodiversitaet.ch\/wp-content\/uploads\/2025\/01\/DSC07815-1024x683.jpg\" alt=\"\" class=\"wp-image-5309\" srcset=\"https:\/\/dev.preis-biodiversitaet.ch\/wp-content\/uploads\/2025\/01\/DSC07815-1024x683.jpg 1024w, https:\/\/dev.preis-biodiversitaet.ch\/wp-content\/uploads\/2025\/01\/DSC07815-300x200.jpg 300w, https:\/\/dev.preis-biodiversitaet.ch\/wp-content\/uploads\/2025\/01\/DSC07815-768x512.jpg 768w, https:\/\/dev.preis-biodiversitaet.ch\/wp-content\/uploads\/2025\/01\/DSC07815-1536x1024.jpg 1536w, https:\/\/dev.preis-biodiversitaet.ch\/wp-content\/uploads\/2025\/01\/DSC07815-2048x1365.jpg 2048w\" sizes=\"auto, (max-width: 1024px) 100vw, 1024px\" \/><figcaption class=\"wp-element-caption\">Image \u00a9 Plan Biodivers<\/figcaption><\/figure>\n\n\n\n<figure class=\"wp-block-image size-large\"><img loading=\"lazy\" decoding=\"async\" width=\"1024\" height=\"678\" data-id=\"5306\" src=\"https:\/\/www.preis-biodiversitaet.ch\/wp-content\/uploads\/2025\/01\/DSC_1315-1024x678.jpg\" alt=\"\" class=\"wp-image-5306\" srcset=\"https:\/\/dev.preis-biodiversitaet.ch\/wp-content\/uploads\/2025\/01\/DSC_1315-1024x678.jpg 1024w, https:\/\/dev.preis-biodiversitaet.ch\/wp-content\/uploads\/2025\/01\/DSC_1315-300x199.jpg 300w, https:\/\/dev.preis-biodiversitaet.ch\/wp-content\/uploads\/2025\/01\/DSC_1315-768x509.jpg 768w, https:\/\/dev.preis-biodiversitaet.ch\/wp-content\/uploads\/2025\/01\/DSC_1315-1536x1017.jpg 1536w, https:\/\/dev.preis-biodiversitaet.ch\/wp-content\/uploads\/2025\/01\/DSC_1315-2048x1356.jpg 2048w\" sizes=\"auto, (max-width: 1024px) 100vw, 1024px\" \/><figcaption class=\"wp-element-caption\">Image \u00a9 Plan Biodivers<\/figcaption><\/figure>\n<\/figure>\n","protected":false},"excerpt":{"rendered":"<p>Le Prix Binding de reconnaissance pour la biodiversit\u00e9 2023 est d\u00e9cern\u00e9 au projet Areal Bach \u00e0 Saint-Gall. En plus du [&hellip;]<\/p>\n","protected":false},"author":7,"featured_media":0,"parent":0,"menu_order":0,"comment_status":"closed","ping_status":"closed","template":"","meta":{"_acf_changed":false,"_uag_custom_page_level_css":"","footnotes":""},"class_list":["post-3597","page","type-page","status-publish","hentry"],"acf":{"photo_gallery":{"sliderbilder":[[{"id":3517,"title":"ArealBach_BioTerraGarten","caption":"","full_image_url":"https:\/\/dev.preis-biodiversitaet.ch\/wp-content\/uploads\/2023\/06\/ArealBach_BioTerraGarten-scaled.jpg","thumbnail_image_url":"https:\/\/dev.preis-biodiversitaet.ch\/wp-content\/uploads\/2023\/06\/ArealBach_BioTerraGarten-150x150.jpg","large_srcset":"https:\/\/dev.preis-biodiversitaet.ch\/wp-content\/uploads\/2023\/06\/ArealBach_BioTerraGarten-1024x683.jpg 1024w, https:\/\/dev.preis-biodiversitaet.ch\/wp-content\/uploads\/2023\/06\/ArealBach_BioTerraGarten-300x200.jpg 300w, https:\/\/dev.preis-biodiversitaet.ch\/wp-content\/uploads\/2023\/06\/ArealBach_BioTerraGarten-768x512.jpg 768w, https:\/\/dev.preis-biodiversitaet.ch\/wp-content\/uploads\/2023\/06\/ArealBach_BioTerraGarten-1536x1024.jpg 1536w, https:\/\/dev.preis-biodiversitaet.ch\/wp-content\/uploads\/2023\/06\/ArealBach_BioTerraGarten-2048x1365.jpg 2048w","medium_srcset":"https:\/\/dev.preis-biodiversitaet.ch\/wp-content\/uploads\/2023\/06\/ArealBach_BioTerraGarten-300x200.jpg 300w, https:\/\/dev.preis-biodiversitaet.ch\/wp-content\/uploads\/2023\/06\/ArealBach_BioTerraGarten-1024x683.jpg 1024w, https:\/\/dev.preis-biodiversitaet.ch\/wp-content\/uploads\/2023\/06\/ArealBach_BioTerraGarten-768x512.jpg 768w, https:\/\/dev.preis-biodiversitaet.ch\/wp-content\/uploads\/2023\/06\/ArealBach_BioTerraGarten-1536x1024.jpg 1536w, https:\/\/dev.preis-biodiversitaet.ch\/wp-content\/uploads\/2023\/06\/ArealBach_BioTerraGarten-2048x1365.jpg 2048w","media_details":{"width":2560,"height":1707,"sizes":{"medium":{"file":"ArealBach_BioTerraGarten-300x200.jpg","width":300,"height":200,"mime-type":"image\/jpeg","filesize":57048,"source_url":"https:\/\/dev.preis-biodiversitaet.ch\/wp-content\/uploads\/2023\/06\/ArealBach_BioTerraGarten-300x200.jpg"},"large":{"file":"ArealBach_BioTerraGarten-1024x683.jpg","width":1024,"height":683,"mime-type":"image\/jpeg","filesize":271827,"source_url":"https:\/\/dev.preis-biodiversitaet.ch\/wp-content\/uploads\/2023\/06\/ArealBach_BioTerraGarten-1024x683.jpg"},"thumbnail":{"file":"ArealBach_BioTerraGarten-150x150.jpg","width":150,"height":150,"mime-type":"image\/jpeg","filesize":44197,"source_url":"https:\/\/dev.preis-biodiversitaet.ch\/wp-content\/uploads\/2023\/06\/ArealBach_BioTerraGarten-150x150.jpg"},"medium_large":{"file":"ArealBach_BioTerraGarten-768x512.jpg","width":768,"height":512,"mime-type":"image\/jpeg","filesize":170604,"source_url":"https:\/\/dev.preis-biodiversitaet.ch\/wp-content\/uploads\/2023\/06\/ArealBach_BioTerraGarten-768x512.jpg"},"1536x1536":{"file":"ArealBach_BioTerraGarten-1536x1024.jpg","width":1536,"height":1024,"mime-type":"image\/jpeg","filesize":540414,"source_url":"https:\/\/dev.preis-biodiversitaet.ch\/wp-content\/uploads\/2023\/06\/ArealBach_BioTerraGarten-1536x1024.jpg"},"2048x2048":{"file":"ArealBach_BioTerraGarten-2048x1365.jpg","width":2048,"height":1365,"mime-type":"image\/jpeg","filesize":890466,"source_url":"https:\/\/dev.preis-biodiversitaet.ch\/wp-content\/uploads\/2023\/06\/ArealBach_BioTerraGarten-2048x1365.jpg"}}},"alt_text":"BioTerra Garten auf dem Areal Bach - Binding Anerkennungspreis f\u00fcr Biodiversit\u00e4t 2023","url":"","target":""}]]}},"uagb_featured_image_src":{"full":false,"thumbnail":false,"medium":false,"medium_large":false,"large":false,"1536x1536":false,"2048x2048":false,"gform-image-choice-sm":false,"gform-image-choice-md":false,"gform-image-choice-lg":false},"uagb_author_info":{"display_name":"Lena Wunderlin","author_link":"https:\/\/dev.preis-biodiversitaet.ch\/fr\/author\/lena\/"},"uagb_comment_info":0,"uagb_excerpt":"Le Prix Binding de reconnaissance pour la biodiversit\u00e9 2023 est d\u00e9cern\u00e9 au projet Areal Bach \u00e0 Saint-Gall. En plus du [&hellip;]","_links":{"self":[{"href":"https:\/\/dev.preis-biodiversitaet.ch\/fr\/wp-json\/wp\/v2\/pages\/3597","targetHints":{"allow":["GET"]}}],"collection":[{"href":"https:\/\/dev.preis-biodiversitaet.ch\/fr\/wp-json\/wp\/v2\/pages"}],"about":[{"href":"https:\/\/dev.preis-biodiversitaet.ch\/fr\/wp-json\/wp\/v2\/types\/page"}],"author":[{"embeddable":true,"href":"https:\/\/dev.preis-biodiversitaet.ch\/fr\/wp-json\/wp\/v2\/users\/7"}],"replies":[{"embeddable":true,"href":"https:\/\/dev.preis-biodiversitaet.ch\/fr\/wp-json\/wp\/v2\/comments?post=3597"}],"version-history":[{"count":7,"href":"https:\/\/dev.preis-biodiversitaet.ch\/fr\/wp-json\/wp\/v2\/pages\/3597\/revisions"}],"predecessor-version":[{"id":5335,"href":"https:\/\/dev.preis-biodiversitaet.ch\/fr\/wp-json\/wp\/v2\/pages\/3597\/revisions\/5335"}],"wp:attachment":[{"href":"https:\/\/dev.preis-biodiversitaet.ch\/fr\/wp-json\/wp\/v2\/media?parent=3597"}],"curies":[{"name":"wp","href":"https:\/\/api.w.org\/{rel}","templated":true}]}}