{"id":3575,"date":"2023-06-06T07:37:05","date_gmt":"2023-06-06T05:37:05","guid":{"rendered":"https:\/\/www.preis-biodiversitaet.ch\/?page_id=3575"},"modified":"2025-06-18T15:17:53","modified_gmt":"2025-06-18T13:17:53","slug":"laureat-2023","status":"publish","type":"page","link":"https:\/\/dev.preis-biodiversitaet.ch\/fr\/laureat-2023\/","title":{"rendered":"Le troisi\u00e8me Prix Binding pour la biodiversit\u00e9 est d\u00e9cern\u00e9 \u00e0 Pra Roman \u00e0 Lausanne"},"content":{"rendered":"\n<div class=\"wp-block-columns is-layout-flex wp-container-core-columns-is-layout-9d6595d7 wp-block-columns-is-layout-flex\">\n<div class=\"wp-block-column is-layout-flow wp-block-column-is-layout-flow\">\n<figure class=\"wp-block-embed is-type-video is-provider-youtube wp-block-embed-youtube wp-embed-aspect-16-9 wp-has-aspect-ratio\"><div class=\"wp-block-embed__wrapper\">\n<iframe loading=\"lazy\" title=\"Prix Binding pour la biodiversit\u00e9 2023 - Pra Roman\" width=\"768\" height=\"432\" src=\"https:\/\/www.youtube.com\/embed\/jIq04wqt7x4?feature=oembed\" frameborder=\"0\" allow=\"accelerometer; autoplay; clipboard-write; encrypted-media; gyroscope; picture-in-picture; web-share\" allowfullscreen><\/iframe>\n<\/div><\/figure>\n<\/div>\n\n\n\n<div class=\"wp-block-column is-layout-flow wp-block-column-is-layout-flow\">\n<h4 class=\"wp-block-heading\">L\u2019\u00e9coquartier \u00abPra Roman\u00bb d\u00e9velopp\u00e9 conjointement par la Codha et l\u2019association \u00abSur le Pra\u00bb a \u00e9t\u00e9 prim\u00e9 car il met en valeur de fa\u00e7on exemplaire les fonctions \u00e9cologiques et sociales de la mise en r\u00e9seau pour le site lui-m\u00eame comme pour la ville. Par ailleurs, le projet a fait une large place \u00e0 la participation d\u00e8s le d\u00e9part. Cette ann\u00e9e, il s\u2019agissait de distinguer un projet mod\u00e8le dans l\u2019espace urbain, du point de vue du \u00ab d\u00e9veloppement de site \u00bb.<\/h4>\n<\/div>\n<\/div>\n\n\n\n<div class=\"wp-block-columns is-layout-flex wp-container-core-columns-is-layout-9d6595d7 wp-block-columns-is-layout-flex\">\n<div class=\"wp-block-column is-layout-flow wp-block-column-is-layout-flow\">\n<p><strong>Des espaces de vie reli\u00e9s \u00e9cologiquement<\/strong><\/p>\n\n\n\n<p>L\u2019\u00e9coquartier \u00abPra Roman&nbsp;\u00bb qui comprend douze immeubles d\u2019habitation s\u2019\u00e9tend sur une surface de 22&rsquo;000 m\u00e8tres carr\u00e9s. D\u00e8s sa construction, en 2020, l\u2019environnement a \u00e9t\u00e9 pris en compte dans la planification et la r\u00e9alisation. Le laur\u00e9at a ainsi cr\u00e9\u00e9 des corridors \u00e9cologiques \u00e0 humidit\u00e9 variable en int\u00e9grant des abris pour les amphibiens et les petits mammif\u00e8res et en favorisant les plantes sauvages. Cette conscience de l\u2019importance de la mise en place de r\u00e9seaux \u00e9cologiques&nbsp;au sein d\u2019un plus large maillage est centrale pour promouvoir la biodiversit\u00e9 dans l\u2019espace urbain.<\/p>\n\n\n\n<p><strong>Les habitants ont particip\u00e9 d\u00e8s la planification<\/strong><\/p>\n\n\n\n<p>Sensibiliser les habitants \u00e0 favoriser la biodiversit\u00e9 a \u00e9t\u00e9 un des objectifs principaux du projet \u00abPra Roman\u00bb. La Codha a fond\u00e9 au d\u00e9but de la planification l\u2019association \u00abSur le Pra\u00bb et d\u00e9velopp\u00e9 une d\u00e9marche participative. Les habitant.e.s futur.e.s se sont rencontr\u00e9.e.s d\u00e8s cette phase pour visiter les lieux et y observer la nature.<\/p>\n<\/div>\n\n\n\n<div class=\"wp-block-column is-layout-flow wp-block-column-is-layout-flow\">\n<p> Dans le cadre d\u2019ateliers, ils ont imagin\u00e9 avec beaucoup de libert\u00e9 des ext\u00e9rieurs naturels, qu\u2019ils ont ensuite r\u00e9alis\u00e9s. La Codha les a soutenus financi\u00e8rement dans leur d\u00e9marche.<\/p>\n\n\n\n<p><strong>Les jardins potagers favorisent la rencontre et la sensibilisation<\/strong><\/p>\n\n\n\n<p>Le jardin potager collectif repr\u00e9sente l\u2019un des espaces verts du site. L\u00e0, on \u00e9change et on apprend \u00e0 conna\u00eetre la nature comme base de vie. L\u2019adoption d\u2019un style de vie durable et l\u2019utilisation responsable du sol traverse comme un fil rouge tout le projet. Les \u00e9cosyst\u00e8mes environnants sont examin\u00e9s avec soin, consid\u00e9r\u00e9s dans toute leur diversit\u00e9 et reli\u00e9s \u00e0 l\u2019\u00e9coquartier.<\/p>\n\n\n\n<p>\u00abNous sommes persuad\u00e9.e.s que cet excellent exemple stimulera d\u2019autres acteurs du monde de l\u2019immobilier \u00e0 prendre en compte la biodiversit\u00e9 d\u00e8s la planification et \u00e0 impliquer de nombreuses personnes dans la d\u00e9marche\u00bb, dit Peter Lehmann, vice-pr\u00e9sident du jury du Prix.<\/p>\n<\/div>\n<\/div>\n\n\n\n<h2 class=\"wp-block-heading\">Photos<\/h2>\n\n\n\n<figure class=\"wp-block-gallery has-nested-images columns-default is-cropped wp-block-gallery-1 is-layout-flex wp-block-gallery-is-layout-flex\">\n<figure class=\"wp-block-image size-large\"><img loading=\"lazy\" decoding=\"async\" width=\"1024\" height=\"683\" data-id=\"3473\" src=\"https:\/\/www.prix-biodiversite.ch\/wp-content\/uploads\/2023\/06\/PraRomanWest-1024x683.jpg\" alt=\"\" class=\"wp-image-3473\" srcset=\"https:\/\/dev.preis-biodiversitaet.ch\/wp-content\/uploads\/2023\/06\/PraRomanWest-1024x683.jpg 1024w, https:\/\/dev.preis-biodiversitaet.ch\/wp-content\/uploads\/2023\/06\/PraRomanWest-300x200.jpg 300w, https:\/\/dev.preis-biodiversitaet.ch\/wp-content\/uploads\/2023\/06\/PraRomanWest-768x512.jpg 768w, https:\/\/dev.preis-biodiversitaet.ch\/wp-content\/uploads\/2023\/06\/PraRomanWest-1536x1024.jpg 1536w, https:\/\/dev.preis-biodiversitaet.ch\/wp-content\/uploads\/2023\/06\/PraRomanWest-2048x1365.jpg 2048w\" sizes=\"auto, (max-width: 1024px) 100vw, 1024px\" \/><figcaption class=\"wp-element-caption\"> Le jardin collectif a \u00e9t\u00e9 con\u00e7u et r\u00e9alis\u00e9 de fa\u00e7on participative. Deux fois par semaine, on y jardine ensemble selon le principe de la permaculture. (Photo \u00a9 Stefanie W\u00fcrsch)<\/figcaption><\/figure>\n\n\n\n<figure class=\"wp-block-image size-large\"><img loading=\"lazy\" decoding=\"async\" width=\"1024\" height=\"683\" data-id=\"3470\" src=\"https:\/\/www.prix-biodiversite.ch\/wp-content\/uploads\/2023\/06\/PraRomanGarten-1024x683.jpg\" alt=\"\" class=\"wp-image-3470\" srcset=\"https:\/\/dev.preis-biodiversitaet.ch\/wp-content\/uploads\/2023\/06\/PraRomanGarten-1024x683.jpg 1024w, https:\/\/dev.preis-biodiversitaet.ch\/wp-content\/uploads\/2023\/06\/PraRomanGarten-300x200.jpg 300w, https:\/\/dev.preis-biodiversitaet.ch\/wp-content\/uploads\/2023\/06\/PraRomanGarten-768x512.jpg 768w, https:\/\/dev.preis-biodiversitaet.ch\/wp-content\/uploads\/2023\/06\/PraRomanGarten-1536x1024.jpg 1536w, https:\/\/dev.preis-biodiversitaet.ch\/wp-content\/uploads\/2023\/06\/PraRomanGarten-2048x1365.jpg 2048w\" sizes=\"auto, (max-width: 1024px) 100vw, 1024px\" \/><figcaption class=\"wp-element-caption\">En plus du jardin collectif, il y a parcelles de jardins individuels, qui sont g\u00e9r\u00e9es selon une charte des jardins. Cette derni\u00e8re proscrit l\u2019usage de pesticides et d\u2019engrais et favorise la biodiversit\u00e9 par diverses mesures. (Photo \u00a9 Stefanie W\u00fcrsch)<\/figcaption><\/figure>\n\n\n\n<figure class=\"wp-block-image size-large\"><img loading=\"lazy\" decoding=\"async\" width=\"1024\" height=\"683\" data-id=\"3482\" src=\"https:\/\/www.prix-biodiversite.ch\/wp-content\/uploads\/2023\/06\/PraRomanGarten2-1024x683.jpg\" alt=\"\" class=\"wp-image-3482\" srcset=\"https:\/\/dev.preis-biodiversitaet.ch\/wp-content\/uploads\/2023\/06\/PraRomanGarten2-1024x683.jpg 1024w, https:\/\/dev.preis-biodiversitaet.ch\/wp-content\/uploads\/2023\/06\/PraRomanGarten2-300x200.jpg 300w, https:\/\/dev.preis-biodiversitaet.ch\/wp-content\/uploads\/2023\/06\/PraRomanGarten2-768x512.jpg 768w, https:\/\/dev.preis-biodiversitaet.ch\/wp-content\/uploads\/2023\/06\/PraRomanGarten2-1536x1024.jpg 1536w, https:\/\/dev.preis-biodiversitaet.ch\/wp-content\/uploads\/2023\/06\/PraRomanGarten2-2048x1365.jpg 2048w\" sizes=\"auto, (max-width: 1024px) 100vw, 1024px\" \/><figcaption class=\"wp-element-caption\">Au moyen de grandes zones vertes, la coop\u00e9rative Codha, ma\u00eetre d\u2019ouvrage, encourage activement l\u2019utilisation des espaces ext\u00e9rieurs et la relation avec la nature, tout en promouvant l\u2019autosuffisance. La communaut\u00e9 en ressort renforc\u00e9e. (Photo \u00a9 Stefanie W\u00fcrsch)<\/figcaption><\/figure>\n\n\n\n<figure class=\"wp-block-image size-large\"><img loading=\"lazy\" decoding=\"async\" width=\"1024\" height=\"683\" data-id=\"3485\" src=\"https:\/\/www.prix-biodiversite.ch\/wp-content\/uploads\/2023\/06\/PraRomanWasser-1024x683.jpg\" alt=\"\" class=\"wp-image-3485\" srcset=\"https:\/\/dev.preis-biodiversitaet.ch\/wp-content\/uploads\/2023\/06\/PraRomanWasser-1024x683.jpg 1024w, https:\/\/dev.preis-biodiversitaet.ch\/wp-content\/uploads\/2023\/06\/PraRomanWasser-300x200.jpg 300w, https:\/\/dev.preis-biodiversitaet.ch\/wp-content\/uploads\/2023\/06\/PraRomanWasser-768x512.jpg 768w, https:\/\/dev.preis-biodiversitaet.ch\/wp-content\/uploads\/2023\/06\/PraRomanWasser-1536x1024.jpg 1536w, https:\/\/dev.preis-biodiversitaet.ch\/wp-content\/uploads\/2023\/06\/PraRomanWasser-2048x1365.jpg 2048w\" sizes=\"auto, (max-width: 1024px) 100vw, 1024px\" \/><figcaption class=\"wp-element-caption\">L\u2019eau de pluie est r\u00e9colt\u00e9e dans des pr\u00e9cieuses noues \u00e9cologiques et utilis\u00e9e pour arroser les jardins.(Photo \u00a9 Stefanie W\u00fcrsch)<\/figcaption><\/figure>\n\n\n\n<figure class=\"wp-block-image size-large\"><img loading=\"lazy\" decoding=\"async\" width=\"1024\" height=\"683\" data-id=\"3476\" src=\"https:\/\/www.prix-biodiversite.ch\/wp-content\/uploads\/2023\/06\/PraRomanKorridor-1024x683.jpg\" alt=\"\" class=\"wp-image-3476\" srcset=\"https:\/\/dev.preis-biodiversitaet.ch\/wp-content\/uploads\/2023\/06\/PraRomanKorridor-1024x683.jpg 1024w, https:\/\/dev.preis-biodiversitaet.ch\/wp-content\/uploads\/2023\/06\/PraRomanKorridor-300x200.jpg 300w, https:\/\/dev.preis-biodiversitaet.ch\/wp-content\/uploads\/2023\/06\/PraRomanKorridor-768x512.jpg 768w, https:\/\/dev.preis-biodiversitaet.ch\/wp-content\/uploads\/2023\/06\/PraRomanKorridor-1536x1024.jpg 1536w, https:\/\/dev.preis-biodiversitaet.ch\/wp-content\/uploads\/2023\/06\/PraRomanKorridor-2048x1365.jpg 2048w\" sizes=\"auto, (max-width: 1024px) 100vw, 1024px\" \/><figcaption class=\"wp-element-caption\">Un grand corridor biologique met en r\u00e9seau les espaces de vie avoisinants et permet \u00e0 la microfaune et \u00e0 la petite faune de migrer et de se d\u00e9velopper. (Photo \u00a9 Stefanie W\u00fcrsch)<\/figcaption><\/figure>\n\n\n\n<figure class=\"wp-block-image size-large\"><img loading=\"lazy\" decoding=\"async\" width=\"1024\" height=\"683\" data-id=\"3479\" src=\"https:\/\/www.prix-biodiversite.ch\/wp-content\/uploads\/2023\/06\/PraRomanBaum-1024x683.jpg\" alt=\"\" class=\"wp-image-3479\" srcset=\"https:\/\/dev.preis-biodiversitaet.ch\/wp-content\/uploads\/2023\/06\/PraRomanBaum-1024x683.jpg 1024w, https:\/\/dev.preis-biodiversitaet.ch\/wp-content\/uploads\/2023\/06\/PraRomanBaum-300x200.jpg 300w, https:\/\/dev.preis-biodiversitaet.ch\/wp-content\/uploads\/2023\/06\/PraRomanBaum-768x512.jpg 768w, https:\/\/dev.preis-biodiversitaet.ch\/wp-content\/uploads\/2023\/06\/PraRomanBaum-1536x1024.jpg 1536w, https:\/\/dev.preis-biodiversitaet.ch\/wp-content\/uploads\/2023\/06\/PraRomanBaum-2048x1365.jpg 2048w\" sizes=\"auto, (max-width: 1024px) 100vw, 1024px\" \/><figcaption class=\"wp-element-caption\">L\u2019\u00abarbre \u00e0 palabres\u00bb, autour duquel on se r\u00e9unit traditionnellement dans d\u2019autres cultures, sert aussi ici de lieu de rencontre central. (Photo \u00a9 Stefanie W\u00fcrsch)<\/figcaption><\/figure>\n<\/figure>\n\n\n\n<div style=\"height:45px\" aria-hidden=\"true\" class=\"wp-block-spacer\"><\/div>\n\n\n\n<p><a href=\"https:\/\/www.prix-biodiversite.ch\/wp-content\/uploads\/2023\/06\/Prix_Binding_communique_6_6_2023-1.pdf\" target=\"_blank\" rel=\"noopener\" title=\"Prix_Binding_communiqu\u00e9_6_6_2023\">Communiqu\u00e9 6.6.2023<\/a><\/p>\n\n\n\n<p><a href=\"https:\/\/www.prix-biodiversite.ch\/wp-content\/uploads\/2023\/06\/CODHA_PUBLICATION-ENCHANTIER-26062021_VERSION-COURTE.pdf\" target=\"_blank\" rel=\"noopener\" title=\"\">Livre \u00abenchant(i)er\u00bb sur le processus de cr\u00e9ation de Pra Roman<\/a><\/p>\n\n\n\n<p><a href=\"https:\/\/www.prix-biodiversite.ch\/wp-content\/uploads\/2023\/06\/La-Ligne\u2026.pdf\" target=\"_blank\" rel=\"noreferrer noopener\">Illustration \u00abLa Ligne\u00bb tir\u00e9e du livre \u00abenchant(i)er\u00bb<\/a><\/p>\n\n\n\n<p><a href=\"https:\/\/www.prix-biodiversite.ch\/wp-content\/uploads\/2023\/06\/PRA_PLAN_AMEX_PraRoman.pdf\" target=\"_blank\" rel=\"noopener\" title=\"\">Plan des espaces ext\u00e9rieurs de l\u2019\u00e9coquartier Pra Roman<\/a><\/p>\n\n\n\n<h2 class=\"wp-block-heading\">Processus participatif \u00e0 Pra Roman<\/h2>\n\n\n\n<div class=\"wp-block-columns is-layout-flex wp-container-core-columns-is-layout-9d6595d7 wp-block-columns-is-layout-flex\">\n<div class=\"wp-block-column is-layout-flow wp-block-column-is-layout-flow\">\n<p>L\u2019association des habitant.e.s de Pra Roman a lanc\u00e9 un processus participatif afin de d\u00e9cider de l\u2019utilisation du prix re\u00e7u dans le cadre du Prix Binding pour la biodiversit\u00e9. Apr\u00e8s une premi\u00e8re phase de r\u00e9flexion, 11 projets concrets ont \u00e9t\u00e9 d\u00e9velopp\u00e9s et pr\u00e9sent\u00e9s \u00e0 tous les habitant.e.s lors d\u2019une petite exposition (voir photos ci-dessous).<\/p>\n<\/div>\n\n\n\n<div class=\"wp-block-column is-layout-flow wp-block-column-is-layout-flow\">\n<p>Dans les mois \u00e0 venir, les projets seront soumis individuellement au vote lors des assembl\u00e9es pl\u00e9ni\u00e8res. Il est int\u00e9ressant de voir la diversit\u00e9 des projets propos\u00e9s\u00a0: des ateliers sur la relation entre l\u2019humain et la nature, des nichoirs pour les oiseaux, des fa\u00e7ades v\u00e9g\u00e9talis\u00e9es, mais aussi le d\u00e9simperm\u00e9abilisation des sols et la cr\u00e9ation d\u2019un paysage de mares. Nous attendons avec impatience les votes et les propositions d\u00e9finitives.<\/p>\n<\/div>\n<\/div>\n\n\n\n<div class=\"wp-block-columns is-layout-flex wp-container-core-columns-is-layout-9d6595d7 wp-block-columns-is-layout-flex\">\n<div class=\"wp-block-column is-layout-flow wp-block-column-is-layout-flow\">\n<figure class=\"wp-block-image size-large\"><img loading=\"lazy\" decoding=\"async\" width=\"768\" height=\"1024\" src=\"https:\/\/www.prix-biodiversite.ch\/wp-content\/uploads\/2025\/06\/Ausstellung4-768x1024.jpg\" alt=\"Ausstellung Projekte Pra Roman. Binding Preis f\u00fcr Biodiversit\u00e4t 2023.\" class=\"wp-image-5730\" srcset=\"https:\/\/dev.preis-biodiversitaet.ch\/wp-content\/uploads\/2025\/06\/Ausstellung4-768x1024.jpg 768w, https:\/\/dev.preis-biodiversitaet.ch\/wp-content\/uploads\/2025\/06\/Ausstellung4-225x300.jpg 225w, https:\/\/dev.preis-biodiversitaet.ch\/wp-content\/uploads\/2025\/06\/Ausstellung4-1152x1536.jpg 1152w, https:\/\/dev.preis-biodiversitaet.ch\/wp-content\/uploads\/2025\/06\/Ausstellung4-1536x2048.jpg 1536w, https:\/\/dev.preis-biodiversitaet.ch\/wp-content\/uploads\/2025\/06\/Ausstellung4-scaled.jpg 1920w\" sizes=\"auto, (max-width: 768px) 100vw, 768px\" \/><figcaption class=\"wp-element-caption\">\u00a9 Lena Wunderlin<\/figcaption><\/figure>\n<\/div>\n\n\n\n<div class=\"wp-block-column is-layout-flow wp-block-column-is-layout-flow\">\n<figure class=\"wp-block-image size-large\"><img loading=\"lazy\" decoding=\"async\" width=\"768\" height=\"1024\" src=\"https:\/\/www.prix-biodiversite.ch\/wp-content\/uploads\/2025\/06\/Ausstellung1-768x1024.jpg\" alt=\"Ausstellung Projekte Pra Roman. Binding Preis f\u00fcr Biodiversit\u00e4t 2023\" class=\"wp-image-5727\" srcset=\"https:\/\/dev.preis-biodiversitaet.ch\/wp-content\/uploads\/2025\/06\/Ausstellung1-768x1024.jpg 768w, https:\/\/dev.preis-biodiversitaet.ch\/wp-content\/uploads\/2025\/06\/Ausstellung1-225x300.jpg 225w, https:\/\/dev.preis-biodiversitaet.ch\/wp-content\/uploads\/2025\/06\/Ausstellung1-1152x1536.jpg 1152w, https:\/\/dev.preis-biodiversitaet.ch\/wp-content\/uploads\/2025\/06\/Ausstellung1-1536x2048.jpg 1536w, https:\/\/dev.preis-biodiversitaet.ch\/wp-content\/uploads\/2025\/06\/Ausstellung1-scaled.jpg 1920w\" sizes=\"auto, (max-width: 768px) 100vw, 768px\" \/><figcaption class=\"wp-element-caption\">\u00a9 Lena Wunderlin<\/figcaption><\/figure>\n<\/div>\n<\/div>\n\n\n\n<div class=\"wp-block-columns is-layout-flex wp-container-core-columns-is-layout-9d6595d7 wp-block-columns-is-layout-flex\">\n<div class=\"wp-block-column is-layout-flow wp-block-column-is-layout-flow\"><\/div>\n\n\n\n<div class=\"wp-block-column is-layout-flow wp-block-column-is-layout-flow\"><\/div>\n<\/div>\n\n\n\n<p><\/p>\n\n\n\n<div style=\"height:100px\" aria-hidden=\"true\" class=\"wp-block-spacer\"><\/div>\n","protected":false},"excerpt":{"rendered":"<p>L\u2019\u00e9coquartier \u00abPra Roman\u00bb d\u00e9velopp\u00e9 conjointement par la Codha et l\u2019association \u00abSur le Pra\u00bb a \u00e9t\u00e9 prim\u00e9 car il met en [&hellip;]<\/p>\n","protected":false},"author":7,"featured_media":0,"parent":0,"menu_order":0,"comment_status":"closed","ping_status":"closed","template":"","meta":{"_acf_changed":false,"_uag_custom_page_level_css":"","footnotes":""},"class_list":["post-3575","page","type-page","status-publish","hentry"],"acf":{"photo_gallery":{"sliderbilder":[[{"id":3473,"title":"PraRomanWest","caption":"","full_image_url":"https:\/\/dev.preis-biodiversitaet.ch\/wp-content\/uploads\/2023\/06\/PraRomanWest-scaled.jpg","thumbnail_image_url":"https:\/\/dev.preis-biodiversitaet.ch\/wp-content\/uploads\/2023\/06\/PraRomanWest-150x150.jpg","large_srcset":"https:\/\/dev.preis-biodiversitaet.ch\/wp-content\/uploads\/2023\/06\/PraRomanWest-1024x683.jpg 1024w, https:\/\/dev.preis-biodiversitaet.ch\/wp-content\/uploads\/2023\/06\/PraRomanWest-300x200.jpg 300w, https:\/\/dev.preis-biodiversitaet.ch\/wp-content\/uploads\/2023\/06\/PraRomanWest-768x512.jpg 768w, https:\/\/dev.preis-biodiversitaet.ch\/wp-content\/uploads\/2023\/06\/PraRomanWest-1536x1024.jpg 1536w, https:\/\/dev.preis-biodiversitaet.ch\/wp-content\/uploads\/2023\/06\/PraRomanWest-2048x1365.jpg 2048w","medium_srcset":"https:\/\/dev.preis-biodiversitaet.ch\/wp-content\/uploads\/2023\/06\/PraRomanWest-300x200.jpg 300w, https:\/\/dev.preis-biodiversitaet.ch\/wp-content\/uploads\/2023\/06\/PraRomanWest-1024x683.jpg 1024w, https:\/\/dev.preis-biodiversitaet.ch\/wp-content\/uploads\/2023\/06\/PraRomanWest-768x512.jpg 768w, https:\/\/dev.preis-biodiversitaet.ch\/wp-content\/uploads\/2023\/06\/PraRomanWest-1536x1024.jpg 1536w, https:\/\/dev.preis-biodiversitaet.ch\/wp-content\/uploads\/2023\/06\/PraRomanWest-2048x1365.jpg 2048w","media_details":{"width":2560,"height":1707,"sizes":{"medium":{"file":"PraRomanWest-300x200.jpg","width":300,"height":200,"mime-type":"image\/jpeg","filesize":58159,"source_url":"https:\/\/dev.preis-biodiversitaet.ch\/wp-content\/uploads\/2023\/06\/PraRomanWest-300x200.jpg"},"large":{"file":"PraRomanWest-1024x683.jpg","width":1024,"height":683,"mime-type":"image\/jpeg","filesize":278592,"source_url":"https:\/\/dev.preis-biodiversitaet.ch\/wp-content\/uploads\/2023\/06\/PraRomanWest-1024x683.jpg"},"thumbnail":{"file":"PraRomanWest-150x150.jpg","width":150,"height":150,"mime-type":"image\/jpeg","filesize":44153,"source_url":"https:\/\/dev.preis-biodiversitaet.ch\/wp-content\/uploads\/2023\/06\/PraRomanWest-150x150.jpg"},"medium_large":{"file":"PraRomanWest-768x512.jpg","width":768,"height":512,"mime-type":"image\/jpeg","filesize":175077,"source_url":"https:\/\/dev.preis-biodiversitaet.ch\/wp-content\/uploads\/2023\/06\/PraRomanWest-768x512.jpg"},"1536x1536":{"file":"PraRomanWest-1536x1024.jpg","width":1536,"height":1024,"mime-type":"image\/jpeg","filesize":551248,"source_url":"https:\/\/dev.preis-biodiversitaet.ch\/wp-content\/uploads\/2023\/06\/PraRomanWest-1536x1024.jpg"},"2048x2048":{"file":"PraRomanWest-2048x1365.jpg","width":2048,"height":1365,"mime-type":"image\/jpeg","filesize":904333,"source_url":"https:\/\/dev.preis-biodiversitaet.ch\/wp-content\/uploads\/2023\/06\/PraRomanWest-2048x1365.jpg"}}},"alt_text":"Garten auf Pra Roman - Binding Preis f\u00fcr Biodiversit\u00e4t 2023","url":"","target":""}]]}},"uagb_featured_image_src":{"full":false,"thumbnail":false,"medium":false,"medium_large":false,"large":false,"1536x1536":false,"2048x2048":false,"gform-image-choice-sm":false,"gform-image-choice-md":false,"gform-image-choice-lg":false},"uagb_author_info":{"display_name":"Lena Wunderlin","author_link":"https:\/\/dev.preis-biodiversitaet.ch\/fr\/author\/lena\/"},"uagb_comment_info":0,"uagb_excerpt":"L\u2019\u00e9coquartier \u00abPra Roman\u00bb d\u00e9velopp\u00e9 conjointement par la Codha et l\u2019association \u00abSur le Pra\u00bb a \u00e9t\u00e9 prim\u00e9 car il met en [&hellip;]","_links":{"self":[{"href":"https:\/\/dev.preis-biodiversitaet.ch\/fr\/wp-json\/wp\/v2\/pages\/3575","targetHints":{"allow":["GET"]}}],"collection":[{"href":"https:\/\/dev.preis-biodiversitaet.ch\/fr\/wp-json\/wp\/v2\/pages"}],"about":[{"href":"https:\/\/dev.preis-biodiversitaet.ch\/fr\/wp-json\/wp\/v2\/types\/page"}],"author":[{"embeddable":true,"href":"https:\/\/dev.preis-biodiversitaet.ch\/fr\/wp-json\/wp\/v2\/users\/7"}],"replies":[{"embeddable":true,"href":"https:\/\/dev.preis-biodiversitaet.ch\/fr\/wp-json\/wp\/v2\/comments?post=3575"}],"version-history":[{"count":7,"href":"https:\/\/dev.preis-biodiversitaet.ch\/fr\/wp-json\/wp\/v2\/pages\/3575\/revisions"}],"predecessor-version":[{"id":5736,"href":"https:\/\/dev.preis-biodiversitaet.ch\/fr\/wp-json\/wp\/v2\/pages\/3575\/revisions\/5736"}],"wp:attachment":[{"href":"https:\/\/dev.preis-biodiversitaet.ch\/fr\/wp-json\/wp\/v2\/media?parent=3575"}],"curies":[{"name":"wp","href":"https:\/\/api.w.org\/{rel}","templated":true}]}}