{"id":2774,"date":"2022-10-13T14:17:13","date_gmt":"2022-10-13T12:17:13","guid":{"rendered":"https:\/\/www.preis-biodiversitaet.ch\/?page_id=2774"},"modified":"2025-06-11T06:02:21","modified_gmt":"2025-06-11T04:02:21","slug":"laureats","status":"publish","type":"page","link":"https:\/\/dev.preis-biodiversitaet.ch\/fr\/laureats\/","title":{"rendered":"Laur\u00e9ats"},"content":{"rendered":"\n<div class=\"wp-block-columns is-layout-flex wp-container-core-columns-is-layout-9d6595d7 wp-block-columns-is-layout-flex\">\n<div class=\"wp-block-column is-layout-flow wp-block-column-is-layout-flow\">\n<p>La Fondation Sophie et Karl Binding d\u00e9cerne annuellement le Prix Binding pour la biodiversit\u00e9, dot\u00e9 de 100&nbsp;000 francs, et le Prix Binding de reconnaissance pour la biodiversit\u00e9, dont le montant est de 25 000 francs.<\/p>\n\n\n\n<p>Seront r\u00e9compens\u00e9es des prestations exemplaires visant \u00e0 promouvoir la diversit\u00e9 des habitats, des esp\u00e8ces et des ressources g\u00e9n\u00e9tiques ainsi que leurs interactions. La priorit\u00e9 sera express\u00e9ment accord\u00e9e au milieu urbain.<\/p>\n\n\n\n<p>D\u00e9couvrez les projets laur\u00e9ats et les prix de l&rsquo;innovation des ann\u00e9es pr\u00e9c\u00e9dentes.<\/p>\n<\/div>\n\n\n\n<div class=\"wp-block-column is-layout-flow wp-block-column-is-layout-flow\">\n<div class=\"wp-block-buttons is-vertical is-layout-flex wp-container-core-buttons-is-layout-8cf370e7 wp-block-buttons-is-layout-flex\">\n<div class=\"wp-block-button\"><a class=\"wp-block-button__link wp-element-button\" href=\"https:\/\/www.prix-biodiversite.ch\/laureat-2025\/\" target=\"_blank\" rel=\"noopener\">Laur\u00e9at 2025<\/a><\/div>\n\n\n\n<div class=\"wp-block-button\"><a class=\"wp-block-button__link wp-element-button\" href=\"https:\/\/www.prix-biodiversite.ch\/prix-binding-de-reconnaissance-2025\/\" target=\"_blank\" rel=\"noopener\">Prix de reconnaissance 2025<\/a><\/div>\n\n\n\n<div class=\"wp-block-button\"><a class=\"wp-block-button__link wp-element-button\" href=\"https:\/\/www.preis-biodiversitaet.ch\/fr\/laureat-2024\/\">Laur\u00e9at 2024<\/a><\/div>\n\n\n\n<div class=\"wp-block-button\"><a class=\"wp-block-button__link wp-element-button\" href=\"https:\/\/www.preis-biodiversitaet.ch\/fr\/prix-binding-de-reconnaissance-2024\/\">Prix de reconnaissance 2024<\/a><\/div>\n\n\n\n<div class=\"wp-block-button\"><a class=\"wp-block-button__link wp-element-button\" href=\"https:\/\/www.preis-biodiversitaet.ch\/fr\/laureat-2023\/\">Laur\u00e9at 2023<\/a><\/div>\n\n\n\n<div class=\"wp-block-button\"><a class=\"wp-block-button__link wp-element-button\" href=\"https:\/\/www.preis-biodiversitaet.ch\/fr\/prix-binding-de-reconnaissance-2023\/\">Prix de reconnaissance 2023<\/a><\/div>\n\n\n\n<div class=\"wp-block-button\"><a class=\"wp-block-button__link wp-element-button\" href=\"https:\/\/www.preis-biodiversitaet.ch\/fr\/laureat-2022\/\">Laur\u00e9at 2022<\/a><\/div>\n\n\n\n<div class=\"wp-block-button\"><a class=\"wp-block-button__link wp-element-button\" href=\"https:\/\/www.preis-biodiversitaet.ch\/fr\/le-prix-binding-dinnovation-2022\/\">Prix d&rsquo;innovation 2022<\/a><\/div>\n\n\n\n<div class=\"wp-block-button\"><a class=\"wp-block-button__link wp-element-button\" href=\"https:\/\/www.preis-biodiversitaet.ch\/fr\/laureat\/\">Laur\u00e9at 2021<\/a><\/div>\n\n\n\n<div class=\"wp-block-button\"><a class=\"wp-block-button__link wp-element-button\" href=\"https:\/\/www.preis-biodiversitaet.ch\/fr\/le-prix-binding-de-l-innovation-2021\/\">Prix d\u2019innovation 2021<\/a><\/div>\n<\/div>\n<\/div>\n<\/div>\n","protected":false},"excerpt":{"rendered":"<p>La Fondation Sophie et Karl Binding d\u00e9cerne annuellement le Prix Binding pour la biodiversit\u00e9, dot\u00e9 de 100&nbsp;000 francs, et le [&hellip;]<\/p>\n","protected":false},"author":1,"featured_media":0,"parent":0,"menu_order":0,"comment_status":"closed","ping_status":"closed","template":"","meta":{"_acf_changed":false,"_uag_custom_page_level_css":"","footnotes":""},"class_list":["post-2774","page","type-page","status-publish","hentry"],"acf":{"photo_gallery":{"sliderbilder":[[{"id":2752,"title":"DMS_02","caption":"","full_image_url":"https:\/\/dev.preis-biodiversitaet.ch\/wp-content\/uploads\/2022\/10\/DMS_02-scaled.jpg","thumbnail_image_url":"https:\/\/dev.preis-biodiversitaet.ch\/wp-content\/uploads\/2022\/10\/DMS_02-150x150.jpg","large_srcset":"https:\/\/dev.preis-biodiversitaet.ch\/wp-content\/uploads\/2022\/10\/DMS_02-1024x768.jpg 1024w, https:\/\/dev.preis-biodiversitaet.ch\/wp-content\/uploads\/2022\/10\/DMS_02-300x225.jpg 300w, https:\/\/dev.preis-biodiversitaet.ch\/wp-content\/uploads\/2022\/10\/DMS_02-768x576.jpg 768w, https:\/\/dev.preis-biodiversitaet.ch\/wp-content\/uploads\/2022\/10\/DMS_02-1536x1152.jpg 1536w, https:\/\/dev.preis-biodiversitaet.ch\/wp-content\/uploads\/2022\/10\/DMS_02-2048x1536.jpg 2048w","medium_srcset":"https:\/\/dev.preis-biodiversitaet.ch\/wp-content\/uploads\/2022\/10\/DMS_02-300x225.jpg 300w, https:\/\/dev.preis-biodiversitaet.ch\/wp-content\/uploads\/2022\/10\/DMS_02-1024x768.jpg 1024w, https:\/\/dev.preis-biodiversitaet.ch\/wp-content\/uploads\/2022\/10\/DMS_02-768x576.jpg 768w, https:\/\/dev.preis-biodiversitaet.ch\/wp-content\/uploads\/2022\/10\/DMS_02-1536x1152.jpg 1536w, https:\/\/dev.preis-biodiversitaet.ch\/wp-content\/uploads\/2022\/10\/DMS_02-2048x1536.jpg 2048w","media_details":{"width":2560,"height":1920,"sizes":{"medium":{"file":"DMS_02-300x225.jpg","width":300,"height":225,"mime-type":"image\/jpeg","filesize":35135,"source_url":"https:\/\/dev.preis-biodiversitaet.ch\/wp-content\/uploads\/2022\/10\/DMS_02-300x225.jpg"},"large":{"file":"DMS_02-1024x768.jpg","width":1024,"height":768,"mime-type":"image\/jpeg","filesize":217178,"source_url":"https:\/\/dev.preis-biodiversitaet.ch\/wp-content\/uploads\/2022\/10\/DMS_02-1024x768.jpg"},"thumbnail":{"file":"DMS_02-150x150.jpg","width":150,"height":150,"mime-type":"image\/jpeg","filesize":22711,"source_url":"https:\/\/dev.preis-biodiversitaet.ch\/wp-content\/uploads\/2022\/10\/DMS_02-150x150.jpg"},"medium_large":{"file":"DMS_02-768x576.jpg","width":768,"height":576,"mime-type":"image\/jpeg","filesize":131977,"source_url":"https:\/\/dev.preis-biodiversitaet.ch\/wp-content\/uploads\/2022\/10\/DMS_02-768x576.jpg"},"1536x1536":{"file":"DMS_02-1536x1152.jpg","width":1536,"height":1152,"mime-type":"image\/jpeg","filesize":450056,"source_url":"https:\/\/dev.preis-biodiversitaet.ch\/wp-content\/uploads\/2022\/10\/DMS_02-1536x1152.jpg"},"2048x2048":{"file":"DMS_02-2048x1536.jpg","width":2048,"height":1536,"mime-type":"image\/jpeg","filesize":755524,"source_url":"https:\/\/dev.preis-biodiversitaet.ch\/wp-content\/uploads\/2022\/10\/DMS_02-2048x1536.jpg"}}},"alt_text":"Parco Casarico - Binding Anerkennungspreis f\u00fcr Biodiversit\u00e4t 2022","url":"","target":""}]]}},"uagb_featured_image_src":{"full":false,"thumbnail":false,"medium":false,"medium_large":false,"large":false,"1536x1536":false,"2048x2048":false,"gform-image-choice-sm":false,"gform-image-choice-md":false,"gform-image-choice-lg":false},"uagb_author_info":{"display_name":"gally","author_link":"https:\/\/dev.preis-biodiversitaet.ch\/fr\/author\/gally\/"},"uagb_comment_info":0,"uagb_excerpt":"La Fondation Sophie et Karl Binding d\u00e9cerne annuellement le Prix Binding pour la biodiversit\u00e9, dot\u00e9 de 100&nbsp;000 francs, et le [&hellip;]","_links":{"self":[{"href":"https:\/\/dev.preis-biodiversitaet.ch\/fr\/wp-json\/wp\/v2\/pages\/2774","targetHints":{"allow":["GET"]}}],"collection":[{"href":"https:\/\/dev.preis-biodiversitaet.ch\/fr\/wp-json\/wp\/v2\/pages"}],"about":[{"href":"https:\/\/dev.preis-biodiversitaet.ch\/fr\/wp-json\/wp\/v2\/types\/page"}],"author":[{"embeddable":true,"href":"https:\/\/dev.preis-biodiversitaet.ch\/fr\/wp-json\/wp\/v2\/users\/1"}],"replies":[{"embeddable":true,"href":"https:\/\/dev.preis-biodiversitaet.ch\/fr\/wp-json\/wp\/v2\/comments?post=2774"}],"version-history":[{"count":7,"href":"https:\/\/dev.preis-biodiversitaet.ch\/fr\/wp-json\/wp\/v2\/pages\/2774\/revisions"}],"predecessor-version":[{"id":5698,"href":"https:\/\/dev.preis-biodiversitaet.ch\/fr\/wp-json\/wp\/v2\/pages\/2774\/revisions\/5698"}],"wp:attachment":[{"href":"https:\/\/dev.preis-biodiversitaet.ch\/fr\/wp-json\/wp\/v2\/media?parent=2774"}],"curies":[{"name":"wp","href":"https:\/\/api.w.org\/{rel}","templated":true}]}}