{"id":2761,"date":"2022-10-26T15:30:26","date_gmt":"2022-10-26T13:30:26","guid":{"rendered":"https:\/\/www.preis-biodiversitaet.ch\/?page_id=2761"},"modified":"2022-10-27T11:26:54","modified_gmt":"2022-10-27T09:26:54","slug":"le-prix-binding-dinnovation-2022","status":"publish","type":"page","link":"https:\/\/dev.preis-biodiversitaet.ch\/fr\/le-prix-binding-dinnovation-2022\/","title":{"rendered":"Le Prix Binding d\u2019innovation 2022"},"content":{"rendered":"\n<h2 class=\"wp-block-heading\"><strong><strong>Le Prix Binding d\u2019innovation pour la biodiversit\u00e9 2022 est d\u00e9cern\u00e9 au projet \u00ab&nbsp;Parco Casarico&nbsp;\u00bb de Sorengo (TI)<\/strong><\/strong><\/h2>\n\n\n\n<div class=\"wp-block-columns is-layout-flex wp-container-core-columns-is-layout-9d6595d7 wp-block-columns-is-layout-flex\">\n<div class=\"wp-block-column is-layout-flow wp-block-column-is-layout-flow\">\n<p>Le projet immobilier \u00ab&nbsp;Parco Casarico&nbsp;\u00bb de Sorengo (TI) remporte le Prix Binding d\u2019innovation pour la biodiversit\u00e9 2022, dot\u00e9 de 10&nbsp;000 francs. Le projet, portant sur cinq immeubles r\u00e9sidentiels con\u00e7us par le bureau d\u2019architecture paysag\u00e8re De Molfetta Strode et la fondation Weak Ends, a d\u2019abord \u00e9t\u00e9 r\u00e9compens\u00e9 pour les id\u00e9es novatrices visant \u00e0 cr\u00e9er une plus-value pour la biodiversit\u00e9 dans la gestion de l\u2019eau, et \u00e0 accro\u00eetre la qualit\u00e9 de vie des riverains. Gr\u00e2ce \u00e0 la mise au jour de sources, \u00e0 l\u2019agencement sinueux et ludique de ruisseaux secs, qui ne charrient de l\u2019eau qu\u2019en cas de pr\u00e9cipitations, et \u00e0 la cr\u00e9ation d\u2019un bel \u00e9tang, les architectes paysagistes ont con\u00e7u un environnement tr\u00e8s attrayant tout en augmentant la diversit\u00e9 des milieux et des esp\u00e8ces.<\/p>\n<\/div>\n\n\n\n<div class=\"wp-block-column is-layout-flow wp-block-column-is-layout-flow\">\n<figure class=\"wp-block-image size-large\"><img loading=\"lazy\" decoding=\"async\" width=\"1024\" height=\"768\" src=\"https:\/\/www.preis-biodiversitaet.ch\/wp-content\/uploads\/2022\/10\/DMS_01-1024x768.jpg\" alt=\"\" class=\"wp-image-2748\" srcset=\"https:\/\/dev.preis-biodiversitaet.ch\/wp-content\/uploads\/2022\/10\/DMS_01-1024x768.jpg 1024w, https:\/\/dev.preis-biodiversitaet.ch\/wp-content\/uploads\/2022\/10\/DMS_01-300x225.jpg 300w, https:\/\/dev.preis-biodiversitaet.ch\/wp-content\/uploads\/2022\/10\/DMS_01-768x576.jpg 768w, https:\/\/dev.preis-biodiversitaet.ch\/wp-content\/uploads\/2022\/10\/DMS_01-1536x1152.jpg 1536w, https:\/\/dev.preis-biodiversitaet.ch\/wp-content\/uploads\/2022\/10\/DMS_01-2048x1536.jpg 2048w\" sizes=\"auto, (max-width: 1024px) 100vw, 1024px\" \/><\/figure>\n<\/div>\n<\/div>\n\n\n\n<div style=\"height:100px\" aria-hidden=\"true\" class=\"wp-block-spacer\"><\/div>\n\n\n\n<div class=\"wp-block-columns is-layout-flex wp-container-core-columns-is-layout-9d6595d7 wp-block-columns-is-layout-flex\">\n<div class=\"wp-block-column is-layout-flow wp-block-column-is-layout-flow\">\n<figure class=\"wp-block-image size-large\"><img loading=\"lazy\" decoding=\"async\" width=\"1024\" height=\"768\" src=\"https:\/\/www.preis-biodiversitaet.ch\/wp-content\/uploads\/2022\/10\/DMS_02-1024x768.jpg\" alt=\"\" class=\"wp-image-2751\" srcset=\"https:\/\/dev.preis-biodiversitaet.ch\/wp-content\/uploads\/2022\/10\/DMS_02-1024x768.jpg 1024w, https:\/\/dev.preis-biodiversitaet.ch\/wp-content\/uploads\/2022\/10\/DMS_02-300x225.jpg 300w, https:\/\/dev.preis-biodiversitaet.ch\/wp-content\/uploads\/2022\/10\/DMS_02-768x576.jpg 768w, https:\/\/dev.preis-biodiversitaet.ch\/wp-content\/uploads\/2022\/10\/DMS_02-1536x1152.jpg 1536w, https:\/\/dev.preis-biodiversitaet.ch\/wp-content\/uploads\/2022\/10\/DMS_02-2048x1536.jpg 2048w\" sizes=\"auto, (max-width: 1024px) 100vw, 1024px\" \/><\/figure>\n<\/div>\n\n\n\n<div class=\"wp-block-column is-layout-flow wp-block-column-is-layout-flow\">\n<p>Le bureau d\u2019architecture paysag\u00e8re De Molfetta Strode est parvenu \u00e0 am\u00e9nager un site de haute diversit\u00e9 biologique, qui concilie parfaitement plusieurs exigences et convainc par la qualit\u00e9 de son agencement. La v\u00e9g\u00e9tation, de caract\u00e8re m\u00e9diterran\u00e9en et adapt\u00e9e au site \u2013 un coteau expos\u00e9 au sud \u2013, a \u00e9t\u00e9 s\u00e9lectionn\u00e9e avec un grand souci du d\u00e9tail. Le projet fournit en outre une contribution cibl\u00e9e \u00e0 la mise en r\u00e9seau de deux espaces \u00e9cologiques voisins, le Laghetto di Muzzano et la for\u00eat de Breganzona. L\u2019ensemble du projet couvre tous les aspects de la durabilit\u00e9, non seulement \u00e9cologique mais aussi sociale et \u00e9conomique. Sur le plan social, le projet int\u00e8gre un centre de quartier, \u00ab&nbsp;La Cascina&nbsp;\u00bb, ancienne ferme transform\u00e9e et lieu de rencontre adapt\u00e9 aux besoins de la population locale, qui permet l\u2019organisation de manifestations et soutient les r\u00e9fugi\u00e9s dans leur int\u00e9gration. L\u2019environnement s\u00e9duisant contribue aussi \u00e0 ce que le projet, assorti de 300 logements en location ou en propri\u00e9t\u00e9, soit \u00e9galement rentable en termes \u00e9conomiques.<\/p>\n<\/div>\n<\/div>\n","protected":false},"excerpt":{"rendered":"<p>Le Prix Binding d\u2019innovation pour la biodiversit\u00e9 2022 est d\u00e9cern\u00e9 au projet \u00ab&nbsp;Parco Casarico&nbsp;\u00bb de Sorengo (TI) Le projet immobilier [&hellip;]<\/p>\n","protected":false},"author":1,"featured_media":0,"parent":0,"menu_order":0,"comment_status":"closed","ping_status":"closed","template":"","meta":{"_acf_changed":false,"_uag_custom_page_level_css":"","footnotes":""},"class_list":["post-2761","page","type-page","status-publish","hentry"],"acf":{"photo_gallery":{"sliderbilder":[[{"id":2752,"title":"DMS_02","caption":"","full_image_url":"https:\/\/dev.preis-biodiversitaet.ch\/wp-content\/uploads\/2022\/10\/DMS_02-scaled.jpg","thumbnail_image_url":"https:\/\/dev.preis-biodiversitaet.ch\/wp-content\/uploads\/2022\/10\/DMS_02-150x150.jpg","large_srcset":"https:\/\/dev.preis-biodiversitaet.ch\/wp-content\/uploads\/2022\/10\/DMS_02-1024x768.jpg 1024w, https:\/\/dev.preis-biodiversitaet.ch\/wp-content\/uploads\/2022\/10\/DMS_02-300x225.jpg 300w, https:\/\/dev.preis-biodiversitaet.ch\/wp-content\/uploads\/2022\/10\/DMS_02-768x576.jpg 768w, https:\/\/dev.preis-biodiversitaet.ch\/wp-content\/uploads\/2022\/10\/DMS_02-1536x1152.jpg 1536w, https:\/\/dev.preis-biodiversitaet.ch\/wp-content\/uploads\/2022\/10\/DMS_02-2048x1536.jpg 2048w","medium_srcset":"https:\/\/dev.preis-biodiversitaet.ch\/wp-content\/uploads\/2022\/10\/DMS_02-300x225.jpg 300w, https:\/\/dev.preis-biodiversitaet.ch\/wp-content\/uploads\/2022\/10\/DMS_02-1024x768.jpg 1024w, https:\/\/dev.preis-biodiversitaet.ch\/wp-content\/uploads\/2022\/10\/DMS_02-768x576.jpg 768w, https:\/\/dev.preis-biodiversitaet.ch\/wp-content\/uploads\/2022\/10\/DMS_02-1536x1152.jpg 1536w, https:\/\/dev.preis-biodiversitaet.ch\/wp-content\/uploads\/2022\/10\/DMS_02-2048x1536.jpg 2048w","media_details":{"width":2560,"height":1920,"sizes":{"medium":{"file":"DMS_02-300x225.jpg","width":300,"height":225,"mime-type":"image\/jpeg","filesize":35135,"source_url":"https:\/\/dev.preis-biodiversitaet.ch\/wp-content\/uploads\/2022\/10\/DMS_02-300x225.jpg"},"large":{"file":"DMS_02-1024x768.jpg","width":1024,"height":768,"mime-type":"image\/jpeg","filesize":217178,"source_url":"https:\/\/dev.preis-biodiversitaet.ch\/wp-content\/uploads\/2022\/10\/DMS_02-1024x768.jpg"},"thumbnail":{"file":"DMS_02-150x150.jpg","width":150,"height":150,"mime-type":"image\/jpeg","filesize":22711,"source_url":"https:\/\/dev.preis-biodiversitaet.ch\/wp-content\/uploads\/2022\/10\/DMS_02-150x150.jpg"},"medium_large":{"file":"DMS_02-768x576.jpg","width":768,"height":576,"mime-type":"image\/jpeg","filesize":131977,"source_url":"https:\/\/dev.preis-biodiversitaet.ch\/wp-content\/uploads\/2022\/10\/DMS_02-768x576.jpg"},"1536x1536":{"file":"DMS_02-1536x1152.jpg","width":1536,"height":1152,"mime-type":"image\/jpeg","filesize":450056,"source_url":"https:\/\/dev.preis-biodiversitaet.ch\/wp-content\/uploads\/2022\/10\/DMS_02-1536x1152.jpg"},"2048x2048":{"file":"DMS_02-2048x1536.jpg","width":2048,"height":1536,"mime-type":"image\/jpeg","filesize":755524,"source_url":"https:\/\/dev.preis-biodiversitaet.ch\/wp-content\/uploads\/2022\/10\/DMS_02-2048x1536.jpg"}}},"alt_text":"Parco Casarico - Binding Anerkennungspreis f\u00fcr Biodiversit\u00e4t 2022","url":"","target":""}]]}},"uagb_featured_image_src":{"full":false,"thumbnail":false,"medium":false,"medium_large":false,"large":false,"1536x1536":false,"2048x2048":false,"gform-image-choice-sm":false,"gform-image-choice-md":false,"gform-image-choice-lg":false},"uagb_author_info":{"display_name":"gally","author_link":"https:\/\/dev.preis-biodiversitaet.ch\/fr\/author\/gally\/"},"uagb_comment_info":0,"uagb_excerpt":"Le Prix Binding d\u2019innovation pour la biodiversit\u00e9 2022 est d\u00e9cern\u00e9 au projet \u00ab&nbsp;Parco Casarico&nbsp;\u00bb de Sorengo (TI) Le projet immobilier [&hellip;]","_links":{"self":[{"href":"https:\/\/dev.preis-biodiversitaet.ch\/fr\/wp-json\/wp\/v2\/pages\/2761","targetHints":{"allow":["GET"]}}],"collection":[{"href":"https:\/\/dev.preis-biodiversitaet.ch\/fr\/wp-json\/wp\/v2\/pages"}],"about":[{"href":"https:\/\/dev.preis-biodiversitaet.ch\/fr\/wp-json\/wp\/v2\/types\/page"}],"author":[{"embeddable":true,"href":"https:\/\/dev.preis-biodiversitaet.ch\/fr\/wp-json\/wp\/v2\/users\/1"}],"replies":[{"embeddable":true,"href":"https:\/\/dev.preis-biodiversitaet.ch\/fr\/wp-json\/wp\/v2\/comments?post=2761"}],"version-history":[{"count":5,"href":"https:\/\/dev.preis-biodiversitaet.ch\/fr\/wp-json\/wp\/v2\/pages\/2761\/revisions"}],"predecessor-version":[{"id":3098,"href":"https:\/\/dev.preis-biodiversitaet.ch\/fr\/wp-json\/wp\/v2\/pages\/2761\/revisions\/3098"}],"wp:attachment":[{"href":"https:\/\/dev.preis-biodiversitaet.ch\/fr\/wp-json\/wp\/v2\/media?parent=2761"}],"curies":[{"name":"wp","href":"https:\/\/api.w.org\/{rel}","templated":true}]}}