{"id":2541,"date":"2022-08-29T16:11:30","date_gmt":"2022-08-29T14:11:30","guid":{"rendered":"https:\/\/www.preis-biodiversitaet.ch\/?page_id=2541"},"modified":"2022-11-02T17:37:35","modified_gmt":"2022-11-02T16:37:35","slug":"laureat-2022","status":"publish","type":"page","link":"https:\/\/dev.preis-biodiversitaet.ch\/fr\/laureat-2022\/","title":{"rendered":"Le deuxi\u00e8me Prix Binding pour la biodiversit\u00e9 est d\u00e9cern\u00e9 \u00e0 \u00ab\u00a0La nature a besoin de la ville\u00a0\u00bb de Stadtgr\u00fcn Bern"},"content":{"rendered":"\n<div class=\"wp-block-columns is-layout-flex wp-container-core-columns-is-layout-9d6595d7 wp-block-columns-is-layout-flex\">\n<div class=\"wp-block-column is-layout-flow wp-block-column-is-layout-flow\">\n<figure class=\"wp-block-embed is-type-video is-provider-youtube wp-block-embed-youtube wp-embed-aspect-16-9 wp-has-aspect-ratio\"><div class=\"wp-block-embed__wrapper\">\n<iframe loading=\"lazy\" title=\"Binding Preis f\u00fcr Biodiversit\u00e4t 2022 - Projekt &quot;Natur braucht Stadt&quot; von Stadtgr\u00fcn Bern\" width=\"768\" height=\"432\" src=\"https:\/\/www.youtube.com\/embed\/0EZJ0Q_wgw8?feature=oembed\" frameborder=\"0\" allow=\"accelerometer; autoplay; clipboard-write; encrypted-media; gyroscope; picture-in-picture\" allowfullscreen><\/iframe>\n<\/div><\/figure>\n<\/div>\n\n\n\n<div class=\"wp-block-column is-layout-flow wp-block-column-is-layout-flow\">\n<h5 class=\"wp-block-heading\"><strong><strong>Le programme de l\u2019ann\u00e9e, consacr\u00e9 au th\u00e8me \u00ab&nbsp;La nature a besoin de la ville&nbsp;: davantage de biodiversit\u00e9 \u00e0 Berne&nbsp;\u00bb, se voit d\u00e9cerner 100&nbsp;000 francs en tant que projet remarquable de biodiversit\u00e9 en milieu urbain. Gr\u00e2ce \u00e0 un engagement exceptionnel et un ensemble de mesures original, les responsables du projet sont parvenus \u00e0 inciter de multiples protagonistes de tous les segments de la soci\u00e9t\u00e9 \u00e0 accro\u00eetre durablement la nature dans la ville.<\/strong><\/strong><\/h5>\n<\/div>\n<\/div>\n\n\n\n<div class=\"wp-block-columns is-layout-flex wp-container-core-columns-is-layout-9d6595d7 wp-block-columns-is-layout-flex\">\n<div class=\"wp-block-column is-layout-flow wp-block-column-is-layout-flow\">\n<p>Parmi les 22 projets soumis, le projet \u00ab&nbsp;La nature a besoin de la ville&nbsp;\u00bb de Stadtgr\u00fcn Bern remporte le prix Binding pour la biodiversit\u00e9, d\u00e9cern\u00e9 pour la seconde fois et dot\u00e9 de 100\u2019000.- francs. Le projet organis\u00e9 en tant qu\u2019ann\u00e9e th\u00e9matique a connu un vif succ\u00e8s car Stadtgr\u00fcn Bern et son service Nature et \u00e9cologie ont pu convaincre de multiples personnes, institutions et organisations autour d\u2019un objectif commun \u2013 la promotion de la biodiversit\u00e9 \u2013 gr\u00e2ce \u00e0 un programme frais et attrayant.<\/p>\n\n\n\n<p><strong>D\u00e9simperm\u00e9abilisation et valorisations \u00e9cologiques des surfaces urbaines<\/strong><\/p>\n\n\n\n<p>Une partie importante du projet portait sur la mise en valeur de l\u2019espace public. Dans l\u2019ouest de Berne, des surfaces asphalt\u00e9es ont \u00e9t\u00e9 enlev\u00e9es et plant\u00e9es d\u2019une flore indig\u00e8ne.<\/p>\n\n\n\n<p>Des \u00e9tangs ont \u00e9t\u00e9 am\u00e9nag\u00e9s pour les amphibiens, des pelouses ont \u00e9t\u00e9 converties en prairies, des haies sauvages ont \u00e9t\u00e9 plant\u00e9es, des bordures ont \u00e9t\u00e9 pr\u00e9serv\u00e9es et des tas de pierres et de branches ont \u00e9t\u00e9 am\u00e9nag\u00e9s dans des parcs et jardins publics et le long des rues.&nbsp;<\/p>\n\n\n\n<p><strong>Effet durable<\/strong><\/p>\n\n\n\n<p>\u00ab&nbsp;La nature a besoin de la ville&nbsp;\u00bb \u00e9tait un \u00e9l\u00e9ment int\u00e9gral et inspirant du sch\u00e9ma directeur g\u00e9n\u00e9ral de la ville de Berne en mati\u00e8re de biodiversit\u00e9&nbsp;; il a mis en contact de nombreux protagonistes avec des partenaires. Le projet aura donc un effet durable au-del\u00e0 de l\u2019ann\u00e9e th\u00e9matique 2021. Le manuel de biodiversit\u00e9 publi\u00e9 \u00e0 cette occasion est d\u2019ores et d\u00e9j\u00e0 un ouvrage de r\u00e9f\u00e9rence dont le rayonnement va bien au-del\u00e0 de la ville de Berne.<\/p>\n<\/div>\n\n\n\n<div class=\"wp-block-column is-layout-flow wp-block-column-is-layout-flow\">\n<p><strong>Particuliers, organisations ou mus\u00e9e&nbsp;: tout le monde y a mis du sien<\/strong><\/p>\n\n\n\n<p>Plusieurs services municipaux ont pris part au projet, mais aussi le Mus\u00e9e d\u2019histoire naturelle, le Jardin zoologique, diverses organisations ainsi que des propri\u00e9taires de balcon et de jardin. Les mesures comprenaient des valorisations \u00e9cologiques de l\u2019espace public et des surfaces priv\u00e9es ainsi que plus de 50 manifestations telles que visites guid\u00e9es, expositions et concerts.&nbsp;<\/p>\n\n\n\n<p><strong>Du savoir \u00e0 l\u2019action<\/strong><\/p>\n\n\n\n<p>Sept promenades, jalonn\u00e9es de 80 panneaux d\u2019information, associ\u00e9es \u00e0 un plan interactif et compl\u00e9t\u00e9es par des interventions artistiques, ont mis en \u00e9vidence une nature urbaine pr\u00e9cieuse. Les programmes \u00ab&nbsp;Biodiversit\u00e9 au jardin&nbsp;\u00bb et \u00ab&nbsp;Biodiversit\u00e9 au balcon&nbsp;\u00bb ont incit\u00e9 des particuliers \u00e0 r\u00e9agencer leur jardin ou leur balcon. Le programme \u00ab&nbsp;Balcon pro-climat&nbsp;\u00bb a montr\u00e9 \u00e0 quel point la biodiversit\u00e9, l\u2019am\u00e9lioration du climat local et la qualit\u00e9 de la vie \u00e9taient li\u00e9es. Un manuel pratique a fourni le savoir de base. \u00ab&nbsp;Nous sommes ravis de pouvoir r\u00e9compenser un projet qui a r\u00e9ussi, gr\u00e2ce \u00e0 une approche int\u00e9grale et syst\u00e9mique, \u00e0 toucher un vaste public&nbsp;\u00bb, a d\u00e9clar\u00e9 Peter Lehmann, vice-pr\u00e9sident du jury.<\/p>\n\n\n\n<p><strong>Immense joie \u00e0 Berne<\/strong><\/p>\n\n\n\n<p>La ville de Berne est ravie de recevoir cette importante distinction. \u00ab&nbsp;Le prix r\u00e9compense l\u2019engagement consid\u00e9rable de Stadtgr\u00fcn Bern pour l\u2019ann\u00e9e th\u00e9matique, qui a d\u00e9clench\u00e9 beaucoup d\u2019initiatives pour la diversit\u00e9 naturelle \u00e0 Berne&nbsp;\u00bb, a dit Marieke Kruit, conseill\u00e8re communale et directrice des travaux publics, des transports et de Stadtgr\u00fcn.&nbsp;<\/p>\n<\/div>\n<\/div>\n\n\n\n<div style=\"height:100px\" aria-hidden=\"true\" class=\"wp-block-spacer\"><\/div>\n\n\n\n<h2 class=\"wp-block-heading\">Photos<\/h2>\n\n\n\n<div class=\"wp-block-columns is-layout-flex wp-container-core-columns-is-layout-9d6595d7 wp-block-columns-is-layout-flex\">\n<div class=\"wp-block-column is-layout-flow wp-block-column-is-layout-flow\">\n<figure class=\"wp-block-gallery has-nested-images columns-default is-cropped wp-block-gallery-1 is-layout-flex wp-block-gallery-is-layout-flex\">\n<figure class=\"wp-block-image size-large\"><img loading=\"lazy\" decoding=\"async\" width=\"1024\" height=\"683\" data-id=\"2310\" src=\"https:\/\/www.preis-biodiversitaet.ch\/wp-content\/uploads\/2022\/08\/BindingPreis-Fussgaengerzone-Buempliz-1024x683.jpg\" alt=\"\" class=\"wp-image-2310\" srcset=\"https:\/\/dev.preis-biodiversitaet.ch\/wp-content\/uploads\/2022\/08\/BindingPreis-Fussgaengerzone-Buempliz-1024x683.jpg 1024w, https:\/\/dev.preis-biodiversitaet.ch\/wp-content\/uploads\/2022\/08\/BindingPreis-Fussgaengerzone-Buempliz-300x200.jpg 300w, https:\/\/dev.preis-biodiversitaet.ch\/wp-content\/uploads\/2022\/08\/BindingPreis-Fussgaengerzone-Buempliz-768x512.jpg 768w, https:\/\/dev.preis-biodiversitaet.ch\/wp-content\/uploads\/2022\/08\/BindingPreis-Fussgaengerzone-Buempliz-1536x1024.jpg 1536w, https:\/\/dev.preis-biodiversitaet.ch\/wp-content\/uploads\/2022\/08\/BindingPreis-Fussgaengerzone-Buempliz-2048x1365.jpg 2048w\" sizes=\"auto, (max-width: 1024px) 100vw, 1024px\" \/><figcaption>Stadtgr\u00fcn Bern a am\u00e9nag\u00e9 dans la zone pi\u00e9tonne de B\u00fcmpliz des zones d\u2019ombre bienvenues \u00e0 l\u2019abri d\u2019arbres r\u00e9sistants \u00e0 la chaleur, et a cr\u00e9\u00e9 un climat agr\u00e9able gr\u00e2ce \u00e0 des surfaces g\u00e9n\u00e9reusement d\u00e9gag\u00e9es.<br>(Photo \u00a9 Stefanie W\u00fcrsch) <\/figcaption><\/figure>\n\n\n\n<figure class=\"wp-block-image size-large\"><img loading=\"lazy\" decoding=\"async\" width=\"1024\" height=\"683\" data-id=\"2313\" src=\"https:\/\/www.preis-biodiversitaet.ch\/wp-content\/uploads\/2022\/08\/2_BindingPreis-Ansermetplatz-Foto-S-Wuersch-1024x683.jpg\" alt=\"\" class=\"wp-image-2313\" srcset=\"https:\/\/dev.preis-biodiversitaet.ch\/wp-content\/uploads\/2022\/08\/2_BindingPreis-Ansermetplatz-Foto-S-Wuersch-1024x683.jpg 1024w, https:\/\/dev.preis-biodiversitaet.ch\/wp-content\/uploads\/2022\/08\/2_BindingPreis-Ansermetplatz-Foto-S-Wuersch-300x200.jpg 300w, https:\/\/dev.preis-biodiversitaet.ch\/wp-content\/uploads\/2022\/08\/2_BindingPreis-Ansermetplatz-Foto-S-Wuersch-768x512.jpg 768w, https:\/\/dev.preis-biodiversitaet.ch\/wp-content\/uploads\/2022\/08\/2_BindingPreis-Ansermetplatz-Foto-S-Wuersch-1536x1024.jpg 1536w, https:\/\/dev.preis-biodiversitaet.ch\/wp-content\/uploads\/2022\/08\/2_BindingPreis-Ansermetplatz-Foto-S-Wuersch-2048x1365.jpg 2048w\" sizes=\"auto, (max-width: 1024px) 100vw, 1024px\" \/><figcaption>Au cours de l\u2019ann\u00e9e th\u00e9matique \u00ab La nature a besoin de la ville \u00bb, on a \u00e9ventr\u00e9 l\u2019asphalte sur l\u2019Ansermetplatz pour sensibiliser le public \u00e0 l\u2019imperm\u00e9abilisation excessive de sols de valeur.<br><\/figcaption><\/figure>\n\n\n\n<figure class=\"wp-block-image size-large\"><img loading=\"lazy\" decoding=\"async\" width=\"1024\" height=\"683\" data-id=\"2316\" src=\"https:\/\/www.preis-biodiversitaet.ch\/wp-content\/uploads\/2022\/08\/3_BindingPreis-Froeschmatt-Foto-S-Wuersch-1024x683.jpg\" alt=\"\" class=\"wp-image-2316\" srcset=\"https:\/\/dev.preis-biodiversitaet.ch\/wp-content\/uploads\/2022\/08\/3_BindingPreis-Froeschmatt-Foto-S-Wuersch-1024x683.jpg 1024w, https:\/\/dev.preis-biodiversitaet.ch\/wp-content\/uploads\/2022\/08\/3_BindingPreis-Froeschmatt-Foto-S-Wuersch-300x200.jpg 300w, https:\/\/dev.preis-biodiversitaet.ch\/wp-content\/uploads\/2022\/08\/3_BindingPreis-Froeschmatt-Foto-S-Wuersch-768x512.jpg 768w, https:\/\/dev.preis-biodiversitaet.ch\/wp-content\/uploads\/2022\/08\/3_BindingPreis-Froeschmatt-Foto-S-Wuersch-1536x1024.jpg 1536w, https:\/\/dev.preis-biodiversitaet.ch\/wp-content\/uploads\/2022\/08\/3_BindingPreis-Froeschmatt-Foto-S-Wuersch-2048x1365.jpg 2048w\" sizes=\"auto, (max-width: 1024px) 100vw, 1024px\" \/><figcaption>Promotion de la biodiversit\u00e9 dans les zones urbanis\u00e9es \u2013 une situation gagnant-gagnant: des surfaces rud\u00e9rales de valeur qui favorisent la biodiversit\u00e9 tout en constituant un lieu de jeu appr\u00e9ci\u00e9 des enfants.<br>(Photo \u00a9 Stefanie W\u00fcrsch) <\/figcaption><\/figure>\n\n\n\n<figure class=\"wp-block-image size-large\"><img loading=\"lazy\" decoding=\"async\" width=\"1024\" height=\"683\" data-id=\"2319\" src=\"https:\/\/www.preis-biodiversitaet.ch\/wp-content\/uploads\/2022\/08\/4_BindingPreis-Stoeckacker-Foto-S-Wuersch-1024x683.jpg\" alt=\"\" class=\"wp-image-2319\" srcset=\"https:\/\/dev.preis-biodiversitaet.ch\/wp-content\/uploads\/2022\/08\/4_BindingPreis-Stoeckacker-Foto-S-Wuersch-1024x683.jpg 1024w, https:\/\/dev.preis-biodiversitaet.ch\/wp-content\/uploads\/2022\/08\/4_BindingPreis-Stoeckacker-Foto-S-Wuersch-300x200.jpg 300w, https:\/\/dev.preis-biodiversitaet.ch\/wp-content\/uploads\/2022\/08\/4_BindingPreis-Stoeckacker-Foto-S-Wuersch-768x512.jpg 768w, https:\/\/dev.preis-biodiversitaet.ch\/wp-content\/uploads\/2022\/08\/4_BindingPreis-Stoeckacker-Foto-S-Wuersch-1536x1024.jpg 1536w, https:\/\/dev.preis-biodiversitaet.ch\/wp-content\/uploads\/2022\/08\/4_BindingPreis-Stoeckacker-Foto-S-Wuersch-2048x1365.jpg 2048w\" sizes=\"auto, (max-width: 1024px) 100vw, 1024px\" \/><figcaption>L\u2019am\u00e9nagement naturel de l\u2019immeuble St\u00f6ckacker S\u00fcd invite petits et grands \u00e0 s\u2019attarder et \u00e0 jouer.<br>( Photo \u00a9 Stefanie W\u00fcrsch) <\/figcaption><\/figure>\n\n\n\n<figure class=\"wp-block-image size-large\"><img loading=\"lazy\" decoding=\"async\" width=\"1024\" height=\"683\" data-id=\"2322\" src=\"https:\/\/www.preis-biodiversitaet.ch\/wp-content\/uploads\/2022\/08\/5-BindingPreis-Bremgartenfriedhof-Foto-S-Wuersch-1024x683.jpg\" alt=\"\" class=\"wp-image-2322\" srcset=\"https:\/\/dev.preis-biodiversitaet.ch\/wp-content\/uploads\/2022\/08\/5-BindingPreis-Bremgartenfriedhof-Foto-S-Wuersch-1024x683.jpg 1024w, https:\/\/dev.preis-biodiversitaet.ch\/wp-content\/uploads\/2022\/08\/5-BindingPreis-Bremgartenfriedhof-Foto-S-Wuersch-300x200.jpg 300w, https:\/\/dev.preis-biodiversitaet.ch\/wp-content\/uploads\/2022\/08\/5-BindingPreis-Bremgartenfriedhof-Foto-S-Wuersch-768x512.jpg 768w, https:\/\/dev.preis-biodiversitaet.ch\/wp-content\/uploads\/2022\/08\/5-BindingPreis-Bremgartenfriedhof-Foto-S-Wuersch-1536x1024.jpg 1536w, https:\/\/dev.preis-biodiversitaet.ch\/wp-content\/uploads\/2022\/08\/5-BindingPreis-Bremgartenfriedhof-Foto-S-Wuersch-2048x1365.jpg 2048w\" sizes=\"auto, (max-width: 1024px) 100vw, 1024px\" \/><figcaption>Durant l\u2019ann\u00e9e th\u00e9matique, l\u2019une des sept promenades de la ville conduisait dans le cimeti\u00e8re de Bremgarten. Un \u00e9tang au milieu de la zone am\u00e9nag\u00e9e offre un habitat pr\u00e9cieux aux amphibiens et aux libellules.<br>( Photo \u00a9 Stefanie W\u00fcrsch) <\/figcaption><\/figure>\n\n\n\n<figure class=\"wp-block-image size-large\"><img loading=\"lazy\" decoding=\"async\" width=\"1024\" height=\"460\" data-id=\"2337\" src=\"https:\/\/www.preis-biodiversitaet.ch\/wp-content\/uploads\/2022\/08\/6-BindingPreis-Bremgartenfriedhof-Foto-S-Tschaeppeler-Ausschnitt-1024x460.jpg\" alt=\"\" class=\"wp-image-2337\" srcset=\"https:\/\/dev.preis-biodiversitaet.ch\/wp-content\/uploads\/2022\/08\/6-BindingPreis-Bremgartenfriedhof-Foto-S-Tschaeppeler-Ausschnitt-1024x460.jpg 1024w, https:\/\/dev.preis-biodiversitaet.ch\/wp-content\/uploads\/2022\/08\/6-BindingPreis-Bremgartenfriedhof-Foto-S-Tschaeppeler-Ausschnitt-300x135.jpg 300w, https:\/\/dev.preis-biodiversitaet.ch\/wp-content\/uploads\/2022\/08\/6-BindingPreis-Bremgartenfriedhof-Foto-S-Tschaeppeler-Ausschnitt-768x345.jpg 768w, https:\/\/dev.preis-biodiversitaet.ch\/wp-content\/uploads\/2022\/08\/6-BindingPreis-Bremgartenfriedhof-Foto-S-Tschaeppeler-Ausschnitt-1536x691.jpg 1536w, https:\/\/dev.preis-biodiversitaet.ch\/wp-content\/uploads\/2022\/08\/6-BindingPreis-Bremgartenfriedhof-Foto-S-Tschaeppeler-Ausschnitt-2048x921.jpg 2048w\" sizes=\"auto, (max-width: 1024px) 100vw, 1024px\" \/><figcaption>Des parterres mar\u00e9cageux et des plans d\u2019eau \u2013 des flaques aux \u00e9tangs \u2013 constituent d\u2019importants milieux vitaux et biotopes pierreux dans les zones urbaines.<br>( Photo \u00a9 Stefanie W\u00fcrsch) <\/figcaption><\/figure>\n<\/figure>\n<\/div>\n<\/div>\n\n\n\n<p>Vous trouverez des photos de la remise des prix en cliquant <a href=\"https:\/\/www.preis-biodiversitaet.ch\/fr\/photos-de-la-remise-des-prix-2022\/\" title=\"\">sur ce lien<\/a>. <\/p>\n\n\n\n<div class=\"wp-block-file\"><a id=\"wp-block-file--media-c761aace-4e73-476e-ad47-9d2218e74fff\" href=\"https:\/\/www.preis-biodiversitaet.ch\/wp-content\/uploads\/2022\/08\/2022-08-16-communique-Prix-Binding-pour-la-Biodiversite\u0301-2022-Bern-def.pdf\">2022-08-16-communique-Prix-Binding-pour-la-Biodiversite\u0301-2022-Bern-def<\/a><a href=\"https:\/\/www.preis-biodiversitaet.ch\/wp-content\/uploads\/2022\/08\/2022-08-16-communique-Prix-Binding-pour-la-Biodiversite\u0301-2022-Bern-def.pdf\" class=\"wp-block-file__button\" download aria-describedby=\"wp-block-file--media-c761aace-4e73-476e-ad47-9d2218e74fff\">Communiqu\u00e9 de presse 2022<\/a><\/div>\n\n\n\n<div style=\"height:100px\" aria-hidden=\"true\" class=\"wp-block-spacer\"><\/div>\n\n\n\n<h2 class=\"wp-block-heading\">Couverture m\u00e9diatique<\/h2>\n\n\n\n<figure class=\"wp-block-table is-style-stripes\"><table><tbody><tr><td>RTS, 11:00 und 12:00<\/td><td><a href=\"https:\/\/www.rts.ch\/info\/sciences-tech\/environnement\/13310862-le-prix-binding-pour-la-biodiversite-remis-a-un-service-de-la-ville-de-berne.html\" target=\"_blank\" rel=\"noopener\">Le Prix Binding pour la biodiversit\u00e9 remis \u00e0 un service de la Ville de Berne<\/a><\/td><\/tr><tr><td>Heidi News<\/td><td><a href=\"https:\/\/www.heidi.news\/sciences-climat\/100-000-francs-pour-la-biodiversite-en-milieu-urbain\" target=\"_blank\" rel=\"noopener\">Un prix de 100&rsquo;000 francs pour la biodiversit\u00e9 en milieu urbain<\/a><\/td><\/tr><\/tbody><\/table><\/figure>\n\n\n\n<div style=\"height:100px\" aria-hidden=\"true\" class=\"wp-block-spacer\"><\/div>\n\n\n\n<h2 class=\"wp-block-heading\">Remise des prix et \u00e9v\u00e9nement sp\u00e9cial \u00ab\u00a0Urbanit\u00e9 et nature &#8211; une contradiction ?\u00a0\u00bb<\/h2>\n\n\n\n<div class=\"wp-block-columns is-layout-flex wp-container-core-columns-is-layout-9d6595d7 wp-block-columns-is-layout-flex\">\n<div class=\"wp-block-column is-layout-flow wp-block-column-is-layout-flow\">\n<figure class=\"wp-block-embed is-type-video is-provider-youtube wp-block-embed-youtube wp-embed-aspect-16-9 wp-has-aspect-ratio\"><div class=\"wp-block-embed__wrapper\">\n<iframe loading=\"lazy\" title=\"Natur braucht Stadt: Verleihung Binding Preis 2022\" width=\"768\" height=\"432\" src=\"https:\/\/www.youtube.com\/embed\/ys2olVmiYGY?feature=oembed\" frameborder=\"0\" allow=\"accelerometer; autoplay; clipboard-write; encrypted-media; gyroscope; picture-in-picture\" allowfullscreen><\/iframe>\n<\/div><\/figure>\n<\/div>\n\n\n\n<div class=\"wp-block-column is-layout-flow wp-block-column-is-layout-flow\">\n<p><strong>La remise des prix 2022<\/strong> a eu lieu le lundi<strong> 12 septembre 2022<\/strong> dans la grande orangerie d&rsquo;Elfenau, Elfenauweg 94, 3006 Berne.<\/p>\n\n\n\n<p>Elle a \u00e9t\u00e9 introduite par un expos\u00e9 et une table ronde.<\/p>\n<\/div>\n<\/div>\n\n\n\n<div class=\"wp-block-file\"><a id=\"wp-block-file--media-a0795a04-d493-4727-9a1a-7f9ae7cd25e8\" href=\"https:\/\/www.preis-biodiversitaet.ch\/wp-content\/uploads\/2022\/08\/Binding-Preis-Einladungskarte.pdf\">Einladungskarte Preisverleihung und Fachveranstaltung<\/a><a href=\"https:\/\/www.preis-biodiversitaet.ch\/wp-content\/uploads\/2022\/08\/Binding-Preis-Einladungskarte.pdf\" class=\"wp-block-file__button\" aria-describedby=\"wp-block-file--media-a0795a04-d493-4727-9a1a-7f9ae7cd25e8\" download>T\u00e9l\u00e9charger<\/a><\/div>\n\n\n\n<div class=\"wp-block-file\"><a id=\"wp-block-file--media-a0795a04-d493-4727-9a1a-7f9ae7cd25e8\" href=\"https:\/\/www.preis-biodiversitaet.ch\/wp-content\/uploads\/2022\/09\/Kowarik-Bern-2022-final1.pptx\">PowerPoint-Pr\u00e4sentation des Vortrags von Prof. Dr. Ingo Kowarik<\/a><a href=\"https:\/\/www.preis-biodiversitaet.ch\/wp-content\/uploads\/2022\/09\/Kowarik-Bern-2022-final1.pptx\" class=\"wp-block-file__button\" aria-describedby=\"wp-block-file--media-a0795a04-d493-4727-9a1a-7f9ae7cd25e8\" download>T\u00e9l\u00e9charger<\/a><\/div>\n\n\n\n<div style=\"height:100px\" aria-hidden=\"true\" class=\"wp-block-spacer\"><\/div>\n\n\n\n<h2 class=\"wp-block-heading\" id=\"downloads\"><strong>D\u00e9couvrez les projets d\u00e9pos\u00e9s en 2021 et 2022 !<\/strong><\/h2>\n\n\n\n<p>Outre le projet laur\u00e9at, nous avons re\u00e7u d&rsquo;autres soumissions passionnantes, parmi lesquelles la fondation a s\u00e9lectionn\u00e9 une centaine de projets. D\u00e9couvrez ces projets cr\u00e9atifs et vari\u00e9s en faveur de la biodiversit\u00e9 en milieu urbain, dans la base de donn\u00e9es que nous mettons \u00e0 disposition en collaboration avec l&rsquo;action \u00ab\u00a0Mission B\u00a0\u00bb (connue sur SRF). Tous les projets sont pr\u00e9sent\u00e9s avec des photos, une br\u00e8ve description, des objectifs et des mesures. Nous vous encourageons \u00e0 les imiter !<\/p>\n\n\n\n<p><a href=\"https:\/\/missionb.ch\/binding-preis\" target=\"_blank\" rel=\"noreferrer noopener nofollow\">Cliquez ici pour d\u00e9couvrir les projets de promotion de la biodiversit\u00e9 sur missionb.ch !<\/a><\/p>\n\n\n\n<div class=\"wp-block-columns is-layout-flex wp-container-core-columns-is-layout-9d6595d7 wp-block-columns-is-layout-flex\">\n<div class=\"wp-block-column is-layout-flow wp-block-column-is-layout-flow\"><\/div>\n\n\n\n<div class=\"wp-block-column is-layout-flow wp-block-column-is-layout-flow\"><\/div>\n<\/div>\n\n\n\n<div class=\"wp-block-columns is-layout-flex wp-container-core-columns-is-layout-9d6595d7 wp-block-columns-is-layout-flex\">\n<div class=\"wp-block-column is-layout-flow wp-block-column-is-layout-flow\"><\/div>\n\n\n\n<div class=\"wp-block-column is-layout-flow wp-block-column-is-layout-flow\"><\/div>\n<\/div>\n","protected":false},"excerpt":{"rendered":"<p>Le programme de l\u2019ann\u00e9e, consacr\u00e9 au th\u00e8me \u00ab&nbsp;La nature a besoin de la ville&nbsp;: davantage de biodiversit\u00e9 \u00e0 Berne&nbsp;\u00bb, se [&hellip;]<\/p>\n","protected":false},"author":7,"featured_media":0,"parent":0,"menu_order":0,"comment_status":"closed","ping_status":"closed","template":"","meta":{"_acf_changed":false,"_uag_custom_page_level_css":"","footnotes":""},"class_list":["post-2541","page","type-page","status-publish","hentry"],"acf":{"photo_gallery":{"sliderbilder":[[{"id":2319,"title":"4_BindingPreis-Stoeckacker-Foto-S-Wuersch","caption":"","full_image_url":"https:\/\/dev.preis-biodiversitaet.ch\/wp-content\/uploads\/2022\/08\/4_BindingPreis-Stoeckacker-Foto-S-Wuersch-scaled.jpg","thumbnail_image_url":"https:\/\/dev.preis-biodiversitaet.ch\/wp-content\/uploads\/2022\/08\/4_BindingPreis-Stoeckacker-Foto-S-Wuersch-150x150.jpg","large_srcset":"https:\/\/dev.preis-biodiversitaet.ch\/wp-content\/uploads\/2022\/08\/4_BindingPreis-Stoeckacker-Foto-S-Wuersch-1024x683.jpg 1024w, https:\/\/dev.preis-biodiversitaet.ch\/wp-content\/uploads\/2022\/08\/4_BindingPreis-Stoeckacker-Foto-S-Wuersch-300x200.jpg 300w, https:\/\/dev.preis-biodiversitaet.ch\/wp-content\/uploads\/2022\/08\/4_BindingPreis-Stoeckacker-Foto-S-Wuersch-768x512.jpg 768w, https:\/\/dev.preis-biodiversitaet.ch\/wp-content\/uploads\/2022\/08\/4_BindingPreis-Stoeckacker-Foto-S-Wuersch-1536x1024.jpg 1536w, https:\/\/dev.preis-biodiversitaet.ch\/wp-content\/uploads\/2022\/08\/4_BindingPreis-Stoeckacker-Foto-S-Wuersch-2048x1365.jpg 2048w","medium_srcset":"https:\/\/dev.preis-biodiversitaet.ch\/wp-content\/uploads\/2022\/08\/4_BindingPreis-Stoeckacker-Foto-S-Wuersch-300x200.jpg 300w, https:\/\/dev.preis-biodiversitaet.ch\/wp-content\/uploads\/2022\/08\/4_BindingPreis-Stoeckacker-Foto-S-Wuersch-1024x683.jpg 1024w, https:\/\/dev.preis-biodiversitaet.ch\/wp-content\/uploads\/2022\/08\/4_BindingPreis-Stoeckacker-Foto-S-Wuersch-768x512.jpg 768w, https:\/\/dev.preis-biodiversitaet.ch\/wp-content\/uploads\/2022\/08\/4_BindingPreis-Stoeckacker-Foto-S-Wuersch-1536x1024.jpg 1536w, https:\/\/dev.preis-biodiversitaet.ch\/wp-content\/uploads\/2022\/08\/4_BindingPreis-Stoeckacker-Foto-S-Wuersch-2048x1365.jpg 2048w","media_details":{"width":2560,"height":1707,"sizes":{"medium":{"file":"4_BindingPreis-Stoeckacker-Foto-S-Wuersch-300x200.jpg","width":300,"height":200,"mime-type":"image\/jpeg","filesize":45238,"source_url":"https:\/\/dev.preis-biodiversitaet.ch\/wp-content\/uploads\/2022\/08\/4_BindingPreis-Stoeckacker-Foto-S-Wuersch-300x200.jpg"},"large":{"file":"4_BindingPreis-Stoeckacker-Foto-S-Wuersch-1024x683.jpg","width":1024,"height":683,"mime-type":"image\/jpeg","filesize":281363,"source_url":"https:\/\/dev.preis-biodiversitaet.ch\/wp-content\/uploads\/2022\/08\/4_BindingPreis-Stoeckacker-Foto-S-Wuersch-1024x683.jpg"},"thumbnail":{"file":"4_BindingPreis-Stoeckacker-Foto-S-Wuersch-150x150.jpg","width":150,"height":150,"mime-type":"image\/jpeg","filesize":30760,"source_url":"https:\/\/dev.preis-biodiversitaet.ch\/wp-content\/uploads\/2022\/08\/4_BindingPreis-Stoeckacker-Foto-S-Wuersch-150x150.jpg"},"medium_large":{"file":"4_BindingPreis-Stoeckacker-Foto-S-Wuersch-768x512.jpg","width":768,"height":512,"mime-type":"image\/jpeg","filesize":169825,"source_url":"https:\/\/dev.preis-biodiversitaet.ch\/wp-content\/uploads\/2022\/08\/4_BindingPreis-Stoeckacker-Foto-S-Wuersch-768x512.jpg"},"1536x1536":{"file":"4_BindingPreis-Stoeckacker-Foto-S-Wuersch-1536x1024.jpg","width":1536,"height":1024,"mime-type":"image\/jpeg","filesize":579166,"source_url":"https:\/\/dev.preis-biodiversitaet.ch\/wp-content\/uploads\/2022\/08\/4_BindingPreis-Stoeckacker-Foto-S-Wuersch-1536x1024.jpg"},"2048x2048":{"file":"4_BindingPreis-Stoeckacker-Foto-S-Wuersch-2048x1365.jpg","width":2048,"height":1365,"mime-type":"image\/jpeg","filesize":965345,"source_url":"https:\/\/dev.preis-biodiversitaet.ch\/wp-content\/uploads\/2022\/08\/4_BindingPreis-Stoeckacker-Foto-S-Wuersch-2048x1365.jpg"}}},"alt_text":"St\u00f6ckacher in der Stadt Bern - Binding Preis f\u00fcr Biodiversit\u00e4t 2022","url":"","target":""}]]}},"uagb_featured_image_src":{"full":false,"thumbnail":false,"medium":false,"medium_large":false,"large":false,"1536x1536":false,"2048x2048":false,"gform-image-choice-sm":false,"gform-image-choice-md":false,"gform-image-choice-lg":false},"uagb_author_info":{"display_name":"Lena Wunderlin","author_link":"https:\/\/dev.preis-biodiversitaet.ch\/fr\/author\/lena\/"},"uagb_comment_info":0,"uagb_excerpt":"Le programme de l\u2019ann\u00e9e, consacr\u00e9 au th\u00e8me \u00ab&nbsp;La nature a besoin de la ville&nbsp;: davantage de biodiversit\u00e9 \u00e0 Berne&nbsp;\u00bb, se [&hellip;]","_links":{"self":[{"href":"https:\/\/dev.preis-biodiversitaet.ch\/fr\/wp-json\/wp\/v2\/pages\/2541","targetHints":{"allow":["GET"]}}],"collection":[{"href":"https:\/\/dev.preis-biodiversitaet.ch\/fr\/wp-json\/wp\/v2\/pages"}],"about":[{"href":"https:\/\/dev.preis-biodiversitaet.ch\/fr\/wp-json\/wp\/v2\/types\/page"}],"author":[{"embeddable":true,"href":"https:\/\/dev.preis-biodiversitaet.ch\/fr\/wp-json\/wp\/v2\/users\/7"}],"replies":[{"embeddable":true,"href":"https:\/\/dev.preis-biodiversitaet.ch\/fr\/wp-json\/wp\/v2\/comments?post=2541"}],"version-history":[{"count":5,"href":"https:\/\/dev.preis-biodiversitaet.ch\/fr\/wp-json\/wp\/v2\/pages\/2541\/revisions"}],"predecessor-version":[{"id":3306,"href":"https:\/\/dev.preis-biodiversitaet.ch\/fr\/wp-json\/wp\/v2\/pages\/2541\/revisions\/3306"}],"wp:attachment":[{"href":"https:\/\/dev.preis-biodiversitaet.ch\/fr\/wp-json\/wp\/v2\/media?parent=2541"}],"curies":[{"name":"wp","href":"https:\/\/api.w.org\/{rel}","templated":true}]}}