{"id":1808,"date":"2021-10-19T13:59:44","date_gmt":"2021-10-19T11:59:44","guid":{"rendered":"https:\/\/www.preis-biodiversitaet.ch\/?page_id=1808"},"modified":"2021-11-22T13:13:12","modified_gmt":"2021-11-22T12:13:12","slug":"le-prix-binding-de-l-innovation-2021","status":"publish","type":"page","link":"https:\/\/dev.preis-biodiversitaet.ch\/fr\/le-prix-binding-de-l-innovation-2021\/","title":{"rendered":"Le prix Binding de l&rsquo;innovation pour la biodiversit\u00e9 est d\u00e9cern\u00e9 \u00e0 Egg et Lichtensteig"},"content":{"rendered":"\n<p><\/p>\n\n\n\n<p>En plus du \u00ab Prix Binding pour la biodiversit\u00e9 \u00bb, le jury peut d\u00e9cerner un prix de l&rsquo;innovation d&rsquo;une valeur de 10 000 CHF pour des projets particuli\u00e8rement innovants. En 2021, deux projets se sont distingu\u00e9s par leurs caract\u00e8res particuli\u00e8rement innovants et recevront le prix ex aequo (5 000 francs chacun) : le projet \u00ab In den B\u00e4umen \u00bb de Simone Baumann Immobilien AG avec le paysagiste Ramon Grendene et l&rsquo;architecte Jan Osterhage \u00e0 Egg ZH ainsi que le projet \u00ab Genuss f\u00fcr Mensch und Natur \u00bb de la municipalit\u00e9 de Lichtensteig SG. \u00ab In den B\u00e4umen \u00bb utilise une approche holistique pour combiner la promotion de la biodiversit\u00e9 avec divers aspects de la construction durable et du d\u00e9veloppement communautaire pour ses r\u00e9sidents. \u00ab Genuss f\u00fcr Mensch und Natur \u00bb rend la diversit\u00e9 des plantes tangible pour la population \u00e0 travers les sens de mani\u00e8re exemplaire. Le projet est \u00e9galement synonyme d&rsquo;une nouvelle compr\u00e9hension de la gestion communautaire, qui permet \u00e0 la population de participer \u00e0 l&rsquo;\u00e9laboration de son cadre de vie.<\/p>\n\n\n\n<p><a href=\"http:\/\/www.preis-biodiversitaet.ch\/innovationspreis\">Plus d&rsquo;informations sur les projets (en allemand)<\/a><\/p>\n\n\n\n<figure class=\"wp-block-gallery columns-2 is-cropped wp-block-gallery-1 is-layout-flex wp-block-gallery-is-layout-flex\"><ul class=\"blocks-gallery-grid\"><li class=\"blocks-gallery-item\"><figure><img loading=\"lazy\" decoding=\"async\" width=\"1024\" height=\"683\" src=\"https:\/\/www.preis-biodiversitaet.ch\/wp-content\/uploads\/2021\/10\/Gemeinde-Lichtensteig-Apothekengarten-selberEssen-bei-Bushaltestelle-2-1024x683.jpg\" alt=\"Binding Innovationspreis f\u00fcr Lichtensteig\" data-id=\"1856\" data-full-url=\"https:\/\/www.preis-biodiversitaet.ch\/wp-content\/uploads\/2021\/10\/Gemeinde-Lichtensteig-Apothekengarten-selberEssen-bei-Bushaltestelle-2-scaled.jpg\" data-link=\"https:\/\/www.preis-biodiversitaet.ch\/fr\/?attachment_id=1856\" class=\"wp-image-1856\" srcset=\"https:\/\/dev.preis-biodiversitaet.ch\/wp-content\/uploads\/2021\/10\/Gemeinde-Lichtensteig-Apothekengarten-selberEssen-bei-Bushaltestelle-2-1024x683.jpg 1024w, https:\/\/dev.preis-biodiversitaet.ch\/wp-content\/uploads\/2021\/10\/Gemeinde-Lichtensteig-Apothekengarten-selberEssen-bei-Bushaltestelle-2-300x200.jpg 300w, https:\/\/dev.preis-biodiversitaet.ch\/wp-content\/uploads\/2021\/10\/Gemeinde-Lichtensteig-Apothekengarten-selberEssen-bei-Bushaltestelle-2-768x512.jpg 768w, https:\/\/dev.preis-biodiversitaet.ch\/wp-content\/uploads\/2021\/10\/Gemeinde-Lichtensteig-Apothekengarten-selberEssen-bei-Bushaltestelle-2-1536x1024.jpg 1536w, https:\/\/dev.preis-biodiversitaet.ch\/wp-content\/uploads\/2021\/10\/Gemeinde-Lichtensteig-Apothekengarten-selberEssen-bei-Bushaltestelle-2-2048x1365.jpg 2048w\" sizes=\"auto, (max-width: 1024px) 100vw, 1024px\" \/><figcaption class=\"blocks-gallery-item__caption\">Image : Prix \u00e0 l\u2019innovation 2021 : situ\u00e9 \u00e0 c\u00f4t\u00e9 d\u2019une pharmacie pr\u00e8s de l\u2019arr\u00eat de bus principal de Lichtensteig (SG), ce parterre sur\u00e9lev\u00e9 invite \u00e0 tester des plantes m\u00e9dicinales, comme le thym ou la bourrache. Cr\u00e9dit photo : ANJF SG, Niolas Konvi<\/figcaption><\/figure><\/li><li class=\"blocks-gallery-item\"><figure><img loading=\"lazy\" decoding=\"async\" width=\"1024\" height=\"768\" src=\"https:\/\/www.preis-biodiversitaet.ch\/wp-content\/uploads\/2021\/10\/In-den-Baeumen-Gesamtansicht-1024x768.jpg\" alt=\"\" data-id=\"1797\" data-full-url=\"https:\/\/www.preis-biodiversitaet.ch\/wp-content\/uploads\/2021\/10\/In-den-Baeumen-Gesamtansicht-scaled.jpg\" data-link=\"https:\/\/www.preis-biodiversitaet.ch\/?attachment_id=1797\" class=\"wp-image-1798\" srcset=\"https:\/\/dev.preis-biodiversitaet.ch\/wp-content\/uploads\/2021\/10\/In-den-Baeumen-Gesamtansicht-1024x768.jpg 1024w, https:\/\/dev.preis-biodiversitaet.ch\/wp-content\/uploads\/2021\/10\/In-den-Baeumen-Gesamtansicht-300x225.jpg 300w, https:\/\/dev.preis-biodiversitaet.ch\/wp-content\/uploads\/2021\/10\/In-den-Baeumen-Gesamtansicht-768x576.jpg 768w, https:\/\/dev.preis-biodiversitaet.ch\/wp-content\/uploads\/2021\/10\/In-den-Baeumen-Gesamtansicht-1536x1152.jpg 1536w, https:\/\/dev.preis-biodiversitaet.ch\/wp-content\/uploads\/2021\/10\/In-den-Baeumen-Gesamtansicht-2048x1536.jpg 2048w\" sizes=\"auto, (max-width: 1024px) 100vw, 1024px\" \/><figcaption class=\"blocks-gallery-item__caption\">Image : Prix \u00e0 l\u2019innovation : le projet \u00ab In den B\u00e4umen \u00bb \u00e0 Egg (ZH) marie avec talent la flore et l\u2019architecture moderne. Cr\u00e9dit photo : Osterhage Riesen Architekten<\/figcaption><\/figure><\/li><li class=\"blocks-gallery-item\"><figure><img loading=\"lazy\" decoding=\"async\" width=\"1024\" height=\"768\" src=\"https:\/\/www.preis-biodiversitaet.ch\/wp-content\/uploads\/2021\/10\/Gemeinde-Lichtensteig_HochbeetGoldigerboden-1024x768.jpg\" alt=\"\" data-id=\"1794\" data-full-url=\"https:\/\/www.preis-biodiversitaet.ch\/wp-content\/uploads\/2021\/10\/Gemeinde-Lichtensteig_HochbeetGoldigerboden-scaled.jpg\" data-link=\"https:\/\/www.preis-biodiversitaet.ch\/?attachment_id=1794\" class=\"wp-image-1795\" srcset=\"https:\/\/dev.preis-biodiversitaet.ch\/wp-content\/uploads\/2021\/10\/Gemeinde-Lichtensteig_HochbeetGoldigerboden-1024x768.jpg 1024w, https:\/\/dev.preis-biodiversitaet.ch\/wp-content\/uploads\/2021\/10\/Gemeinde-Lichtensteig_HochbeetGoldigerboden-300x225.jpg 300w, https:\/\/dev.preis-biodiversitaet.ch\/wp-content\/uploads\/2021\/10\/Gemeinde-Lichtensteig_HochbeetGoldigerboden-768x576.jpg 768w, https:\/\/dev.preis-biodiversitaet.ch\/wp-content\/uploads\/2021\/10\/Gemeinde-Lichtensteig_HochbeetGoldigerboden-1536x1152.jpg 1536w, https:\/\/dev.preis-biodiversitaet.ch\/wp-content\/uploads\/2021\/10\/Gemeinde-Lichtensteig_HochbeetGoldigerboden-2048x1536.jpg 2048w\" sizes=\"auto, (max-width: 1024px) 100vw, 1024px\" \/><figcaption class=\"blocks-gallery-item__caption\">Image : Prix \u00e0 l\u2019innovation 2021 : le projet \u00ab Genuss f\u00fcr Mensch und Natur \u00bb de la commune de Lichtensteig (SG) invite \u00e0 cueillir soi-m\u00eame des l\u00e9gumes rares. Cr\u00e9dit photo : commune de Lichtensteig \/ Sarah Br\u00fcmmer<\/figcaption><\/figure><\/li><li class=\"blocks-gallery-item\"><figure><img loading=\"lazy\" decoding=\"async\" width=\"1024\" height=\"731\" src=\"https:\/\/www.preis-biodiversitaet.ch\/wp-content\/uploads\/2021\/10\/In-den-Baeumen-7-1024x731.jpg\" alt=\"\" data-id=\"1803\" data-full-url=\"https:\/\/www.preis-biodiversitaet.ch\/wp-content\/uploads\/2021\/10\/In-den-Baeumen-7-scaled.jpg\" data-link=\"https:\/\/www.preis-biodiversitaet.ch\/?attachment_id=1803\" class=\"wp-image-1804\" srcset=\"https:\/\/dev.preis-biodiversitaet.ch\/wp-content\/uploads\/2021\/10\/In-den-Baeumen-7-1024x731.jpg 1024w, https:\/\/dev.preis-biodiversitaet.ch\/wp-content\/uploads\/2021\/10\/In-den-Baeumen-7-300x214.jpg 300w, https:\/\/dev.preis-biodiversitaet.ch\/wp-content\/uploads\/2021\/10\/In-den-Baeumen-7-768x549.jpg 768w, https:\/\/dev.preis-biodiversitaet.ch\/wp-content\/uploads\/2021\/10\/In-den-Baeumen-7-1536x1097.jpg 1536w, https:\/\/dev.preis-biodiversitaet.ch\/wp-content\/uploads\/2021\/10\/In-den-Baeumen-7-2048x1463.jpg 2048w\" sizes=\"auto, (max-width: 1024px) 100vw, 1024px\" \/><figcaption class=\"blocks-gallery-item__caption\">Image : Prix \u00e0 l\u2019innovation 2021 : le projet \u00ab In den B\u00e4umen \u00bb \u00e0 Egg (ZH) promeut la biodiversit\u00e9 sur les toits plats en am\u00e9nageant des habitats pour les insectes. Cr\u00e9dit photo : Osterhage Riesen Architekten<\/figcaption><\/figure><\/li><\/ul><\/figure>\n\n\n\n<h2 class=\"wp-block-heading\">Couverture m\u00e9diatique<\/h2>\n\n\n\n<figure class=\"wp-block-table is-style-stripes\"><table><tbody><tr><td>Aargauerzeitung<\/td><td><a href=\"https:\/\/www.aargauerzeitung.ch\/ostschweiz\/toggenburg\/biodiversitaet-lichtensteig-macht-der-bevoelkerung-die-natur-schmackhaft-und-gewinnt-einen-innovationspreis-ld.2204408\" target=\"_blank\" rel=\"noopener\">Lichtensteig macht der Bev\u00f6lkerung die Natur schmackhaft \u2013 und gewinnt einen Innovationspreis<\/a><\/td><\/tr><tr><td>Tagblatt<\/td><td><a href=\"https:\/\/www.tagblatt.ch\/ostschweiz\/toggenburg\/biodiversitaet-lichtensteig-macht-der-bevoelkerung-die-natur-schmackhaft-und-gewinnt-einen-innovationspreis-ld.2204408?reduced=true\" target=\"_blank\" rel=\"noreferrer noopener\">Lichtensteig macht der Bev\u00f6lkerung die Natur schmackhaft \u2013 und gewinnt einen Innovationspreis<\/a><\/td><\/tr><tr><td>Solothurner Zeitung<\/td><td><a href=\"https:\/\/www.solothurnerzeitung.ch\/ostschweiz\/toggenburg\/biodiversitaet-lichtensteig-macht-der-bevoelkerung-die-natur-schmackhaft-und-gewinnt-einen-innovationspreis-ld.2204408?reduced=true\" target=\"_blank\" rel=\"noreferrer noopener\">Lichtensteig macht der Bev\u00f6lkerung die Natur schmackhaft \u2013 und gewinnt einen Innovationspreis<\/a><\/td><\/tr><tr><td>Z\u00fcri Ost<\/td><td><a href=\"https:\/\/zueriost.ch\/news\/2021-11-06\/baeumiger-preis-fuer-egger-haeuser-in-den-baeumen\" target=\"_blank\" rel=\"noreferrer noopener\">B\u00e4umiger Preis f\u00fcr Egger \u00abH\u00e4user in den B\u00e4umen\u00bb<\/a><\/td><\/tr><\/tbody><\/table><\/figure>\n","protected":false},"excerpt":{"rendered":"<p>En plus du \u00ab Prix Binding pour la biodiversit\u00e9 \u00bb, le jury peut d\u00e9cerner un prix de l&rsquo;innovation d&rsquo;une valeur [&hellip;]<\/p>\n","protected":false},"author":7,"featured_media":0,"parent":0,"menu_order":0,"comment_status":"closed","ping_status":"closed","template":"","meta":{"_acf_changed":false,"_uag_custom_page_level_css":"","footnotes":""},"class_list":["post-1808","page","type-page","status-publish","hentry"],"acf":{"photo_gallery":{"sliderbilder":[[{"id":1842,"title":"In-den-B\u00e4umen-Gesamtansicht","caption":"","full_image_url":"https:\/\/dev.preis-biodiversitaet.ch\/wp-content\/uploads\/2021\/10\/In-den-Baeumen-Gesamtansicht-1-scaled.jpg","thumbnail_image_url":"https:\/\/dev.preis-biodiversitaet.ch\/wp-content\/uploads\/2021\/10\/In-den-Baeumen-Gesamtansicht-1-150x150.jpg","large_srcset":"https:\/\/dev.preis-biodiversitaet.ch\/wp-content\/uploads\/2021\/10\/In-den-Baeumen-Gesamtansicht-1-1024x768.jpg 1024w, https:\/\/dev.preis-biodiversitaet.ch\/wp-content\/uploads\/2021\/10\/In-den-Baeumen-Gesamtansicht-1-300x225.jpg 300w, https:\/\/dev.preis-biodiversitaet.ch\/wp-content\/uploads\/2021\/10\/In-den-Baeumen-Gesamtansicht-1-768x576.jpg 768w, https:\/\/dev.preis-biodiversitaet.ch\/wp-content\/uploads\/2021\/10\/In-den-Baeumen-Gesamtansicht-1-1536x1152.jpg 1536w, https:\/\/dev.preis-biodiversitaet.ch\/wp-content\/uploads\/2021\/10\/In-den-Baeumen-Gesamtansicht-1-2048x1536.jpg 2048w","medium_srcset":"https:\/\/dev.preis-biodiversitaet.ch\/wp-content\/uploads\/2021\/10\/In-den-Baeumen-Gesamtansicht-1-300x225.jpg 300w, https:\/\/dev.preis-biodiversitaet.ch\/wp-content\/uploads\/2021\/10\/In-den-Baeumen-Gesamtansicht-1-1024x768.jpg 1024w, https:\/\/dev.preis-biodiversitaet.ch\/wp-content\/uploads\/2021\/10\/In-den-Baeumen-Gesamtansicht-1-768x576.jpg 768w, https:\/\/dev.preis-biodiversitaet.ch\/wp-content\/uploads\/2021\/10\/In-den-Baeumen-Gesamtansicht-1-1536x1152.jpg 1536w, https:\/\/dev.preis-biodiversitaet.ch\/wp-content\/uploads\/2021\/10\/In-den-Baeumen-Gesamtansicht-1-2048x1536.jpg 2048w","media_details":{"width":2560,"height":1920,"sizes":{"medium":{"file":"In-den-Baeumen-Gesamtansicht-1-300x225.jpg","width":300,"height":225,"mime-type":"image\/jpeg","source_url":"https:\/\/dev.preis-biodiversitaet.ch\/wp-content\/uploads\/2021\/10\/In-den-Baeumen-Gesamtansicht-1-300x225.jpg"},"large":{"file":"In-den-Baeumen-Gesamtansicht-1-1024x768.jpg","width":1024,"height":768,"mime-type":"image\/jpeg","source_url":"https:\/\/dev.preis-biodiversitaet.ch\/wp-content\/uploads\/2021\/10\/In-den-Baeumen-Gesamtansicht-1-1024x768.jpg"},"thumbnail":{"file":"In-den-Baeumen-Gesamtansicht-1-150x150.jpg","width":150,"height":150,"mime-type":"image\/jpeg","source_url":"https:\/\/dev.preis-biodiversitaet.ch\/wp-content\/uploads\/2021\/10\/In-den-Baeumen-Gesamtansicht-1-150x150.jpg"},"medium_large":{"file":"In-den-Baeumen-Gesamtansicht-1-768x576.jpg","width":768,"height":576,"mime-type":"image\/jpeg","source_url":"https:\/\/dev.preis-biodiversitaet.ch\/wp-content\/uploads\/2021\/10\/In-den-Baeumen-Gesamtansicht-1-768x576.jpg"},"1536x1536":{"file":"In-den-Baeumen-Gesamtansicht-1-1536x1152.jpg","width":1536,"height":1152,"mime-type":"image\/jpeg","source_url":"https:\/\/dev.preis-biodiversitaet.ch\/wp-content\/uploads\/2021\/10\/In-den-Baeumen-Gesamtansicht-1-1536x1152.jpg"},"2048x2048":{"file":"In-den-Baeumen-Gesamtansicht-1-2048x1536.jpg","width":2048,"height":1536,"mime-type":"image\/jpeg","source_url":"https:\/\/dev.preis-biodiversitaet.ch\/wp-content\/uploads\/2021\/10\/In-den-Baeumen-Gesamtansicht-1-2048x1536.jpg"}}},"alt_text":"In den B\u00e4umen - Binding Innovationspreis 2021","url":"","target":""},{"id":1856,"title":"Gemeinde-Lichtensteig-Apothekengarten-selberEssen-bei-Bushaltestelle","caption":"Image : Prix \u00e0 l\u2019innovation 2021 : situ\u00e9 \u00e0 c\u00f4t\u00e9 d\u2019une pharmacie pr\u00e8s de l\u2019arr\u00eat de bus principal de Lichtensteig (SG), ce parterre sur\u00e9lev\u00e9 invite \u00e0 tester des plantes m\u00e9dicinales, comme le thym ou la bourrache. Cr\u00e9dit photo : ANJF SG, Niolas Konvi","full_image_url":"https:\/\/dev.preis-biodiversitaet.ch\/wp-content\/uploads\/2021\/10\/Gemeinde-Lichtensteig-Apothekengarten-selberEssen-bei-Bushaltestelle-2-scaled.jpg","thumbnail_image_url":"https:\/\/dev.preis-biodiversitaet.ch\/wp-content\/uploads\/2021\/10\/Gemeinde-Lichtensteig-Apothekengarten-selberEssen-bei-Bushaltestelle-2-150x150.jpg","large_srcset":"https:\/\/dev.preis-biodiversitaet.ch\/wp-content\/uploads\/2021\/10\/Gemeinde-Lichtensteig-Apothekengarten-selberEssen-bei-Bushaltestelle-2-1024x683.jpg 1024w, https:\/\/dev.preis-biodiversitaet.ch\/wp-content\/uploads\/2021\/10\/Gemeinde-Lichtensteig-Apothekengarten-selberEssen-bei-Bushaltestelle-2-300x200.jpg 300w, https:\/\/dev.preis-biodiversitaet.ch\/wp-content\/uploads\/2021\/10\/Gemeinde-Lichtensteig-Apothekengarten-selberEssen-bei-Bushaltestelle-2-768x512.jpg 768w, https:\/\/dev.preis-biodiversitaet.ch\/wp-content\/uploads\/2021\/10\/Gemeinde-Lichtensteig-Apothekengarten-selberEssen-bei-Bushaltestelle-2-1536x1024.jpg 1536w, https:\/\/dev.preis-biodiversitaet.ch\/wp-content\/uploads\/2021\/10\/Gemeinde-Lichtensteig-Apothekengarten-selberEssen-bei-Bushaltestelle-2-2048x1365.jpg 2048w","medium_srcset":"https:\/\/dev.preis-biodiversitaet.ch\/wp-content\/uploads\/2021\/10\/Gemeinde-Lichtensteig-Apothekengarten-selberEssen-bei-Bushaltestelle-2-300x200.jpg 300w, https:\/\/dev.preis-biodiversitaet.ch\/wp-content\/uploads\/2021\/10\/Gemeinde-Lichtensteig-Apothekengarten-selberEssen-bei-Bushaltestelle-2-1024x683.jpg 1024w, https:\/\/dev.preis-biodiversitaet.ch\/wp-content\/uploads\/2021\/10\/Gemeinde-Lichtensteig-Apothekengarten-selberEssen-bei-Bushaltestelle-2-768x512.jpg 768w, https:\/\/dev.preis-biodiversitaet.ch\/wp-content\/uploads\/2021\/10\/Gemeinde-Lichtensteig-Apothekengarten-selberEssen-bei-Bushaltestelle-2-1536x1024.jpg 1536w, https:\/\/dev.preis-biodiversitaet.ch\/wp-content\/uploads\/2021\/10\/Gemeinde-Lichtensteig-Apothekengarten-selberEssen-bei-Bushaltestelle-2-2048x1365.jpg 2048w","media_details":{"width":2560,"height":1707,"sizes":{"medium":{"file":"Gemeinde-Lichtensteig-Apothekengarten-selberEssen-bei-Bushaltestelle-2-300x200.jpg","width":300,"height":200,"mime-type":"image\/jpeg","source_url":"https:\/\/dev.preis-biodiversitaet.ch\/wp-content\/uploads\/2021\/10\/Gemeinde-Lichtensteig-Apothekengarten-selberEssen-bei-Bushaltestelle-2-300x200.jpg"},"large":{"file":"Gemeinde-Lichtensteig-Apothekengarten-selberEssen-bei-Bushaltestelle-2-1024x683.jpg","width":1024,"height":683,"mime-type":"image\/jpeg","source_url":"https:\/\/dev.preis-biodiversitaet.ch\/wp-content\/uploads\/2021\/10\/Gemeinde-Lichtensteig-Apothekengarten-selberEssen-bei-Bushaltestelle-2-1024x683.jpg"},"thumbnail":{"file":"Gemeinde-Lichtensteig-Apothekengarten-selberEssen-bei-Bushaltestelle-2-150x150.jpg","width":150,"height":150,"mime-type":"image\/jpeg","source_url":"https:\/\/dev.preis-biodiversitaet.ch\/wp-content\/uploads\/2021\/10\/Gemeinde-Lichtensteig-Apothekengarten-selberEssen-bei-Bushaltestelle-2-150x150.jpg"},"medium_large":{"file":"Gemeinde-Lichtensteig-Apothekengarten-selberEssen-bei-Bushaltestelle-2-768x512.jpg","width":768,"height":512,"mime-type":"image\/jpeg","source_url":"https:\/\/dev.preis-biodiversitaet.ch\/wp-content\/uploads\/2021\/10\/Gemeinde-Lichtensteig-Apothekengarten-selberEssen-bei-Bushaltestelle-2-768x512.jpg"},"1536x1536":{"file":"Gemeinde-Lichtensteig-Apothekengarten-selberEssen-bei-Bushaltestelle-2-1536x1024.jpg","width":1536,"height":1024,"mime-type":"image\/jpeg","source_url":"https:\/\/dev.preis-biodiversitaet.ch\/wp-content\/uploads\/2021\/10\/Gemeinde-Lichtensteig-Apothekengarten-selberEssen-bei-Bushaltestelle-2-1536x1024.jpg"},"2048x2048":{"file":"Gemeinde-Lichtensteig-Apothekengarten-selberEssen-bei-Bushaltestelle-2-2048x1365.jpg","width":2048,"height":1365,"mime-type":"image\/jpeg","source_url":"https:\/\/dev.preis-biodiversitaet.ch\/wp-content\/uploads\/2021\/10\/Gemeinde-Lichtensteig-Apothekengarten-selberEssen-bei-Bushaltestelle-2-2048x1365.jpg"}}},"alt_text":"Binding Innovationspreis f\u00fcr Lichtensteig","url":"","target":""}]]}},"uagb_featured_image_src":{"full":false,"thumbnail":false,"medium":false,"medium_large":false,"large":false,"1536x1536":false,"2048x2048":false,"gform-image-choice-sm":false,"gform-image-choice-md":false,"gform-image-choice-lg":false},"uagb_author_info":{"display_name":"Lena Wunderlin","author_link":"https:\/\/dev.preis-biodiversitaet.ch\/fr\/author\/lena\/"},"uagb_comment_info":0,"uagb_excerpt":"En plus du \u00ab Prix Binding pour la biodiversit\u00e9 \u00bb, le jury peut d\u00e9cerner un prix de l&rsquo;innovation d&rsquo;une valeur [&hellip;]","_links":{"self":[{"href":"https:\/\/dev.preis-biodiversitaet.ch\/fr\/wp-json\/wp\/v2\/pages\/1808","targetHints":{"allow":["GET"]}}],"collection":[{"href":"https:\/\/dev.preis-biodiversitaet.ch\/fr\/wp-json\/wp\/v2\/pages"}],"about":[{"href":"https:\/\/dev.preis-biodiversitaet.ch\/fr\/wp-json\/wp\/v2\/types\/page"}],"author":[{"embeddable":true,"href":"https:\/\/dev.preis-biodiversitaet.ch\/fr\/wp-json\/wp\/v2\/users\/7"}],"replies":[{"embeddable":true,"href":"https:\/\/dev.preis-biodiversitaet.ch\/fr\/wp-json\/wp\/v2\/comments?post=1808"}],"version-history":[{"count":5,"href":"https:\/\/dev.preis-biodiversitaet.ch\/fr\/wp-json\/wp\/v2\/pages\/1808\/revisions"}],"predecessor-version":[{"id":2067,"href":"https:\/\/dev.preis-biodiversitaet.ch\/fr\/wp-json\/wp\/v2\/pages\/1808\/revisions\/2067"}],"wp:attachment":[{"href":"https:\/\/dev.preis-biodiversitaet.ch\/fr\/wp-json\/wp\/v2\/media?parent=1808"}],"curies":[{"name":"wp","href":"https:\/\/api.w.org\/{rel}","templated":true}]}}