{"id":1457,"date":"2021-07-20T12:01:55","date_gmt":"2021-07-20T10:01:55","guid":{"rendered":"https:\/\/www.preis-biodiversitaet.ch\/?page_id=1457"},"modified":"2025-06-24T12:01:33","modified_gmt":"2025-06-24T10:01:33","slug":"laureat","status":"publish","type":"page","link":"https:\/\/dev.preis-biodiversitaet.ch\/fr\/laureat\/","title":{"rendered":"Le premier prix Binding pour la biodiversit\u00e9 revient au projet \u00ab Natur findet Stadt \u00bb du Naturama d\u2019Argovie"},"content":{"rendered":"\n<div class=\"wp-block-columns is-layout-flex wp-container-core-columns-is-layout-9d6595d7 wp-block-columns-is-layout-flex\">\n<div class=\"wp-block-column is-layout-flow wp-block-column-is-layout-flow\">\n<div class=\"embed-responsive embed-responsive-16by9 mb-5\">\n<iframe class=\"embed-responsive-item\" src=\"https:\/\/www.youtube.com\/embed\/6Jivp5JLh0I\" title=\"YouTube video player\" allow=\"accelerometer; autoplay; clipboard-write; encrypted-media; gyroscope; picture-in-picture\" allowfullscreen=\"\" frameborder=\"0\"><\/iframe>\n<\/div>\n<\/div>\n\n\n\n<div class=\"wp-block-column is-layout-flow wp-block-column-is-layout-flow\">\n<h5 class=\"wp-block-heading\">R\u00e9alis\u00e9 par le Naturama d\u2019Argovie en collaboration avec diff\u00e9rents partenaires, le projet \u00ab Natur findet Stadt \u00bb remporte le prix Binding pour la biodiversit\u00e9 2021. Une conception intelligente a permis \u00e0 ce projet de d\u00e9ployer de grands effets en peu de temps. Une quinzaine de communes et plus de 250 particuliers ont d\u00e9j\u00e0 restructur\u00e9 leurs surfaces pour davantage de nature et de qualit\u00e9 de vie.<\/h5>\n<\/div>\n<\/div>\n\n\n\n<div style=\"height:100px\" aria-hidden=\"true\" class=\"wp-block-spacer\"><\/div>\n\n\n\n<h2 class=\"wp-block-heading\"><strong>\u00c9v\u00e9nement de cl\u00f4ture \u2013 Prix Binding pour la biodiversit\u00e9 2021 \u00ab\u00a0Natur findet Stadt\u00a0\u00bb<\/strong><\/h2>\n\n\n\n<p>En mai 2025, le jury du Prix Binding, des collaboratrices du bureau de la Fondation Binding ainsi qu\u2019une repr\u00e9sentation du Conseil de fondation se sont r\u00e9unis \u00e0 Baden. Des collaborateurs du Naturama, de la Ville de Baden et d\u2019autres parties prenantes du projet \u00ab&nbsp;Natur findet Stadt&nbsp;\u00bb ont pr\u00e9sent\u00e9 ce qu\u2019ils ont pu r\u00e9aliser ces cinq derni\u00e8res ann\u00e9es gr\u00e2ce \u00e0 l\u2019utilisation du prix&nbsp;:<\/p>\n\n\n\n<ul class=\"wp-block-list\">\n<li>Les 15 communes participantes ont chacune plant\u00e9 un \u00ab\u00a0arbre Binding\u00a0\u00bb indig\u00e8ne et offrant de l\u2019ombre<\/li>\n\n\n\n<li>\u00c0 Baden, une surface imperm\u00e9abilis\u00e9e a \u00e9t\u00e9 d\u00e9scell\u00e9e et v\u00e9g\u00e9talis\u00e9e pr\u00e8s du restaurant Gottardo<\/li>\n\n\n\n<li>Un fonds d\u2019innovation sp\u00e9cialement cr\u00e9\u00e9 par le Naturama Aargau permet de soutenir de nouvelles id\u00e9es de projets<\/li>\n\n\n\n<li>Des jardiniers et jardini\u00e8res de nature ont constitu\u00e9 un r\u00e9seau actif, avec notamment des rencontres r\u00e9guli\u00e8res autour du jardinage naturel<\/li>\n\n\n\n<li>Dans certaines communes, un changement de comportement de la population a pu \u00eatre pbserv\u00e9 \u2013 la nature n\u2019est plus simplement tol\u00e9r\u00e9e, elle est activement encourag\u00e9e<\/li>\n<\/ul>\n\n\n\n<p>Merci \u00e0 toutes les personnes impliqu\u00e9es pour leur engagement remarquable et la belle mise en \u0153uvre dans les communes.<\/p>\n\n\n\n<div class=\"wp-block-columns is-layout-flex wp-container-core-columns-is-layout-9d6595d7 wp-block-columns-is-layout-flex\">\n<div class=\"wp-block-column is-layout-flow wp-block-column-is-layout-flow\">\n<figure class=\"wp-block-image size-large\"><img loading=\"lazy\" decoding=\"async\" width=\"1024\" height=\"683\" src=\"https:\/\/www.prix-biodiversite.ch\/wp-content\/uploads\/2025\/06\/DSC00423-1024x683.jpg\" alt=\"Abschlussevent Preistr\u00e4ger 2021 Naturama Aargau in Baden im Mai 2025. (c) Plan biodivers\" class=\"wp-image-5740\" srcset=\"https:\/\/dev.preis-biodiversitaet.ch\/wp-content\/uploads\/2025\/06\/DSC00423-1024x683.jpg 1024w, https:\/\/dev.preis-biodiversitaet.ch\/wp-content\/uploads\/2025\/06\/DSC00423-300x200.jpg 300w, https:\/\/dev.preis-biodiversitaet.ch\/wp-content\/uploads\/2025\/06\/DSC00423-768x512.jpg 768w, https:\/\/dev.preis-biodiversitaet.ch\/wp-content\/uploads\/2025\/06\/DSC00423-1536x1024.jpg 1536w, https:\/\/dev.preis-biodiversitaet.ch\/wp-content\/uploads\/2025\/06\/DSC00423-2048x1365.jpg 2048w\" sizes=\"auto, (max-width: 1024px) 100vw, 1024px\" \/><figcaption class=\"wp-element-caption\">\u00a9 Plan Biodivers<\/figcaption><\/figure>\n<\/div>\n\n\n\n<div class=\"wp-block-column is-layout-flow wp-block-column-is-layout-flow\">\n<figure class=\"wp-block-image size-large\"><img loading=\"lazy\" decoding=\"async\" width=\"1024\" height=\"683\" src=\"https:\/\/www.prix-biodiversite.ch\/wp-content\/uploads\/2025\/06\/DSC00474-1024x683.jpg\" alt=\"Abschlussevent Preistr\u00e4ger 2021 Naturama Aargau in Baden im Mai 2025. Schneeball-Ahorn Binding-Baum in Baden. (c) Plan biodivers\" class=\"wp-image-5743\" srcset=\"https:\/\/dev.preis-biodiversitaet.ch\/wp-content\/uploads\/2025\/06\/DSC00474-1024x683.jpg 1024w, https:\/\/dev.preis-biodiversitaet.ch\/wp-content\/uploads\/2025\/06\/DSC00474-300x200.jpg 300w, https:\/\/dev.preis-biodiversitaet.ch\/wp-content\/uploads\/2025\/06\/DSC00474-768x512.jpg 768w, https:\/\/dev.preis-biodiversitaet.ch\/wp-content\/uploads\/2025\/06\/DSC00474-1536x1024.jpg 1536w, https:\/\/dev.preis-biodiversitaet.ch\/wp-content\/uploads\/2025\/06\/DSC00474-2048x1365.jpg 2048w\" sizes=\"auto, (max-width: 1024px) 100vw, 1024px\" \/><figcaption class=\"wp-element-caption\">\u00a9 Plan Biodivers<\/figcaption><\/figure>\n<\/div>\n<\/div>\n\n\n\n<h2 class=\"wp-block-heading\">Fotos<\/h2>\n\n\n\n<figure class=\"wp-block-gallery has-nested-images columns-default is-cropped wp-block-gallery-1 is-layout-flex wp-block-gallery-is-layout-flex\">\n<figure class=\"wp-block-image size-large\"><img loading=\"lazy\" decoding=\"async\" width=\"1024\" height=\"683\" data-id=\"1254\" src=\"https:\/\/www.prix-biodiversite.ch\/wp-content\/uploads\/2021\/06\/Biberstein_Dorfplatz-26_resized-1024x683.jpg\" alt=\"Dorfplatz in Biberstein - Binding Preis f\u00fcr Biodiversit\u00e4t 2021\" class=\"wp-image-1254\" srcset=\"https:\/\/dev.preis-biodiversitaet.ch\/wp-content\/uploads\/2021\/06\/Biberstein_Dorfplatz-26_resized-1024x683.jpg 1024w, https:\/\/dev.preis-biodiversitaet.ch\/wp-content\/uploads\/2021\/06\/Biberstein_Dorfplatz-26_resized-300x200.jpg 300w, https:\/\/dev.preis-biodiversitaet.ch\/wp-content\/uploads\/2021\/06\/Biberstein_Dorfplatz-26_resized-768x512.jpg 768w, https:\/\/dev.preis-biodiversitaet.ch\/wp-content\/uploads\/2021\/06\/Biberstein_Dorfplatz-26_resized-1536x1024.jpg 1536w, https:\/\/dev.preis-biodiversitaet.ch\/wp-content\/uploads\/2021\/06\/Biberstein_Dorfplatz-26_resized.jpg 1600w\" sizes=\"auto, (max-width: 1024px) 100vw, 1024px\" \/><figcaption class=\"wp-element-caption\"> Les mesures de biodiversit\u00e9 sont indiqu\u00e9es sur des panneaux attrayants en bordure de la place du village de Biberstein. Des monticules d&rsquo;argile fournissent un abri aux abeilles sauvages qui nichent dans la terre.<br>(Source: Stefanie W\u00fcrsch) <\/figcaption><\/figure>\n\n\n\n<figure class=\"wp-block-image size-large\"><img loading=\"lazy\" decoding=\"async\" width=\"1024\" height=\"683\" data-id=\"1533\" src=\"https:\/\/www.prix-biodiversite.ch\/wp-content\/uploads\/2021\/08\/DSC_6636-1-1024x683.jpg\" alt=\"Ulrich Vischer, Stiftungsratspr\u00e4sident \u00fcbergibt den Binding Preis f\u00fcr Biodiversit\u00e4t 2021\" class=\"wp-image-1533\" srcset=\"https:\/\/dev.preis-biodiversitaet.ch\/wp-content\/uploads\/2021\/08\/DSC_6636-1-1024x683.jpg 1024w, https:\/\/dev.preis-biodiversitaet.ch\/wp-content\/uploads\/2021\/08\/DSC_6636-1-300x200.jpg 300w, https:\/\/dev.preis-biodiversitaet.ch\/wp-content\/uploads\/2021\/08\/DSC_6636-1-768x512.jpg 768w, https:\/\/dev.preis-biodiversitaet.ch\/wp-content\/uploads\/2021\/08\/DSC_6636-1-1536x1024.jpg 1536w, https:\/\/dev.preis-biodiversitaet.ch\/wp-content\/uploads\/2021\/08\/DSC_6636-1-2048x1365.jpg 2048w\" sizes=\"auto, (max-width: 1024px) 100vw, 1024px\" \/><figcaption class=\"wp-element-caption\"> ROTHRIST  &#8211; 25.08.2021 &#8211; Le pr\u00e9sident du conseil de fondation Ueli Vischer remet le prix \u00e0 Johanna H\u00e4ckermann, Naturama.<br>Photo \u00a9 B\u00e9atrice Dev\u00e8ne <\/figcaption><\/figure>\n\n\n\n<figure class=\"wp-block-image size-large\"><img loading=\"lazy\" decoding=\"async\" width=\"1024\" height=\"683\" data-id=\"1260\" src=\"https:\/\/www.prix-biodiversite.ch\/wp-content\/uploads\/2021\/06\/Rothrist_Naturgarten-Miescherheimet-03_resized.jpg-1024x683.png\" alt=\"Naturgarten Rothrist - Binding Preis f\u00fcr Biodiversit\u00e4t 2021\" class=\"wp-image-1260\" srcset=\"https:\/\/dev.preis-biodiversitaet.ch\/wp-content\/uploads\/2021\/06\/Rothrist_Naturgarten-Miescherheimet-03_resized.jpg-1024x683.png 1024w, https:\/\/dev.preis-biodiversitaet.ch\/wp-content\/uploads\/2021\/06\/Rothrist_Naturgarten-Miescherheimet-03_resized.jpg-300x200.png 300w, https:\/\/dev.preis-biodiversitaet.ch\/wp-content\/uploads\/2021\/06\/Rothrist_Naturgarten-Miescherheimet-03_resized.jpg-768x512.png 768w, https:\/\/dev.preis-biodiversitaet.ch\/wp-content\/uploads\/2021\/06\/Rothrist_Naturgarten-Miescherheimet-03_resized.jpg-1536x1024.png 1536w, https:\/\/dev.preis-biodiversitaet.ch\/wp-content\/uploads\/2021\/06\/Rothrist_Naturgarten-Miescherheimet-03_resized.jpg.png 1600w\" sizes=\"auto, (max-width: 1024px) 100vw, 1024px\" \/><figcaption class=\"wp-element-caption\"> Le jardin naturel de Miescherheimet \u00e0 Rothrist combine des espaces rud\u00e9raux avec du bois mort, des murs de pierres s\u00e8ches avec une vari\u00e9t\u00e9 de plantes vivaces et d&rsquo;arbustes. <br>(Source: Stefanie W\u00fcrsch) <\/figcaption><\/figure>\n\n\n\n<figure class=\"wp-block-image size-large\"><img loading=\"lazy\" decoding=\"async\" width=\"1024\" height=\"683\" data-id=\"1248\" src=\"https:\/\/www.prix-biodiversite.ch\/wp-content\/uploads\/2021\/06\/Baden_Kreisel-07_resized.jpg-1024x683.png\" alt=\"Kreisel in Baden - Binding Preis f\u00fcr Biodiversit\u00e4t 2021\" class=\"wp-image-1248\" srcset=\"https:\/\/dev.preis-biodiversitaet.ch\/wp-content\/uploads\/2021\/06\/Baden_Kreisel-07_resized.jpg-1024x683.png 1024w, https:\/\/dev.preis-biodiversitaet.ch\/wp-content\/uploads\/2021\/06\/Baden_Kreisel-07_resized.jpg-300x200.png 300w, https:\/\/dev.preis-biodiversitaet.ch\/wp-content\/uploads\/2021\/06\/Baden_Kreisel-07_resized.jpg-768x512.png 768w, https:\/\/dev.preis-biodiversitaet.ch\/wp-content\/uploads\/2021\/06\/Baden_Kreisel-07_resized.jpg-1536x1024.png 1536w, https:\/\/dev.preis-biodiversitaet.ch\/wp-content\/uploads\/2021\/06\/Baden_Kreisel-07_resized.jpg.png 1600w\" sizes=\"auto, (max-width: 1024px) 100vw, 1024px\" \/><figcaption class=\"wp-element-caption\">Dans le cadre du projet \u00ab\u00a0La nature trouve la ville\u00a0\u00bb, de nombreuses petites zones en bordure de route ont \u00e9t\u00e9 con\u00e7ues comme des sites rud\u00e9raux avec une flore indig\u00e8ne diversifi\u00e9e, comme ici dans la ville de Baden.<br>( Photo \u00a9 Stefanie W\u00fcrsch) <\/figcaption><\/figure>\n\n\n\n<figure class=\"wp-block-image size-large\"><img loading=\"lazy\" decoding=\"async\" width=\"1024\" height=\"683\" data-id=\"1251\" src=\"https:\/\/www.prix-biodiversite.ch\/wp-content\/uploads\/2021\/06\/Biberstein_Dorfplatz-21_resized.jpg-1024x683.png\" alt=\"Dorfplatz in Biberstein - Binding Preis f\u00fcr Biodiversit\u00e4t 2021\" class=\"wp-image-1251\" srcset=\"https:\/\/dev.preis-biodiversitaet.ch\/wp-content\/uploads\/2021\/06\/Biberstein_Dorfplatz-21_resized.jpg-1024x683.png 1024w, https:\/\/dev.preis-biodiversitaet.ch\/wp-content\/uploads\/2021\/06\/Biberstein_Dorfplatz-21_resized.jpg-300x200.png 300w, https:\/\/dev.preis-biodiversitaet.ch\/wp-content\/uploads\/2021\/06\/Biberstein_Dorfplatz-21_resized.jpg-768x512.png 768w, https:\/\/dev.preis-biodiversitaet.ch\/wp-content\/uploads\/2021\/06\/Biberstein_Dorfplatz-21_resized.jpg-1536x1024.png 1536w, https:\/\/dev.preis-biodiversitaet.ch\/wp-content\/uploads\/2021\/06\/Biberstein_Dorfplatz-21_resized.jpg.png 1600w\" sizes=\"auto, (max-width: 1024px) 100vw, 1024px\" \/><figcaption class=\"wp-element-caption\"> Cette sculpture en bois qui repr\u00e9sente un castor est la mascotte du village de Biberstein \u2013 un symbole de biodiversit\u00e9. Sur la place du village sont associ\u00e9s lieu de rencontre et diversit\u00e9 naturelle : de vieux troncs d&rsquo;arbres servent d&rsquo;habitat aux col\u00e9opt\u00e8res xylophages et de coin escalade aux enfants.<br> (Source: Stefanie W\u00fcrsch) <\/figcaption><\/figure>\n\n\n\n<figure class=\"wp-block-image size-large\"><img loading=\"lazy\" decoding=\"async\" width=\"1024\" height=\"683\" data-id=\"1245\" src=\"https:\/\/www.prix-biodiversite.ch\/wp-content\/uploads\/2021\/06\/Baden_Obstgarten-03_resized.jpg-1024x683.png\" alt=\"Obstgarten in Baden - Binding Preis f\u00fcr Biodiversit\u00e4t 2021\" class=\"wp-image-1245\" srcset=\"https:\/\/dev.preis-biodiversitaet.ch\/wp-content\/uploads\/2021\/06\/Baden_Obstgarten-03_resized.jpg-1024x683.png 1024w, https:\/\/dev.preis-biodiversitaet.ch\/wp-content\/uploads\/2021\/06\/Baden_Obstgarten-03_resized.jpg-300x200.png 300w, https:\/\/dev.preis-biodiversitaet.ch\/wp-content\/uploads\/2021\/06\/Baden_Obstgarten-03_resized.jpg-768x512.png 768w, https:\/\/dev.preis-biodiversitaet.ch\/wp-content\/uploads\/2021\/06\/Baden_Obstgarten-03_resized.jpg-1536x1024.png 1536w, https:\/\/dev.preis-biodiversitaet.ch\/wp-content\/uploads\/2021\/06\/Baden_Obstgarten-03_resized.jpg.png 1600w\" sizes=\"auto, (max-width: 1024px) 100vw, 1024px\" \/><figcaption class=\"wp-element-caption\"> Des arbres fruitiers \u00e0 la place des voitures : un verger a \u00e9t\u00e9 am\u00e9nag\u00e9 sur cet ancien parking de l&rsquo;ABB, pr\u00e8s de Martinsberg \u00e0 Baden, o\u00f9 chacun peut venir cueillir lui-m\u00eame ses fruits. Au premier plan \u00e0 droite, ces amas de branches offrent un abri pr\u00e9cieux aux petits animaux.<br> (Source: Stefanie W\u00fcrsch) <\/figcaption><\/figure>\n<\/figure>\n\n\n\n<p>  <p>Vous pouvez trouver plus de photos de l&rsquo;\u00e9v\u00e9nement <a href=\"https:\/\/photos.app.goo.gl\/ukZ7mj376F4WhD1x5\" target=\"_blank\" rel=\"noreferrer noopener\">sous ce lien<\/a>. <\/p><\/p>\n\n\n\n<div class=\"wp-block-file\"><a href=\"https:\/\/www.prix-biodiversite.ch\/wp-content\/uploads\/2021\/06\/2021-06-09-Laudatio-zum-ersten-Binding-Preis-fur-Biodiversitat.pdf\" class=\"wp-block-file__button wp-element-button\" download target=\"_blank\" rel=\"noopener\"> \u00c9loge du Prof. Dr. Markus Fischer<\/a><\/div>\n\n\n\n<div class=\"wp-block-file\"><a href=\"https:\/\/www.prix-biodiversite.ch\/wp-content\/uploads\/2021\/06\/2021-06-01-MM-Binding-Preis-f-Biodiversitat-2021_fr.pdf\" class=\"wp-block-file__button wp-element-button\" download target=\"_blank\" rel=\"noopener\">Communiqu\u00e9 de presse<\/a><\/div>\n\n\n\n<div style=\"height:100px\" aria-hidden=\"true\" class=\"wp-block-spacer\"><\/div>\n\n\n\n<h2 class=\"wp-block-heading\">Couverture m\u00e9diatique<\/h2>\n\n\n\n<figure class=\"wp-block-table is-style-stripes\"><table><tbody><tr><td>SRF<\/td><td><a href=\"https:\/\/www.srf.ch\/news\/schweiz\/foerderung-von-biodiversitaet-aargauer-projekt-gewinnt-wichtigsten-schweizer-naturschutzpreis\" target=\"_blank\" rel=\"noreferrer noopener\"><a href=\"https:\/\/www.srf.ch\/news\/schweiz\/foerderung-von-biodiversitaet-aargauer-projekt-gewinnt-wichtigsten-schweizer-naturschutzpreis\" target=\"_blank\" rel=\"noreferrer noopener\">Aargauer Projekt gewinnt wichtigsten Schweizer Naturschutzpreis<\/a> <\/a><\/td><\/tr><tr><td>RSI&nbsp;<\/td><td><a href=\"http:\/\/srgplayer-rsi.production.srf.ch\/play\/radio\/baobab\/audio\/la-natura-incontra-la-citta?id=14143065\" target=\"_blank\" rel=\"noreferrer noopener\"><a href=\"http:\/\/srgplayer-rsi.production.srf.ch\/play\/radio\/baobab\/audio\/la-natura-incontra-la-citta?id=14143065\" target=\"_blank\" rel=\"noreferrer noopener\">La natura incontra la citt\u00e0<\/a> <\/a><\/td><\/tr><tr><td>RTS<\/td><td><a href=\"https:\/\/www.rts.ch\/info\/sciences-tech\/environnement\/12264327-le-nouveau-prix-binding-pour-la-biodiversite-revient-a-un-projet-argovien.html\" target=\"_blank\" rel=\"noreferrer noopener\"><a href=\"https:\/\/www.rts.ch\/info\/sciences-tech\/environnement\/12264327-le-nouveau-prix-binding-pour-la-biodiversite-revient-a-un-projet-argovien.html\" target=\"_blank\" rel=\"noreferrer noopener\">Le nouveau Prix Binding pour la biodiversit\u00e9 revient \u00e0 un projet argovien<\/a><\/a><\/td><\/tr><tr><td>RTS 1 (Sendung Prise de terre)<\/td><td><a href=\"https:\/\/www.rts.ch\/play\/radio\/redirect\/detail\/12235666\" target=\"_blank\" rel=\"noreferrer noopener\"><a href=\"https:\/\/www.rts.ch\/play\/radio\/redirect\/detail\/12235666\" target=\"_blank\" rel=\"noreferrer noopener\">Prix Binding pour la biodiversit\u00e9 en ville<\/a><\/a><\/td><\/tr><tr><td>NZZ<\/td><td><a href=\"https:\/\/www.nzz.ch\/schweiz\/umwelt-binding-stiftung-gibt-preis-fuer-biodiversitaet-in-aargau-ld.1629540?reduced=true\" target=\"_blank\" rel=\"noreferrer noopener\"><a href=\"https:\/\/www.nzz.ch\/schweiz\/umwelt-binding-stiftung-gibt-preis-fuer-biodiversitaet-in-aargau-ld.1629540?reduced=true\" target=\"_blank\" rel=\"noreferrer noopener\">Aus dem Hunde-WC wird ein Paradies f\u00fcr Wildbienen \u2013 Vorbilder f\u00f6rdern die Biodiversit\u00e4t mehr als Verbote<\/a><\/a><\/td><\/tr><tr><td>Aargauer Zeitung<\/td><td><a href=\"https:\/\/www.aargauerzeitung.ch\/aargau\/aarau\/aarau-naturama-wird-fuer-natur-findet-stadt-mit-hoechstdotiertem-naturschutzpreis-geadelt-ld.2148111\" target=\"_blank\" rel=\"noreferrer noopener\"><a href=\"https:\/\/www.aargauerzeitung.ch\/aargau\/aarau\/aarau-naturama-wird-fuer-natur-findet-stadt-mit-hoechstdotiertem-naturschutzpreis-geadelt-ld.2148111\" target=\"_blank\" rel=\"noreferrer noopener\">Naturama wird f\u00fcr \u00abNatur findet Stadt\u00bb mit h\u00f6chstdotiertem Naturschutzpreis geadelt<\/a><\/a><\/td><\/tr><tr><td>werk, bauen+wohnen<\/td><td><a href=\"https:\/\/www.wbw.ch\/de\/mehr-werk\/werk-notiz\/binding-preis-fuer-biodiversitaet.html\" target=\"_blank\" rel=\"noreferrer noopener\"><a href=\"https:\/\/www.wbw.ch\/de\/mehr-werk\/werk-notiz\/binding-preis-fuer-biodiversitaet.html\" target=\"_blank\" rel=\"noreferrer noopener\">Eine Ausstellung gewinnt den Binding-Preis f\u00fcr Biodiversit\u00e4t<\/a><\/a><\/td><\/tr><tr><td>Linth-Zeitung<\/td><td><a href=\"https:\/\/www.linthzeitung.ch\/politik\/2021-06-09\/natur-findet-stadt-naturama-aargau-erhaelt-naturschutzpreis\" target=\"_blank\" rel=\"noreferrer noopener\"><a href=\"https:\/\/www.linthzeitung.ch\/politik\/2021-06-09\/natur-findet-stadt-naturama-aargau-erhaelt-naturschutzpreis\" target=\"_blank\" rel=\"noreferrer noopener\">\u00abNatur findet Stadt\u00bb: Naturama Aargau erh\u00e4lt Naturschutzpreis<\/a><\/a><\/td><\/tr><tr><td>Nau.ch<\/td><td><a href=\"https:\/\/www.nau.ch\/ort\/aarau\/naturama-aargau-erhalt-naturschutzpreis-65943869\" target=\"_blank\" rel=\"noreferrer noopener\"><a href=\"https:\/\/www.nau.ch\/ort\/aarau\/naturama-aargau-erhalt-naturschutzpreis-65943869\" target=\"_blank\" rel=\"noreferrer noopener\">Naturama Aargau erh\u00e4lt Naturschutzpreis<\/a><\/a><\/td><\/tr><\/tbody><\/table><\/figure>\n\n\n\n<h2 class=\"wp-block-heading\">D\u00e9couvrez les projets candidats<\/h2>\n\n\n\n<p>La Fondation a s\u00e9lectionn\u00e9 environ 50 projets parmi les propositions re\u00e7ues. Nous vous invitons \u00e0 d\u00e9couvrir les projets cr\u00e9atifs et vari\u00e9s en faveur de la biodiversit\u00e9 en milieu urbain sur la banque de donn\u00e9es que nous avons r\u00e9alis\u00e9e en collaboration avec la campagne \u00ab mission b \u00bb de la RTS. Tous les projets y sont pr\u00e9sent\u00e9s avec une image, une br\u00e8ve description ainsi que les buts et mesures. Qu&rsquo;ils soient inspirants pour d&rsquo;autres communes et r\u00e9gions ! <\/p>\n\n\n\n<p><a href=\"https:\/\/missionb.ch\/binding-preis\" target=\"_blank\" rel=\"noreferrer noopener nofollow\">Cliquez ici pour en savoir plus sur ces projets de promotion de la biodiversit\u00e9 !<\/a><\/p>\n\n\n\n<p><\/p>\n\n\n\n<div class=\"wp-block-columns is-layout-flex wp-container-core-columns-is-layout-9d6595d7 wp-block-columns-is-layout-flex\">\n<div class=\"wp-block-column is-layout-flow wp-block-column-is-layout-flow\"><\/div>\n\n\n\n<div class=\"wp-block-column is-layout-flow wp-block-column-is-layout-flow\"><\/div>\n<\/div>\n\n\n\n<div class=\"wp-block-columns is-layout-flex wp-container-core-columns-is-layout-9d6595d7 wp-block-columns-is-layout-flex\">\n<div class=\"wp-block-column is-layout-flow wp-block-column-is-layout-flow\"><\/div>\n\n\n\n<div class=\"wp-block-column is-layout-flow wp-block-column-is-layout-flow\"><\/div>\n<\/div>\n\n\n\n<div class=\"wp-block-columns is-layout-flex wp-container-core-columns-is-layout-9d6595d7 wp-block-columns-is-layout-flex\">\n<div class=\"wp-block-column is-layout-flow wp-block-column-is-layout-flow\"><\/div>\n\n\n\n<div class=\"wp-block-column is-layout-flow wp-block-column-is-layout-flow\"><\/div>\n<\/div>\n","protected":false},"excerpt":{"rendered":"<p>R\u00e9alis\u00e9 par le Naturama d\u2019Argovie en collaboration avec diff\u00e9rents partenaires, le projet \u00ab Natur findet Stadt \u00bb remporte le prix [&hellip;]<\/p>\n","protected":false},"author":1,"featured_media":0,"parent":0,"menu_order":0,"comment_status":"closed","ping_status":"closed","template":"","meta":{"_acf_changed":false,"_uag_custom_page_level_css":"","footnotes":""},"class_list":["post-1457","page","type-page","status-publish","hentry"],"acf":{"photo_gallery":{"sliderbilder":[[{"id":1260,"title":"Rothrist_Naturgarten-Miescherheimet-03_resized.jpg","caption":"","full_image_url":"https:\/\/dev.preis-biodiversitaet.ch\/wp-content\/uploads\/2021\/06\/Rothrist_Naturgarten-Miescherheimet-03_resized.jpg.png","thumbnail_image_url":"https:\/\/dev.preis-biodiversitaet.ch\/wp-content\/uploads\/2021\/06\/Rothrist_Naturgarten-Miescherheimet-03_resized.jpg-150x150.png","large_srcset":"https:\/\/dev.preis-biodiversitaet.ch\/wp-content\/uploads\/2021\/06\/Rothrist_Naturgarten-Miescherheimet-03_resized.jpg-1024x683.png 1024w, https:\/\/dev.preis-biodiversitaet.ch\/wp-content\/uploads\/2021\/06\/Rothrist_Naturgarten-Miescherheimet-03_resized.jpg-300x200.png 300w, https:\/\/dev.preis-biodiversitaet.ch\/wp-content\/uploads\/2021\/06\/Rothrist_Naturgarten-Miescherheimet-03_resized.jpg-768x512.png 768w, https:\/\/dev.preis-biodiversitaet.ch\/wp-content\/uploads\/2021\/06\/Rothrist_Naturgarten-Miescherheimet-03_resized.jpg-1536x1024.png 1536w, https:\/\/dev.preis-biodiversitaet.ch\/wp-content\/uploads\/2021\/06\/Rothrist_Naturgarten-Miescherheimet-03_resized.jpg.png 1600w","medium_srcset":"https:\/\/dev.preis-biodiversitaet.ch\/wp-content\/uploads\/2021\/06\/Rothrist_Naturgarten-Miescherheimet-03_resized.jpg-300x200.png 300w, https:\/\/dev.preis-biodiversitaet.ch\/wp-content\/uploads\/2021\/06\/Rothrist_Naturgarten-Miescherheimet-03_resized.jpg-1024x683.png 1024w, https:\/\/dev.preis-biodiversitaet.ch\/wp-content\/uploads\/2021\/06\/Rothrist_Naturgarten-Miescherheimet-03_resized.jpg-768x512.png 768w, https:\/\/dev.preis-biodiversitaet.ch\/wp-content\/uploads\/2021\/06\/Rothrist_Naturgarten-Miescherheimet-03_resized.jpg-1536x1024.png 1536w, https:\/\/dev.preis-biodiversitaet.ch\/wp-content\/uploads\/2021\/06\/Rothrist_Naturgarten-Miescherheimet-03_resized.jpg.png 1600w","media_details":{"width":1600,"height":1067,"sizes":{"medium":{"file":"Rothrist_Naturgarten-Miescherheimet-03_resized.jpg-300x200.png","width":300,"height":200,"mime-type":"image\/png","source_url":"https:\/\/dev.preis-biodiversitaet.ch\/wp-content\/uploads\/2021\/06\/Rothrist_Naturgarten-Miescherheimet-03_resized.jpg-300x200.png"},"large":{"file":"Rothrist_Naturgarten-Miescherheimet-03_resized.jpg-1024x683.png","width":1024,"height":683,"mime-type":"image\/png","source_url":"https:\/\/dev.preis-biodiversitaet.ch\/wp-content\/uploads\/2021\/06\/Rothrist_Naturgarten-Miescherheimet-03_resized.jpg-1024x683.png"},"thumbnail":{"file":"Rothrist_Naturgarten-Miescherheimet-03_resized.jpg-150x150.png","width":150,"height":150,"mime-type":"image\/png","source_url":"https:\/\/dev.preis-biodiversitaet.ch\/wp-content\/uploads\/2021\/06\/Rothrist_Naturgarten-Miescherheimet-03_resized.jpg-150x150.png"},"medium_large":{"file":"Rothrist_Naturgarten-Miescherheimet-03_resized.jpg-768x512.png","width":768,"height":512,"mime-type":"image\/png","source_url":"https:\/\/dev.preis-biodiversitaet.ch\/wp-content\/uploads\/2021\/06\/Rothrist_Naturgarten-Miescherheimet-03_resized.jpg-768x512.png"},"1536x1536":{"file":"Rothrist_Naturgarten-Miescherheimet-03_resized.jpg-1536x1024.png","width":1536,"height":1024,"mime-type":"image\/png","source_url":"https:\/\/dev.preis-biodiversitaet.ch\/wp-content\/uploads\/2021\/06\/Rothrist_Naturgarten-Miescherheimet-03_resized.jpg-1536x1024.png"}}},"alt_text":"Naturgarten Rothrist - Binding Preis f\u00fcr Biodiversit\u00e4t 2021","url":"","target":""}]]}},"uagb_featured_image_src":{"full":false,"thumbnail":false,"medium":false,"medium_large":false,"large":false,"1536x1536":false,"2048x2048":false,"gform-image-choice-sm":false,"gform-image-choice-md":false,"gform-image-choice-lg":false},"uagb_author_info":{"display_name":"gally","author_link":"https:\/\/dev.preis-biodiversitaet.ch\/fr\/author\/gally\/"},"uagb_comment_info":0,"uagb_excerpt":"R\u00e9alis\u00e9 par le Naturama d\u2019Argovie en collaboration avec diff\u00e9rents partenaires, le projet \u00ab Natur findet Stadt \u00bb remporte le prix [&hellip;]","_links":{"self":[{"href":"https:\/\/dev.preis-biodiversitaet.ch\/fr\/wp-json\/wp\/v2\/pages\/1457","targetHints":{"allow":["GET"]}}],"collection":[{"href":"https:\/\/dev.preis-biodiversitaet.ch\/fr\/wp-json\/wp\/v2\/pages"}],"about":[{"href":"https:\/\/dev.preis-biodiversitaet.ch\/fr\/wp-json\/wp\/v2\/types\/page"}],"author":[{"embeddable":true,"href":"https:\/\/dev.preis-biodiversitaet.ch\/fr\/wp-json\/wp\/v2\/users\/1"}],"replies":[{"embeddable":true,"href":"https:\/\/dev.preis-biodiversitaet.ch\/fr\/wp-json\/wp\/v2\/comments?post=1457"}],"version-history":[{"count":7,"href":"https:\/\/dev.preis-biodiversitaet.ch\/fr\/wp-json\/wp\/v2\/pages\/1457\/revisions"}],"predecessor-version":[{"id":5749,"href":"https:\/\/dev.preis-biodiversitaet.ch\/fr\/wp-json\/wp\/v2\/pages\/1457\/revisions\/5749"}],"wp:attachment":[{"href":"https:\/\/dev.preis-biodiversitaet.ch\/fr\/wp-json\/wp\/v2\/media?parent=1457"}],"curies":[{"name":"wp","href":"https:\/\/api.w.org\/{rel}","templated":true}]}}